{"id":9385,"date":"2022-07-18T13:26:02","date_gmt":"2022-07-18T11:26:03","guid":{"rendered":"https:\/\/edition.lammerhuber.at\/?post_type=product&#038;p=9385"},"modified":"2022-08-20T16:44:45","modified_gmt":"2022-08-20T14:44:45","slug":"goran-tomasevic","status":"publish","type":"product","link":"https:\/\/edition.lammerhuber.at\/en\/books\/goran-tomasevic","title":{"rendered":"Goran Toma\u0161evi\u0107"},"content":{"rendered":"<div>\n<div>\n<p><span lang=\"EN-US\">This powerful, terrible book conveys a Dantesque vision of our humanity. The current circumstances, this morning in Ukraine, make us believe that this madness will never stop and continue to break our hearts. Admiration for Goran Toma\u0161evi\u0107, a wonderful Caravaggio of photography!<\/span> <i>Francis Kochert, Acad\u00e9mie nationale de Metz,\u00a0<\/i><i>February 24, 2022.<\/i><\/p>\n<p>Look to the man to discover the photographer. His father has just sold a bike and offers him his first camera, an ancient FED 5V. Goran is 13 years old and does not yet know that this precursor to the Leica will allow him to make rapid progress, helped by his older sister\u2019s boyfriend, a professional photographer. And will turn his life into a permanent adventure \u2013 set out across the 444 pages of this exceptional volume, a major contribution to the great journey of photojournalism and a must-see history of the past 30 years.<span class=\"Apple-converted-space\">\u00a0<\/span><\/p>\n<\/div>\n<p>In the footsteps or as companion of James Nachtwey, he is also a worthy heir to Robert Capa, Larry Burrows, Don McCullins and has become one of the greatest professionals of his generation. In his very own way he goes back to Mathew Brady who, during the Civil War of 1861, wanted to convey the \u201esmell of death\u201c to American homes.<span class=\"Apple-converted-space\">\u00a0<\/span><\/p>\n<p>Goran Toma\u0161evi\u0107 never cut off his Serbian origins. On the contrary, although he was already fascinated by Africa and the Middle East, he began by covering the situation in Croatia and Bosnia in 1991, responding to requests from the local press, including the Kosovar daily newspaper Pristina. With the teachings and affection of his father and grandfather in mind, Toma\u0161evi\u0107 devoted himself first and foremost to the deep crisis that raged between NATO bombings and anti-Milo\u0161evi\u0107 demonstrations.<span class=\"Apple-converted-space\">\u00a0<\/span><\/p>\n<p>The quality of his reports, the force of his images allowed him to join the famous Reuters agency in 1996 to become, over the next 20\u00a0years, one of the most award-winning photographers in the world. \u201cIf you want to make the facts authentic, you have to be where they are. So that\u2019s the challenge. But it\u2019s harder\u201d, he says in an interview, \u201cwhen the stories are happening in your home. That\u2019s what hurts the most.\u201d This confession reveals one of the reasons for his humanity, which permeates all his reports, from Pristina to Kabul, and his whole photography, already a highly significant, expressive oeuvre in the world of photojournalism. The pictures by Goran Toma\u0161evi\u0107 are more needed than ever to recognize the truth of the facts and the respect owed to each viewer, citizens without borders of our totally digitized planet.<span class=\"Apple-converted-space\">\u00a0<\/span><em>Alain Mingam, president of the World Press Photo Contest 1994 and vice president of Reporters Without Borders 2013\u2009\u2013\u20092015.<\/em><\/p>\n<h4>Exhibition<\/h4>\n<p>Goran Toma\u0161evi\u0107<br \/>\n\u201eBetween War and Peace\u201c<br \/>\nVisa Pour l\u2019Image<br \/>\nPerpignan, France<br \/>\n27.08. \u2013 11.09.2022<\/p>\n<\/div>\n","protected":false},"excerpt":{"rendered":"<p>&#8220;Goran Toma\u0161evi\u0107 \u2013<span class=\"Apple-converted-space\">\u00a0<\/span>a wonderful Caravaggio of photography!&#8221;\u00a0Goran Toma\u0161evi\u0107 is a living legend. He has not only survived in conflict zones for 30 years, but he also masters the art of photography, interpreting the world in the most humanistic way, following in the footsteps of Robert Capa and James Nachtwey.<\/p>\n<p><strong>Goran Toma\u0161evi\u0107<\/strong><br \/>\n<strong>David Thomson <\/strong><br \/>\n<strong>Jean-Fran\u00e7ois Leroy &amp; Vincent Jolly <\/strong><br \/>\n<strong>Alain Mingam<\/strong><\/p>\n<p>29 \u00d7 31 cm<br \/>\n444 pages<br \/>\n4 kg<br \/>\n256 photos<br \/>\nEnglish, French, German<br \/>\nHardcover<br \/>\nISBN 978-3-903101-91-3<br \/>\nAugust 2022<\/p>\n","protected":false},"featured_media":9387,"template":"","meta":{"_acf_changed":false},"product_brand":[],"product_cat":[36,416],"product_tag":[497,593,453,540,559,542,565,413,557],"class_list":{"0":"post-9385","1":"product","2":"type-product","3":"status-publish","4":"has-post-thumbnail","6":"product_cat-photography","7":"product_cat-reportage-en","8":"product_tag-africa","9":"product_tag-asia","10":"product_tag-conflict","11":"product_tag-europe","12":"product_tag-middle-east","13":"product_tag-refugees","14":"product_tag-reportage-en","15":"product_tag-south-america-en","16":"product_tag-war","17":"pa_buchautor-goran-tomasevic-en","19":"first","20":"instock","21":"shipping-taxable","22":"purchasable","23":"product-type-simple"},"acf":[],"yoast_head":"<!-- This site is optimized with the Yoast SEO plugin v27.2 - https:\/\/yoast.com\/product\/yoast-seo-wordpress\/ -->\n<title>Goran Toma\u0161evi\u0107 - Edition Lammerhuber<\/title>\n<meta name=\"robots\" content=\"index, follow, max-snippet:-1, max-image-preview:large, max-video-preview:-1\" \/>\n<link rel=\"canonical\" href=\"https:\/\/edition.lammerhuber.at\/en\/books\/goran-tomasevic\" \/>\n<meta property=\"og:locale\" content=\"en_US\" \/>\n<meta property=\"og:type\" content=\"article\" \/>\n<meta property=\"og:title\" content=\"Goran Toma\u0161evi\u0107 - Edition Lammerhuber\" \/>\n<meta property=\"og:description\" content=\"&quot;Goran Toma\u0161evi\u0107 \u2013\u00a0a wonderful Caravaggio of photography!&quot;\u00a0Goran Toma\u0161evi\u0107 is a living legend. He has not only survived in conflict zones for 30 years, but he also masters the art of photography, interpreting the world in the most humanistic way, following in the footsteps of Robert Capa and James Nachtwey.  Goran Toma\u0161evi\u0107 David Thomson  Jean-Fran\u00e7ois Leroy &amp; Vincent Jolly  Alain Mingam  29 \u00d7 31 cm 444 pages 4 kg 256 photos English, French, German Hardcover ISBN 978-3-903101-91-3 August 2022\" \/>\n<meta property=\"og:url\" content=\"https:\/\/edition.lammerhuber.at\/en\/books\/goran-tomasevic\" \/>\n<meta property=\"og:site_name\" content=\"Edition Lammerhuber\" \/>\n<meta property=\"article:modified_time\" content=\"2022-08-20T14:44:45+00:00\" \/>\n<meta property=\"og:image\" content=\"https:\/\/edition.lammerhuber.at\/app\/uploads\/2022\/07\/goran_tomasevic_book_hardcover.png\" \/>\n\t<meta property=\"og:image:width\" content=\"387\" \/>\n\t<meta property=\"og:image:height\" content=\"414\" \/>\n\t<meta property=\"og:image:type\" content=\"image\/png\" \/>\n<meta name=\"twitter:card\" content=\"summary_large_image\" \/>\n<meta name=\"twitter:label1\" content=\"Est. reading time\" \/>\n\t<meta name=\"twitter:data1\" content=\"2 minutes\" \/>\n<script type=\"application\/ld+json\" class=\"yoast-schema-graph\">{\"@context\":\"https:\/\/schema.org\",\"@graph\":[{\"@type\":\"WebPage\",\"@id\":\"https:\/\/edition.lammerhuber.at\/en\/books\/goran-tomasevic\",\"url\":\"https:\/\/edition.lammerhuber.at\/en\/books\/goran-tomasevic\",\"name\":\"Goran Toma\u0161evi\u0107 - Edition Lammerhuber\",\"isPartOf\":{\"@id\":\"https:\/\/edition.lammerhuber.at\/en#website\"},\"primaryImageOfPage\":{\"@id\":\"https:\/\/edition.lammerhuber.at\/en\/books\/goran-tomasevic#primaryimage\"},\"image\":{\"@id\":\"https:\/\/edition.lammerhuber.at\/en\/books\/goran-tomasevic#primaryimage\"},\"thumbnailUrl\":\"https:\/\/edition.lammerhuber.at\/app\/uploads\/2022\/07\/goran_tomasevic_book_hardcover.png\",\"datePublished\":\"2022-07-18T11:26:03+00:00\",\"dateModified\":\"2022-08-20T14:44:45+00:00\",\"breadcrumb\":{\"@id\":\"https:\/\/edition.lammerhuber.at\/en\/books\/goran-tomasevic#breadcrumb\"},\"inLanguage\":\"en-US\",\"potentialAction\":[{\"@type\":\"ReadAction\",\"target\":[\"https:\/\/edition.lammerhuber.at\/en\/books\/goran-tomasevic\"]}]},{\"@type\":\"ImageObject\",\"inLanguage\":\"en-US\",\"@id\":\"https:\/\/edition.lammerhuber.at\/en\/books\/goran-tomasevic#primaryimage\",\"url\":\"https:\/\/edition.lammerhuber.at\/app\/uploads\/2022\/07\/goran_tomasevic_book_hardcover.png\",\"contentUrl\":\"https:\/\/edition.lammerhuber.at\/app\/uploads\/2022\/07\/goran_tomasevic_book_hardcover.png\",\"width\":387,\"height\":414},{\"@type\":\"BreadcrumbList\",\"@id\":\"https:\/\/edition.lammerhuber.at\/en\/books\/goran-tomasevic#breadcrumb\",\"itemListElement\":[{\"@type\":\"ListItem\",\"position\":1,\"name\":\"Home\",\"item\":\"https:\/\/edition.lammerhuber.at\/en\"},{\"@type\":\"ListItem\",\"position\":2,\"name\":\"Goran Toma\u0161evi\u0107\"}]},{\"@type\":\"WebSite\",\"@id\":\"https:\/\/edition.lammerhuber.at\/en#website\",\"url\":\"https:\/\/edition.lammerhuber.at\/en\",\"name\":\"Edition Lammerhuber\",\"description\":\"Verlag f\u00fcr Fotografie, Kunst, Natur &amp; Wissenschaft\",\"publisher\":{\"@id\":\"https:\/\/edition.lammerhuber.at\/en#organization\"},\"potentialAction\":[{\"@type\":\"SearchAction\",\"target\":{\"@type\":\"EntryPoint\",\"urlTemplate\":\"https:\/\/edition.lammerhuber.at\/en?s={search_term_string}\"},\"query-input\":{\"@type\":\"PropertyValueSpecification\",\"valueRequired\":true,\"valueName\":\"search_term_string\"}}],\"inLanguage\":\"en-US\"},{\"@type\":\"Organization\",\"@id\":\"https:\/\/edition.lammerhuber.at\/en#organization\",\"name\":\"Edition Lammerhuber\",\"url\":\"https:\/\/edition.lammerhuber.at\/en\",\"logo\":{\"@type\":\"ImageObject\",\"inLanguage\":\"en-US\",\"@id\":\"https:\/\/edition.lammerhuber.at\/en#\/schema\/logo\/image\/\",\"url\":\"\",\"contentUrl\":\"\",\"caption\":\"Edition Lammerhuber\"},\"image\":{\"@id\":\"https:\/\/edition.lammerhuber.at\/en#\/schema\/logo\/image\/\"}}]}<\/script>\n<!-- \/ Yoast SEO plugin. -->","yoast_head_json":{"title":"Goran Toma\u0161evi\u0107 - Edition Lammerhuber","robots":{"index":"index","follow":"follow","max-snippet":"max-snippet:-1","max-image-preview":"max-image-preview:large","max-video-preview":"max-video-preview:-1"},"canonical":"https:\/\/edition.lammerhuber.at\/en\/books\/goran-tomasevic","og_locale":"en_US","og_type":"article","og_title":"Goran Toma\u0161evi\u0107 - Edition Lammerhuber","og_description":"\"Goran Toma\u0161evi\u0107 \u2013\u00a0a wonderful Caravaggio of photography!\"\u00a0Goran Toma\u0161evi\u0107 is a living legend. He has not only survived in conflict zones for 30 years, but he also masters the art of photography, interpreting the world in the most humanistic way, following in the footsteps of Robert Capa and James Nachtwey.  Goran Toma\u0161evi\u0107 David Thomson  Jean-Fran\u00e7ois Leroy &amp; Vincent Jolly  Alain Mingam  29 \u00d7 31 cm 444 pages 4 kg 256 photos English, French, German Hardcover ISBN 978-3-903101-91-3 August 2022","og_url":"https:\/\/edition.lammerhuber.at\/en\/books\/goran-tomasevic","og_site_name":"Edition Lammerhuber","article_modified_time":"2022-08-20T14:44:45+00:00","og_image":[{"width":387,"height":414,"url":"https:\/\/edition.lammerhuber.at\/app\/uploads\/2022\/07\/goran_tomasevic_book_hardcover.png","type":"image\/png"}],"twitter_card":"summary_large_image","twitter_misc":{"Est. reading time":"2 minutes"},"schema":{"@context":"https:\/\/schema.org","@graph":[{"@type":"WebPage","@id":"https:\/\/edition.lammerhuber.at\/en\/books\/goran-tomasevic","url":"https:\/\/edition.lammerhuber.at\/en\/books\/goran-tomasevic","name":"Goran Toma\u0161evi\u0107 - Edition Lammerhuber","isPartOf":{"@id":"https:\/\/edition.lammerhuber.at\/en#website"},"primaryImageOfPage":{"@id":"https:\/\/edition.lammerhuber.at\/en\/books\/goran-tomasevic#primaryimage"},"image":{"@id":"https:\/\/edition.lammerhuber.at\/en\/books\/goran-tomasevic#primaryimage"},"thumbnailUrl":"https:\/\/edition.lammerhuber.at\/app\/uploads\/2022\/07\/goran_tomasevic_book_hardcover.png","datePublished":"2022-07-18T11:26:03+00:00","dateModified":"2022-08-20T14:44:45+00:00","breadcrumb":{"@id":"https:\/\/edition.lammerhuber.at\/en\/books\/goran-tomasevic#breadcrumb"},"inLanguage":"en-US","potentialAction":[{"@type":"ReadAction","target":["https:\/\/edition.lammerhuber.at\/en\/books\/goran-tomasevic"]}]},{"@type":"ImageObject","inLanguage":"en-US","@id":"https:\/\/edition.lammerhuber.at\/en\/books\/goran-tomasevic#primaryimage","url":"https:\/\/edition.lammerhuber.at\/app\/uploads\/2022\/07\/goran_tomasevic_book_hardcover.png","contentUrl":"https:\/\/edition.lammerhuber.at\/app\/uploads\/2022\/07\/goran_tomasevic_book_hardcover.png","width":387,"height":414},{"@type":"BreadcrumbList","@id":"https:\/\/edition.lammerhuber.at\/en\/books\/goran-tomasevic#breadcrumb","itemListElement":[{"@type":"ListItem","position":1,"name":"Home","item":"https:\/\/edition.lammerhuber.at\/en"},{"@type":"ListItem","position":2,"name":"Goran Toma\u0161evi\u0107"}]},{"@type":"WebSite","@id":"https:\/\/edition.lammerhuber.at\/en#website","url":"https:\/\/edition.lammerhuber.at\/en","name":"Edition Lammerhuber","description":"Verlag f\u00fcr Fotografie, Kunst, Natur &amp; Wissenschaft","publisher":{"@id":"https:\/\/edition.lammerhuber.at\/en#organization"},"potentialAction":[{"@type":"SearchAction","target":{"@type":"EntryPoint","urlTemplate":"https:\/\/edition.lammerhuber.at\/en?s={search_term_string}"},"query-input":{"@type":"PropertyValueSpecification","valueRequired":true,"valueName":"search_term_string"}}],"inLanguage":"en-US"},{"@type":"Organization","@id":"https:\/\/edition.lammerhuber.at\/en#organization","name":"Edition Lammerhuber","url":"https:\/\/edition.lammerhuber.at\/en","logo":{"@type":"ImageObject","inLanguage":"en-US","@id":"https:\/\/edition.lammerhuber.at\/en#\/schema\/logo\/image\/","url":"","contentUrl":"","caption":"Edition Lammerhuber"},"image":{"@id":"https:\/\/edition.lammerhuber.at\/en#\/schema\/logo\/image\/"}}]}},"_links":{"self":[{"href":"https:\/\/edition.lammerhuber.at\/en\/wp-json\/wp\/v2\/product\/9385","targetHints":{"allow":["GET"]}}],"collection":[{"href":"https:\/\/edition.lammerhuber.at\/en\/wp-json\/wp\/v2\/product"}],"about":[{"href":"https:\/\/edition.lammerhuber.at\/en\/wp-json\/wp\/v2\/types\/product"}],"wp:featuredmedia":[{"embeddable":true,"href":"https:\/\/edition.lammerhuber.at\/en\/wp-json\/wp\/v2\/media\/9387"}],"wp:attachment":[{"href":"https:\/\/edition.lammerhuber.at\/en\/wp-json\/wp\/v2\/media?parent=9385"}],"wp:term":[{"taxonomy":"product_brand","embeddable":true,"href":"https:\/\/edition.lammerhuber.at\/en\/wp-json\/wp\/v2\/product_brand?post=9385"},{"taxonomy":"product_cat","embeddable":true,"href":"https:\/\/edition.lammerhuber.at\/en\/wp-json\/wp\/v2\/product_cat?post=9385"},{"taxonomy":"product_tag","embeddable":true,"href":"https:\/\/edition.lammerhuber.at\/en\/wp-json\/wp\/v2\/product_tag?post=9385"}],"curies":[{"name":"wp","href":"https:\/\/api.w.org\/{rel}","templated":true}]}}