{"id":9161,"date":"2022-05-11T16:52:26","date_gmt":"2022-05-11T14:52:27","guid":{"rendered":"https:\/\/edition.lammerhuber.at\/?post_type=product&#038;p=9161"},"modified":"2022-07-25T17:59:24","modified_gmt":"2022-07-25T15:59:24","slug":"nordwarts","status":"publish","type":"product","link":"https:\/\/edition.lammerhuber.at\/en\/books\/nordwarts","title":{"rendered":"Nordw\u00e4rts! (Due North)"},"content":{"rendered":"<p><strong>Nature, Beauty, Photography\u00a0<\/strong>inform the success of the <a href=\"https:\/\/festival-lagacilly-baden.photo\" target=\"_blank\" rel=\"noopener\"><strong>Festival Photo La Gacilly<\/strong><\/a>. Jacques Rocher initiated the Festival in 2004 at his birthplace of La Gacilly in Brittany. It is dedicated to the theme of humans and the environment. Deeply convinced that it is our duty to engage constantly with the future of our planet and to look for humanistic and sustainable concepts for handling nature and our coexistence, he developed the festival into a unique event. An event that, by bringing together photographic art and photojournalism, has set an international standard in societal relevance. In 2018 the festival opened for the first time in Baden bei Wien, complementing 14 years of work in La Gacilly, with Baden taking over the themes of the previous year in La Gacilly. Kilometre-long open-air galleries turn the city into an enchanting world of pictures and gardens.<\/p>\n","protected":false},"excerpt":{"rendered":"<p><strong>Catalogue of the Festival La Gacilly-Baden Photo 2022.<\/strong><\/p>\n<p><strong>NORDW\u00c4RTS!<\/strong> is the title of the catalog of the La Gacilly-Baden Photo festival, which will take place for the fifth time from June 9 to October 16 in Baden near Vienna and is dedicated to Scandinavia in 2022. In a gigantic open-air gallery &#8211; 1,500 large-format images, in 30 exhibitions, over a length of seven kilometers &#8211; the world&#8217;s best photographers will show their fascinating worlds of images in the parks and gardens and the old town of Baden. The quintessence of each exhibition and the philosophy of the festival are presented in the catalog.<\/p>\n<p><strong>Vincent Jolly,<br \/>\nCyril Drouhet<\/strong><br \/>\n<strong>Florence Drouhet,<\/strong><br \/>\n<strong>Lois Lammerhuber<\/strong><br \/>\n<strong>Vorworte:<\/strong><br \/>\n<strong>Johanna Mikl-Leitner,\u00a0<\/strong><br \/>\n<strong>Stefan Szirucsek,<\/strong><br \/>\n<strong>Jacques Rocher<br \/>\n<span lang=\"EN-US\">Auguste Coutray<br \/>\n<\/span><\/strong><strong>St\u00e9phanie Reti\u00e8re-Secret<\/strong><\/p>\n<p>17 \u00d7 23 cm, 272 pages, 123 photos<br \/>\nEnglish, German<br \/>\nSoftcover<br \/>\nISBN 978-3-903101-92-0<br \/>\nJune 2022<\/p>\n","protected":false},"featured_media":9167,"template":"","meta":{"_acf_changed":false},"product_brand":[],"product_cat":[36],"product_tag":[529,541,544],"class_list":{"0":"post-9161","1":"product","2":"type-product","3":"status-publish","4":"has-post-thumbnail","6":"product_cat-photography","7":"product_tag-analogue-photography","8":"product_tag-festival-catalogue","9":"product_tag-photo-festival","10":"pa_buchautor-auguste-coudray-en","11":"pa_buchautor-cyril-drouhet-en","12":"pa_buchautor-jacques-rocher-en","13":"pa_buchautor-lois-lammerhuber-en","14":"pa_buchautor-stephanie-retiere-secret","16":"first","17":"instock","18":"shipping-taxable","19":"purchasable","20":"product-type-simple"},"acf":[],"yoast_head":"<!-- This site is optimized with the Yoast SEO plugin v27.2 - https:\/\/yoast.com\/product\/yoast-seo-wordpress\/ -->\n<title>Nordw\u00e4rts! (Due North) - Edition Lammerhuber<\/title>\n<meta name=\"robots\" content=\"index, follow, max-snippet:-1, max-image-preview:large, max-video-preview:-1\" \/>\n<link rel=\"canonical\" href=\"https:\/\/edition.lammerhuber.at\/en\/books\/nordwarts\" \/>\n<meta property=\"og:locale\" content=\"en_US\" \/>\n<meta property=\"og:type\" content=\"article\" \/>\n<meta property=\"og:title\" content=\"Nordw\u00e4rts! (Due North) - Edition Lammerhuber\" \/>\n<meta property=\"og:description\" content=\"Catalogue of the Festival La Gacilly-Baden Photo 2022.  NORDW\u00c4RTS! is the title of the catalog of the La Gacilly-Baden Photo festival, which will take place for the fifth time from June 9 to October 16 in Baden near Vienna and is dedicated to Scandinavia in 2022. In a gigantic open-air gallery - 1,500 large-format images, in 30 exhibitions, over a length of seven kilometers - the world&#039;s best photographers will show their fascinating worlds of images in the parks and gardens and the old town of Baden. The quintessence of each exhibition and the philosophy of the festival are presented in the catalog.  Vincent Jolly, Cyril Drouhet Florence Drouhet, Lois Lammerhuber Vorworte: Johanna Mikl-Leitner,\u00a0 Stefan Szirucsek, Jacques Rocher Auguste Coutray St\u00e9phanie Reti\u00e8re-Secret  17 \u00d7 23 cm, 272 pages, 123 photos English, German Softcover ISBN 978-3-903101-92-0 June 2022\" \/>\n<meta property=\"og:url\" content=\"https:\/\/edition.lammerhuber.at\/en\/books\/nordwarts\" \/>\n<meta property=\"og:site_name\" content=\"Edition Lammerhuber\" \/>\n<meta property=\"article:modified_time\" content=\"2022-07-25T15:59:24+00:00\" \/>\n<meta property=\"og:image\" content=\"https:\/\/edition.lammerhuber.at\/app\/uploads\/2022\/05\/la_gacilly_baden_photo_Katalog_2022.png\" \/>\n\t<meta property=\"og:image:width\" content=\"306\" \/>\n\t<meta property=\"og:image:height\" content=\"414\" \/>\n\t<meta property=\"og:image:type\" content=\"image\/png\" \/>\n<meta name=\"twitter:card\" content=\"summary_large_image\" \/>\n<meta name=\"twitter:label1\" content=\"Est. reading time\" \/>\n\t<meta name=\"twitter:data1\" content=\"1 minute\" \/>\n<script type=\"application\/ld+json\" class=\"yoast-schema-graph\">{\"@context\":\"https:\/\/schema.org\",\"@graph\":[{\"@type\":\"WebPage\",\"@id\":\"https:\/\/edition.lammerhuber.at\/en\/books\/nordwarts\",\"url\":\"https:\/\/edition.lammerhuber.at\/en\/books\/nordwarts\",\"name\":\"Nordw\u00e4rts! (Due North) - Edition Lammerhuber\",\"isPartOf\":{\"@id\":\"https:\/\/edition.lammerhuber.at\/en#website\"},\"primaryImageOfPage\":{\"@id\":\"https:\/\/edition.lammerhuber.at\/en\/books\/nordwarts#primaryimage\"},\"image\":{\"@id\":\"https:\/\/edition.lammerhuber.at\/en\/books\/nordwarts#primaryimage\"},\"thumbnailUrl\":\"https:\/\/edition.lammerhuber.at\/app\/uploads\/2022\/05\/la_gacilly_baden_photo_Katalog_2022.png\",\"datePublished\":\"2022-05-11T14:52:27+00:00\",\"dateModified\":\"2022-07-25T15:59:24+00:00\",\"breadcrumb\":{\"@id\":\"https:\/\/edition.lammerhuber.at\/en\/books\/nordwarts#breadcrumb\"},\"inLanguage\":\"en-US\",\"potentialAction\":[{\"@type\":\"ReadAction\",\"target\":[\"https:\/\/edition.lammerhuber.at\/en\/books\/nordwarts\"]}]},{\"@type\":\"ImageObject\",\"inLanguage\":\"en-US\",\"@id\":\"https:\/\/edition.lammerhuber.at\/en\/books\/nordwarts#primaryimage\",\"url\":\"https:\/\/edition.lammerhuber.at\/app\/uploads\/2022\/05\/la_gacilly_baden_photo_Katalog_2022.png\",\"contentUrl\":\"https:\/\/edition.lammerhuber.at\/app\/uploads\/2022\/05\/la_gacilly_baden_photo_Katalog_2022.png\",\"width\":306,\"height\":414},{\"@type\":\"BreadcrumbList\",\"@id\":\"https:\/\/edition.lammerhuber.at\/en\/books\/nordwarts#breadcrumb\",\"itemListElement\":[{\"@type\":\"ListItem\",\"position\":1,\"name\":\"Home\",\"item\":\"https:\/\/edition.lammerhuber.at\/en\"},{\"@type\":\"ListItem\",\"position\":2,\"name\":\"Nordw\u00e4rts! (Due North)\"}]},{\"@type\":\"WebSite\",\"@id\":\"https:\/\/edition.lammerhuber.at\/en#website\",\"url\":\"https:\/\/edition.lammerhuber.at\/en\",\"name\":\"Edition Lammerhuber\",\"description\":\"Verlag f\u00fcr Fotografie, Kunst, Natur &amp; Wissenschaft\",\"publisher\":{\"@id\":\"https:\/\/edition.lammerhuber.at\/en#organization\"},\"potentialAction\":[{\"@type\":\"SearchAction\",\"target\":{\"@type\":\"EntryPoint\",\"urlTemplate\":\"https:\/\/edition.lammerhuber.at\/en?s={search_term_string}\"},\"query-input\":{\"@type\":\"PropertyValueSpecification\",\"valueRequired\":true,\"valueName\":\"search_term_string\"}}],\"inLanguage\":\"en-US\"},{\"@type\":\"Organization\",\"@id\":\"https:\/\/edition.lammerhuber.at\/en#organization\",\"name\":\"Edition Lammerhuber\",\"url\":\"https:\/\/edition.lammerhuber.at\/en\",\"logo\":{\"@type\":\"ImageObject\",\"inLanguage\":\"en-US\",\"@id\":\"https:\/\/edition.lammerhuber.at\/en#\/schema\/logo\/image\/\",\"url\":\"\",\"contentUrl\":\"\",\"caption\":\"Edition Lammerhuber\"},\"image\":{\"@id\":\"https:\/\/edition.lammerhuber.at\/en#\/schema\/logo\/image\/\"}}]}<\/script>\n<!-- \/ Yoast SEO plugin. -->","yoast_head_json":{"title":"Nordw\u00e4rts! (Due North) - Edition Lammerhuber","robots":{"index":"index","follow":"follow","max-snippet":"max-snippet:-1","max-image-preview":"max-image-preview:large","max-video-preview":"max-video-preview:-1"},"canonical":"https:\/\/edition.lammerhuber.at\/en\/books\/nordwarts","og_locale":"en_US","og_type":"article","og_title":"Nordw\u00e4rts! (Due North) - Edition Lammerhuber","og_description":"Catalogue of the Festival La Gacilly-Baden Photo 2022.  NORDW\u00c4RTS! is the title of the catalog of the La Gacilly-Baden Photo festival, which will take place for the fifth time from June 9 to October 16 in Baden near Vienna and is dedicated to Scandinavia in 2022. In a gigantic open-air gallery - 1,500 large-format images, in 30 exhibitions, over a length of seven kilometers - the world's best photographers will show their fascinating worlds of images in the parks and gardens and the old town of Baden. The quintessence of each exhibition and the philosophy of the festival are presented in the catalog.  Vincent Jolly, Cyril Drouhet Florence Drouhet, Lois Lammerhuber Vorworte: Johanna Mikl-Leitner,\u00a0 Stefan Szirucsek, Jacques Rocher Auguste Coutray St\u00e9phanie Reti\u00e8re-Secret  17 \u00d7 23 cm, 272 pages, 123 photos English, German Softcover ISBN 978-3-903101-92-0 June 2022","og_url":"https:\/\/edition.lammerhuber.at\/en\/books\/nordwarts","og_site_name":"Edition Lammerhuber","article_modified_time":"2022-07-25T15:59:24+00:00","og_image":[{"width":306,"height":414,"url":"https:\/\/edition.lammerhuber.at\/app\/uploads\/2022\/05\/la_gacilly_baden_photo_Katalog_2022.png","type":"image\/png"}],"twitter_card":"summary_large_image","twitter_misc":{"Est. reading time":"1 minute"},"schema":{"@context":"https:\/\/schema.org","@graph":[{"@type":"WebPage","@id":"https:\/\/edition.lammerhuber.at\/en\/books\/nordwarts","url":"https:\/\/edition.lammerhuber.at\/en\/books\/nordwarts","name":"Nordw\u00e4rts! (Due North) - Edition Lammerhuber","isPartOf":{"@id":"https:\/\/edition.lammerhuber.at\/en#website"},"primaryImageOfPage":{"@id":"https:\/\/edition.lammerhuber.at\/en\/books\/nordwarts#primaryimage"},"image":{"@id":"https:\/\/edition.lammerhuber.at\/en\/books\/nordwarts#primaryimage"},"thumbnailUrl":"https:\/\/edition.lammerhuber.at\/app\/uploads\/2022\/05\/la_gacilly_baden_photo_Katalog_2022.png","datePublished":"2022-05-11T14:52:27+00:00","dateModified":"2022-07-25T15:59:24+00:00","breadcrumb":{"@id":"https:\/\/edition.lammerhuber.at\/en\/books\/nordwarts#breadcrumb"},"inLanguage":"en-US","potentialAction":[{"@type":"ReadAction","target":["https:\/\/edition.lammerhuber.at\/en\/books\/nordwarts"]}]},{"@type":"ImageObject","inLanguage":"en-US","@id":"https:\/\/edition.lammerhuber.at\/en\/books\/nordwarts#primaryimage","url":"https:\/\/edition.lammerhuber.at\/app\/uploads\/2022\/05\/la_gacilly_baden_photo_Katalog_2022.png","contentUrl":"https:\/\/edition.lammerhuber.at\/app\/uploads\/2022\/05\/la_gacilly_baden_photo_Katalog_2022.png","width":306,"height":414},{"@type":"BreadcrumbList","@id":"https:\/\/edition.lammerhuber.at\/en\/books\/nordwarts#breadcrumb","itemListElement":[{"@type":"ListItem","position":1,"name":"Home","item":"https:\/\/edition.lammerhuber.at\/en"},{"@type":"ListItem","position":2,"name":"Nordw\u00e4rts! (Due North)"}]},{"@type":"WebSite","@id":"https:\/\/edition.lammerhuber.at\/en#website","url":"https:\/\/edition.lammerhuber.at\/en","name":"Edition Lammerhuber","description":"Verlag f\u00fcr Fotografie, Kunst, Natur &amp; Wissenschaft","publisher":{"@id":"https:\/\/edition.lammerhuber.at\/en#organization"},"potentialAction":[{"@type":"SearchAction","target":{"@type":"EntryPoint","urlTemplate":"https:\/\/edition.lammerhuber.at\/en?s={search_term_string}"},"query-input":{"@type":"PropertyValueSpecification","valueRequired":true,"valueName":"search_term_string"}}],"inLanguage":"en-US"},{"@type":"Organization","@id":"https:\/\/edition.lammerhuber.at\/en#organization","name":"Edition Lammerhuber","url":"https:\/\/edition.lammerhuber.at\/en","logo":{"@type":"ImageObject","inLanguage":"en-US","@id":"https:\/\/edition.lammerhuber.at\/en#\/schema\/logo\/image\/","url":"","contentUrl":"","caption":"Edition Lammerhuber"},"image":{"@id":"https:\/\/edition.lammerhuber.at\/en#\/schema\/logo\/image\/"}}]}},"_links":{"self":[{"href":"https:\/\/edition.lammerhuber.at\/en\/wp-json\/wp\/v2\/product\/9161","targetHints":{"allow":["GET"]}}],"collection":[{"href":"https:\/\/edition.lammerhuber.at\/en\/wp-json\/wp\/v2\/product"}],"about":[{"href":"https:\/\/edition.lammerhuber.at\/en\/wp-json\/wp\/v2\/types\/product"}],"wp:featuredmedia":[{"embeddable":true,"href":"https:\/\/edition.lammerhuber.at\/en\/wp-json\/wp\/v2\/media\/9167"}],"wp:attachment":[{"href":"https:\/\/edition.lammerhuber.at\/en\/wp-json\/wp\/v2\/media?parent=9161"}],"wp:term":[{"taxonomy":"product_brand","embeddable":true,"href":"https:\/\/edition.lammerhuber.at\/en\/wp-json\/wp\/v2\/product_brand?post=9161"},{"taxonomy":"product_cat","embeddable":true,"href":"https:\/\/edition.lammerhuber.at\/en\/wp-json\/wp\/v2\/product_cat?post=9161"},{"taxonomy":"product_tag","embeddable":true,"href":"https:\/\/edition.lammerhuber.at\/en\/wp-json\/wp\/v2\/product_tag?post=9161"}],"curies":[{"name":"wp","href":"https:\/\/api.w.org\/{rel}","templated":true}]}}