{"id":7802,"date":"2021-08-01T16:28:07","date_gmt":"2020-07-25T14:28:07","guid":{"rendered":"https:\/\/edition2.lammerhuber.at\/buecher\/absolut-cuba"},"modified":"2022-09-16T08:29:16","modified_gmt":"2022-09-16T06:29:16","slug":"absolut-cuba","status":"publish","type":"product","link":"https:\/\/edition.lammerhuber.at\/en\/books\/absolut-cuba","title":{"rendered":"Absolut Cuba"},"content":{"rendered":"<div><span lang=\"EN-GB\">Absolut Cuba is Ra\u00fal Ca\u00f1ibano\u2018s declaration of love to his native country. His surprising, caring, yet incredibly precise take and his lightening-fast, instinctive and gripping intellect let him capture moments which might seem totally familiar: normal everyday life in urban or rural settings. This makes him one of the most gifted photographers in Latin America. His project <i>Tierra Guajira<\/i> pays tribute to Cuban farmers in an almost anthropological approach \u2013 tracing his own childhood in the east of the country. Ra\u00fal Ca\u00f1ibano combines it with pictures from his series <i>Ciudad, Fe por San L\u00e1zaro<\/i>and <i>Ocaso<\/i> to let us sense the heart and soul of Cuba. His images are truthful and convey a sense of identity. They are filled with tradition, happiness, tragedy and magic.<\/span><\/div>\n","protected":false},"excerpt":{"rendered":"<p>Ra\u00fal Ca\u00f1ibano\u2019s ultimate declaration of love to his native Cuba! One of the most gifted\u00a0photographers in Latin America presents images of tradition, happiness, tragedy and magic: he captures the mood of the largest Caribbean island beautifully, cleverly, sensually and accurately like no one else can.<\/p>\n<p><strong>Ra\u00fal Ca\u00f1ibano<br \/>\n<\/strong><b>Leonardo Padura Fuentes<\/b><\/p>\n<p>17 \u00d7 23,5 cm<br \/>\n192 pages<br \/>\n100 photos<br \/>\nEnglish, German, Spanish<br \/>\nHardcover,\u2009 bound in linen,<br \/>\n\u201eFrench Fold\u201c-jacket<br \/>\nISBN 978-3-903101-80-7<br \/>\nAugust 2021<\/p>\n","protected":false},"featured_media":3789,"template":"","meta":{"_acf_changed":false},"product_brand":[],"product_cat":[420,37,36],"product_tag":[522,411,413,412,521],"class_list":{"0":"post-7802","1":"product","2":"type-product","3":"status-publish","4":"has-post-thumbnail","6":"product_cat-archive","7":"product_cat-art","8":"product_cat-photography","9":"product_tag-kuba-en","10":"product_tag-fine-art-en","11":"product_tag-south-america-en","12":"product_tag-street-photography-en","13":"product_tag-visual-poetry-en","14":"pa_buchautor-leonardo-padura-fuentes-en","15":"pa_buchautor-raul-canibano-en","17":"first","18":"outofstock","19":"shipping-taxable","20":"purchasable","21":"product-type-simple"},"acf":[],"yoast_head":"<!-- This site is optimized with the Yoast SEO plugin v27.2 - https:\/\/yoast.com\/product\/yoast-seo-wordpress\/ -->\n<title>Absolut Cuba - Edition Lammerhuber<\/title>\n<meta name=\"robots\" content=\"index, follow, max-snippet:-1, max-image-preview:large, max-video-preview:-1\" \/>\n<link rel=\"canonical\" href=\"https:\/\/edition.lammerhuber.at\/en\/books\/absolut-cuba\" \/>\n<meta property=\"og:locale\" content=\"en_US\" \/>\n<meta property=\"og:type\" content=\"article\" \/>\n<meta property=\"og:title\" content=\"Absolut Cuba - Edition Lammerhuber\" \/>\n<meta property=\"og:description\" content=\"Ra\u00fal Ca\u00f1ibano\u2019s ultimate declaration of love to his native Cuba! One of the most gifted\u00a0photographers in Latin America presents images of tradition, happiness, tragedy and magic: he captures the mood of the largest Caribbean island beautifully, cleverly, sensually and accurately like no one else can.  Ra\u00fal Ca\u00f1ibano Leonardo Padura Fuentes  17 \u00d7 23,5 cm 192 pages 100 photos English, German, Spanish Hardcover,\u2009 bound in linen, \u201eFrench Fold\u201c-jacket ISBN 978-3-903101-80-7 August 2021\" \/>\n<meta property=\"og:url\" content=\"https:\/\/edition.lammerhuber.at\/en\/books\/absolut-cuba\" \/>\n<meta property=\"og:site_name\" content=\"Edition Lammerhuber\" \/>\n<meta property=\"article:modified_time\" content=\"2022-09-16T06:29:16+00:00\" \/>\n<meta property=\"og:image\" content=\"https:\/\/edition.lammerhuber.at\/app\/uploads\/2020\/07\/raul_canibano_absolut_cuba_french_fold.png\" \/>\n\t<meta property=\"og:image:width\" content=\"303\" \/>\n\t<meta property=\"og:image:height\" content=\"414\" \/>\n\t<meta property=\"og:image:type\" content=\"image\/png\" \/>\n<meta name=\"twitter:card\" content=\"summary_large_image\" \/>\n<meta name=\"twitter:label1\" content=\"Est. reading time\" \/>\n\t<meta name=\"twitter:data1\" content=\"1 minute\" \/>\n<script type=\"application\/ld+json\" class=\"yoast-schema-graph\">{\"@context\":\"https:\/\/schema.org\",\"@graph\":[{\"@type\":\"WebPage\",\"@id\":\"https:\/\/edition.lammerhuber.at\/en\/books\/absolut-cuba\",\"url\":\"https:\/\/edition.lammerhuber.at\/en\/books\/absolut-cuba\",\"name\":\"Absolut Cuba - Edition Lammerhuber\",\"isPartOf\":{\"@id\":\"https:\/\/edition.lammerhuber.at\/en#website\"},\"primaryImageOfPage\":{\"@id\":\"https:\/\/edition.lammerhuber.at\/en\/books\/absolut-cuba#primaryimage\"},\"image\":{\"@id\":\"https:\/\/edition.lammerhuber.at\/en\/books\/absolut-cuba#primaryimage\"},\"thumbnailUrl\":\"https:\/\/edition.lammerhuber.at\/app\/uploads\/2020\/07\/raul_canibano_absolut_cuba_french_fold.png\",\"datePublished\":\"2020-07-25T14:28:07+00:00\",\"dateModified\":\"2022-09-16T06:29:16+00:00\",\"breadcrumb\":{\"@id\":\"https:\/\/edition.lammerhuber.at\/en\/books\/absolut-cuba#breadcrumb\"},\"inLanguage\":\"en-US\",\"potentialAction\":[{\"@type\":\"ReadAction\",\"target\":[\"https:\/\/edition.lammerhuber.at\/en\/books\/absolut-cuba\"]}]},{\"@type\":\"ImageObject\",\"inLanguage\":\"en-US\",\"@id\":\"https:\/\/edition.lammerhuber.at\/en\/books\/absolut-cuba#primaryimage\",\"url\":\"https:\/\/edition.lammerhuber.at\/app\/uploads\/2020\/07\/raul_canibano_absolut_cuba_french_fold.png\",\"contentUrl\":\"https:\/\/edition.lammerhuber.at\/app\/uploads\/2020\/07\/raul_canibano_absolut_cuba_french_fold.png\",\"width\":303,\"height\":414},{\"@type\":\"BreadcrumbList\",\"@id\":\"https:\/\/edition.lammerhuber.at\/en\/books\/absolut-cuba#breadcrumb\",\"itemListElement\":[{\"@type\":\"ListItem\",\"position\":1,\"name\":\"Home\",\"item\":\"https:\/\/edition.lammerhuber.at\/en\"},{\"@type\":\"ListItem\",\"position\":2,\"name\":\"Absolut Cuba\"}]},{\"@type\":\"WebSite\",\"@id\":\"https:\/\/edition.lammerhuber.at\/en#website\",\"url\":\"https:\/\/edition.lammerhuber.at\/en\",\"name\":\"Edition Lammerhuber\",\"description\":\"Verlag f\u00fcr Fotografie, Kunst, Natur &amp; Wissenschaft\",\"publisher\":{\"@id\":\"https:\/\/edition.lammerhuber.at\/en#organization\"},\"potentialAction\":[{\"@type\":\"SearchAction\",\"target\":{\"@type\":\"EntryPoint\",\"urlTemplate\":\"https:\/\/edition.lammerhuber.at\/en?s={search_term_string}\"},\"query-input\":{\"@type\":\"PropertyValueSpecification\",\"valueRequired\":true,\"valueName\":\"search_term_string\"}}],\"inLanguage\":\"en-US\"},{\"@type\":\"Organization\",\"@id\":\"https:\/\/edition.lammerhuber.at\/en#organization\",\"name\":\"Edition Lammerhuber\",\"url\":\"https:\/\/edition.lammerhuber.at\/en\",\"logo\":{\"@type\":\"ImageObject\",\"inLanguage\":\"en-US\",\"@id\":\"https:\/\/edition.lammerhuber.at\/en#\/schema\/logo\/image\/\",\"url\":\"\",\"contentUrl\":\"\",\"caption\":\"Edition Lammerhuber\"},\"image\":{\"@id\":\"https:\/\/edition.lammerhuber.at\/en#\/schema\/logo\/image\/\"}}]}<\/script>\n<!-- \/ Yoast SEO plugin. -->","yoast_head_json":{"title":"Absolut Cuba - Edition Lammerhuber","robots":{"index":"index","follow":"follow","max-snippet":"max-snippet:-1","max-image-preview":"max-image-preview:large","max-video-preview":"max-video-preview:-1"},"canonical":"https:\/\/edition.lammerhuber.at\/en\/books\/absolut-cuba","og_locale":"en_US","og_type":"article","og_title":"Absolut Cuba - Edition Lammerhuber","og_description":"Ra\u00fal Ca\u00f1ibano\u2019s ultimate declaration of love to his native Cuba! One of the most gifted\u00a0photographers in Latin America presents images of tradition, happiness, tragedy and magic: he captures the mood of the largest Caribbean island beautifully, cleverly, sensually and accurately like no one else can.  Ra\u00fal Ca\u00f1ibano Leonardo Padura Fuentes  17 \u00d7 23,5 cm 192 pages 100 photos English, German, Spanish Hardcover,\u2009 bound in linen, \u201eFrench Fold\u201c-jacket ISBN 978-3-903101-80-7 August 2021","og_url":"https:\/\/edition.lammerhuber.at\/en\/books\/absolut-cuba","og_site_name":"Edition Lammerhuber","article_modified_time":"2022-09-16T06:29:16+00:00","og_image":[{"width":303,"height":414,"url":"https:\/\/edition.lammerhuber.at\/app\/uploads\/2020\/07\/raul_canibano_absolut_cuba_french_fold.png","type":"image\/png"}],"twitter_card":"summary_large_image","twitter_misc":{"Est. reading time":"1 minute"},"schema":{"@context":"https:\/\/schema.org","@graph":[{"@type":"WebPage","@id":"https:\/\/edition.lammerhuber.at\/en\/books\/absolut-cuba","url":"https:\/\/edition.lammerhuber.at\/en\/books\/absolut-cuba","name":"Absolut Cuba - Edition Lammerhuber","isPartOf":{"@id":"https:\/\/edition.lammerhuber.at\/en#website"},"primaryImageOfPage":{"@id":"https:\/\/edition.lammerhuber.at\/en\/books\/absolut-cuba#primaryimage"},"image":{"@id":"https:\/\/edition.lammerhuber.at\/en\/books\/absolut-cuba#primaryimage"},"thumbnailUrl":"https:\/\/edition.lammerhuber.at\/app\/uploads\/2020\/07\/raul_canibano_absolut_cuba_french_fold.png","datePublished":"2020-07-25T14:28:07+00:00","dateModified":"2022-09-16T06:29:16+00:00","breadcrumb":{"@id":"https:\/\/edition.lammerhuber.at\/en\/books\/absolut-cuba#breadcrumb"},"inLanguage":"en-US","potentialAction":[{"@type":"ReadAction","target":["https:\/\/edition.lammerhuber.at\/en\/books\/absolut-cuba"]}]},{"@type":"ImageObject","inLanguage":"en-US","@id":"https:\/\/edition.lammerhuber.at\/en\/books\/absolut-cuba#primaryimage","url":"https:\/\/edition.lammerhuber.at\/app\/uploads\/2020\/07\/raul_canibano_absolut_cuba_french_fold.png","contentUrl":"https:\/\/edition.lammerhuber.at\/app\/uploads\/2020\/07\/raul_canibano_absolut_cuba_french_fold.png","width":303,"height":414},{"@type":"BreadcrumbList","@id":"https:\/\/edition.lammerhuber.at\/en\/books\/absolut-cuba#breadcrumb","itemListElement":[{"@type":"ListItem","position":1,"name":"Home","item":"https:\/\/edition.lammerhuber.at\/en"},{"@type":"ListItem","position":2,"name":"Absolut Cuba"}]},{"@type":"WebSite","@id":"https:\/\/edition.lammerhuber.at\/en#website","url":"https:\/\/edition.lammerhuber.at\/en","name":"Edition Lammerhuber","description":"Verlag f\u00fcr Fotografie, Kunst, Natur &amp; Wissenschaft","publisher":{"@id":"https:\/\/edition.lammerhuber.at\/en#organization"},"potentialAction":[{"@type":"SearchAction","target":{"@type":"EntryPoint","urlTemplate":"https:\/\/edition.lammerhuber.at\/en?s={search_term_string}"},"query-input":{"@type":"PropertyValueSpecification","valueRequired":true,"valueName":"search_term_string"}}],"inLanguage":"en-US"},{"@type":"Organization","@id":"https:\/\/edition.lammerhuber.at\/en#organization","name":"Edition Lammerhuber","url":"https:\/\/edition.lammerhuber.at\/en","logo":{"@type":"ImageObject","inLanguage":"en-US","@id":"https:\/\/edition.lammerhuber.at\/en#\/schema\/logo\/image\/","url":"","contentUrl":"","caption":"Edition Lammerhuber"},"image":{"@id":"https:\/\/edition.lammerhuber.at\/en#\/schema\/logo\/image\/"}}]}},"_links":{"self":[{"href":"https:\/\/edition.lammerhuber.at\/en\/wp-json\/wp\/v2\/product\/7802","targetHints":{"allow":["GET"]}}],"collection":[{"href":"https:\/\/edition.lammerhuber.at\/en\/wp-json\/wp\/v2\/product"}],"about":[{"href":"https:\/\/edition.lammerhuber.at\/en\/wp-json\/wp\/v2\/types\/product"}],"wp:featuredmedia":[{"embeddable":true,"href":"https:\/\/edition.lammerhuber.at\/en\/wp-json\/wp\/v2\/media\/3789"}],"wp:attachment":[{"href":"https:\/\/edition.lammerhuber.at\/en\/wp-json\/wp\/v2\/media?parent=7802"}],"wp:term":[{"taxonomy":"product_brand","embeddable":true,"href":"https:\/\/edition.lammerhuber.at\/en\/wp-json\/wp\/v2\/product_brand?post=7802"},{"taxonomy":"product_cat","embeddable":true,"href":"https:\/\/edition.lammerhuber.at\/en\/wp-json\/wp\/v2\/product_cat?post=7802"},{"taxonomy":"product_tag","embeddable":true,"href":"https:\/\/edition.lammerhuber.at\/en\/wp-json\/wp\/v2\/product_tag?post=7802"}],"curies":[{"name":"wp","href":"https:\/\/api.w.org\/{rel}","templated":true}]}}