{"id":4015,"date":"2020-07-28T17:25:45","date_gmt":"2020-07-28T15:25:45","guid":{"rendered":"https:\/\/edition2.lammerhuber.at\/shop\/wild"},"modified":"2025-10-10T09:42:23","modified_gmt":"2025-10-10T07:42:23","slug":"wild","status":"publish","type":"product","link":"https:\/\/edition.lammerhuber.at\/en\/books\/wild","title":{"rendered":"WILD"},"content":{"rendered":"<p>Das Buch wurde von Nick Nichols selbst editiert und entworfen. Angeordnet sind seine Fotos in der Reihenfolge des Entstehens f\u00fcr die Agentur Magnum und sp\u00e4ter f\u00fcr National Geographic. Von 1980 bis 2018. Fast 40 Jahre Spitzenfotografie. Entstanden ist genau jenes Buch, von dem Nick \u201esein ganzes Fotografenleben lang getr\u00e4umt hat\u201c. Ohne jeden Kompromiss. Ultimativ. Im \u00fcbergro\u00dfen Querformat, 320 Seiten. 240 Fotografien \u2013 seine allerbesten. Ohne Texte l\u00e4sst Nick Nichols seine Fotos \u201esprechen\u201c. Begleitet von einem Special Edition Print. Ein Buch f\u00fcr ihn selbst und seine Freunde, ein Book for Friends.<\/p>\n<p>Erste Erfahrungen sammelte Michael Nichols bei der Zeitschrift GEO, ehe er drei Jahre sp\u00e4ter Mitglied der Agentur Magnum wurde. Von 1989 bis 2015 erarbeitete Nichols 30 Reportagen f\u00fcr das Magazin National Geographic. Dabei verfolgte er von Beginn an ein einziges Ziel: Wilde, unber\u00fchrte Landschaften ins Licht zu r\u00fccken, und mit ihnen die Gesch\u00f6pfe, die sie bev\u00f6lkern. Er versenkte sich ganz in seine Arbeit und verbrachte jeweils mehrere Monate damit, den Tieren so nah wie m\u00f6glich zu kommen und ihre Lebensweise und ihre Reviere kennenzulernen.<\/p>\n<p>Nick Nichols hat unter anderem mit der renommierten Primatenforscherin Jane Goodall zusammengearbeitet und mit dem Umweltaktivisten Mike Fay Afrika von Ost nach West durchquert. Seine Arbeit stand dabei immer im Zeichen der Erhaltung der nat\u00fcrlichen Lebensr\u00e4ume. In seinem umfangreichen Werk verschmilzt die Fotografie mit Journalismus, aber auch mit Wissenschaft und Technologie. \u201eWie schaffen Sie es, den Tieren so nahezukommen?\u201c \u2013 diese Frage h\u00f6rt Nichols immer wieder. Dann antwortet er oft schalkhaft: \u201eGanz einfach: Manchmal bin ich gar nicht da.\u201c In der Tat: Viele Aufnahmen hat Nichols mithilfe von Fotofallen gemacht. Diese Anlagen bleiben vollkommen unbemerkt und erm\u00f6glichen es dem Fotografen, gleichzeitig anwesend und abwesend zu sein. \u201eIch musste meiner Kamera beibringen, selbstst\u00e4ndig zu denken, an meiner Stelle, und sich etwa an die Lichtverh\u00e4ltnisse anzupassen&#8230;\u201c<\/p>\n<p>Eine Arbeit \u00fcber die L\u00f6wen der Serengeti, eine Studie \u00fcber die indischen Tiger Sita und Charger, eine gemeinsam mit Jane Goodall erarbeitete Reportage \u00fcber Schimpansen und viele Themen und Bilder mehr geben Einblick in Nick Nichols\u2019 gl\u00e4nzende Karriere und sind das Ergebnis sorgf\u00e4ltiger Arbeit. Sie f\u00fchren die Natur und ihre Gesch\u00f6pfe im Urzustand vor, ungesch\u00f6nt und ungeschminkt, und zeigen sie als gef\u00e4hrliche, faszinierende und unm\u00f6glich zu b\u00e4ndigende Wesen.<\/p>\n<p>Nichols Arbeiten wurden mit vielen Preisen ausgezeichnet, u.a. mit World Press Photo Award, Wildlife Photographer of the Year Award, Sony World Photography Award &#8230; Sein Foto \u201cSurfing Hippo\u201d wurde vom TIME magazine als \u201cone of the most influential images of all time\u201d ausgezeichnet. Seine bis dato letzte Einzelausstellung im Philadelphia Museum of Art wurde 2017 von 250.000 Besuchern gesehen.<\/p>\n<p><em>\u201eThis book is to be displayed and left open <\/em><br \/>\n<em>to a page that sings for a time. <\/em><br \/>\n<em>It is as if I had made 240 limited edition prints <\/em><br \/>\n<em>of my career and had given them to all of you \u2026 <\/em><br \/>\n<em>this is truly meant as a BOOK for FRIENDS.\u201c<\/em><br \/>\nMichael Nichols<\/p>\n<p><strong>BOOKS FOR FRIENDS<\/strong><\/p>\n<p>Books for Friends is a unique ordering system for lifetime achievement books, retrospectives, long-term projects or topics of excellence. Only top-level photographers are invited to found a club of the who\u2019s who in documentary\/reportage\/street\/fine art photography. These books are available ONLY via this very direct and personal distribution system. No bookstores, no museum shops, no middlemen.<\/p>\n<p>Together with the publisher the photographers create the book they have always dreamt of realizing. It is ultimately their book \u2013 no compromises at all.<\/p>\n<p>As the orders for the first 500 copies came in, the photographer and the publisher did get together and produced the book. The books were printed and shipped across the Atlantic to Michael\u2019s home for signing them. The next step was the binding process which is mostly handmade and took another three weeks.<\/p>\n<p>All copies of the whole print run were signed by Michael Nichols and include a special edition letter-sized print (8.3\u2033\u00d711\u2033 \/ 21\u00d728cm). Our Friends have a choice of three images.<\/p>\n<p>The first <em>Book for Friends<\/em> \u2013 <em>WILD<\/em> by Michael Nichols \u2013 is only available here: <a href=\"https:\/\/www.booksforfriends.photo\/wild-michael-nichols\" target=\"_blank\" rel=\"noopener noreferrer\">booksforfriends.photo<\/a><\/p>\n","protected":false},"excerpt":{"rendered":"<p><strong>Michael Nichols&#8217; oeuvre in one volume!<\/strong><\/p>\n<p>Some see him as the Indiana Jones of photography. To others, he is the man who made wildlife photography what it is today. To many, he is simply the best photographer in his field. He uses his camera like no one before to pay tribute to the most fantastic landscapes on our planet and to the creatures at home in them.<\/p>\n<p>Signed and numbered, edition of 1000<\/p>\n<p><strong>Michael Nichols<\/strong><\/p>\n<p>38,5 \u00d7 25,5 cm<br \/>\n320 pages, 222 photos<br \/>\nEnglish<br \/>\nHardcover, bound in linen,<br \/>\nLaminated cover photo<br \/>\nFine Art Print\u00a0accompanying the book<br \/>\nISBN 978-3-903101-75-3<br \/>\nAugust 2020<\/p>\n","protected":false},"featured_media":3985,"template":"","meta":{"_acf_changed":false},"product_brand":[],"product_cat":[585,38,36],"product_tag":[497,460,411,551,560,565,413,575],"class_list":{"0":"post-4015","1":"product","2":"type-product","3":"status-publish","4":"has-post-thumbnail","6":"product_cat-books-for-friends-en","7":"product_cat-nature","8":"product_cat-photography","9":"product_tag-africa","10":"product_tag-animals","11":"product_tag-fine-art-en","12":"product_tag-india","13":"product_tag-nature","14":"product_tag-reportage-en","15":"product_tag-south-america-en","16":"product_tag-usa-en","17":"pa_buchautor-michael-nichols-en","19":"first","20":"outofstock","21":"shipping-taxable","22":"purchasable","23":"product-type-simple"},"acf":[],"yoast_head":"<!-- This site is optimized with the Yoast SEO plugin v27.2 - https:\/\/yoast.com\/product\/yoast-seo-wordpress\/ -->\n<title>WILD - Edition Lammerhuber<\/title>\n<meta name=\"robots\" content=\"index, follow, max-snippet:-1, max-image-preview:large, max-video-preview:-1\" \/>\n<link rel=\"canonical\" href=\"https:\/\/edition.lammerhuber.at\/en\/books\/wild\" \/>\n<meta property=\"og:locale\" content=\"en_US\" \/>\n<meta property=\"og:type\" content=\"article\" \/>\n<meta property=\"og:title\" content=\"WILD - Edition Lammerhuber\" \/>\n<meta property=\"og:description\" content=\"Michael Nichols&#039; oeuvre in one volume!  Some see him as the Indiana Jones of photography. To others, he is the man who made wildlife photography what it is today. To many, he is simply the best photographer in his field. He uses his camera like no one before to pay tribute to the most fantastic landscapes on our planet and to the creatures at home in them.  Signed and numbered, edition of 1000  Michael Nichols  38,5 \u00d7 25,5 cm 320 pages, 222 photos English Hardcover, bound in linen, Laminated cover photo Fine Art Print\u00a0accompanying the book ISBN 978-3-903101-75-3 August 2020\" \/>\n<meta property=\"og:url\" content=\"https:\/\/edition.lammerhuber.at\/en\/books\/wild\" \/>\n<meta property=\"og:site_name\" content=\"Edition Lammerhuber\" \/>\n<meta property=\"article:modified_time\" content=\"2025-10-10T07:42:23+00:00\" \/>\n<meta property=\"og:image\" content=\"https:\/\/edition.lammerhuber.at\/app\/uploads\/2020\/07\/wild_hardcover.png\" \/>\n\t<meta property=\"og:image:width\" content=\"317\" \/>\n\t<meta property=\"og:image:height\" content=\"215\" \/>\n\t<meta property=\"og:image:type\" content=\"image\/png\" \/>\n<meta name=\"twitter:card\" content=\"summary_large_image\" \/>\n<meta name=\"twitter:label1\" content=\"Est. reading time\" \/>\n\t<meta name=\"twitter:data1\" content=\"4 minutes\" \/>\n<script type=\"application\/ld+json\" class=\"yoast-schema-graph\">{\"@context\":\"https:\/\/schema.org\",\"@graph\":[{\"@type\":\"WebPage\",\"@id\":\"https:\/\/edition.lammerhuber.at\/en\/books\/wild\",\"url\":\"https:\/\/edition.lammerhuber.at\/en\/books\/wild\",\"name\":\"WILD - Edition Lammerhuber\",\"isPartOf\":{\"@id\":\"https:\/\/edition.lammerhuber.at\/en#website\"},\"primaryImageOfPage\":{\"@id\":\"https:\/\/edition.lammerhuber.at\/en\/books\/wild#primaryimage\"},\"image\":{\"@id\":\"https:\/\/edition.lammerhuber.at\/en\/books\/wild#primaryimage\"},\"thumbnailUrl\":\"https:\/\/edition.lammerhuber.at\/app\/uploads\/2020\/07\/wild_hardcover.png\",\"datePublished\":\"2020-07-28T15:25:45+00:00\",\"dateModified\":\"2025-10-10T07:42:23+00:00\",\"breadcrumb\":{\"@id\":\"https:\/\/edition.lammerhuber.at\/en\/books\/wild#breadcrumb\"},\"inLanguage\":\"en-US\",\"potentialAction\":[{\"@type\":\"ReadAction\",\"target\":[\"https:\/\/edition.lammerhuber.at\/en\/books\/wild\"]}]},{\"@type\":\"ImageObject\",\"inLanguage\":\"en-US\",\"@id\":\"https:\/\/edition.lammerhuber.at\/en\/books\/wild#primaryimage\",\"url\":\"https:\/\/edition.lammerhuber.at\/app\/uploads\/2020\/07\/wild_hardcover.png\",\"contentUrl\":\"https:\/\/edition.lammerhuber.at\/app\/uploads\/2020\/07\/wild_hardcover.png\",\"width\":317,\"height\":215},{\"@type\":\"BreadcrumbList\",\"@id\":\"https:\/\/edition.lammerhuber.at\/en\/books\/wild#breadcrumb\",\"itemListElement\":[{\"@type\":\"ListItem\",\"position\":1,\"name\":\"Home\",\"item\":\"https:\/\/edition.lammerhuber.at\/en\"},{\"@type\":\"ListItem\",\"position\":2,\"name\":\"WILD\"}]},{\"@type\":\"WebSite\",\"@id\":\"https:\/\/edition.lammerhuber.at\/en#website\",\"url\":\"https:\/\/edition.lammerhuber.at\/en\",\"name\":\"Edition Lammerhuber\",\"description\":\"Verlag f\u00fcr Fotografie, Kunst, Natur &amp; Wissenschaft\",\"publisher\":{\"@id\":\"https:\/\/edition.lammerhuber.at\/en#organization\"},\"potentialAction\":[{\"@type\":\"SearchAction\",\"target\":{\"@type\":\"EntryPoint\",\"urlTemplate\":\"https:\/\/edition.lammerhuber.at\/en?s={search_term_string}\"},\"query-input\":{\"@type\":\"PropertyValueSpecification\",\"valueRequired\":true,\"valueName\":\"search_term_string\"}}],\"inLanguage\":\"en-US\"},{\"@type\":\"Organization\",\"@id\":\"https:\/\/edition.lammerhuber.at\/en#organization\",\"name\":\"Edition Lammerhuber\",\"url\":\"https:\/\/edition.lammerhuber.at\/en\",\"logo\":{\"@type\":\"ImageObject\",\"inLanguage\":\"en-US\",\"@id\":\"https:\/\/edition.lammerhuber.at\/en#\/schema\/logo\/image\/\",\"url\":\"\",\"contentUrl\":\"\",\"caption\":\"Edition Lammerhuber\"},\"image\":{\"@id\":\"https:\/\/edition.lammerhuber.at\/en#\/schema\/logo\/image\/\"}}]}<\/script>\n<!-- \/ Yoast SEO plugin. -->","yoast_head_json":{"title":"WILD - Edition Lammerhuber","robots":{"index":"index","follow":"follow","max-snippet":"max-snippet:-1","max-image-preview":"max-image-preview:large","max-video-preview":"max-video-preview:-1"},"canonical":"https:\/\/edition.lammerhuber.at\/en\/books\/wild","og_locale":"en_US","og_type":"article","og_title":"WILD - Edition Lammerhuber","og_description":"Michael Nichols' oeuvre in one volume!  Some see him as the Indiana Jones of photography. To others, he is the man who made wildlife photography what it is today. To many, he is simply the best photographer in his field. He uses his camera like no one before to pay tribute to the most fantastic landscapes on our planet and to the creatures at home in them.  Signed and numbered, edition of 1000  Michael Nichols  38,5 \u00d7 25,5 cm 320 pages, 222 photos English Hardcover, bound in linen, Laminated cover photo Fine Art Print\u00a0accompanying the book ISBN 978-3-903101-75-3 August 2020","og_url":"https:\/\/edition.lammerhuber.at\/en\/books\/wild","og_site_name":"Edition Lammerhuber","article_modified_time":"2025-10-10T07:42:23+00:00","og_image":[{"width":317,"height":215,"url":"https:\/\/edition.lammerhuber.at\/app\/uploads\/2020\/07\/wild_hardcover.png","type":"image\/png"}],"twitter_card":"summary_large_image","twitter_misc":{"Est. reading time":"4 minutes"},"schema":{"@context":"https:\/\/schema.org","@graph":[{"@type":"WebPage","@id":"https:\/\/edition.lammerhuber.at\/en\/books\/wild","url":"https:\/\/edition.lammerhuber.at\/en\/books\/wild","name":"WILD - Edition Lammerhuber","isPartOf":{"@id":"https:\/\/edition.lammerhuber.at\/en#website"},"primaryImageOfPage":{"@id":"https:\/\/edition.lammerhuber.at\/en\/books\/wild#primaryimage"},"image":{"@id":"https:\/\/edition.lammerhuber.at\/en\/books\/wild#primaryimage"},"thumbnailUrl":"https:\/\/edition.lammerhuber.at\/app\/uploads\/2020\/07\/wild_hardcover.png","datePublished":"2020-07-28T15:25:45+00:00","dateModified":"2025-10-10T07:42:23+00:00","breadcrumb":{"@id":"https:\/\/edition.lammerhuber.at\/en\/books\/wild#breadcrumb"},"inLanguage":"en-US","potentialAction":[{"@type":"ReadAction","target":["https:\/\/edition.lammerhuber.at\/en\/books\/wild"]}]},{"@type":"ImageObject","inLanguage":"en-US","@id":"https:\/\/edition.lammerhuber.at\/en\/books\/wild#primaryimage","url":"https:\/\/edition.lammerhuber.at\/app\/uploads\/2020\/07\/wild_hardcover.png","contentUrl":"https:\/\/edition.lammerhuber.at\/app\/uploads\/2020\/07\/wild_hardcover.png","width":317,"height":215},{"@type":"BreadcrumbList","@id":"https:\/\/edition.lammerhuber.at\/en\/books\/wild#breadcrumb","itemListElement":[{"@type":"ListItem","position":1,"name":"Home","item":"https:\/\/edition.lammerhuber.at\/en"},{"@type":"ListItem","position":2,"name":"WILD"}]},{"@type":"WebSite","@id":"https:\/\/edition.lammerhuber.at\/en#website","url":"https:\/\/edition.lammerhuber.at\/en","name":"Edition Lammerhuber","description":"Verlag f\u00fcr Fotografie, Kunst, Natur &amp; Wissenschaft","publisher":{"@id":"https:\/\/edition.lammerhuber.at\/en#organization"},"potentialAction":[{"@type":"SearchAction","target":{"@type":"EntryPoint","urlTemplate":"https:\/\/edition.lammerhuber.at\/en?s={search_term_string}"},"query-input":{"@type":"PropertyValueSpecification","valueRequired":true,"valueName":"search_term_string"}}],"inLanguage":"en-US"},{"@type":"Organization","@id":"https:\/\/edition.lammerhuber.at\/en#organization","name":"Edition Lammerhuber","url":"https:\/\/edition.lammerhuber.at\/en","logo":{"@type":"ImageObject","inLanguage":"en-US","@id":"https:\/\/edition.lammerhuber.at\/en#\/schema\/logo\/image\/","url":"","contentUrl":"","caption":"Edition Lammerhuber"},"image":{"@id":"https:\/\/edition.lammerhuber.at\/en#\/schema\/logo\/image\/"}}]}},"_links":{"self":[{"href":"https:\/\/edition.lammerhuber.at\/en\/wp-json\/wp\/v2\/product\/4015","targetHints":{"allow":["GET"]}}],"collection":[{"href":"https:\/\/edition.lammerhuber.at\/en\/wp-json\/wp\/v2\/product"}],"about":[{"href":"https:\/\/edition.lammerhuber.at\/en\/wp-json\/wp\/v2\/types\/product"}],"wp:featuredmedia":[{"embeddable":true,"href":"https:\/\/edition.lammerhuber.at\/en\/wp-json\/wp\/v2\/media\/3985"}],"wp:attachment":[{"href":"https:\/\/edition.lammerhuber.at\/en\/wp-json\/wp\/v2\/media?parent=4015"}],"wp:term":[{"taxonomy":"product_brand","embeddable":true,"href":"https:\/\/edition.lammerhuber.at\/en\/wp-json\/wp\/v2\/product_brand?post=4015"},{"taxonomy":"product_cat","embeddable":true,"href":"https:\/\/edition.lammerhuber.at\/en\/wp-json\/wp\/v2\/product_cat?post=4015"},{"taxonomy":"product_tag","embeddable":true,"href":"https:\/\/edition.lammerhuber.at\/en\/wp-json\/wp\/v2\/product_tag?post=4015"}],"curies":[{"name":"wp","href":"https:\/\/api.w.org\/{rel}","templated":true}]}}