{"id":3836,"date":"2020-10-12T13:43:34","date_gmt":"2020-10-12T11:43:34","guid":{"rendered":"https:\/\/edition2.lammerhuber.at\/shop\/an-tagen-wie-diesen"},"modified":"2024-10-21T09:17:10","modified_gmt":"2024-10-21T07:17:10","slug":"an-tagen-wie-diesen","status":"publish","type":"product","link":"https:\/\/edition.lammerhuber.at\/en\/books\/an-tagen-wie-diesen","title":{"rendered":"An Tagen wie diesen signed edition"},"content":{"rendered":"<p>Hans-J\u00fcrgen Burkard, one of the great photojournalists of our time, has embarked on an extraordinary journey through Germany. A journey that takes the lyrics of German pop songs as associative matter for a photographic portrait of German sensitivities. German pop music, criticizing, harsh, but also affectionate and confident \u2013 what does it tell about a country, what emerges from it? Hans-J\u00fcrgen Burkard has translated lyrics like those of\u00a0<em>K\u00f6nigin von Kreuzberg<\/em>\u00a0by Prinz Pi or\u00a0<em>Hinterland<\/em>\u00a0by Casper into great pictures: free, off-the-wall, alarming, cheerful, mysterious \u2013 in any case fantastic. With a thick wad of lyrics print-outs on the passenger seat, he drove thousands of kilometres through the republic. Searching for moods and situations that matched the music. With essays by Silke M\u00fcller and Peter-Matthias Gaede.<\/p>\n","protected":false},"excerpt":{"rendered":"<p>K\u00f6nigin von Kreuzberg, Rotlichtmilieu, Eppendorf or Hinterland! Hans-J\u00fcrgen Burkard, one of the greatest in photojournalism, has embarked on an extraordinary journey. Associating photographs to German pop lyrics, he has created a poetic image of Germany that exudes an enchanting force. A must-have for photo and Germany enthusiasts!<\/p>\n<p><strong>Unique opportunity! Edition hand-signed by Hans-J\u00fcrgen Burkard. <\/strong><br \/>\n<strong>Only available here while stocks last.<\/strong><\/p>\n<p><strong>Hans-J\u00fcrgen Burkard <\/strong><br \/>\n<strong>Silke M\u00fcller <\/strong><br \/>\n<strong>Peter-Matthias Gaede <\/strong><\/p>\n<p>24 \u00d7 30 cm<br \/>\n224 pages<br \/>\n111 photos<br \/>\nGerman<br \/>\nHardcover,\u2009 bound in linen, \u201eFrench Fold\u201c-jacket<br \/>\nISBN 978-3-903101-39-5<br \/>\nOctober 2020<\/p>\n","protected":false},"featured_media":7644,"template":"","meta":{"_acf_changed":false},"product_brand":[],"product_cat":[36],"product_tag":[540,580,565,412],"class_list":{"0":"post-3836","1":"product","2":"type-product","3":"status-publish","4":"has-post-thumbnail","6":"product_cat-photography","7":"product_tag-europe","8":"product_tag-germany","9":"product_tag-reportage-en","10":"product_tag-street-photography-en","11":"pa_buchautor-hans-juergen-burkard-en","12":"pa_buchautor-peter-matthias-gaede-en","13":"pa_buchautor-silke-mueller-en","15":"first","16":"outofstock","17":"shipping-taxable","18":"purchasable","19":"product-type-simple"},"acf":[],"yoast_head":"<!-- This site is optimized with the Yoast SEO plugin v27.2 - https:\/\/yoast.com\/product\/yoast-seo-wordpress\/ -->\n<title>An Tagen wie diesen signed edition - Edition Lammerhuber<\/title>\n<meta name=\"robots\" content=\"index, follow, max-snippet:-1, max-image-preview:large, max-video-preview:-1\" \/>\n<link rel=\"canonical\" href=\"https:\/\/edition.lammerhuber.at\/en\/books\/an-tagen-wie-diesen\" \/>\n<meta property=\"og:locale\" content=\"en_US\" \/>\n<meta property=\"og:type\" content=\"article\" \/>\n<meta property=\"og:title\" content=\"An Tagen wie diesen signed edition - Edition Lammerhuber\" \/>\n<meta property=\"og:description\" content=\"K\u00f6nigin von Kreuzberg, Rotlichtmilieu, Eppendorf or Hinterland! Hans-J\u00fcrgen Burkard, one of the greatest in photojournalism, has embarked on an extraordinary journey. Associating photographs to German pop lyrics, he has created a poetic image of Germany that exudes an enchanting force. A must-have for photo and Germany enthusiasts!  Unique opportunity! Edition hand-signed by Hans-J\u00fcrgen Burkard.  Only available here while stocks last.  Hans-J\u00fcrgen Burkard  Silke M\u00fcller  Peter-Matthias Gaede   24 \u00d7 30 cm 224 pages 111 photos German Hardcover,\u2009 bound in linen, \u201eFrench Fold\u201c-jacket ISBN 978-3-903101-39-5 October 2020\" \/>\n<meta property=\"og:url\" content=\"https:\/\/edition.lammerhuber.at\/en\/books\/an-tagen-wie-diesen\" \/>\n<meta property=\"og:site_name\" content=\"Edition Lammerhuber\" \/>\n<meta property=\"article:modified_time\" content=\"2024-10-21T07:17:10+00:00\" \/>\n<meta property=\"og:image\" content=\"https:\/\/edition.lammerhuber.at\/app\/uploads\/2020\/09\/an_tagen_wie_diesen_frenchfold.png\" \/>\n\t<meta property=\"og:image:width\" content=\"331\" \/>\n\t<meta property=\"og:image:height\" content=\"414\" \/>\n\t<meta property=\"og:image:type\" content=\"image\/png\" \/>\n<meta name=\"twitter:card\" content=\"summary_large_image\" \/>\n<meta name=\"twitter:label1\" content=\"Est. reading time\" \/>\n\t<meta name=\"twitter:data1\" content=\"1 minute\" \/>\n<script type=\"application\/ld+json\" class=\"yoast-schema-graph\">{\"@context\":\"https:\/\/schema.org\",\"@graph\":[{\"@type\":\"WebPage\",\"@id\":\"https:\/\/edition.lammerhuber.at\/en\/books\/an-tagen-wie-diesen\",\"url\":\"https:\/\/edition.lammerhuber.at\/en\/books\/an-tagen-wie-diesen\",\"name\":\"An Tagen wie diesen signed edition - Edition Lammerhuber\",\"isPartOf\":{\"@id\":\"https:\/\/edition.lammerhuber.at\/en#website\"},\"primaryImageOfPage\":{\"@id\":\"https:\/\/edition.lammerhuber.at\/en\/books\/an-tagen-wie-diesen#primaryimage\"},\"image\":{\"@id\":\"https:\/\/edition.lammerhuber.at\/en\/books\/an-tagen-wie-diesen#primaryimage\"},\"thumbnailUrl\":\"https:\/\/edition.lammerhuber.at\/app\/uploads\/2020\/09\/an_tagen_wie_diesen_frenchfold.png\",\"datePublished\":\"2020-10-12T11:43:34+00:00\",\"dateModified\":\"2024-10-21T07:17:10+00:00\",\"breadcrumb\":{\"@id\":\"https:\/\/edition.lammerhuber.at\/en\/books\/an-tagen-wie-diesen#breadcrumb\"},\"inLanguage\":\"en-US\",\"potentialAction\":[{\"@type\":\"ReadAction\",\"target\":[\"https:\/\/edition.lammerhuber.at\/en\/books\/an-tagen-wie-diesen\"]}]},{\"@type\":\"ImageObject\",\"inLanguage\":\"en-US\",\"@id\":\"https:\/\/edition.lammerhuber.at\/en\/books\/an-tagen-wie-diesen#primaryimage\",\"url\":\"https:\/\/edition.lammerhuber.at\/app\/uploads\/2020\/09\/an_tagen_wie_diesen_frenchfold.png\",\"contentUrl\":\"https:\/\/edition.lammerhuber.at\/app\/uploads\/2020\/09\/an_tagen_wie_diesen_frenchfold.png\",\"width\":331,\"height\":414},{\"@type\":\"BreadcrumbList\",\"@id\":\"https:\/\/edition.lammerhuber.at\/en\/books\/an-tagen-wie-diesen#breadcrumb\",\"itemListElement\":[{\"@type\":\"ListItem\",\"position\":1,\"name\":\"Home\",\"item\":\"https:\/\/edition.lammerhuber.at\/en\"},{\"@type\":\"ListItem\",\"position\":2,\"name\":\"An Tagen wie diesen signed edition\"}]},{\"@type\":\"WebSite\",\"@id\":\"https:\/\/edition.lammerhuber.at\/en#website\",\"url\":\"https:\/\/edition.lammerhuber.at\/en\",\"name\":\"Edition Lammerhuber\",\"description\":\"Verlag f\u00fcr Fotografie, Kunst, Natur &amp; Wissenschaft\",\"publisher\":{\"@id\":\"https:\/\/edition.lammerhuber.at\/en#organization\"},\"potentialAction\":[{\"@type\":\"SearchAction\",\"target\":{\"@type\":\"EntryPoint\",\"urlTemplate\":\"https:\/\/edition.lammerhuber.at\/en?s={search_term_string}\"},\"query-input\":{\"@type\":\"PropertyValueSpecification\",\"valueRequired\":true,\"valueName\":\"search_term_string\"}}],\"inLanguage\":\"en-US\"},{\"@type\":\"Organization\",\"@id\":\"https:\/\/edition.lammerhuber.at\/en#organization\",\"name\":\"Edition Lammerhuber\",\"url\":\"https:\/\/edition.lammerhuber.at\/en\",\"logo\":{\"@type\":\"ImageObject\",\"inLanguage\":\"en-US\",\"@id\":\"https:\/\/edition.lammerhuber.at\/en#\/schema\/logo\/image\/\",\"url\":\"\",\"contentUrl\":\"\",\"caption\":\"Edition Lammerhuber\"},\"image\":{\"@id\":\"https:\/\/edition.lammerhuber.at\/en#\/schema\/logo\/image\/\"}}]}<\/script>\n<!-- \/ Yoast SEO plugin. -->","yoast_head_json":{"title":"An Tagen wie diesen signed edition - Edition Lammerhuber","robots":{"index":"index","follow":"follow","max-snippet":"max-snippet:-1","max-image-preview":"max-image-preview:large","max-video-preview":"max-video-preview:-1"},"canonical":"https:\/\/edition.lammerhuber.at\/en\/books\/an-tagen-wie-diesen","og_locale":"en_US","og_type":"article","og_title":"An Tagen wie diesen signed edition - Edition Lammerhuber","og_description":"K\u00f6nigin von Kreuzberg, Rotlichtmilieu, Eppendorf or Hinterland! Hans-J\u00fcrgen Burkard, one of the greatest in photojournalism, has embarked on an extraordinary journey. Associating photographs to German pop lyrics, he has created a poetic image of Germany that exudes an enchanting force. A must-have for photo and Germany enthusiasts!  Unique opportunity! Edition hand-signed by Hans-J\u00fcrgen Burkard.  Only available here while stocks last.  Hans-J\u00fcrgen Burkard  Silke M\u00fcller  Peter-Matthias Gaede   24 \u00d7 30 cm 224 pages 111 photos German Hardcover,\u2009 bound in linen, \u201eFrench Fold\u201c-jacket ISBN 978-3-903101-39-5 October 2020","og_url":"https:\/\/edition.lammerhuber.at\/en\/books\/an-tagen-wie-diesen","og_site_name":"Edition Lammerhuber","article_modified_time":"2024-10-21T07:17:10+00:00","og_image":[{"width":331,"height":414,"url":"https:\/\/edition.lammerhuber.at\/app\/uploads\/2020\/09\/an_tagen_wie_diesen_frenchfold.png","type":"image\/png"}],"twitter_card":"summary_large_image","twitter_misc":{"Est. reading time":"1 minute"},"schema":{"@context":"https:\/\/schema.org","@graph":[{"@type":"WebPage","@id":"https:\/\/edition.lammerhuber.at\/en\/books\/an-tagen-wie-diesen","url":"https:\/\/edition.lammerhuber.at\/en\/books\/an-tagen-wie-diesen","name":"An Tagen wie diesen signed edition - Edition Lammerhuber","isPartOf":{"@id":"https:\/\/edition.lammerhuber.at\/en#website"},"primaryImageOfPage":{"@id":"https:\/\/edition.lammerhuber.at\/en\/books\/an-tagen-wie-diesen#primaryimage"},"image":{"@id":"https:\/\/edition.lammerhuber.at\/en\/books\/an-tagen-wie-diesen#primaryimage"},"thumbnailUrl":"https:\/\/edition.lammerhuber.at\/app\/uploads\/2020\/09\/an_tagen_wie_diesen_frenchfold.png","datePublished":"2020-10-12T11:43:34+00:00","dateModified":"2024-10-21T07:17:10+00:00","breadcrumb":{"@id":"https:\/\/edition.lammerhuber.at\/en\/books\/an-tagen-wie-diesen#breadcrumb"},"inLanguage":"en-US","potentialAction":[{"@type":"ReadAction","target":["https:\/\/edition.lammerhuber.at\/en\/books\/an-tagen-wie-diesen"]}]},{"@type":"ImageObject","inLanguage":"en-US","@id":"https:\/\/edition.lammerhuber.at\/en\/books\/an-tagen-wie-diesen#primaryimage","url":"https:\/\/edition.lammerhuber.at\/app\/uploads\/2020\/09\/an_tagen_wie_diesen_frenchfold.png","contentUrl":"https:\/\/edition.lammerhuber.at\/app\/uploads\/2020\/09\/an_tagen_wie_diesen_frenchfold.png","width":331,"height":414},{"@type":"BreadcrumbList","@id":"https:\/\/edition.lammerhuber.at\/en\/books\/an-tagen-wie-diesen#breadcrumb","itemListElement":[{"@type":"ListItem","position":1,"name":"Home","item":"https:\/\/edition.lammerhuber.at\/en"},{"@type":"ListItem","position":2,"name":"An Tagen wie diesen signed edition"}]},{"@type":"WebSite","@id":"https:\/\/edition.lammerhuber.at\/en#website","url":"https:\/\/edition.lammerhuber.at\/en","name":"Edition Lammerhuber","description":"Verlag f\u00fcr Fotografie, Kunst, Natur &amp; Wissenschaft","publisher":{"@id":"https:\/\/edition.lammerhuber.at\/en#organization"},"potentialAction":[{"@type":"SearchAction","target":{"@type":"EntryPoint","urlTemplate":"https:\/\/edition.lammerhuber.at\/en?s={search_term_string}"},"query-input":{"@type":"PropertyValueSpecification","valueRequired":true,"valueName":"search_term_string"}}],"inLanguage":"en-US"},{"@type":"Organization","@id":"https:\/\/edition.lammerhuber.at\/en#organization","name":"Edition Lammerhuber","url":"https:\/\/edition.lammerhuber.at\/en","logo":{"@type":"ImageObject","inLanguage":"en-US","@id":"https:\/\/edition.lammerhuber.at\/en#\/schema\/logo\/image\/","url":"","contentUrl":"","caption":"Edition Lammerhuber"},"image":{"@id":"https:\/\/edition.lammerhuber.at\/en#\/schema\/logo\/image\/"}}]}},"_links":{"self":[{"href":"https:\/\/edition.lammerhuber.at\/en\/wp-json\/wp\/v2\/product\/3836","targetHints":{"allow":["GET"]}}],"collection":[{"href":"https:\/\/edition.lammerhuber.at\/en\/wp-json\/wp\/v2\/product"}],"about":[{"href":"https:\/\/edition.lammerhuber.at\/en\/wp-json\/wp\/v2\/types\/product"}],"wp:featuredmedia":[{"embeddable":true,"href":"https:\/\/edition.lammerhuber.at\/en\/wp-json\/wp\/v2\/media\/7644"}],"wp:attachment":[{"href":"https:\/\/edition.lammerhuber.at\/en\/wp-json\/wp\/v2\/media?parent=3836"}],"wp:term":[{"taxonomy":"product_brand","embeddable":true,"href":"https:\/\/edition.lammerhuber.at\/en\/wp-json\/wp\/v2\/product_brand?post=3836"},{"taxonomy":"product_cat","embeddable":true,"href":"https:\/\/edition.lammerhuber.at\/en\/wp-json\/wp\/v2\/product_cat?post=3836"},{"taxonomy":"product_tag","embeddable":true,"href":"https:\/\/edition.lammerhuber.at\/en\/wp-json\/wp\/v2\/product_tag?post=3836"}],"curies":[{"name":"wp","href":"https:\/\/api.w.org\/{rel}","templated":true}]}}