{"id":3518,"date":"2017-11-12T13:43:38","date_gmt":"2017-11-12T12:43:38","guid":{"rendered":"https:\/\/edition2.lammerhuber.at\/shop\/when-light-will-touch-africa-quand-lafrique-seclairera-afrika-wird-leuchten"},"modified":"2020-11-10T10:53:09","modified_gmt":"2020-11-10T09:53:09","slug":"when-light-will-touch-africa-quand-lafrique-seclairera-afrika-wird-leuchten","status":"publish","type":"product","link":"https:\/\/edition.lammerhuber.at\/en\/books\/when-light-will-touch-africa-quand-lafrique-seclairera-afrika-wird-leuchten","title":{"rendered":"When light will touch Africa"},"content":{"rendered":"<p>\u201cAs we live without electricity, from 7 pm we feel as if we were living in a grave.\u201d <em>Joseph Honnon, Adido, Benin.<\/em><\/p>\n<p>Pascal Maitre, one of the most famous photographers covering Africa, and Jean-Marc Gonin, seasoned reporter for the Figaro Magazine, have teamed up to document the lives of hundreds of millions of Africans deprived of any access to electricity: 70 % of the people in Sub-Saharan Africa have no access to electricity.<\/p>\n<p>\u201cAfrica cannot continue to enlighten other continents with its resources, \u00adremaining hidden in the dark.\u201d <em>Macky Sall, Pr\u00e9sident S\u00e9n\u00e9gal UNO, 20\/09\/2016, New York.<\/em><\/p>\n<p><strong>Text excerpt \u201cLiving in Darkness\u201d by Jean-Marc Gonin<\/strong><br \/>\nIn Benin, well-lit areas are only a few kilometres away from areas steeped in complete darkness. The village of Fanto with its 665 inhabitants is only ten minutes away from the national road 2 connecting Cotonou with the north of the country. During these ten minutes one time-travels several decades into the past, from the tarmac road with a power line running alongside it, supplying the residents with electricity, to the scrublands with the fields, where manioc, sweetcorn and sugar cane are grown. A cable connecting several pylons installed among the furrows leads to the brightly lit Catholic church, in which the believers attend evening mass. It is completely dark behind the place of worship. The dirt road with its many potholes and grooves is difficult to make out in the light coming from the headlights. It ends at a square with a few trees dotted around. The stalls of the evening market placed along the houses are lit by about a dozen paraffin lamps. Their flickering light enlightens the face of a cook preparing a steaming mush in a metal pot. Next to her an old woman offers some vegetables and fruit displayed on a wooden plank.<\/p>\n<p>\u201cWe have been waiting for electricity for thirteen years,\u201d complains 57-year old Houegagbo Ahossivou, who has been living in Fanto for 36 years. \u201cWe were promised to be connected to the grid in 2004.\u201d When the sun sets at 6 pm the craftsmen have to stop working. Then it is also dangerous to be outdoors. Bandits jump out of the bushes at the roadside to snatch the motorbikes from their owners. \u201cWe neither have light nor a refrigerator,\u201d says Ahossivou. \u201cWe cannot even store milk for the children, and if we want to preserve foodstuffs we have to dry them in the sun.\u201d Last year two villagers died because they could not be treated properly. They had to be transported to the nearest hospital in Zinvi\u00e9 as there is no electricity in the local hospital. They did not survive the 45-minute journey.<\/p>\n","protected":false},"excerpt":{"rendered":"<p><strong>Quand l\u2019Afrique s\u2019\u00e9clairera<\/strong><br \/>\n<strong>Afrika wird leuchten<\/strong><\/p>\n<p><strong>Pascal Maitre<\/strong>, one of the most famous photographers covering Africa, and<strong> Jean-Marc Gonin<\/strong>, seasoned reporter for the <em>Figaro Magazine<\/em>, have teamed up to document the lives of hundreds of millions of Africans deprived of any access to electricity.<\/p>\n<p><strong>Pascal Maitre<\/strong><br \/>\n<strong>Jean-Marc Gonin<\/strong><\/p>\n<p>20 \u00d7 26,5 cm<br \/>\n96 pages<br \/>\n38 photos<br \/>\nEnglish,German, French<br \/>\nHardcover<br \/>\nISBN 978-3-903101-48-7<br \/>\nNovember 2017<\/p>\n","protected":false},"featured_media":3499,"template":"","meta":{"_acf_changed":false},"product_brand":[],"product_cat":[36,416],"product_tag":[497,539,565],"class_list":{"0":"post-3518","1":"product","2":"type-product","3":"status-publish","4":"has-post-thumbnail","6":"product_cat-photography","7":"product_cat-reportage-en","8":"product_tag-africa","9":"product_tag-development","10":"product_tag-reportage-en","11":"pa_buchautor-jean-marc-gonin-en","12":"pa_buchautor-pascal-maitre-en","14":"first","15":"instock","16":"shipping-taxable","17":"purchasable","18":"product-type-simple"},"acf":[],"yoast_head":"<!-- This site is optimized with the Yoast SEO plugin v27.2 - https:\/\/yoast.com\/product\/yoast-seo-wordpress\/ -->\n<title>When light will touch Africa - Edition Lammerhuber<\/title>\n<meta name=\"robots\" content=\"index, follow, max-snippet:-1, max-image-preview:large, max-video-preview:-1\" \/>\n<link rel=\"canonical\" href=\"https:\/\/edition.lammerhuber.at\/en\/books\/when-light-will-touch-africa-quand-lafrique-seclairera-afrika-wird-leuchten\" \/>\n<meta property=\"og:locale\" content=\"en_US\" \/>\n<meta property=\"og:type\" content=\"article\" \/>\n<meta property=\"og:title\" content=\"When light will touch Africa - Edition Lammerhuber\" \/>\n<meta property=\"og:description\" content=\"Quand l\u2019Afrique s\u2019\u00e9clairera Afrika wird leuchten  Pascal Maitre, one of the most famous photographers covering Africa, and Jean-Marc Gonin, seasoned reporter for the Figaro Magazine, have teamed up to document the lives of hundreds of millions of Africans deprived of any access to electricity.  Pascal Maitre Jean-Marc Gonin  20 \u00d7 26,5 cm 96 pages 38 photos English,German, French Hardcover ISBN 978-3-903101-48-7 November 2017\" \/>\n<meta property=\"og:url\" content=\"https:\/\/edition.lammerhuber.at\/en\/books\/when-light-will-touch-africa-quand-lafrique-seclairera-afrika-wird-leuchten\" \/>\n<meta property=\"og:site_name\" content=\"Edition Lammerhuber\" \/>\n<meta property=\"article:modified_time\" content=\"2020-11-10T09:53:09+00:00\" \/>\n<meta property=\"og:image\" content=\"https:\/\/edition.lammerhuber.at\/app\/uploads\/2020\/03\/when_light_will_touch_africa_pascal_maitre_cover.png\" \/>\n\t<meta property=\"og:image:width\" content=\"311\" \/>\n\t<meta property=\"og:image:height\" content=\"414\" \/>\n\t<meta property=\"og:image:type\" content=\"image\/png\" \/>\n<meta name=\"twitter:card\" content=\"summary_large_image\" \/>\n<meta name=\"twitter:label1\" content=\"Est. reading time\" \/>\n\t<meta name=\"twitter:data1\" content=\"2 minutes\" \/>\n<script type=\"application\/ld+json\" class=\"yoast-schema-graph\">{\"@context\":\"https:\/\/schema.org\",\"@graph\":[{\"@type\":\"WebPage\",\"@id\":\"https:\/\/edition.lammerhuber.at\/en\/books\/when-light-will-touch-africa-quand-lafrique-seclairera-afrika-wird-leuchten\",\"url\":\"https:\/\/edition.lammerhuber.at\/en\/books\/when-light-will-touch-africa-quand-lafrique-seclairera-afrika-wird-leuchten\",\"name\":\"When light will touch Africa - Edition Lammerhuber\",\"isPartOf\":{\"@id\":\"https:\/\/edition.lammerhuber.at\/en#website\"},\"primaryImageOfPage\":{\"@id\":\"https:\/\/edition.lammerhuber.at\/en\/books\/when-light-will-touch-africa-quand-lafrique-seclairera-afrika-wird-leuchten#primaryimage\"},\"image\":{\"@id\":\"https:\/\/edition.lammerhuber.at\/en\/books\/when-light-will-touch-africa-quand-lafrique-seclairera-afrika-wird-leuchten#primaryimage\"},\"thumbnailUrl\":\"https:\/\/edition.lammerhuber.at\/app\/uploads\/2020\/03\/when_light_will_touch_africa_pascal_maitre_cover.png\",\"datePublished\":\"2017-11-12T12:43:38+00:00\",\"dateModified\":\"2020-11-10T09:53:09+00:00\",\"breadcrumb\":{\"@id\":\"https:\/\/edition.lammerhuber.at\/en\/books\/when-light-will-touch-africa-quand-lafrique-seclairera-afrika-wird-leuchten#breadcrumb\"},\"inLanguage\":\"en-US\",\"potentialAction\":[{\"@type\":\"ReadAction\",\"target\":[\"https:\/\/edition.lammerhuber.at\/en\/books\/when-light-will-touch-africa-quand-lafrique-seclairera-afrika-wird-leuchten\"]}]},{\"@type\":\"ImageObject\",\"inLanguage\":\"en-US\",\"@id\":\"https:\/\/edition.lammerhuber.at\/en\/books\/when-light-will-touch-africa-quand-lafrique-seclairera-afrika-wird-leuchten#primaryimage\",\"url\":\"https:\/\/edition.lammerhuber.at\/app\/uploads\/2020\/03\/when_light_will_touch_africa_pascal_maitre_cover.png\",\"contentUrl\":\"https:\/\/edition.lammerhuber.at\/app\/uploads\/2020\/03\/when_light_will_touch_africa_pascal_maitre_cover.png\",\"width\":311,\"height\":414},{\"@type\":\"BreadcrumbList\",\"@id\":\"https:\/\/edition.lammerhuber.at\/en\/books\/when-light-will-touch-africa-quand-lafrique-seclairera-afrika-wird-leuchten#breadcrumb\",\"itemListElement\":[{\"@type\":\"ListItem\",\"position\":1,\"name\":\"Home\",\"item\":\"https:\/\/edition.lammerhuber.at\/en\"},{\"@type\":\"ListItem\",\"position\":2,\"name\":\"When light will touch Africa\"}]},{\"@type\":\"WebSite\",\"@id\":\"https:\/\/edition.lammerhuber.at\/en#website\",\"url\":\"https:\/\/edition.lammerhuber.at\/en\",\"name\":\"Edition Lammerhuber\",\"description\":\"Verlag f\u00fcr Fotografie, Kunst, Natur &amp; Wissenschaft\",\"publisher\":{\"@id\":\"https:\/\/edition.lammerhuber.at\/en#organization\"},\"potentialAction\":[{\"@type\":\"SearchAction\",\"target\":{\"@type\":\"EntryPoint\",\"urlTemplate\":\"https:\/\/edition.lammerhuber.at\/en?s={search_term_string}\"},\"query-input\":{\"@type\":\"PropertyValueSpecification\",\"valueRequired\":true,\"valueName\":\"search_term_string\"}}],\"inLanguage\":\"en-US\"},{\"@type\":\"Organization\",\"@id\":\"https:\/\/edition.lammerhuber.at\/en#organization\",\"name\":\"Edition Lammerhuber\",\"url\":\"https:\/\/edition.lammerhuber.at\/en\",\"logo\":{\"@type\":\"ImageObject\",\"inLanguage\":\"en-US\",\"@id\":\"https:\/\/edition.lammerhuber.at\/en#\/schema\/logo\/image\/\",\"url\":\"\",\"contentUrl\":\"\",\"caption\":\"Edition Lammerhuber\"},\"image\":{\"@id\":\"https:\/\/edition.lammerhuber.at\/en#\/schema\/logo\/image\/\"}}]}<\/script>\n<!-- \/ Yoast SEO plugin. -->","yoast_head_json":{"title":"When light will touch Africa - Edition Lammerhuber","robots":{"index":"index","follow":"follow","max-snippet":"max-snippet:-1","max-image-preview":"max-image-preview:large","max-video-preview":"max-video-preview:-1"},"canonical":"https:\/\/edition.lammerhuber.at\/en\/books\/when-light-will-touch-africa-quand-lafrique-seclairera-afrika-wird-leuchten","og_locale":"en_US","og_type":"article","og_title":"When light will touch Africa - Edition Lammerhuber","og_description":"Quand l\u2019Afrique s\u2019\u00e9clairera Afrika wird leuchten  Pascal Maitre, one of the most famous photographers covering Africa, and Jean-Marc Gonin, seasoned reporter for the Figaro Magazine, have teamed up to document the lives of hundreds of millions of Africans deprived of any access to electricity.  Pascal Maitre Jean-Marc Gonin  20 \u00d7 26,5 cm 96 pages 38 photos English,German, French Hardcover ISBN 978-3-903101-48-7 November 2017","og_url":"https:\/\/edition.lammerhuber.at\/en\/books\/when-light-will-touch-africa-quand-lafrique-seclairera-afrika-wird-leuchten","og_site_name":"Edition Lammerhuber","article_modified_time":"2020-11-10T09:53:09+00:00","og_image":[{"width":311,"height":414,"url":"https:\/\/edition.lammerhuber.at\/app\/uploads\/2020\/03\/when_light_will_touch_africa_pascal_maitre_cover.png","type":"image\/png"}],"twitter_card":"summary_large_image","twitter_misc":{"Est. reading time":"2 minutes"},"schema":{"@context":"https:\/\/schema.org","@graph":[{"@type":"WebPage","@id":"https:\/\/edition.lammerhuber.at\/en\/books\/when-light-will-touch-africa-quand-lafrique-seclairera-afrika-wird-leuchten","url":"https:\/\/edition.lammerhuber.at\/en\/books\/when-light-will-touch-africa-quand-lafrique-seclairera-afrika-wird-leuchten","name":"When light will touch Africa - Edition Lammerhuber","isPartOf":{"@id":"https:\/\/edition.lammerhuber.at\/en#website"},"primaryImageOfPage":{"@id":"https:\/\/edition.lammerhuber.at\/en\/books\/when-light-will-touch-africa-quand-lafrique-seclairera-afrika-wird-leuchten#primaryimage"},"image":{"@id":"https:\/\/edition.lammerhuber.at\/en\/books\/when-light-will-touch-africa-quand-lafrique-seclairera-afrika-wird-leuchten#primaryimage"},"thumbnailUrl":"https:\/\/edition.lammerhuber.at\/app\/uploads\/2020\/03\/when_light_will_touch_africa_pascal_maitre_cover.png","datePublished":"2017-11-12T12:43:38+00:00","dateModified":"2020-11-10T09:53:09+00:00","breadcrumb":{"@id":"https:\/\/edition.lammerhuber.at\/en\/books\/when-light-will-touch-africa-quand-lafrique-seclairera-afrika-wird-leuchten#breadcrumb"},"inLanguage":"en-US","potentialAction":[{"@type":"ReadAction","target":["https:\/\/edition.lammerhuber.at\/en\/books\/when-light-will-touch-africa-quand-lafrique-seclairera-afrika-wird-leuchten"]}]},{"@type":"ImageObject","inLanguage":"en-US","@id":"https:\/\/edition.lammerhuber.at\/en\/books\/when-light-will-touch-africa-quand-lafrique-seclairera-afrika-wird-leuchten#primaryimage","url":"https:\/\/edition.lammerhuber.at\/app\/uploads\/2020\/03\/when_light_will_touch_africa_pascal_maitre_cover.png","contentUrl":"https:\/\/edition.lammerhuber.at\/app\/uploads\/2020\/03\/when_light_will_touch_africa_pascal_maitre_cover.png","width":311,"height":414},{"@type":"BreadcrumbList","@id":"https:\/\/edition.lammerhuber.at\/en\/books\/when-light-will-touch-africa-quand-lafrique-seclairera-afrika-wird-leuchten#breadcrumb","itemListElement":[{"@type":"ListItem","position":1,"name":"Home","item":"https:\/\/edition.lammerhuber.at\/en"},{"@type":"ListItem","position":2,"name":"When light will touch Africa"}]},{"@type":"WebSite","@id":"https:\/\/edition.lammerhuber.at\/en#website","url":"https:\/\/edition.lammerhuber.at\/en","name":"Edition Lammerhuber","description":"Verlag f\u00fcr Fotografie, Kunst, Natur &amp; Wissenschaft","publisher":{"@id":"https:\/\/edition.lammerhuber.at\/en#organization"},"potentialAction":[{"@type":"SearchAction","target":{"@type":"EntryPoint","urlTemplate":"https:\/\/edition.lammerhuber.at\/en?s={search_term_string}"},"query-input":{"@type":"PropertyValueSpecification","valueRequired":true,"valueName":"search_term_string"}}],"inLanguage":"en-US"},{"@type":"Organization","@id":"https:\/\/edition.lammerhuber.at\/en#organization","name":"Edition Lammerhuber","url":"https:\/\/edition.lammerhuber.at\/en","logo":{"@type":"ImageObject","inLanguage":"en-US","@id":"https:\/\/edition.lammerhuber.at\/en#\/schema\/logo\/image\/","url":"","contentUrl":"","caption":"Edition Lammerhuber"},"image":{"@id":"https:\/\/edition.lammerhuber.at\/en#\/schema\/logo\/image\/"}}]}},"_links":{"self":[{"href":"https:\/\/edition.lammerhuber.at\/en\/wp-json\/wp\/v2\/product\/3518","targetHints":{"allow":["GET"]}}],"collection":[{"href":"https:\/\/edition.lammerhuber.at\/en\/wp-json\/wp\/v2\/product"}],"about":[{"href":"https:\/\/edition.lammerhuber.at\/en\/wp-json\/wp\/v2\/types\/product"}],"wp:featuredmedia":[{"embeddable":true,"href":"https:\/\/edition.lammerhuber.at\/en\/wp-json\/wp\/v2\/media\/3499"}],"wp:attachment":[{"href":"https:\/\/edition.lammerhuber.at\/en\/wp-json\/wp\/v2\/media?parent=3518"}],"wp:term":[{"taxonomy":"product_brand","embeddable":true,"href":"https:\/\/edition.lammerhuber.at\/en\/wp-json\/wp\/v2\/product_brand?post=3518"},{"taxonomy":"product_cat","embeddable":true,"href":"https:\/\/edition.lammerhuber.at\/en\/wp-json\/wp\/v2\/product_cat?post=3518"},{"taxonomy":"product_tag","embeddable":true,"href":"https:\/\/edition.lammerhuber.at\/en\/wp-json\/wp\/v2\/product_tag?post=3518"}],"curies":[{"name":"wp","href":"https:\/\/api.w.org\/{rel}","templated":true}]}}