{"id":3179,"date":"2019-02-12T13:43:44","date_gmt":"2019-02-12T12:43:44","guid":{"rendered":"https:\/\/edition2.lammerhuber.at\/shop\/bel-canto"},"modified":"2020-11-10T16:22:24","modified_gmt":"2020-11-10T15:22:24","slug":"bel-canto","status":"publish","type":"product","link":"https:\/\/edition.lammerhuber.at\/en\/books\/bel-canto","title":{"rendered":"Bel Canto"},"content":{"rendered":"<p>The Vienna State Opera is the most eminent opera house in the world. The most magnificent voices in the history of opera are at home here. Bel Canto celebrates the 150th anniversary of the Vienna State Opera. The success story of the \u201cOpera House on the Ring\u201d is presented in portraits of the 150 most impressive singers from these 150 years: Agnes Baltsa, Montserrat Caball\u00e9, Maria Cebotari, Pl\u00e1cido Domingo, Ferruccio Furlanetto, El\u012bna Garan\u010da, Thomas Hampson, Jonas Kaufmann, Simon Keenlyside, Anna Netrebko, Luciano Pavarotti, Leontyne Price, Richard Tauber, and so on.<\/p>\n<p>Bel Canto is the 13th successive volume, after Metamorphoses, Creation, Celebration, Close Up, Passion, Emotion, Glamour, On Stage, Harmony, Genesis, Chorus and Repertoire, photographed by Lois Lammerhuber as a kind of encyclopaedia of the dramatic arts, exemplified by the Vienna State Opera.<\/p>\n","protected":false},"excerpt":{"rendered":"<p>Bel Canto is an homage to the Vienna State Opera on its 150th anniversary. It presents the 150 most important and best known singers, the stars in the history of the \u201cHouse on the Ring\u201d\u2013 from Luciano Pavarotti to Anna Netrebko. Lois Lammerhuber, one of the best photographers of our time, devoted months to creating outstanding portraits of the artists. In his text, Dominique Meyer, Director of the Vienna State Opera, reflects on the significance of these stars for the world of opera.<\/p>\n<p><em>A special edition of this book was offered as a souvenir to the gentlemen visitors of the Vienna Opera Ball 2019.<\/em><\/p>\n<p><strong>Dominique Meyer, Lois Lammerhuber,<\/strong><br \/>\n<strong>Clemens H\u00f6slinger, Andreas L\u00e1ng, Oliver L\u00e1ng, Erich Seitter,<\/strong><br \/>\n<strong>Michael P\u00f6hn, Axel Zeininger<\/strong><\/p>\n<p>24 \u00d7 32 cm, 240 pages, 153 photos<br \/>\nEnglish, German, French<br \/>\nHardcover<br \/>\nISBN 978-3-903101-63-0<br \/>\nFebruary 2019<\/p>\n","protected":false},"featured_media":3156,"template":"","meta":{"_acf_changed":false},"product_brand":[],"product_cat":[37,36],"product_tag":[555,455,456,459],"class_list":{"0":"post-3179","1":"product","2":"type-product","3":"status-publish","4":"has-post-thumbnail","6":"product_cat-art","7":"product_cat-photography","8":"product_tag-classical","9":"product_tag-music","10":"product_tag-opera","11":"product_tag-vienna-state-opera","12":"pa_buchautor-axel-zeininger-en","13":"pa_buchautor-clemens-hoeslinger-en","14":"pa_buchautor-dominique-meyer-en","15":"pa_buchautor-erich-seitter-en","16":"pa_buchautor-lois-lammerhuber-en","17":"pa_buchautor-oliver-lang-en","19":"first","20":"instock","21":"sale","22":"shipping-taxable","23":"purchasable","24":"product-type-simple"},"acf":[],"yoast_head":"<!-- This site is optimized with the Yoast SEO plugin v27.2 - https:\/\/yoast.com\/product\/yoast-seo-wordpress\/ -->\n<title>Bel Canto - Edition Lammerhuber<\/title>\n<meta name=\"robots\" content=\"index, follow, max-snippet:-1, max-image-preview:large, max-video-preview:-1\" \/>\n<link rel=\"canonical\" href=\"https:\/\/edition.lammerhuber.at\/en\/books\/bel-canto\" \/>\n<meta property=\"og:locale\" content=\"en_US\" \/>\n<meta property=\"og:type\" content=\"article\" \/>\n<meta property=\"og:title\" content=\"Bel Canto - Edition Lammerhuber\" \/>\n<meta property=\"og:description\" content=\"Bel Canto is an homage to the Vienna State Opera on its 150th anniversary. It presents the 150 most important and best known singers, the stars in the history of the \u201cHouse on the Ring\u201d\u2013 from Luciano Pavarotti to Anna Netrebko. Lois Lammerhuber, one of the best photographers of our time, devoted months to creating outstanding portraits of the artists. In his text, Dominique Meyer, Director of the Vienna State Opera, reflects on the significance of these stars for the world of opera.  A special edition of this book was offered as a souvenir to the gentlemen visitors of the Vienna Opera Ball 2019.  Dominique Meyer, Lois Lammerhuber, Clemens H\u00f6slinger, Andreas L\u00e1ng, Oliver L\u00e1ng, Erich Seitter, Michael P\u00f6hn, Axel Zeininger  24 \u00d7 32 cm, 240 pages, 153 photos English, German, French Hardcover ISBN 978-3-903101-63-0 February 2019\" \/>\n<meta property=\"og:url\" content=\"https:\/\/edition.lammerhuber.at\/en\/books\/bel-canto\" \/>\n<meta property=\"og:site_name\" content=\"Edition Lammerhuber\" \/>\n<meta property=\"article:modified_time\" content=\"2020-11-10T15:22:24+00:00\" \/>\n<meta property=\"og:image\" content=\"https:\/\/edition.lammerhuber.at\/app\/uploads\/2019\/02\/bel_canto_umschlag.png\" \/>\n\t<meta property=\"og:image:width\" content=\"310\" \/>\n\t<meta property=\"og:image:height\" content=\"414\" \/>\n\t<meta property=\"og:image:type\" content=\"image\/png\" \/>\n<meta name=\"twitter:card\" content=\"summary_large_image\" \/>\n<meta name=\"twitter:label1\" content=\"Est. reading time\" \/>\n\t<meta name=\"twitter:data1\" content=\"1 minute\" \/>\n<script type=\"application\/ld+json\" class=\"yoast-schema-graph\">{\"@context\":\"https:\/\/schema.org\",\"@graph\":[{\"@type\":\"WebPage\",\"@id\":\"https:\/\/edition.lammerhuber.at\/en\/books\/bel-canto\",\"url\":\"https:\/\/edition.lammerhuber.at\/en\/books\/bel-canto\",\"name\":\"Bel Canto - Edition Lammerhuber\",\"isPartOf\":{\"@id\":\"https:\/\/edition.lammerhuber.at\/en#website\"},\"primaryImageOfPage\":{\"@id\":\"https:\/\/edition.lammerhuber.at\/en\/books\/bel-canto#primaryimage\"},\"image\":{\"@id\":\"https:\/\/edition.lammerhuber.at\/en\/books\/bel-canto#primaryimage\"},\"thumbnailUrl\":\"https:\/\/edition.lammerhuber.at\/app\/uploads\/2019\/02\/bel_canto_umschlag.png\",\"datePublished\":\"2019-02-12T12:43:44+00:00\",\"dateModified\":\"2020-11-10T15:22:24+00:00\",\"breadcrumb\":{\"@id\":\"https:\/\/edition.lammerhuber.at\/en\/books\/bel-canto#breadcrumb\"},\"inLanguage\":\"en-US\",\"potentialAction\":[{\"@type\":\"ReadAction\",\"target\":[\"https:\/\/edition.lammerhuber.at\/en\/books\/bel-canto\"]}]},{\"@type\":\"ImageObject\",\"inLanguage\":\"en-US\",\"@id\":\"https:\/\/edition.lammerhuber.at\/en\/books\/bel-canto#primaryimage\",\"url\":\"https:\/\/edition.lammerhuber.at\/app\/uploads\/2019\/02\/bel_canto_umschlag.png\",\"contentUrl\":\"https:\/\/edition.lammerhuber.at\/app\/uploads\/2019\/02\/bel_canto_umschlag.png\",\"width\":310,\"height\":414},{\"@type\":\"BreadcrumbList\",\"@id\":\"https:\/\/edition.lammerhuber.at\/en\/books\/bel-canto#breadcrumb\",\"itemListElement\":[{\"@type\":\"ListItem\",\"position\":1,\"name\":\"Home\",\"item\":\"https:\/\/edition.lammerhuber.at\/en\"},{\"@type\":\"ListItem\",\"position\":2,\"name\":\"Bel Canto\"}]},{\"@type\":\"WebSite\",\"@id\":\"https:\/\/edition.lammerhuber.at\/en#website\",\"url\":\"https:\/\/edition.lammerhuber.at\/en\",\"name\":\"Edition Lammerhuber\",\"description\":\"Verlag f\u00fcr Fotografie, Kunst, Natur &amp; Wissenschaft\",\"publisher\":{\"@id\":\"https:\/\/edition.lammerhuber.at\/en#organization\"},\"potentialAction\":[{\"@type\":\"SearchAction\",\"target\":{\"@type\":\"EntryPoint\",\"urlTemplate\":\"https:\/\/edition.lammerhuber.at\/en?s={search_term_string}\"},\"query-input\":{\"@type\":\"PropertyValueSpecification\",\"valueRequired\":true,\"valueName\":\"search_term_string\"}}],\"inLanguage\":\"en-US\"},{\"@type\":\"Organization\",\"@id\":\"https:\/\/edition.lammerhuber.at\/en#organization\",\"name\":\"Edition Lammerhuber\",\"url\":\"https:\/\/edition.lammerhuber.at\/en\",\"logo\":{\"@type\":\"ImageObject\",\"inLanguage\":\"en-US\",\"@id\":\"https:\/\/edition.lammerhuber.at\/en#\/schema\/logo\/image\/\",\"url\":\"\",\"contentUrl\":\"\",\"caption\":\"Edition Lammerhuber\"},\"image\":{\"@id\":\"https:\/\/edition.lammerhuber.at\/en#\/schema\/logo\/image\/\"}}]}<\/script>\n<!-- \/ Yoast SEO plugin. -->","yoast_head_json":{"title":"Bel Canto - Edition Lammerhuber","robots":{"index":"index","follow":"follow","max-snippet":"max-snippet:-1","max-image-preview":"max-image-preview:large","max-video-preview":"max-video-preview:-1"},"canonical":"https:\/\/edition.lammerhuber.at\/en\/books\/bel-canto","og_locale":"en_US","og_type":"article","og_title":"Bel Canto - Edition Lammerhuber","og_description":"Bel Canto is an homage to the Vienna State Opera on its 150th anniversary. It presents the 150 most important and best known singers, the stars in the history of the \u201cHouse on the Ring\u201d\u2013 from Luciano Pavarotti to Anna Netrebko. Lois Lammerhuber, one of the best photographers of our time, devoted months to creating outstanding portraits of the artists. In his text, Dominique Meyer, Director of the Vienna State Opera, reflects on the significance of these stars for the world of opera.  A special edition of this book was offered as a souvenir to the gentlemen visitors of the Vienna Opera Ball 2019.  Dominique Meyer, Lois Lammerhuber, Clemens H\u00f6slinger, Andreas L\u00e1ng, Oliver L\u00e1ng, Erich Seitter, Michael P\u00f6hn, Axel Zeininger  24 \u00d7 32 cm, 240 pages, 153 photos English, German, French Hardcover ISBN 978-3-903101-63-0 February 2019","og_url":"https:\/\/edition.lammerhuber.at\/en\/books\/bel-canto","og_site_name":"Edition Lammerhuber","article_modified_time":"2020-11-10T15:22:24+00:00","og_image":[{"width":310,"height":414,"url":"https:\/\/edition.lammerhuber.at\/app\/uploads\/2019\/02\/bel_canto_umschlag.png","type":"image\/png"}],"twitter_card":"summary_large_image","twitter_misc":{"Est. reading time":"1 minute"},"schema":{"@context":"https:\/\/schema.org","@graph":[{"@type":"WebPage","@id":"https:\/\/edition.lammerhuber.at\/en\/books\/bel-canto","url":"https:\/\/edition.lammerhuber.at\/en\/books\/bel-canto","name":"Bel Canto - Edition Lammerhuber","isPartOf":{"@id":"https:\/\/edition.lammerhuber.at\/en#website"},"primaryImageOfPage":{"@id":"https:\/\/edition.lammerhuber.at\/en\/books\/bel-canto#primaryimage"},"image":{"@id":"https:\/\/edition.lammerhuber.at\/en\/books\/bel-canto#primaryimage"},"thumbnailUrl":"https:\/\/edition.lammerhuber.at\/app\/uploads\/2019\/02\/bel_canto_umschlag.png","datePublished":"2019-02-12T12:43:44+00:00","dateModified":"2020-11-10T15:22:24+00:00","breadcrumb":{"@id":"https:\/\/edition.lammerhuber.at\/en\/books\/bel-canto#breadcrumb"},"inLanguage":"en-US","potentialAction":[{"@type":"ReadAction","target":["https:\/\/edition.lammerhuber.at\/en\/books\/bel-canto"]}]},{"@type":"ImageObject","inLanguage":"en-US","@id":"https:\/\/edition.lammerhuber.at\/en\/books\/bel-canto#primaryimage","url":"https:\/\/edition.lammerhuber.at\/app\/uploads\/2019\/02\/bel_canto_umschlag.png","contentUrl":"https:\/\/edition.lammerhuber.at\/app\/uploads\/2019\/02\/bel_canto_umschlag.png","width":310,"height":414},{"@type":"BreadcrumbList","@id":"https:\/\/edition.lammerhuber.at\/en\/books\/bel-canto#breadcrumb","itemListElement":[{"@type":"ListItem","position":1,"name":"Home","item":"https:\/\/edition.lammerhuber.at\/en"},{"@type":"ListItem","position":2,"name":"Bel Canto"}]},{"@type":"WebSite","@id":"https:\/\/edition.lammerhuber.at\/en#website","url":"https:\/\/edition.lammerhuber.at\/en","name":"Edition Lammerhuber","description":"Verlag f\u00fcr Fotografie, Kunst, Natur &amp; Wissenschaft","publisher":{"@id":"https:\/\/edition.lammerhuber.at\/en#organization"},"potentialAction":[{"@type":"SearchAction","target":{"@type":"EntryPoint","urlTemplate":"https:\/\/edition.lammerhuber.at\/en?s={search_term_string}"},"query-input":{"@type":"PropertyValueSpecification","valueRequired":true,"valueName":"search_term_string"}}],"inLanguage":"en-US"},{"@type":"Organization","@id":"https:\/\/edition.lammerhuber.at\/en#organization","name":"Edition Lammerhuber","url":"https:\/\/edition.lammerhuber.at\/en","logo":{"@type":"ImageObject","inLanguage":"en-US","@id":"https:\/\/edition.lammerhuber.at\/en#\/schema\/logo\/image\/","url":"","contentUrl":"","caption":"Edition Lammerhuber"},"image":{"@id":"https:\/\/edition.lammerhuber.at\/en#\/schema\/logo\/image\/"}}]}},"_links":{"self":[{"href":"https:\/\/edition.lammerhuber.at\/en\/wp-json\/wp\/v2\/product\/3179","targetHints":{"allow":["GET"]}}],"collection":[{"href":"https:\/\/edition.lammerhuber.at\/en\/wp-json\/wp\/v2\/product"}],"about":[{"href":"https:\/\/edition.lammerhuber.at\/en\/wp-json\/wp\/v2\/types\/product"}],"wp:featuredmedia":[{"embeddable":true,"href":"https:\/\/edition.lammerhuber.at\/en\/wp-json\/wp\/v2\/media\/3156"}],"wp:attachment":[{"href":"https:\/\/edition.lammerhuber.at\/en\/wp-json\/wp\/v2\/media?parent=3179"}],"wp:term":[{"taxonomy":"product_brand","embeddable":true,"href":"https:\/\/edition.lammerhuber.at\/en\/wp-json\/wp\/v2\/product_brand?post=3179"},{"taxonomy":"product_cat","embeddable":true,"href":"https:\/\/edition.lammerhuber.at\/en\/wp-json\/wp\/v2\/product_cat?post=3179"},{"taxonomy":"product_tag","embeddable":true,"href":"https:\/\/edition.lammerhuber.at\/en\/wp-json\/wp\/v2\/product_tag?post=3179"}],"curies":[{"name":"wp","href":"https:\/\/api.w.org\/{rel}","templated":true}]}}