{"id":3152,"date":"2018-02-22T20:14:57","date_gmt":"2018-02-22T19:14:57","guid":{"rendered":"https:\/\/edition2.lammerhuber.at\/shop\/repertoire"},"modified":"2020-11-30T16:20:01","modified_gmt":"2020-11-30T15:20:01","slug":"repertoire","status":"publish","type":"product","link":"https:\/\/edition.lammerhuber.at\/en\/books\/repertoire","title":{"rendered":"Repertoire"},"content":{"rendered":"<p>Repertory is a collection of works or existing productions which are part of the programme of a (music) theatre and can be fallen back on at any time. Depending on the policy of the management and the technical and artistic capabilities of the theatre a repertory theatre offers a succession and combination of different productions within a season without having to release them every time as new premi\u00e8res. This results in a mixture of older and newer productions which are kept at the best possible level thanks to regular rehearsals.<\/p>\n<p>The Wiener Staatsoper cultivates the largest repertory in the world: Every year, the programme includes some 60 operas and ballets. It is the only opera house which is able to offer such exemplary quality and diverse variety of works and styles: from baroque opera to contemporary music theatre, from Wagner to Verdi, from Mozart to Strauss, from classical productions to progressive perspectives. Thus a season of the House on the Ring is always a sort of journey through the history of music, performed by the best artists in the world: from Anna Netrebko to El\u012bna Garan\u010da, and from Jonas Kaufmann to Pl\u00e1cido Domingo. They are accompanied by the most renowned opera orchestra of the world \u2013 the orchestra of the Wiener Staatsoper directed by legendary conductors such as Christian Thielemann or Semjon Bytschkow.<\/p>\n<p>From 1968 to date: As the productions of the Wiener Staatsoper are usually staged over a longer period of time, there is a mixture of older and more recent productions which are kept at the best possible level thanks to regular rehearsals. As a result, the opera-goers have the opportunity to experience styles of different eras and directors, sometimes even in quick succession.<\/p>\n","protected":false},"excerpt":{"rendered":"<p>The Wiener Staatsoper cultivates the largest repertory in the world: Every year, the programme includes some 60 operas and ballets. Thus a season of the House on the Ring is always a sort of journey through the history of music, performed by the best artists in the world: from Anna Netrebko to El\u012bna Garan\u010da, and from Jonas Kaufmann to Pl\u00e1cido Domingo.<\/p>\n<p><em>A special edition of this book is offered as a souvenir to the gentlemen visitors of the Vienna Opera Ball 2018.<\/em><\/p>\n<p>Dominique Meyer<br \/>\nAndreas L\u00e1ng<br \/>\nOliver L\u00e1ng<br \/>\nLois Lammerhuber<br \/>\nMichael P\u00f6hn<\/p>\n<p>24 \u00d7 32 cm<br \/>\n288 pages<br \/>\n152 photos<br \/>\nEnglish, German, French<br \/>\nHardcover<br \/>\nISBN 978-3-903101-51-7<br \/>\nFebruary 2018<\/p>\n","protected":false},"featured_media":3123,"template":"","meta":{"_acf_changed":false},"product_brand":[],"product_cat":[35],"product_tag":[],"class_list":{"0":"post-3152","1":"product","2":"type-product","3":"status-publish","4":"has-post-thumbnail","6":"product_cat-corporate-books-en","7":"pa_buchautor-andreas-lang-en","8":"pa_buchautor-dominique-meyer-en","9":"pa_buchautor-lois-lammerhuber-en","10":"pa_buchautor-oliver-lang-en","12":"first","13":"outofstock","14":"shipping-taxable","15":"purchasable","16":"product-type-simple"},"acf":[],"yoast_head":"<!-- This site is optimized with the Yoast SEO plugin v27.2 - https:\/\/yoast.com\/product\/yoast-seo-wordpress\/ -->\n<title>Repertoire - Edition Lammerhuber<\/title>\n<meta name=\"robots\" content=\"index, follow, max-snippet:-1, max-image-preview:large, max-video-preview:-1\" \/>\n<link rel=\"canonical\" href=\"https:\/\/edition.lammerhuber.at\/en\/books\/repertoire\" \/>\n<meta property=\"og:locale\" content=\"en_US\" \/>\n<meta property=\"og:type\" content=\"article\" \/>\n<meta property=\"og:title\" content=\"Repertoire - Edition Lammerhuber\" \/>\n<meta property=\"og:description\" content=\"The Wiener Staatsoper cultivates the largest repertory in the world: Every year, the programme includes some 60 operas and ballets. Thus a season of the House on the Ring is always a sort of journey through the history of music, performed by the best artists in the world: from Anna Netrebko to El\u012bna Garan\u010da, and from Jonas Kaufmann to Pl\u00e1cido Domingo.  A special edition of this book is offered as a souvenir to the gentlemen visitors of the Vienna Opera Ball 2018.  Dominique Meyer Andreas L\u00e1ng Oliver L\u00e1ng Lois Lammerhuber Michael P\u00f6hn  24 \u00d7 32 cm 288 pages 152 photos English, German, French Hardcover ISBN 978-3-903101-51-7 February 2018\" \/>\n<meta property=\"og:url\" content=\"https:\/\/edition.lammerhuber.at\/en\/books\/repertoire\" \/>\n<meta property=\"og:site_name\" content=\"Edition Lammerhuber\" \/>\n<meta property=\"article:modified_time\" content=\"2020-11-30T15:20:01+00:00\" \/>\n<meta property=\"og:image\" content=\"https:\/\/edition.lammerhuber.at\/app\/uploads\/2020\/07\/repertoire_hardcover.png\" \/>\n\t<meta property=\"og:image:width\" content=\"308\" \/>\n\t<meta property=\"og:image:height\" content=\"411\" \/>\n\t<meta property=\"og:image:type\" content=\"image\/png\" \/>\n<meta name=\"twitter:card\" content=\"summary_large_image\" \/>\n<meta name=\"twitter:label1\" content=\"Est. reading time\" \/>\n\t<meta name=\"twitter:data1\" content=\"1 minute\" \/>\n<script type=\"application\/ld+json\" class=\"yoast-schema-graph\">{\"@context\":\"https:\/\/schema.org\",\"@graph\":[{\"@type\":\"WebPage\",\"@id\":\"https:\/\/edition.lammerhuber.at\/en\/books\/repertoire\",\"url\":\"https:\/\/edition.lammerhuber.at\/en\/books\/repertoire\",\"name\":\"Repertoire - Edition Lammerhuber\",\"isPartOf\":{\"@id\":\"https:\/\/edition.lammerhuber.at\/en#website\"},\"primaryImageOfPage\":{\"@id\":\"https:\/\/edition.lammerhuber.at\/en\/books\/repertoire#primaryimage\"},\"image\":{\"@id\":\"https:\/\/edition.lammerhuber.at\/en\/books\/repertoire#primaryimage\"},\"thumbnailUrl\":\"https:\/\/edition.lammerhuber.at\/app\/uploads\/2020\/07\/repertoire_hardcover.png\",\"datePublished\":\"2018-02-22T19:14:57+00:00\",\"dateModified\":\"2020-11-30T15:20:01+00:00\",\"breadcrumb\":{\"@id\":\"https:\/\/edition.lammerhuber.at\/en\/books\/repertoire#breadcrumb\"},\"inLanguage\":\"en-US\",\"potentialAction\":[{\"@type\":\"ReadAction\",\"target\":[\"https:\/\/edition.lammerhuber.at\/en\/books\/repertoire\"]}]},{\"@type\":\"ImageObject\",\"inLanguage\":\"en-US\",\"@id\":\"https:\/\/edition.lammerhuber.at\/en\/books\/repertoire#primaryimage\",\"url\":\"https:\/\/edition.lammerhuber.at\/app\/uploads\/2020\/07\/repertoire_hardcover.png\",\"contentUrl\":\"https:\/\/edition.lammerhuber.at\/app\/uploads\/2020\/07\/repertoire_hardcover.png\",\"width\":308,\"height\":411},{\"@type\":\"BreadcrumbList\",\"@id\":\"https:\/\/edition.lammerhuber.at\/en\/books\/repertoire#breadcrumb\",\"itemListElement\":[{\"@type\":\"ListItem\",\"position\":1,\"name\":\"Home\",\"item\":\"https:\/\/edition.lammerhuber.at\/en\"},{\"@type\":\"ListItem\",\"position\":2,\"name\":\"Repertoire\"}]},{\"@type\":\"WebSite\",\"@id\":\"https:\/\/edition.lammerhuber.at\/en#website\",\"url\":\"https:\/\/edition.lammerhuber.at\/en\",\"name\":\"Edition Lammerhuber\",\"description\":\"Verlag f\u00fcr Fotografie, Kunst, Natur &amp; Wissenschaft\",\"publisher\":{\"@id\":\"https:\/\/edition.lammerhuber.at\/en#organization\"},\"potentialAction\":[{\"@type\":\"SearchAction\",\"target\":{\"@type\":\"EntryPoint\",\"urlTemplate\":\"https:\/\/edition.lammerhuber.at\/en?s={search_term_string}\"},\"query-input\":{\"@type\":\"PropertyValueSpecification\",\"valueRequired\":true,\"valueName\":\"search_term_string\"}}],\"inLanguage\":\"en-US\"},{\"@type\":\"Organization\",\"@id\":\"https:\/\/edition.lammerhuber.at\/en#organization\",\"name\":\"Edition Lammerhuber\",\"url\":\"https:\/\/edition.lammerhuber.at\/en\",\"logo\":{\"@type\":\"ImageObject\",\"inLanguage\":\"en-US\",\"@id\":\"https:\/\/edition.lammerhuber.at\/en#\/schema\/logo\/image\/\",\"url\":\"\",\"contentUrl\":\"\",\"caption\":\"Edition Lammerhuber\"},\"image\":{\"@id\":\"https:\/\/edition.lammerhuber.at\/en#\/schema\/logo\/image\/\"}}]}<\/script>\n<!-- \/ Yoast SEO plugin. -->","yoast_head_json":{"title":"Repertoire - Edition Lammerhuber","robots":{"index":"index","follow":"follow","max-snippet":"max-snippet:-1","max-image-preview":"max-image-preview:large","max-video-preview":"max-video-preview:-1"},"canonical":"https:\/\/edition.lammerhuber.at\/en\/books\/repertoire","og_locale":"en_US","og_type":"article","og_title":"Repertoire - Edition Lammerhuber","og_description":"The Wiener Staatsoper cultivates the largest repertory in the world: Every year, the programme includes some 60 operas and ballets. Thus a season of the House on the Ring is always a sort of journey through the history of music, performed by the best artists in the world: from Anna Netrebko to El\u012bna Garan\u010da, and from Jonas Kaufmann to Pl\u00e1cido Domingo.  A special edition of this book is offered as a souvenir to the gentlemen visitors of the Vienna Opera Ball 2018.  Dominique Meyer Andreas L\u00e1ng Oliver L\u00e1ng Lois Lammerhuber Michael P\u00f6hn  24 \u00d7 32 cm 288 pages 152 photos English, German, French Hardcover ISBN 978-3-903101-51-7 February 2018","og_url":"https:\/\/edition.lammerhuber.at\/en\/books\/repertoire","og_site_name":"Edition Lammerhuber","article_modified_time":"2020-11-30T15:20:01+00:00","og_image":[{"width":308,"height":411,"url":"https:\/\/edition.lammerhuber.at\/app\/uploads\/2020\/07\/repertoire_hardcover.png","type":"image\/png"}],"twitter_card":"summary_large_image","twitter_misc":{"Est. reading time":"1 minute"},"schema":{"@context":"https:\/\/schema.org","@graph":[{"@type":"WebPage","@id":"https:\/\/edition.lammerhuber.at\/en\/books\/repertoire","url":"https:\/\/edition.lammerhuber.at\/en\/books\/repertoire","name":"Repertoire - Edition Lammerhuber","isPartOf":{"@id":"https:\/\/edition.lammerhuber.at\/en#website"},"primaryImageOfPage":{"@id":"https:\/\/edition.lammerhuber.at\/en\/books\/repertoire#primaryimage"},"image":{"@id":"https:\/\/edition.lammerhuber.at\/en\/books\/repertoire#primaryimage"},"thumbnailUrl":"https:\/\/edition.lammerhuber.at\/app\/uploads\/2020\/07\/repertoire_hardcover.png","datePublished":"2018-02-22T19:14:57+00:00","dateModified":"2020-11-30T15:20:01+00:00","breadcrumb":{"@id":"https:\/\/edition.lammerhuber.at\/en\/books\/repertoire#breadcrumb"},"inLanguage":"en-US","potentialAction":[{"@type":"ReadAction","target":["https:\/\/edition.lammerhuber.at\/en\/books\/repertoire"]}]},{"@type":"ImageObject","inLanguage":"en-US","@id":"https:\/\/edition.lammerhuber.at\/en\/books\/repertoire#primaryimage","url":"https:\/\/edition.lammerhuber.at\/app\/uploads\/2020\/07\/repertoire_hardcover.png","contentUrl":"https:\/\/edition.lammerhuber.at\/app\/uploads\/2020\/07\/repertoire_hardcover.png","width":308,"height":411},{"@type":"BreadcrumbList","@id":"https:\/\/edition.lammerhuber.at\/en\/books\/repertoire#breadcrumb","itemListElement":[{"@type":"ListItem","position":1,"name":"Home","item":"https:\/\/edition.lammerhuber.at\/en"},{"@type":"ListItem","position":2,"name":"Repertoire"}]},{"@type":"WebSite","@id":"https:\/\/edition.lammerhuber.at\/en#website","url":"https:\/\/edition.lammerhuber.at\/en","name":"Edition Lammerhuber","description":"Verlag f\u00fcr Fotografie, Kunst, Natur &amp; Wissenschaft","publisher":{"@id":"https:\/\/edition.lammerhuber.at\/en#organization"},"potentialAction":[{"@type":"SearchAction","target":{"@type":"EntryPoint","urlTemplate":"https:\/\/edition.lammerhuber.at\/en?s={search_term_string}"},"query-input":{"@type":"PropertyValueSpecification","valueRequired":true,"valueName":"search_term_string"}}],"inLanguage":"en-US"},{"@type":"Organization","@id":"https:\/\/edition.lammerhuber.at\/en#organization","name":"Edition Lammerhuber","url":"https:\/\/edition.lammerhuber.at\/en","logo":{"@type":"ImageObject","inLanguage":"en-US","@id":"https:\/\/edition.lammerhuber.at\/en#\/schema\/logo\/image\/","url":"","contentUrl":"","caption":"Edition Lammerhuber"},"image":{"@id":"https:\/\/edition.lammerhuber.at\/en#\/schema\/logo\/image\/"}}]}},"_links":{"self":[{"href":"https:\/\/edition.lammerhuber.at\/en\/wp-json\/wp\/v2\/product\/3152","targetHints":{"allow":["GET"]}}],"collection":[{"href":"https:\/\/edition.lammerhuber.at\/en\/wp-json\/wp\/v2\/product"}],"about":[{"href":"https:\/\/edition.lammerhuber.at\/en\/wp-json\/wp\/v2\/types\/product"}],"wp:featuredmedia":[{"embeddable":true,"href":"https:\/\/edition.lammerhuber.at\/en\/wp-json\/wp\/v2\/media\/3123"}],"wp:attachment":[{"href":"https:\/\/edition.lammerhuber.at\/en\/wp-json\/wp\/v2\/media?parent=3152"}],"wp:term":[{"taxonomy":"product_brand","embeddable":true,"href":"https:\/\/edition.lammerhuber.at\/en\/wp-json\/wp\/v2\/product_brand?post=3152"},{"taxonomy":"product_cat","embeddable":true,"href":"https:\/\/edition.lammerhuber.at\/en\/wp-json\/wp\/v2\/product_cat?post=3152"},{"taxonomy":"product_tag","embeddable":true,"href":"https:\/\/edition.lammerhuber.at\/en\/wp-json\/wp\/v2\/product_tag?post=3152"}],"curies":[{"name":"wp","href":"https:\/\/api.w.org\/{rel}","templated":true}]}}