{"id":3003,"date":"2014-02-12T13:43:46","date_gmt":"2014-02-12T12:43:46","guid":{"rendered":"https:\/\/edition2.lammerhuber.at\/shop\/on-stage-wiener-staatsoper"},"modified":"2020-11-10T17:02:16","modified_gmt":"2020-11-10T16:02:16","slug":"on-stage-wiener-staatsoper","status":"publish","type":"product","link":"https:\/\/edition.lammerhuber.at\/en\/books\/on-stage-wiener-staatsoper","title":{"rendered":"On Stage"},"content":{"rendered":"<p><strong><em>On Stage<\/em><\/strong> shows everything what must be done before the curtain can be lifted and the prepared decorations of an opera house can be seen on stage so that the performance can start. The word \u201estage machinery\u201c describes only very inadequately the interaction of hundreds of people in highly skilled occupations, which you can learn only partially or not at all &#8211; unless you practice them: the flies, sinking, props, &#8230; <em>On Stage<\/em> offers not only a glimpse behind the stage but also to mysterious places on, under and next to the stage, a preparatory drama that is as dramatic as the play itself.<\/p>\n<p>After <em>Metamorphoses, Creation, Celebration, Close-up, Passion, Emotion<\/em> and <em>Glamour<\/em>, <em>On Stage<\/em> is the 8th volume in an encyclopaedic series about the Wiener Staatsoper, conceived to grow by one volume per year until 2019, when the opera house celebrates its 150th anniversary.<\/p>\n","protected":false},"excerpt":{"rendered":"<p>Gigantic stage technology and pure opera magic! Fascinating glimpses of the mysterious places behind, below and beside the stage.<\/p>\n<p><em>A special edition of this book was offered as a souvenir to the gentlemen visitors of the Vienna Opera Ball 2014.<\/em><\/p>\n<p><strong>Peter Kozak, Andreas L\u00e1ng, <\/strong><br \/>\n<strong>Oliver L\u00e1ng, Dominique Meyer<\/strong><br \/>\n<strong>Lois Lammerhuber<\/strong><\/p>\n<p>24 \u00d7 32 cm<br \/>\n328 pages<br \/>\n340 images<br \/>\nGerman, English, French<br \/>\nHardcover<br \/>\nISBN 978-3-901753-68-8<br \/>\nFebruary 2014<\/p>\n","protected":false},"featured_media":2931,"template":"","meta":{"_acf_changed":false},"product_brand":[],"product_cat":[37,35,36],"product_tag":[455,456,571,461,459],"class_list":{"0":"post-3003","1":"product","2":"type-product","3":"status-publish","4":"has-post-thumbnail","6":"product_cat-art","7":"product_cat-corporate-books-en","8":"product_cat-photography","9":"product_tag-music","10":"product_tag-opera","11":"product_tag-tech","12":"product_tag-vienna","13":"product_tag-vienna-state-opera","14":"pa_buchautor-andreas-lang-en","15":"pa_buchautor-dominique-meyer-en","16":"pa_buchautor-lois-lammerhuber-en","17":"pa_buchautor-oliver-lang-en","18":"pa_buchautor-peter-kozak-en","20":"first","21":"instock","22":"shipping-taxable","23":"purchasable","24":"product-type-simple"},"acf":[],"yoast_head":"<!-- This site is optimized with the Yoast SEO plugin v27.2 - https:\/\/yoast.com\/product\/yoast-seo-wordpress\/ -->\n<title>On Stage - Edition Lammerhuber<\/title>\n<meta name=\"robots\" content=\"index, follow, max-snippet:-1, max-image-preview:large, max-video-preview:-1\" \/>\n<link rel=\"canonical\" href=\"https:\/\/edition.lammerhuber.at\/en\/books\/on-stage-wiener-staatsoper\" \/>\n<meta property=\"og:locale\" content=\"en_US\" \/>\n<meta property=\"og:type\" content=\"article\" \/>\n<meta property=\"og:title\" content=\"On Stage - Edition Lammerhuber\" \/>\n<meta property=\"og:description\" content=\"Gigantic stage technology and pure opera magic! Fascinating glimpses of the mysterious places behind, below and beside the stage.  A special edition of this book was offered as a souvenir to the gentlemen visitors of the Vienna Opera Ball 2014.  Peter Kozak, Andreas L\u00e1ng,  Oliver L\u00e1ng, Dominique Meyer Lois Lammerhuber  24 \u00d7 32 cm 328 pages 340 images German, English, French Hardcover ISBN 978-3-901753-68-8 February 2014\" \/>\n<meta property=\"og:url\" content=\"https:\/\/edition.lammerhuber.at\/en\/books\/on-stage-wiener-staatsoper\" \/>\n<meta property=\"og:site_name\" content=\"Edition Lammerhuber\" \/>\n<meta property=\"article:modified_time\" content=\"2020-11-10T16:02:16+00:00\" \/>\n<meta property=\"og:image\" content=\"https:\/\/edition.lammerhuber.at\/app\/uploads\/2020\/03\/on_stage_cover.png\" \/>\n\t<meta property=\"og:image:width\" content=\"310\" \/>\n\t<meta property=\"og:image:height\" content=\"414\" \/>\n\t<meta property=\"og:image:type\" content=\"image\/png\" \/>\n<meta name=\"twitter:card\" content=\"summary_large_image\" \/>\n<meta name=\"twitter:label1\" content=\"Est. reading time\" \/>\n\t<meta name=\"twitter:data1\" content=\"1 minute\" \/>\n<script type=\"application\/ld+json\" class=\"yoast-schema-graph\">{\"@context\":\"https:\/\/schema.org\",\"@graph\":[{\"@type\":\"WebPage\",\"@id\":\"https:\/\/edition.lammerhuber.at\/en\/books\/on-stage-wiener-staatsoper\",\"url\":\"https:\/\/edition.lammerhuber.at\/en\/books\/on-stage-wiener-staatsoper\",\"name\":\"On Stage - Edition Lammerhuber\",\"isPartOf\":{\"@id\":\"https:\/\/edition.lammerhuber.at\/en#website\"},\"primaryImageOfPage\":{\"@id\":\"https:\/\/edition.lammerhuber.at\/en\/books\/on-stage-wiener-staatsoper#primaryimage\"},\"image\":{\"@id\":\"https:\/\/edition.lammerhuber.at\/en\/books\/on-stage-wiener-staatsoper#primaryimage\"},\"thumbnailUrl\":\"https:\/\/edition.lammerhuber.at\/app\/uploads\/2020\/03\/on_stage_cover.png\",\"datePublished\":\"2014-02-12T12:43:46+00:00\",\"dateModified\":\"2020-11-10T16:02:16+00:00\",\"breadcrumb\":{\"@id\":\"https:\/\/edition.lammerhuber.at\/en\/books\/on-stage-wiener-staatsoper#breadcrumb\"},\"inLanguage\":\"en-US\",\"potentialAction\":[{\"@type\":\"ReadAction\",\"target\":[\"https:\/\/edition.lammerhuber.at\/en\/books\/on-stage-wiener-staatsoper\"]}]},{\"@type\":\"ImageObject\",\"inLanguage\":\"en-US\",\"@id\":\"https:\/\/edition.lammerhuber.at\/en\/books\/on-stage-wiener-staatsoper#primaryimage\",\"url\":\"https:\/\/edition.lammerhuber.at\/app\/uploads\/2020\/03\/on_stage_cover.png\",\"contentUrl\":\"https:\/\/edition.lammerhuber.at\/app\/uploads\/2020\/03\/on_stage_cover.png\",\"width\":310,\"height\":414},{\"@type\":\"BreadcrumbList\",\"@id\":\"https:\/\/edition.lammerhuber.at\/en\/books\/on-stage-wiener-staatsoper#breadcrumb\",\"itemListElement\":[{\"@type\":\"ListItem\",\"position\":1,\"name\":\"Home\",\"item\":\"https:\/\/edition.lammerhuber.at\/en\"},{\"@type\":\"ListItem\",\"position\":2,\"name\":\"On Stage\"}]},{\"@type\":\"WebSite\",\"@id\":\"https:\/\/edition.lammerhuber.at\/en#website\",\"url\":\"https:\/\/edition.lammerhuber.at\/en\",\"name\":\"Edition Lammerhuber\",\"description\":\"Verlag f\u00fcr Fotografie, Kunst, Natur &amp; Wissenschaft\",\"publisher\":{\"@id\":\"https:\/\/edition.lammerhuber.at\/en#organization\"},\"potentialAction\":[{\"@type\":\"SearchAction\",\"target\":{\"@type\":\"EntryPoint\",\"urlTemplate\":\"https:\/\/edition.lammerhuber.at\/en?s={search_term_string}\"},\"query-input\":{\"@type\":\"PropertyValueSpecification\",\"valueRequired\":true,\"valueName\":\"search_term_string\"}}],\"inLanguage\":\"en-US\"},{\"@type\":\"Organization\",\"@id\":\"https:\/\/edition.lammerhuber.at\/en#organization\",\"name\":\"Edition Lammerhuber\",\"url\":\"https:\/\/edition.lammerhuber.at\/en\",\"logo\":{\"@type\":\"ImageObject\",\"inLanguage\":\"en-US\",\"@id\":\"https:\/\/edition.lammerhuber.at\/en#\/schema\/logo\/image\/\",\"url\":\"\",\"contentUrl\":\"\",\"caption\":\"Edition Lammerhuber\"},\"image\":{\"@id\":\"https:\/\/edition.lammerhuber.at\/en#\/schema\/logo\/image\/\"}}]}<\/script>\n<!-- \/ Yoast SEO plugin. -->","yoast_head_json":{"title":"On Stage - Edition Lammerhuber","robots":{"index":"index","follow":"follow","max-snippet":"max-snippet:-1","max-image-preview":"max-image-preview:large","max-video-preview":"max-video-preview:-1"},"canonical":"https:\/\/edition.lammerhuber.at\/en\/books\/on-stage-wiener-staatsoper","og_locale":"en_US","og_type":"article","og_title":"On Stage - Edition Lammerhuber","og_description":"Gigantic stage technology and pure opera magic! Fascinating glimpses of the mysterious places behind, below and beside the stage.  A special edition of this book was offered as a souvenir to the gentlemen visitors of the Vienna Opera Ball 2014.  Peter Kozak, Andreas L\u00e1ng,  Oliver L\u00e1ng, Dominique Meyer Lois Lammerhuber  24 \u00d7 32 cm 328 pages 340 images German, English, French Hardcover ISBN 978-3-901753-68-8 February 2014","og_url":"https:\/\/edition.lammerhuber.at\/en\/books\/on-stage-wiener-staatsoper","og_site_name":"Edition Lammerhuber","article_modified_time":"2020-11-10T16:02:16+00:00","og_image":[{"width":310,"height":414,"url":"https:\/\/edition.lammerhuber.at\/app\/uploads\/2020\/03\/on_stage_cover.png","type":"image\/png"}],"twitter_card":"summary_large_image","twitter_misc":{"Est. reading time":"1 minute"},"schema":{"@context":"https:\/\/schema.org","@graph":[{"@type":"WebPage","@id":"https:\/\/edition.lammerhuber.at\/en\/books\/on-stage-wiener-staatsoper","url":"https:\/\/edition.lammerhuber.at\/en\/books\/on-stage-wiener-staatsoper","name":"On Stage - Edition Lammerhuber","isPartOf":{"@id":"https:\/\/edition.lammerhuber.at\/en#website"},"primaryImageOfPage":{"@id":"https:\/\/edition.lammerhuber.at\/en\/books\/on-stage-wiener-staatsoper#primaryimage"},"image":{"@id":"https:\/\/edition.lammerhuber.at\/en\/books\/on-stage-wiener-staatsoper#primaryimage"},"thumbnailUrl":"https:\/\/edition.lammerhuber.at\/app\/uploads\/2020\/03\/on_stage_cover.png","datePublished":"2014-02-12T12:43:46+00:00","dateModified":"2020-11-10T16:02:16+00:00","breadcrumb":{"@id":"https:\/\/edition.lammerhuber.at\/en\/books\/on-stage-wiener-staatsoper#breadcrumb"},"inLanguage":"en-US","potentialAction":[{"@type":"ReadAction","target":["https:\/\/edition.lammerhuber.at\/en\/books\/on-stage-wiener-staatsoper"]}]},{"@type":"ImageObject","inLanguage":"en-US","@id":"https:\/\/edition.lammerhuber.at\/en\/books\/on-stage-wiener-staatsoper#primaryimage","url":"https:\/\/edition.lammerhuber.at\/app\/uploads\/2020\/03\/on_stage_cover.png","contentUrl":"https:\/\/edition.lammerhuber.at\/app\/uploads\/2020\/03\/on_stage_cover.png","width":310,"height":414},{"@type":"BreadcrumbList","@id":"https:\/\/edition.lammerhuber.at\/en\/books\/on-stage-wiener-staatsoper#breadcrumb","itemListElement":[{"@type":"ListItem","position":1,"name":"Home","item":"https:\/\/edition.lammerhuber.at\/en"},{"@type":"ListItem","position":2,"name":"On Stage"}]},{"@type":"WebSite","@id":"https:\/\/edition.lammerhuber.at\/en#website","url":"https:\/\/edition.lammerhuber.at\/en","name":"Edition Lammerhuber","description":"Verlag f\u00fcr Fotografie, Kunst, Natur &amp; Wissenschaft","publisher":{"@id":"https:\/\/edition.lammerhuber.at\/en#organization"},"potentialAction":[{"@type":"SearchAction","target":{"@type":"EntryPoint","urlTemplate":"https:\/\/edition.lammerhuber.at\/en?s={search_term_string}"},"query-input":{"@type":"PropertyValueSpecification","valueRequired":true,"valueName":"search_term_string"}}],"inLanguage":"en-US"},{"@type":"Organization","@id":"https:\/\/edition.lammerhuber.at\/en#organization","name":"Edition Lammerhuber","url":"https:\/\/edition.lammerhuber.at\/en","logo":{"@type":"ImageObject","inLanguage":"en-US","@id":"https:\/\/edition.lammerhuber.at\/en#\/schema\/logo\/image\/","url":"","contentUrl":"","caption":"Edition Lammerhuber"},"image":{"@id":"https:\/\/edition.lammerhuber.at\/en#\/schema\/logo\/image\/"}}]}},"_links":{"self":[{"href":"https:\/\/edition.lammerhuber.at\/en\/wp-json\/wp\/v2\/product\/3003","targetHints":{"allow":["GET"]}}],"collection":[{"href":"https:\/\/edition.lammerhuber.at\/en\/wp-json\/wp\/v2\/product"}],"about":[{"href":"https:\/\/edition.lammerhuber.at\/en\/wp-json\/wp\/v2\/types\/product"}],"wp:featuredmedia":[{"embeddable":true,"href":"https:\/\/edition.lammerhuber.at\/en\/wp-json\/wp\/v2\/media\/2931"}],"wp:attachment":[{"href":"https:\/\/edition.lammerhuber.at\/en\/wp-json\/wp\/v2\/media?parent=3003"}],"wp:term":[{"taxonomy":"product_brand","embeddable":true,"href":"https:\/\/edition.lammerhuber.at\/en\/wp-json\/wp\/v2\/product_brand?post=3003"},{"taxonomy":"product_cat","embeddable":true,"href":"https:\/\/edition.lammerhuber.at\/en\/wp-json\/wp\/v2\/product_cat?post=3003"},{"taxonomy":"product_tag","embeddable":true,"href":"https:\/\/edition.lammerhuber.at\/en\/wp-json\/wp\/v2\/product_tag?post=3003"}],"curies":[{"name":"wp","href":"https:\/\/api.w.org\/{rel}","templated":true}]}}