{"id":2803,"date":"2014-06-12T13:43:48","date_gmt":"2014-06-12T11:43:48","guid":{"rendered":"https:\/\/edition2.lammerhuber.at\/shop\/das-franz-ferdinand-prinzip"},"modified":"2020-11-10T17:26:32","modified_gmt":"2020-11-10T16:26:32","slug":"das-franz-ferdinand-prinzip","status":"publish","type":"product","link":"https:\/\/edition.lammerhuber.at\/en\/books\/das-franz-ferdinand-prinzip","title":{"rendered":"Das Franz Ferdinand Prinzip"},"content":{"rendered":"<p>The book <em>Das Franz Ferdinand Prinzip<\/em> is an extraordinary contribution to the commemorative year 100 years of the First World War. It tells the story of the heir to the throne Franz Ferdinand and his passion for hunting, of the mythological legend of the White Chamois and the fatal shots fired in the Bl\u00fchnbach Valley in Salzburg that conjured up the First World War. The Archduke&#8217;s shooting list of 274 889 pieces of game also refers to the trophy, a White Chamois, which he shot in 1913. The rare white chamois was considered a mythological taboo figure in popular belief and was protected by mountain spirits. The hunter who tries to hunt the chamois is cursed by higher forces and dies within one year. Thus the parallels between legend and history are condensed into the legend of the origin of the Great War. The curse of the White Chamois from Bl\u00fchnbachtal brought death to Franz Ferdinand and the First World War to mankind.<\/p>\n","protected":false},"excerpt":{"rendered":"<p>Why the First World War really began!<br \/>\nProbably the most unusual book on the First World War memorial year tells the story of the heir to the throne Franz Ferdinand and his passion for hunting, from the myth of the White Chamois and the fatal shots in Salzburg&#8217;s Bl\u00fchnbachtal valley that evoked the First World War.<\/p>\n<p><strong>Anita Hohenberg, Igor Friedrich Petkovi\u0107<\/strong><br \/>\n<strong>Thomas Jorda, Lois Lammerhuber<\/strong><br \/>\n<strong>Michael Prock, Norbert Winding<\/strong><\/p>\n<p>16,5 \u00d7 22 cm<br \/>\n160 pages<br \/>\n75 photos<br \/>\nGerman<br \/>\nHardcover, bound in linen,<br \/>\n\u201eFrench Fold\u201c-jacket<br \/>\nISBN 978-3-901753-76-3<br \/>\nJune 2014<\/p>\n","protected":false},"featured_media":2784,"template":"","meta":{"_acf_changed":false},"product_brand":[],"product_cat":[36],"product_tag":[529,540,548,557],"class_list":{"0":"post-2803","1":"product","2":"type-product","3":"status-publish","4":"has-post-thumbnail","6":"product_cat-photography","7":"product_tag-analogue-photography","8":"product_tag-europe","9":"product_tag-history","10":"product_tag-war","11":"pa_buchautor-anita-fuerstin-von-hohenberg-en","12":"pa_buchautor-igor-friedrich-petkovic-en","13":"pa_buchautor-lois-lammerhuber-en","14":"pa_buchautor-michael-prock-en","15":"pa_buchautor-norbert-winding-en","16":"pa_buchautor-thomas-jorda-en","18":"first","19":"instock","20":"shipping-taxable","21":"purchasable","22":"product-type-simple"},"acf":[],"yoast_head":"<!-- This site is optimized with the Yoast SEO plugin v27.2 - https:\/\/yoast.com\/product\/yoast-seo-wordpress\/ -->\n<title>Das Franz Ferdinand Prinzip - Edition Lammerhuber<\/title>\n<meta name=\"robots\" content=\"index, follow, max-snippet:-1, max-image-preview:large, max-video-preview:-1\" \/>\n<link rel=\"canonical\" href=\"https:\/\/edition.lammerhuber.at\/en\/books\/das-franz-ferdinand-prinzip\" \/>\n<meta property=\"og:locale\" content=\"en_US\" \/>\n<meta property=\"og:type\" content=\"article\" \/>\n<meta property=\"og:title\" content=\"Das Franz Ferdinand Prinzip - Edition Lammerhuber\" \/>\n<meta property=\"og:description\" content=\"Why the First World War really began! Probably the most unusual book on the First World War memorial year tells the story of the heir to the throne Franz Ferdinand and his passion for hunting, from the myth of the White Chamois and the fatal shots in Salzburg&#039;s Bl\u00fchnbachtal valley that evoked the First World War.  Anita Hohenberg, Igor Friedrich Petkovi\u0107 Thomas Jorda, Lois Lammerhuber Michael Prock, Norbert Winding  16,5 \u00d7 22 cm 160 pages 75 photos German Hardcover, bound in linen, \u201eFrench Fold\u201c-jacket ISBN 978-3-901753-76-3 June 2014\" \/>\n<meta property=\"og:url\" content=\"https:\/\/edition.lammerhuber.at\/en\/books\/das-franz-ferdinand-prinzip\" \/>\n<meta property=\"og:site_name\" content=\"Edition Lammerhuber\" \/>\n<meta property=\"article:modified_time\" content=\"2020-11-10T16:26:32+00:00\" \/>\n<meta property=\"og:image\" content=\"https:\/\/edition.lammerhuber.at\/app\/uploads\/2014\/06\/franz_ferdinand_hardcover.png\" \/>\n\t<meta property=\"og:image:width\" content=\"244\" \/>\n\t<meta property=\"og:image:height\" content=\"313\" \/>\n\t<meta property=\"og:image:type\" content=\"image\/png\" \/>\n<meta name=\"twitter:card\" content=\"summary_large_image\" \/>\n<meta name=\"twitter:label1\" content=\"Est. reading time\" \/>\n\t<meta name=\"twitter:data1\" content=\"1 minute\" \/>\n<script type=\"application\/ld+json\" class=\"yoast-schema-graph\">{\"@context\":\"https:\/\/schema.org\",\"@graph\":[{\"@type\":\"WebPage\",\"@id\":\"https:\/\/edition.lammerhuber.at\/en\/books\/das-franz-ferdinand-prinzip\",\"url\":\"https:\/\/edition.lammerhuber.at\/en\/books\/das-franz-ferdinand-prinzip\",\"name\":\"Das Franz Ferdinand Prinzip - Edition Lammerhuber\",\"isPartOf\":{\"@id\":\"https:\/\/edition.lammerhuber.at\/en#website\"},\"primaryImageOfPage\":{\"@id\":\"https:\/\/edition.lammerhuber.at\/en\/books\/das-franz-ferdinand-prinzip#primaryimage\"},\"image\":{\"@id\":\"https:\/\/edition.lammerhuber.at\/en\/books\/das-franz-ferdinand-prinzip#primaryimage\"},\"thumbnailUrl\":\"https:\/\/edition.lammerhuber.at\/app\/uploads\/2014\/06\/franz_ferdinand_hardcover.png\",\"datePublished\":\"2014-06-12T11:43:48+00:00\",\"dateModified\":\"2020-11-10T16:26:32+00:00\",\"breadcrumb\":{\"@id\":\"https:\/\/edition.lammerhuber.at\/en\/books\/das-franz-ferdinand-prinzip#breadcrumb\"},\"inLanguage\":\"en-US\",\"potentialAction\":[{\"@type\":\"ReadAction\",\"target\":[\"https:\/\/edition.lammerhuber.at\/en\/books\/das-franz-ferdinand-prinzip\"]}]},{\"@type\":\"ImageObject\",\"inLanguage\":\"en-US\",\"@id\":\"https:\/\/edition.lammerhuber.at\/en\/books\/das-franz-ferdinand-prinzip#primaryimage\",\"url\":\"https:\/\/edition.lammerhuber.at\/app\/uploads\/2014\/06\/franz_ferdinand_hardcover.png\",\"contentUrl\":\"https:\/\/edition.lammerhuber.at\/app\/uploads\/2014\/06\/franz_ferdinand_hardcover.png\",\"width\":244,\"height\":313},{\"@type\":\"BreadcrumbList\",\"@id\":\"https:\/\/edition.lammerhuber.at\/en\/books\/das-franz-ferdinand-prinzip#breadcrumb\",\"itemListElement\":[{\"@type\":\"ListItem\",\"position\":1,\"name\":\"Home\",\"item\":\"https:\/\/edition.lammerhuber.at\/en\"},{\"@type\":\"ListItem\",\"position\":2,\"name\":\"Das Franz Ferdinand Prinzip\"}]},{\"@type\":\"WebSite\",\"@id\":\"https:\/\/edition.lammerhuber.at\/en#website\",\"url\":\"https:\/\/edition.lammerhuber.at\/en\",\"name\":\"Edition Lammerhuber\",\"description\":\"Verlag f\u00fcr Fotografie, Kunst, Natur &amp; Wissenschaft\",\"publisher\":{\"@id\":\"https:\/\/edition.lammerhuber.at\/en#organization\"},\"potentialAction\":[{\"@type\":\"SearchAction\",\"target\":{\"@type\":\"EntryPoint\",\"urlTemplate\":\"https:\/\/edition.lammerhuber.at\/en?s={search_term_string}\"},\"query-input\":{\"@type\":\"PropertyValueSpecification\",\"valueRequired\":true,\"valueName\":\"search_term_string\"}}],\"inLanguage\":\"en-US\"},{\"@type\":\"Organization\",\"@id\":\"https:\/\/edition.lammerhuber.at\/en#organization\",\"name\":\"Edition Lammerhuber\",\"url\":\"https:\/\/edition.lammerhuber.at\/en\",\"logo\":{\"@type\":\"ImageObject\",\"inLanguage\":\"en-US\",\"@id\":\"https:\/\/edition.lammerhuber.at\/en#\/schema\/logo\/image\/\",\"url\":\"\",\"contentUrl\":\"\",\"caption\":\"Edition Lammerhuber\"},\"image\":{\"@id\":\"https:\/\/edition.lammerhuber.at\/en#\/schema\/logo\/image\/\"}}]}<\/script>\n<!-- \/ Yoast SEO plugin. -->","yoast_head_json":{"title":"Das Franz Ferdinand Prinzip - Edition Lammerhuber","robots":{"index":"index","follow":"follow","max-snippet":"max-snippet:-1","max-image-preview":"max-image-preview:large","max-video-preview":"max-video-preview:-1"},"canonical":"https:\/\/edition.lammerhuber.at\/en\/books\/das-franz-ferdinand-prinzip","og_locale":"en_US","og_type":"article","og_title":"Das Franz Ferdinand Prinzip - Edition Lammerhuber","og_description":"Why the First World War really began! Probably the most unusual book on the First World War memorial year tells the story of the heir to the throne Franz Ferdinand and his passion for hunting, from the myth of the White Chamois and the fatal shots in Salzburg's Bl\u00fchnbachtal valley that evoked the First World War.  Anita Hohenberg, Igor Friedrich Petkovi\u0107 Thomas Jorda, Lois Lammerhuber Michael Prock, Norbert Winding  16,5 \u00d7 22 cm 160 pages 75 photos German Hardcover, bound in linen, \u201eFrench Fold\u201c-jacket ISBN 978-3-901753-76-3 June 2014","og_url":"https:\/\/edition.lammerhuber.at\/en\/books\/das-franz-ferdinand-prinzip","og_site_name":"Edition Lammerhuber","article_modified_time":"2020-11-10T16:26:32+00:00","og_image":[{"width":244,"height":313,"url":"https:\/\/edition.lammerhuber.at\/app\/uploads\/2014\/06\/franz_ferdinand_hardcover.png","type":"image\/png"}],"twitter_card":"summary_large_image","twitter_misc":{"Est. reading time":"1 minute"},"schema":{"@context":"https:\/\/schema.org","@graph":[{"@type":"WebPage","@id":"https:\/\/edition.lammerhuber.at\/en\/books\/das-franz-ferdinand-prinzip","url":"https:\/\/edition.lammerhuber.at\/en\/books\/das-franz-ferdinand-prinzip","name":"Das Franz Ferdinand Prinzip - Edition Lammerhuber","isPartOf":{"@id":"https:\/\/edition.lammerhuber.at\/en#website"},"primaryImageOfPage":{"@id":"https:\/\/edition.lammerhuber.at\/en\/books\/das-franz-ferdinand-prinzip#primaryimage"},"image":{"@id":"https:\/\/edition.lammerhuber.at\/en\/books\/das-franz-ferdinand-prinzip#primaryimage"},"thumbnailUrl":"https:\/\/edition.lammerhuber.at\/app\/uploads\/2014\/06\/franz_ferdinand_hardcover.png","datePublished":"2014-06-12T11:43:48+00:00","dateModified":"2020-11-10T16:26:32+00:00","breadcrumb":{"@id":"https:\/\/edition.lammerhuber.at\/en\/books\/das-franz-ferdinand-prinzip#breadcrumb"},"inLanguage":"en-US","potentialAction":[{"@type":"ReadAction","target":["https:\/\/edition.lammerhuber.at\/en\/books\/das-franz-ferdinand-prinzip"]}]},{"@type":"ImageObject","inLanguage":"en-US","@id":"https:\/\/edition.lammerhuber.at\/en\/books\/das-franz-ferdinand-prinzip#primaryimage","url":"https:\/\/edition.lammerhuber.at\/app\/uploads\/2014\/06\/franz_ferdinand_hardcover.png","contentUrl":"https:\/\/edition.lammerhuber.at\/app\/uploads\/2014\/06\/franz_ferdinand_hardcover.png","width":244,"height":313},{"@type":"BreadcrumbList","@id":"https:\/\/edition.lammerhuber.at\/en\/books\/das-franz-ferdinand-prinzip#breadcrumb","itemListElement":[{"@type":"ListItem","position":1,"name":"Home","item":"https:\/\/edition.lammerhuber.at\/en"},{"@type":"ListItem","position":2,"name":"Das Franz Ferdinand Prinzip"}]},{"@type":"WebSite","@id":"https:\/\/edition.lammerhuber.at\/en#website","url":"https:\/\/edition.lammerhuber.at\/en","name":"Edition Lammerhuber","description":"Verlag f\u00fcr Fotografie, Kunst, Natur &amp; Wissenschaft","publisher":{"@id":"https:\/\/edition.lammerhuber.at\/en#organization"},"potentialAction":[{"@type":"SearchAction","target":{"@type":"EntryPoint","urlTemplate":"https:\/\/edition.lammerhuber.at\/en?s={search_term_string}"},"query-input":{"@type":"PropertyValueSpecification","valueRequired":true,"valueName":"search_term_string"}}],"inLanguage":"en-US"},{"@type":"Organization","@id":"https:\/\/edition.lammerhuber.at\/en#organization","name":"Edition Lammerhuber","url":"https:\/\/edition.lammerhuber.at\/en","logo":{"@type":"ImageObject","inLanguage":"en-US","@id":"https:\/\/edition.lammerhuber.at\/en#\/schema\/logo\/image\/","url":"","contentUrl":"","caption":"Edition Lammerhuber"},"image":{"@id":"https:\/\/edition.lammerhuber.at\/en#\/schema\/logo\/image\/"}}]}},"_links":{"self":[{"href":"https:\/\/edition.lammerhuber.at\/en\/wp-json\/wp\/v2\/product\/2803","targetHints":{"allow":["GET"]}}],"collection":[{"href":"https:\/\/edition.lammerhuber.at\/en\/wp-json\/wp\/v2\/product"}],"about":[{"href":"https:\/\/edition.lammerhuber.at\/en\/wp-json\/wp\/v2\/types\/product"}],"wp:featuredmedia":[{"embeddable":true,"href":"https:\/\/edition.lammerhuber.at\/en\/wp-json\/wp\/v2\/media\/2784"}],"wp:attachment":[{"href":"https:\/\/edition.lammerhuber.at\/en\/wp-json\/wp\/v2\/media?parent=2803"}],"wp:term":[{"taxonomy":"product_brand","embeddable":true,"href":"https:\/\/edition.lammerhuber.at\/en\/wp-json\/wp\/v2\/product_brand?post=2803"},{"taxonomy":"product_cat","embeddable":true,"href":"https:\/\/edition.lammerhuber.at\/en\/wp-json\/wp\/v2\/product_cat?post=2803"},{"taxonomy":"product_tag","embeddable":true,"href":"https:\/\/edition.lammerhuber.at\/en\/wp-json\/wp\/v2\/product_tag?post=2803"}],"curies":[{"name":"wp","href":"https:\/\/api.w.org\/{rel}","templated":true}]}}