{"id":2741,"date":"2018-01-12T13:43:49","date_gmt":"2018-01-12T12:43:49","guid":{"rendered":"https:\/\/edition2.lammerhuber.at\/shop\/austria-in-urbe-1938-2018"},"modified":"2020-11-10T17:43:37","modified_gmt":"2020-11-10T16:43:37","slug":"austria-in-urbe-1938-2018","status":"publish","type":"product","link":"https:\/\/edition.lammerhuber.at\/en\/books\/austria-in-urbe-1938-2018","title":{"rendered":"Austria in Urbe 1938-2018"},"content":{"rendered":"<p>Das \u00f6sterreichische Kulturforum in Rom ist das \u00e4lteste Kulturinstitut \u00d6sterreichs im Ausland. Mit seiner \u00fcber 100 000 B\u00e4nde umfassenden Bibliothek gilt das Haus \u2013 das auch das \u00d6sterreichische Historische Institut sowie das \u00f6sterreichische Konsulat beherbergt \u2013 als geschichtstr\u00e4chtige Repr\u00e4sentationsst\u00e4tte \u00f6sterreichischer Kunst und Wissenschaft. Vom \u00f6sterreichischen Denkmalsch\u00fctzer Karl Holey in den Jahren 1935 \u2013 1937 erdacht, geplant und gebaut, ist dieses Institut ein rares zeitgeschichtliches Zeugnis und ein ganz besonderes architektonisches Juwel. Anl\u00e4sslich des 80-j\u00e4hrigen Bestehens dieser ehrw\u00fcrdigen Institution versammelt die vorliegende Festschrift prononcierte Stimmen, begleitet von einer visuellen Hommage, die diesem einzigartigen Geb\u00e4ude ihre Referenz erweisen.<\/p>\n","protected":false},"excerpt":{"rendered":"<p>Das \u00f6sterreichische Kulturforum in Rom ist als geschichtstr\u00e4chtige Repr\u00e4sentationsst\u00e4tte und architektonisches Juwel das \u00e4lteste Kulturinstitut \u00d6sterreichs im Ausland. Anl\u00e4sslich ihres 80-j\u00e4hrigen Bestehens setzt dieses Jubil\u00e4umsbuch mit prononcierte Texten und einer visuellen Hommage diesem einzigartigen Kulturjuwel ein bibliophiles Denkmal.<\/p>\n<p><strong>Elke Atzler<\/strong><br \/>\n<strong>Andreas Gottsmann<\/strong><br \/>\n<strong>Fotos: Lois Lammerhuber<\/strong><\/p>\n<p>16,5 \u00d7 22 cm<br \/>\n192 pages<br \/>\n49 photos<br \/>\nGerman, Italian<br \/>\nHardcover,\u2009 bound in linen, book jacket<br \/>\nISBN 978-3-903101-49-4<br \/>\nJanuary 2018<\/p>\n","protected":false},"featured_media":2718,"template":"","meta":{"_acf_changed":false},"product_brand":[],"product_cat":[35],"product_tag":[540,552,567],"class_list":{"0":"post-2741","1":"product","2":"type-product","3":"status-publish","4":"has-post-thumbnail","6":"product_cat-corporate-books-en","7":"product_tag-europe","8":"product_tag-italy","9":"product_tag-rome","11":"first","12":"instock","13":"shipping-taxable","14":"purchasable","15":"product-type-simple"},"acf":[],"yoast_head":"<!-- This site is optimized with the Yoast SEO plugin v27.2 - https:\/\/yoast.com\/product\/yoast-seo-wordpress\/ -->\n<title>Austria in Urbe 1938-2018 - Edition Lammerhuber<\/title>\n<meta name=\"robots\" content=\"index, follow, max-snippet:-1, max-image-preview:large, max-video-preview:-1\" \/>\n<link rel=\"canonical\" href=\"https:\/\/edition.lammerhuber.at\/en\/books\/austria-in-urbe-1938-2018\" \/>\n<meta property=\"og:locale\" content=\"en_US\" \/>\n<meta property=\"og:type\" content=\"article\" \/>\n<meta property=\"og:title\" content=\"Austria in Urbe 1938-2018 - Edition Lammerhuber\" \/>\n<meta property=\"og:description\" content=\"Das \u00f6sterreichische Kulturforum in Rom ist als geschichtstr\u00e4chtige Repr\u00e4sentationsst\u00e4tte und architektonisches Juwel das \u00e4lteste Kulturinstitut \u00d6sterreichs im Ausland. Anl\u00e4sslich ihres 80-j\u00e4hrigen Bestehens setzt dieses Jubil\u00e4umsbuch mit prononcierte Texten und einer visuellen Hommage diesem einzigartigen Kulturjuwel ein bibliophiles Denkmal.  Elke Atzler Andreas Gottsmann Fotos: Lois Lammerhuber  16,5 \u00d7 22 cm 192 pages 49 photos German, Italian Hardcover,\u2009 bound in linen, book jacket ISBN 978-3-903101-49-4 January 2018\" \/>\n<meta property=\"og:url\" content=\"https:\/\/edition.lammerhuber.at\/en\/books\/austria-in-urbe-1938-2018\" \/>\n<meta property=\"og:site_name\" content=\"Edition Lammerhuber\" \/>\n<meta property=\"article:modified_time\" content=\"2020-11-10T16:43:37+00:00\" \/>\n<meta property=\"og:image\" content=\"https:\/\/edition.lammerhuber.at\/app\/uploads\/2018\/01\/austria_in_urbe_hardcover.png\" \/>\n\t<meta property=\"og:image:width\" content=\"314\" \/>\n\t<meta property=\"og:image:height\" content=\"411\" \/>\n\t<meta property=\"og:image:type\" content=\"image\/png\" \/>\n<meta name=\"twitter:card\" content=\"summary_large_image\" \/>\n<script type=\"application\/ld+json\" class=\"yoast-schema-graph\">{\"@context\":\"https:\/\/schema.org\",\"@graph\":[{\"@type\":\"WebPage\",\"@id\":\"https:\/\/edition.lammerhuber.at\/en\/books\/austria-in-urbe-1938-2018\",\"url\":\"https:\/\/edition.lammerhuber.at\/en\/books\/austria-in-urbe-1938-2018\",\"name\":\"Austria in Urbe 1938-2018 - Edition Lammerhuber\",\"isPartOf\":{\"@id\":\"https:\/\/edition.lammerhuber.at\/en#website\"},\"primaryImageOfPage\":{\"@id\":\"https:\/\/edition.lammerhuber.at\/en\/books\/austria-in-urbe-1938-2018#primaryimage\"},\"image\":{\"@id\":\"https:\/\/edition.lammerhuber.at\/en\/books\/austria-in-urbe-1938-2018#primaryimage\"},\"thumbnailUrl\":\"https:\/\/edition.lammerhuber.at\/app\/uploads\/2018\/01\/austria_in_urbe_hardcover.png\",\"datePublished\":\"2018-01-12T12:43:49+00:00\",\"dateModified\":\"2020-11-10T16:43:37+00:00\",\"breadcrumb\":{\"@id\":\"https:\/\/edition.lammerhuber.at\/en\/books\/austria-in-urbe-1938-2018#breadcrumb\"},\"inLanguage\":\"en-US\",\"potentialAction\":[{\"@type\":\"ReadAction\",\"target\":[\"https:\/\/edition.lammerhuber.at\/en\/books\/austria-in-urbe-1938-2018\"]}]},{\"@type\":\"ImageObject\",\"inLanguage\":\"en-US\",\"@id\":\"https:\/\/edition.lammerhuber.at\/en\/books\/austria-in-urbe-1938-2018#primaryimage\",\"url\":\"https:\/\/edition.lammerhuber.at\/app\/uploads\/2018\/01\/austria_in_urbe_hardcover.png\",\"contentUrl\":\"https:\/\/edition.lammerhuber.at\/app\/uploads\/2018\/01\/austria_in_urbe_hardcover.png\",\"width\":314,\"height\":411},{\"@type\":\"BreadcrumbList\",\"@id\":\"https:\/\/edition.lammerhuber.at\/en\/books\/austria-in-urbe-1938-2018#breadcrumb\",\"itemListElement\":[{\"@type\":\"ListItem\",\"position\":1,\"name\":\"Home\",\"item\":\"https:\/\/edition.lammerhuber.at\/en\"},{\"@type\":\"ListItem\",\"position\":2,\"name\":\"Austria in Urbe 1938-2018\"}]},{\"@type\":\"WebSite\",\"@id\":\"https:\/\/edition.lammerhuber.at\/en#website\",\"url\":\"https:\/\/edition.lammerhuber.at\/en\",\"name\":\"Edition Lammerhuber\",\"description\":\"Verlag f\u00fcr Fotografie, Kunst, Natur &amp; Wissenschaft\",\"publisher\":{\"@id\":\"https:\/\/edition.lammerhuber.at\/en#organization\"},\"potentialAction\":[{\"@type\":\"SearchAction\",\"target\":{\"@type\":\"EntryPoint\",\"urlTemplate\":\"https:\/\/edition.lammerhuber.at\/en?s={search_term_string}\"},\"query-input\":{\"@type\":\"PropertyValueSpecification\",\"valueRequired\":true,\"valueName\":\"search_term_string\"}}],\"inLanguage\":\"en-US\"},{\"@type\":\"Organization\",\"@id\":\"https:\/\/edition.lammerhuber.at\/en#organization\",\"name\":\"Edition Lammerhuber\",\"url\":\"https:\/\/edition.lammerhuber.at\/en\",\"logo\":{\"@type\":\"ImageObject\",\"inLanguage\":\"en-US\",\"@id\":\"https:\/\/edition.lammerhuber.at\/en#\/schema\/logo\/image\/\",\"url\":\"\",\"contentUrl\":\"\",\"caption\":\"Edition Lammerhuber\"},\"image\":{\"@id\":\"https:\/\/edition.lammerhuber.at\/en#\/schema\/logo\/image\/\"}}]}<\/script>\n<!-- \/ Yoast SEO plugin. -->","yoast_head_json":{"title":"Austria in Urbe 1938-2018 - Edition Lammerhuber","robots":{"index":"index","follow":"follow","max-snippet":"max-snippet:-1","max-image-preview":"max-image-preview:large","max-video-preview":"max-video-preview:-1"},"canonical":"https:\/\/edition.lammerhuber.at\/en\/books\/austria-in-urbe-1938-2018","og_locale":"en_US","og_type":"article","og_title":"Austria in Urbe 1938-2018 - Edition Lammerhuber","og_description":"Das \u00f6sterreichische Kulturforum in Rom ist als geschichtstr\u00e4chtige Repr\u00e4sentationsst\u00e4tte und architektonisches Juwel das \u00e4lteste Kulturinstitut \u00d6sterreichs im Ausland. Anl\u00e4sslich ihres 80-j\u00e4hrigen Bestehens setzt dieses Jubil\u00e4umsbuch mit prononcierte Texten und einer visuellen Hommage diesem einzigartigen Kulturjuwel ein bibliophiles Denkmal.  Elke Atzler Andreas Gottsmann Fotos: Lois Lammerhuber  16,5 \u00d7 22 cm 192 pages 49 photos German, Italian Hardcover,\u2009 bound in linen, book jacket ISBN 978-3-903101-49-4 January 2018","og_url":"https:\/\/edition.lammerhuber.at\/en\/books\/austria-in-urbe-1938-2018","og_site_name":"Edition Lammerhuber","article_modified_time":"2020-11-10T16:43:37+00:00","og_image":[{"width":314,"height":411,"url":"https:\/\/edition.lammerhuber.at\/app\/uploads\/2018\/01\/austria_in_urbe_hardcover.png","type":"image\/png"}],"twitter_card":"summary_large_image","schema":{"@context":"https:\/\/schema.org","@graph":[{"@type":"WebPage","@id":"https:\/\/edition.lammerhuber.at\/en\/books\/austria-in-urbe-1938-2018","url":"https:\/\/edition.lammerhuber.at\/en\/books\/austria-in-urbe-1938-2018","name":"Austria in Urbe 1938-2018 - Edition Lammerhuber","isPartOf":{"@id":"https:\/\/edition.lammerhuber.at\/en#website"},"primaryImageOfPage":{"@id":"https:\/\/edition.lammerhuber.at\/en\/books\/austria-in-urbe-1938-2018#primaryimage"},"image":{"@id":"https:\/\/edition.lammerhuber.at\/en\/books\/austria-in-urbe-1938-2018#primaryimage"},"thumbnailUrl":"https:\/\/edition.lammerhuber.at\/app\/uploads\/2018\/01\/austria_in_urbe_hardcover.png","datePublished":"2018-01-12T12:43:49+00:00","dateModified":"2020-11-10T16:43:37+00:00","breadcrumb":{"@id":"https:\/\/edition.lammerhuber.at\/en\/books\/austria-in-urbe-1938-2018#breadcrumb"},"inLanguage":"en-US","potentialAction":[{"@type":"ReadAction","target":["https:\/\/edition.lammerhuber.at\/en\/books\/austria-in-urbe-1938-2018"]}]},{"@type":"ImageObject","inLanguage":"en-US","@id":"https:\/\/edition.lammerhuber.at\/en\/books\/austria-in-urbe-1938-2018#primaryimage","url":"https:\/\/edition.lammerhuber.at\/app\/uploads\/2018\/01\/austria_in_urbe_hardcover.png","contentUrl":"https:\/\/edition.lammerhuber.at\/app\/uploads\/2018\/01\/austria_in_urbe_hardcover.png","width":314,"height":411},{"@type":"BreadcrumbList","@id":"https:\/\/edition.lammerhuber.at\/en\/books\/austria-in-urbe-1938-2018#breadcrumb","itemListElement":[{"@type":"ListItem","position":1,"name":"Home","item":"https:\/\/edition.lammerhuber.at\/en"},{"@type":"ListItem","position":2,"name":"Austria in Urbe 1938-2018"}]},{"@type":"WebSite","@id":"https:\/\/edition.lammerhuber.at\/en#website","url":"https:\/\/edition.lammerhuber.at\/en","name":"Edition Lammerhuber","description":"Verlag f\u00fcr Fotografie, Kunst, Natur &amp; Wissenschaft","publisher":{"@id":"https:\/\/edition.lammerhuber.at\/en#organization"},"potentialAction":[{"@type":"SearchAction","target":{"@type":"EntryPoint","urlTemplate":"https:\/\/edition.lammerhuber.at\/en?s={search_term_string}"},"query-input":{"@type":"PropertyValueSpecification","valueRequired":true,"valueName":"search_term_string"}}],"inLanguage":"en-US"},{"@type":"Organization","@id":"https:\/\/edition.lammerhuber.at\/en#organization","name":"Edition Lammerhuber","url":"https:\/\/edition.lammerhuber.at\/en","logo":{"@type":"ImageObject","inLanguage":"en-US","@id":"https:\/\/edition.lammerhuber.at\/en#\/schema\/logo\/image\/","url":"","contentUrl":"","caption":"Edition Lammerhuber"},"image":{"@id":"https:\/\/edition.lammerhuber.at\/en#\/schema\/logo\/image\/"}}]}},"_links":{"self":[{"href":"https:\/\/edition.lammerhuber.at\/en\/wp-json\/wp\/v2\/product\/2741","targetHints":{"allow":["GET"]}}],"collection":[{"href":"https:\/\/edition.lammerhuber.at\/en\/wp-json\/wp\/v2\/product"}],"about":[{"href":"https:\/\/edition.lammerhuber.at\/en\/wp-json\/wp\/v2\/types\/product"}],"wp:featuredmedia":[{"embeddable":true,"href":"https:\/\/edition.lammerhuber.at\/en\/wp-json\/wp\/v2\/media\/2718"}],"wp:attachment":[{"href":"https:\/\/edition.lammerhuber.at\/en\/wp-json\/wp\/v2\/media?parent=2741"}],"wp:term":[{"taxonomy":"product_brand","embeddable":true,"href":"https:\/\/edition.lammerhuber.at\/en\/wp-json\/wp\/v2\/product_brand?post=2741"},{"taxonomy":"product_cat","embeddable":true,"href":"https:\/\/edition.lammerhuber.at\/en\/wp-json\/wp\/v2\/product_cat?post=2741"},{"taxonomy":"product_tag","embeddable":true,"href":"https:\/\/edition.lammerhuber.at\/en\/wp-json\/wp\/v2\/product_tag?post=2741"}],"curies":[{"name":"wp","href":"https:\/\/api.w.org\/{rel}","templated":true}]}}