{"id":2699,"date":"2013-10-12T13:43:50","date_gmt":"2013-10-12T11:43:50","guid":{"rendered":"https:\/\/edition2.lammerhuber.at\/shop\/ephesos-der-reiz-der-zerstorung"},"modified":"2020-11-12T13:46:03","modified_gmt":"2020-11-12T12:46:03","slug":"ephesos-the-beauty-of-destruction","status":"publish","type":"product","link":"https:\/\/edition.lammerhuber.at\/en\/books\/ephesos-the-beauty-of-destruction","title":{"rendered":"Ephesos &#8211; The Beauty of Destruction"},"content":{"rendered":"<p>120 years ago the first permission was granted for archaeological excavations in Ephesos. The signature of Emperor Franz Josef I laid the foundation for one of the most prominent excavation enterprises in the world and to this day it has lost none of its significance for science or its fascination for visitors.<\/p>\n<p>The pulsating, cosmopolitan metropolis of antiquity may have turned into a site of ruins, but here, more than anywhere else, archaeology has succeeded in bringing past eras into the focus of both science and the public. Today more than 2 million people visit Ephesos every year \u2013 indisputable proof of the fascination and interest that earlier cultures can arouse as well as confirmation for the relevance and topicality of archaeological research.<\/p>\n<p>In their joint book project, archaeologist Sabine Ladst\u00e4tter and photographer Lois Lammerhuber venture behind the historical front. Central for them is the economic role of Ephesos as antique trading town, modern archaeological enterprise and visitor magnet.<\/p>\n","protected":false},"excerpt":{"rendered":"<p>How archaeology really works: using an unconventional approach, site director at Ephesos, Sabine Ladst\u00e4tter, and top photographer Lois Lammerhuber present a completely new image of Ephesos.<\/p>\n<p><strong>Sabine Ladst\u00e4tter<br \/>\nLois Lammerhuber<\/strong><\/p>\n<p>29 \u00d7 31 cm<br \/>\n300 pages<br \/>\n177 images<br \/>\nGerman, English, Turkish<br \/>\nHardcover, slipcase<br \/>\nISBN 978-3-901753-37-4<br \/>\nOctober 2013<\/p>\n","protected":false},"featured_media":2664,"template":"","meta":{"_acf_changed":false},"product_brand":[],"product_cat":[39],"product_tag":[531,558,548,462,573],"class_list":{"0":"post-2699","1":"product","2":"type-product","3":"status-publish","4":"has-post-thumbnail","6":"product_cat-sciences","7":"product_tag-archaeology","8":"product_tag-culture","9":"product_tag-history","10":"product_tag-science","11":"product_tag-turkey","12":"pa_buchautor-lois-lammerhuber-en","13":"pa_buchautor-sabine-ladstaetter-en","15":"first","16":"instock","17":"shipping-taxable","18":"purchasable","19":"product-type-simple"},"acf":[],"yoast_head":"<!-- This site is optimized with the Yoast SEO plugin v27.2 - https:\/\/yoast.com\/product\/yoast-seo-wordpress\/ -->\n<title>Ephesos - The Beauty of Destruction - Edition Lammerhuber<\/title>\n<meta name=\"robots\" content=\"index, follow, max-snippet:-1, max-image-preview:large, max-video-preview:-1\" \/>\n<link rel=\"canonical\" href=\"https:\/\/edition.lammerhuber.at\/en\/books\/ephesos-the-beauty-of-destruction\" \/>\n<meta property=\"og:locale\" content=\"en_US\" \/>\n<meta property=\"og:type\" content=\"article\" \/>\n<meta property=\"og:title\" content=\"Ephesos - The Beauty of Destruction - Edition Lammerhuber\" \/>\n<meta property=\"og:description\" content=\"How archaeology really works: using an unconventional approach, site director at Ephesos, Sabine Ladst\u00e4tter, and top photographer Lois Lammerhuber present a completely new image of Ephesos.  Sabine Ladst\u00e4tter Lois Lammerhuber  29 \u00d7 31 cm 300 pages 177 images German, English, Turkish Hardcover, slipcase ISBN 978-3-901753-37-4 October 2013\" \/>\n<meta property=\"og:url\" content=\"https:\/\/edition.lammerhuber.at\/en\/books\/ephesos-the-beauty-of-destruction\" \/>\n<meta property=\"og:site_name\" content=\"Edition Lammerhuber\" \/>\n<meta property=\"article:modified_time\" content=\"2020-11-12T12:46:03+00:00\" \/>\n<meta property=\"og:image\" content=\"https:\/\/edition.lammerhuber.at\/app\/uploads\/2013\/10\/ephesos_hardcover.png\" \/>\n\t<meta property=\"og:image:width\" content=\"317\" \/>\n\t<meta property=\"og:image:height\" content=\"339\" \/>\n\t<meta property=\"og:image:type\" content=\"image\/png\" \/>\n<meta name=\"twitter:card\" content=\"summary_large_image\" \/>\n<meta name=\"twitter:label1\" content=\"Est. reading time\" \/>\n\t<meta name=\"twitter:data1\" content=\"1 minute\" \/>\n<script type=\"application\/ld+json\" class=\"yoast-schema-graph\">{\"@context\":\"https:\/\/schema.org\",\"@graph\":[{\"@type\":\"WebPage\",\"@id\":\"https:\/\/edition.lammerhuber.at\/en\/books\/ephesos-the-beauty-of-destruction\",\"url\":\"https:\/\/edition.lammerhuber.at\/en\/books\/ephesos-the-beauty-of-destruction\",\"name\":\"Ephesos - The Beauty of Destruction - Edition Lammerhuber\",\"isPartOf\":{\"@id\":\"https:\/\/edition.lammerhuber.at\/en#website\"},\"primaryImageOfPage\":{\"@id\":\"https:\/\/edition.lammerhuber.at\/en\/books\/ephesos-the-beauty-of-destruction#primaryimage\"},\"image\":{\"@id\":\"https:\/\/edition.lammerhuber.at\/en\/books\/ephesos-the-beauty-of-destruction#primaryimage\"},\"thumbnailUrl\":\"https:\/\/edition.lammerhuber.at\/app\/uploads\/2013\/10\/ephesos_hardcover.png\",\"datePublished\":\"2013-10-12T11:43:50+00:00\",\"dateModified\":\"2020-11-12T12:46:03+00:00\",\"breadcrumb\":{\"@id\":\"https:\/\/edition.lammerhuber.at\/en\/books\/ephesos-the-beauty-of-destruction#breadcrumb\"},\"inLanguage\":\"en-US\",\"potentialAction\":[{\"@type\":\"ReadAction\",\"target\":[\"https:\/\/edition.lammerhuber.at\/en\/books\/ephesos-the-beauty-of-destruction\"]}]},{\"@type\":\"ImageObject\",\"inLanguage\":\"en-US\",\"@id\":\"https:\/\/edition.lammerhuber.at\/en\/books\/ephesos-the-beauty-of-destruction#primaryimage\",\"url\":\"https:\/\/edition.lammerhuber.at\/app\/uploads\/2013\/10\/ephesos_hardcover.png\",\"contentUrl\":\"https:\/\/edition.lammerhuber.at\/app\/uploads\/2013\/10\/ephesos_hardcover.png\",\"width\":317,\"height\":339},{\"@type\":\"BreadcrumbList\",\"@id\":\"https:\/\/edition.lammerhuber.at\/en\/books\/ephesos-the-beauty-of-destruction#breadcrumb\",\"itemListElement\":[{\"@type\":\"ListItem\",\"position\":1,\"name\":\"Home\",\"item\":\"https:\/\/edition.lammerhuber.at\/en\"},{\"@type\":\"ListItem\",\"position\":2,\"name\":\"Ephesos &#8211; The Beauty of Destruction\"}]},{\"@type\":\"WebSite\",\"@id\":\"https:\/\/edition.lammerhuber.at\/en#website\",\"url\":\"https:\/\/edition.lammerhuber.at\/en\",\"name\":\"Edition Lammerhuber\",\"description\":\"Verlag f\u00fcr Fotografie, Kunst, Natur &amp; Wissenschaft\",\"publisher\":{\"@id\":\"https:\/\/edition.lammerhuber.at\/en#organization\"},\"potentialAction\":[{\"@type\":\"SearchAction\",\"target\":{\"@type\":\"EntryPoint\",\"urlTemplate\":\"https:\/\/edition.lammerhuber.at\/en?s={search_term_string}\"},\"query-input\":{\"@type\":\"PropertyValueSpecification\",\"valueRequired\":true,\"valueName\":\"search_term_string\"}}],\"inLanguage\":\"en-US\"},{\"@type\":\"Organization\",\"@id\":\"https:\/\/edition.lammerhuber.at\/en#organization\",\"name\":\"Edition Lammerhuber\",\"url\":\"https:\/\/edition.lammerhuber.at\/en\",\"logo\":{\"@type\":\"ImageObject\",\"inLanguage\":\"en-US\",\"@id\":\"https:\/\/edition.lammerhuber.at\/en#\/schema\/logo\/image\/\",\"url\":\"\",\"contentUrl\":\"\",\"caption\":\"Edition Lammerhuber\"},\"image\":{\"@id\":\"https:\/\/edition.lammerhuber.at\/en#\/schema\/logo\/image\/\"}}]}<\/script>\n<!-- \/ Yoast SEO plugin. -->","yoast_head_json":{"title":"Ephesos - The Beauty of Destruction - Edition Lammerhuber","robots":{"index":"index","follow":"follow","max-snippet":"max-snippet:-1","max-image-preview":"max-image-preview:large","max-video-preview":"max-video-preview:-1"},"canonical":"https:\/\/edition.lammerhuber.at\/en\/books\/ephesos-the-beauty-of-destruction","og_locale":"en_US","og_type":"article","og_title":"Ephesos - The Beauty of Destruction - Edition Lammerhuber","og_description":"How archaeology really works: using an unconventional approach, site director at Ephesos, Sabine Ladst\u00e4tter, and top photographer Lois Lammerhuber present a completely new image of Ephesos.  Sabine Ladst\u00e4tter Lois Lammerhuber  29 \u00d7 31 cm 300 pages 177 images German, English, Turkish Hardcover, slipcase ISBN 978-3-901753-37-4 October 2013","og_url":"https:\/\/edition.lammerhuber.at\/en\/books\/ephesos-the-beauty-of-destruction","og_site_name":"Edition Lammerhuber","article_modified_time":"2020-11-12T12:46:03+00:00","og_image":[{"width":317,"height":339,"url":"https:\/\/edition.lammerhuber.at\/app\/uploads\/2013\/10\/ephesos_hardcover.png","type":"image\/png"}],"twitter_card":"summary_large_image","twitter_misc":{"Est. reading time":"1 minute"},"schema":{"@context":"https:\/\/schema.org","@graph":[{"@type":"WebPage","@id":"https:\/\/edition.lammerhuber.at\/en\/books\/ephesos-the-beauty-of-destruction","url":"https:\/\/edition.lammerhuber.at\/en\/books\/ephesos-the-beauty-of-destruction","name":"Ephesos - The Beauty of Destruction - Edition Lammerhuber","isPartOf":{"@id":"https:\/\/edition.lammerhuber.at\/en#website"},"primaryImageOfPage":{"@id":"https:\/\/edition.lammerhuber.at\/en\/books\/ephesos-the-beauty-of-destruction#primaryimage"},"image":{"@id":"https:\/\/edition.lammerhuber.at\/en\/books\/ephesos-the-beauty-of-destruction#primaryimage"},"thumbnailUrl":"https:\/\/edition.lammerhuber.at\/app\/uploads\/2013\/10\/ephesos_hardcover.png","datePublished":"2013-10-12T11:43:50+00:00","dateModified":"2020-11-12T12:46:03+00:00","breadcrumb":{"@id":"https:\/\/edition.lammerhuber.at\/en\/books\/ephesos-the-beauty-of-destruction#breadcrumb"},"inLanguage":"en-US","potentialAction":[{"@type":"ReadAction","target":["https:\/\/edition.lammerhuber.at\/en\/books\/ephesos-the-beauty-of-destruction"]}]},{"@type":"ImageObject","inLanguage":"en-US","@id":"https:\/\/edition.lammerhuber.at\/en\/books\/ephesos-the-beauty-of-destruction#primaryimage","url":"https:\/\/edition.lammerhuber.at\/app\/uploads\/2013\/10\/ephesos_hardcover.png","contentUrl":"https:\/\/edition.lammerhuber.at\/app\/uploads\/2013\/10\/ephesos_hardcover.png","width":317,"height":339},{"@type":"BreadcrumbList","@id":"https:\/\/edition.lammerhuber.at\/en\/books\/ephesos-the-beauty-of-destruction#breadcrumb","itemListElement":[{"@type":"ListItem","position":1,"name":"Home","item":"https:\/\/edition.lammerhuber.at\/en"},{"@type":"ListItem","position":2,"name":"Ephesos &#8211; The Beauty of Destruction"}]},{"@type":"WebSite","@id":"https:\/\/edition.lammerhuber.at\/en#website","url":"https:\/\/edition.lammerhuber.at\/en","name":"Edition Lammerhuber","description":"Verlag f\u00fcr Fotografie, Kunst, Natur &amp; Wissenschaft","publisher":{"@id":"https:\/\/edition.lammerhuber.at\/en#organization"},"potentialAction":[{"@type":"SearchAction","target":{"@type":"EntryPoint","urlTemplate":"https:\/\/edition.lammerhuber.at\/en?s={search_term_string}"},"query-input":{"@type":"PropertyValueSpecification","valueRequired":true,"valueName":"search_term_string"}}],"inLanguage":"en-US"},{"@type":"Organization","@id":"https:\/\/edition.lammerhuber.at\/en#organization","name":"Edition Lammerhuber","url":"https:\/\/edition.lammerhuber.at\/en","logo":{"@type":"ImageObject","inLanguage":"en-US","@id":"https:\/\/edition.lammerhuber.at\/en#\/schema\/logo\/image\/","url":"","contentUrl":"","caption":"Edition Lammerhuber"},"image":{"@id":"https:\/\/edition.lammerhuber.at\/en#\/schema\/logo\/image\/"}}]}},"_links":{"self":[{"href":"https:\/\/edition.lammerhuber.at\/en\/wp-json\/wp\/v2\/product\/2699","targetHints":{"allow":["GET"]}}],"collection":[{"href":"https:\/\/edition.lammerhuber.at\/en\/wp-json\/wp\/v2\/product"}],"about":[{"href":"https:\/\/edition.lammerhuber.at\/en\/wp-json\/wp\/v2\/types\/product"}],"wp:featuredmedia":[{"embeddable":true,"href":"https:\/\/edition.lammerhuber.at\/en\/wp-json\/wp\/v2\/media\/2664"}],"wp:attachment":[{"href":"https:\/\/edition.lammerhuber.at\/en\/wp-json\/wp\/v2\/media?parent=2699"}],"wp:term":[{"taxonomy":"product_brand","embeddable":true,"href":"https:\/\/edition.lammerhuber.at\/en\/wp-json\/wp\/v2\/product_brand?post=2699"},{"taxonomy":"product_cat","embeddable":true,"href":"https:\/\/edition.lammerhuber.at\/en\/wp-json\/wp\/v2\/product_cat?post=2699"},{"taxonomy":"product_tag","embeddable":true,"href":"https:\/\/edition.lammerhuber.at\/en\/wp-json\/wp\/v2\/product_tag?post=2699"}],"curies":[{"name":"wp","href":"https:\/\/api.w.org\/{rel}","templated":true}]}}