{"id":2635,"date":"2017-02-12T13:43:50","date_gmt":"2017-02-12T12:43:50","guid":{"rendered":"https:\/\/edition2.lammerhuber.at\/shop\/shaded-memories"},"modified":"2020-11-12T13:51:07","modified_gmt":"2020-11-12T12:51:07","slug":"shaded-memories","status":"publish","type":"product","link":"https:\/\/edition.lammerhuber.at\/en\/books\/shaded-memories","title":{"rendered":"Shaded Memories"},"content":{"rendered":"<p>During the four years of dictatorship of Pol Pot and the Khmer Rouge nearly two million people were killed. This is a quarter of the Cambodian population. In a very personal reflection on this genocide, Ann-Christine Woehrl\u2019s photographs present fragments of the places that remind us of these atrocities. The texts were created in a collaboration of Ann-Christine Woehrl with Rithy Panh, Anne-Laure Por\u00e9e and St\u00e9phanie Benzaquen-Gautier: The photo as instrument during the times of the Khmer Rouge and as a remnant of the genocide today. With a preface by Frank-Walter Steinmeier, former Foreign Minister of Germany.<\/p>\n","protected":false},"excerpt":{"rendered":"<p>In an inimitable approach this book reveals the fading traces of the darkest moments in the history of Cambodia. Ann-Christine Woehrl\u2019s sensitive pictures take you to the sites of terror during the dictatorship of Pol Pot and the Khmer Rouge, the lingering memories of the genocide: prison S-21, the Killing Fields, the UN Tribunal in Phnom Penh.<\/p>\n<p><strong>Ann-Christine Woehrl<\/strong><br \/>\n<strong>Frank-Walter Steinmeier, St\u00e9phanie Benzaquen-Gautier,<\/strong><br \/>\n<strong>Visoth Chhay, Christine Kron, Rithy Panh, Anne-Laure Por\u00e9e<\/strong><\/p>\n<p>22,5 \u00d7 27,5 cm<br \/>\n132 pages<br \/>\n89 photos<br \/>\nEnglish, german<br \/>\nHardcover with mounted photograph<br \/>\nISBN 978-3-903101-20-3<br \/>\nFebruary 2017<\/p>\n","protected":false},"featured_media":2594,"template":"","meta":{"_acf_changed":false},"product_brand":[],"product_cat":[36],"product_tag":[593,553,453,548],"class_list":{"0":"post-2635","1":"product","2":"type-product","3":"status-publish","4":"has-post-thumbnail","6":"product_cat-photography","7":"product_tag-asia","8":"product_tag-cambodia","9":"product_tag-conflict","10":"product_tag-history","11":"pa_buchautor-ann-christine-woehrl-en","12":"pa_buchautor-anne-laure-poree-en","13":"pa_buchautor-christine-kron-en","14":"pa_buchautor-frank-walter-steinmeier-en","15":"pa_buchautor-rithy-panh-en","16":"pa_buchautor-stephanie-benzaquen-gautier-en","17":"pa_buchautor-visoth-chhay-en","19":"first","20":"instock","21":"sale","22":"shipping-taxable","23":"purchasable","24":"product-type-simple"},"acf":[],"yoast_head":"<!-- This site is optimized with the Yoast SEO plugin v27.2 - https:\/\/yoast.com\/product\/yoast-seo-wordpress\/ -->\n<title>Shaded Memories - Edition Lammerhuber<\/title>\n<meta name=\"robots\" content=\"index, follow, max-snippet:-1, max-image-preview:large, max-video-preview:-1\" \/>\n<link rel=\"canonical\" href=\"https:\/\/edition.lammerhuber.at\/en\/books\/shaded-memories\" \/>\n<meta property=\"og:locale\" content=\"en_US\" \/>\n<meta property=\"og:type\" content=\"article\" \/>\n<meta property=\"og:title\" content=\"Shaded Memories - Edition Lammerhuber\" \/>\n<meta property=\"og:description\" content=\"In an inimitable approach this book reveals the fading traces of the darkest moments in the history of Cambodia. Ann-Christine Woehrl\u2019s sensitive pictures take you to the sites of terror during the dictatorship of Pol Pot and the Khmer Rouge, the lingering memories of the genocide: prison S-21, the Killing Fields, the UN Tribunal in Phnom Penh.  Ann-Christine Woehrl Frank-Walter Steinmeier, St\u00e9phanie Benzaquen-Gautier, Visoth Chhay, Christine Kron, Rithy Panh, Anne-Laure Por\u00e9e  22,5 \u00d7 27,5 cm 132 pages 89 photos English, german Hardcover with mounted photograph ISBN 978-3-903101-20-3 February 2017\" \/>\n<meta property=\"og:url\" content=\"https:\/\/edition.lammerhuber.at\/en\/books\/shaded-memories\" \/>\n<meta property=\"og:site_name\" content=\"Edition Lammerhuber\" \/>\n<meta property=\"article:modified_time\" content=\"2020-11-12T12:51:07+00:00\" \/>\n<meta property=\"og:image\" content=\"https:\/\/edition.lammerhuber.at\/app\/uploads\/2017\/02\/shaded_memories_frenchfold_entwurf.png\" \/>\n\t<meta property=\"og:image:width\" content=\"317\" \/>\n\t<meta property=\"og:image:height\" content=\"369\" \/>\n\t<meta property=\"og:image:type\" content=\"image\/png\" \/>\n<meta name=\"twitter:card\" content=\"summary_large_image\" \/>\n<meta name=\"twitter:label1\" content=\"Est. reading time\" \/>\n\t<meta name=\"twitter:data1\" content=\"1 minute\" \/>\n<script type=\"application\/ld+json\" class=\"yoast-schema-graph\">{\"@context\":\"https:\/\/schema.org\",\"@graph\":[{\"@type\":\"WebPage\",\"@id\":\"https:\/\/edition.lammerhuber.at\/en\/books\/shaded-memories\",\"url\":\"https:\/\/edition.lammerhuber.at\/en\/books\/shaded-memories\",\"name\":\"Shaded Memories - Edition Lammerhuber\",\"isPartOf\":{\"@id\":\"https:\/\/edition.lammerhuber.at\/en#website\"},\"primaryImageOfPage\":{\"@id\":\"https:\/\/edition.lammerhuber.at\/en\/books\/shaded-memories#primaryimage\"},\"image\":{\"@id\":\"https:\/\/edition.lammerhuber.at\/en\/books\/shaded-memories#primaryimage\"},\"thumbnailUrl\":\"https:\/\/edition.lammerhuber.at\/app\/uploads\/2017\/02\/shaded_memories_frenchfold_entwurf.png\",\"datePublished\":\"2017-02-12T12:43:50+00:00\",\"dateModified\":\"2020-11-12T12:51:07+00:00\",\"breadcrumb\":{\"@id\":\"https:\/\/edition.lammerhuber.at\/en\/books\/shaded-memories#breadcrumb\"},\"inLanguage\":\"en-US\",\"potentialAction\":[{\"@type\":\"ReadAction\",\"target\":[\"https:\/\/edition.lammerhuber.at\/en\/books\/shaded-memories\"]}]},{\"@type\":\"ImageObject\",\"inLanguage\":\"en-US\",\"@id\":\"https:\/\/edition.lammerhuber.at\/en\/books\/shaded-memories#primaryimage\",\"url\":\"https:\/\/edition.lammerhuber.at\/app\/uploads\/2017\/02\/shaded_memories_frenchfold_entwurf.png\",\"contentUrl\":\"https:\/\/edition.lammerhuber.at\/app\/uploads\/2017\/02\/shaded_memories_frenchfold_entwurf.png\",\"width\":317,\"height\":369},{\"@type\":\"BreadcrumbList\",\"@id\":\"https:\/\/edition.lammerhuber.at\/en\/books\/shaded-memories#breadcrumb\",\"itemListElement\":[{\"@type\":\"ListItem\",\"position\":1,\"name\":\"Home\",\"item\":\"https:\/\/edition.lammerhuber.at\/en\"},{\"@type\":\"ListItem\",\"position\":2,\"name\":\"Shaded Memories\"}]},{\"@type\":\"WebSite\",\"@id\":\"https:\/\/edition.lammerhuber.at\/en#website\",\"url\":\"https:\/\/edition.lammerhuber.at\/en\",\"name\":\"Edition Lammerhuber\",\"description\":\"Verlag f\u00fcr Fotografie, Kunst, Natur &amp; Wissenschaft\",\"publisher\":{\"@id\":\"https:\/\/edition.lammerhuber.at\/en#organization\"},\"potentialAction\":[{\"@type\":\"SearchAction\",\"target\":{\"@type\":\"EntryPoint\",\"urlTemplate\":\"https:\/\/edition.lammerhuber.at\/en?s={search_term_string}\"},\"query-input\":{\"@type\":\"PropertyValueSpecification\",\"valueRequired\":true,\"valueName\":\"search_term_string\"}}],\"inLanguage\":\"en-US\"},{\"@type\":\"Organization\",\"@id\":\"https:\/\/edition.lammerhuber.at\/en#organization\",\"name\":\"Edition Lammerhuber\",\"url\":\"https:\/\/edition.lammerhuber.at\/en\",\"logo\":{\"@type\":\"ImageObject\",\"inLanguage\":\"en-US\",\"@id\":\"https:\/\/edition.lammerhuber.at\/en#\/schema\/logo\/image\/\",\"url\":\"\",\"contentUrl\":\"\",\"caption\":\"Edition Lammerhuber\"},\"image\":{\"@id\":\"https:\/\/edition.lammerhuber.at\/en#\/schema\/logo\/image\/\"}}]}<\/script>\n<!-- \/ Yoast SEO plugin. -->","yoast_head_json":{"title":"Shaded Memories - Edition Lammerhuber","robots":{"index":"index","follow":"follow","max-snippet":"max-snippet:-1","max-image-preview":"max-image-preview:large","max-video-preview":"max-video-preview:-1"},"canonical":"https:\/\/edition.lammerhuber.at\/en\/books\/shaded-memories","og_locale":"en_US","og_type":"article","og_title":"Shaded Memories - Edition Lammerhuber","og_description":"In an inimitable approach this book reveals the fading traces of the darkest moments in the history of Cambodia. Ann-Christine Woehrl\u2019s sensitive pictures take you to the sites of terror during the dictatorship of Pol Pot and the Khmer Rouge, the lingering memories of the genocide: prison S-21, the Killing Fields, the UN Tribunal in Phnom Penh.  Ann-Christine Woehrl Frank-Walter Steinmeier, St\u00e9phanie Benzaquen-Gautier, Visoth Chhay, Christine Kron, Rithy Panh, Anne-Laure Por\u00e9e  22,5 \u00d7 27,5 cm 132 pages 89 photos English, german Hardcover with mounted photograph ISBN 978-3-903101-20-3 February 2017","og_url":"https:\/\/edition.lammerhuber.at\/en\/books\/shaded-memories","og_site_name":"Edition Lammerhuber","article_modified_time":"2020-11-12T12:51:07+00:00","og_image":[{"width":317,"height":369,"url":"https:\/\/edition.lammerhuber.at\/app\/uploads\/2017\/02\/shaded_memories_frenchfold_entwurf.png","type":"image\/png"}],"twitter_card":"summary_large_image","twitter_misc":{"Est. reading time":"1 minute"},"schema":{"@context":"https:\/\/schema.org","@graph":[{"@type":"WebPage","@id":"https:\/\/edition.lammerhuber.at\/en\/books\/shaded-memories","url":"https:\/\/edition.lammerhuber.at\/en\/books\/shaded-memories","name":"Shaded Memories - Edition Lammerhuber","isPartOf":{"@id":"https:\/\/edition.lammerhuber.at\/en#website"},"primaryImageOfPage":{"@id":"https:\/\/edition.lammerhuber.at\/en\/books\/shaded-memories#primaryimage"},"image":{"@id":"https:\/\/edition.lammerhuber.at\/en\/books\/shaded-memories#primaryimage"},"thumbnailUrl":"https:\/\/edition.lammerhuber.at\/app\/uploads\/2017\/02\/shaded_memories_frenchfold_entwurf.png","datePublished":"2017-02-12T12:43:50+00:00","dateModified":"2020-11-12T12:51:07+00:00","breadcrumb":{"@id":"https:\/\/edition.lammerhuber.at\/en\/books\/shaded-memories#breadcrumb"},"inLanguage":"en-US","potentialAction":[{"@type":"ReadAction","target":["https:\/\/edition.lammerhuber.at\/en\/books\/shaded-memories"]}]},{"@type":"ImageObject","inLanguage":"en-US","@id":"https:\/\/edition.lammerhuber.at\/en\/books\/shaded-memories#primaryimage","url":"https:\/\/edition.lammerhuber.at\/app\/uploads\/2017\/02\/shaded_memories_frenchfold_entwurf.png","contentUrl":"https:\/\/edition.lammerhuber.at\/app\/uploads\/2017\/02\/shaded_memories_frenchfold_entwurf.png","width":317,"height":369},{"@type":"BreadcrumbList","@id":"https:\/\/edition.lammerhuber.at\/en\/books\/shaded-memories#breadcrumb","itemListElement":[{"@type":"ListItem","position":1,"name":"Home","item":"https:\/\/edition.lammerhuber.at\/en"},{"@type":"ListItem","position":2,"name":"Shaded Memories"}]},{"@type":"WebSite","@id":"https:\/\/edition.lammerhuber.at\/en#website","url":"https:\/\/edition.lammerhuber.at\/en","name":"Edition Lammerhuber","description":"Verlag f\u00fcr Fotografie, Kunst, Natur &amp; Wissenschaft","publisher":{"@id":"https:\/\/edition.lammerhuber.at\/en#organization"},"potentialAction":[{"@type":"SearchAction","target":{"@type":"EntryPoint","urlTemplate":"https:\/\/edition.lammerhuber.at\/en?s={search_term_string}"},"query-input":{"@type":"PropertyValueSpecification","valueRequired":true,"valueName":"search_term_string"}}],"inLanguage":"en-US"},{"@type":"Organization","@id":"https:\/\/edition.lammerhuber.at\/en#organization","name":"Edition Lammerhuber","url":"https:\/\/edition.lammerhuber.at\/en","logo":{"@type":"ImageObject","inLanguage":"en-US","@id":"https:\/\/edition.lammerhuber.at\/en#\/schema\/logo\/image\/","url":"","contentUrl":"","caption":"Edition Lammerhuber"},"image":{"@id":"https:\/\/edition.lammerhuber.at\/en#\/schema\/logo\/image\/"}}]}},"_links":{"self":[{"href":"https:\/\/edition.lammerhuber.at\/en\/wp-json\/wp\/v2\/product\/2635","targetHints":{"allow":["GET"]}}],"collection":[{"href":"https:\/\/edition.lammerhuber.at\/en\/wp-json\/wp\/v2\/product"}],"about":[{"href":"https:\/\/edition.lammerhuber.at\/en\/wp-json\/wp\/v2\/types\/product"}],"wp:featuredmedia":[{"embeddable":true,"href":"https:\/\/edition.lammerhuber.at\/en\/wp-json\/wp\/v2\/media\/2594"}],"wp:attachment":[{"href":"https:\/\/edition.lammerhuber.at\/en\/wp-json\/wp\/v2\/media?parent=2635"}],"wp:term":[{"taxonomy":"product_brand","embeddable":true,"href":"https:\/\/edition.lammerhuber.at\/en\/wp-json\/wp\/v2\/product_brand?post=2635"},{"taxonomy":"product_cat","embeddable":true,"href":"https:\/\/edition.lammerhuber.at\/en\/wp-json\/wp\/v2\/product_cat?post=2635"},{"taxonomy":"product_tag","embeddable":true,"href":"https:\/\/edition.lammerhuber.at\/en\/wp-json\/wp\/v2\/product_tag?post=2635"}],"curies":[{"name":"wp","href":"https:\/\/api.w.org\/{rel}","templated":true}]}}