{"id":2458,"date":"2015-09-12T13:43:53","date_gmt":"2015-09-12T11:43:53","guid":{"rendered":"https:\/\/edition2.lammerhuber.at\/shop\/sessions-fetisch-in-deutschland"},"modified":"2020-11-12T15:42:01","modified_gmt":"2020-11-12T14:42:01","slug":"sessions-fetisch-in-deutschland","status":"publish","type":"product","link":"https:\/\/edition.lammerhuber.at\/en\/books\/sessions-fetisch-in-deutschland","title":{"rendered":"SESSIONS &#8211; Fetisch in Deutschland"},"content":{"rendered":"<p>\u201cYou have to imagine human desires as a sea of multicoloured marbles. Impossible to count them all. And you keep finding one that you did not know before.\u201d <em>Nora Gantenbrink<\/em><\/p>\n<p>In his book <em>SESSIONS<\/em> photographer Florian M\u00fcller takes us on a journey across Germany and advances to the core, to primeval desires and needs of the human existence. The general image of fetishist sexuality is dominated by violent fantasies, latex and leather, but the real diversity is much greater. M\u00fcller\u2019s pictures are only black and white at first glance. If you look closely, you notice shades of grey and other nuances. He worked on the so-called Candy Crush Project for several years, an unusual photographic work on fetishism in Germany. He encountered people often thought of as \u2018perverse\u2019. But no one in this volume wanted to be denounced as \u2018sick\u2019 or be socially stigmatized. For them their individual fetish allowed them a more fulfilled life, some claimed to have found \u2018themselves\u2019 in this way. Sometimes it took weeks before they trusted him and let him in on their so-called sessions, their sexual games. Florian M\u00fcller did not abuse their trust. He took the people in front of his camera seriously, did not serve any clich\u00e9s. His pictures are not revolting, but close, almost tender. When a domina embraces her guest. When an early retiree finds fulfilment in a vacuum bed. When a man who likes to take on the role of a horse turns totally calm. M\u00fcller says: \u201cMost sessions are shockingly harmless. What the people whose stories are shown in my pictures have in common is a meaningful quest for elementary human needs, such as freedom, warmth and comfort, maybe even happiness.\u201d<\/p>\n","protected":false},"excerpt":{"rendered":"<p>In this empathetic and award winning photographic work on sexual fetish in Germany, Florian M\u00fcller takes us on a journey to the core, to primeval desires and needs of the human existence.<\/p>\n<p><strong>Florian M\u00fcller<\/strong><br \/>\n<strong>Nora Gantenbrink<\/strong><\/p>\n<p>22,5 \u00d7 27,5 cm<br \/>\n160 pages<br \/>\n68 photographs<br \/>\nEnglish, german<br \/>\nHardcover, bound in linen, open spine<br \/>\nISBN 978-3-901753-95-4<br \/>\nSeptember 2015<\/p>\n<p>Limited, numbered and signed edition of 1,000 copies<\/p>\n","protected":false},"featured_media":2433,"template":"","meta":{"_acf_changed":false},"product_brand":[],"product_cat":[37,36],"product_tag":[411,565,569],"class_list":{"0":"post-2458","1":"product","2":"type-product","3":"status-publish","4":"has-post-thumbnail","6":"product_cat-art","7":"product_cat-photography","8":"product_tag-fine-art-en","9":"product_tag-reportage-en","10":"product_tag-sexuality","11":"pa_buchautor-florian-mueller-en","12":"pa_buchautor-nora-gantenbrink-en","14":"first","15":"instock","16":"sale","17":"shipping-taxable","18":"purchasable","19":"product-type-simple"},"acf":[],"yoast_head":"<!-- This site is optimized with the Yoast SEO plugin v27.2 - https:\/\/yoast.com\/product\/yoast-seo-wordpress\/ -->\n<title>SESSIONS - Fetisch in Deutschland - Edition Lammerhuber<\/title>\n<meta name=\"robots\" content=\"index, follow, max-snippet:-1, max-image-preview:large, max-video-preview:-1\" \/>\n<link rel=\"canonical\" href=\"https:\/\/edition.lammerhuber.at\/en\/books\/sessions-fetisch-in-deutschland\" \/>\n<meta property=\"og:locale\" content=\"en_US\" \/>\n<meta property=\"og:type\" content=\"article\" \/>\n<meta property=\"og:title\" content=\"SESSIONS - Fetisch in Deutschland - Edition Lammerhuber\" \/>\n<meta property=\"og:description\" content=\"In this empathetic and award winning photographic work on sexual fetish in Germany, Florian M\u00fcller takes us on a journey to the core, to primeval desires and needs of the human existence.  Florian M\u00fcller Nora Gantenbrink  22,5 \u00d7 27,5 cm 160 pages 68 photographs English, german Hardcover, bound in linen, open spine ISBN 978-3-901753-95-4 September 2015  Limited, numbered and signed edition of 1,000 copies\" \/>\n<meta property=\"og:url\" content=\"https:\/\/edition.lammerhuber.at\/en\/books\/sessions-fetisch-in-deutschland\" \/>\n<meta property=\"og:site_name\" content=\"Edition Lammerhuber\" \/>\n<meta property=\"article:modified_time\" content=\"2020-11-12T14:42:01+00:00\" \/>\n<meta property=\"og:image\" content=\"https:\/\/edition.lammerhuber.at\/app\/uploads\/2015\/09\/sessions_offen_gebunden.png\" \/>\n\t<meta property=\"og:image:width\" content=\"317\" \/>\n\t<meta property=\"og:image:height\" content=\"368\" \/>\n\t<meta property=\"og:image:type\" content=\"image\/png\" \/>\n<meta name=\"twitter:card\" content=\"summary_large_image\" \/>\n<meta name=\"twitter:label1\" content=\"Est. reading time\" \/>\n\t<meta name=\"twitter:data1\" content=\"1 minute\" \/>\n<script type=\"application\/ld+json\" class=\"yoast-schema-graph\">{\"@context\":\"https:\/\/schema.org\",\"@graph\":[{\"@type\":\"WebPage\",\"@id\":\"https:\/\/edition.lammerhuber.at\/en\/books\/sessions-fetisch-in-deutschland\",\"url\":\"https:\/\/edition.lammerhuber.at\/en\/books\/sessions-fetisch-in-deutschland\",\"name\":\"SESSIONS - Fetisch in Deutschland - Edition Lammerhuber\",\"isPartOf\":{\"@id\":\"https:\/\/edition.lammerhuber.at\/en#website\"},\"primaryImageOfPage\":{\"@id\":\"https:\/\/edition.lammerhuber.at\/en\/books\/sessions-fetisch-in-deutschland#primaryimage\"},\"image\":{\"@id\":\"https:\/\/edition.lammerhuber.at\/en\/books\/sessions-fetisch-in-deutschland#primaryimage\"},\"thumbnailUrl\":\"https:\/\/edition.lammerhuber.at\/app\/uploads\/2015\/09\/sessions_offen_gebunden.png\",\"datePublished\":\"2015-09-12T11:43:53+00:00\",\"dateModified\":\"2020-11-12T14:42:01+00:00\",\"breadcrumb\":{\"@id\":\"https:\/\/edition.lammerhuber.at\/en\/books\/sessions-fetisch-in-deutschland#breadcrumb\"},\"inLanguage\":\"en-US\",\"potentialAction\":[{\"@type\":\"ReadAction\",\"target\":[\"https:\/\/edition.lammerhuber.at\/en\/books\/sessions-fetisch-in-deutschland\"]}]},{\"@type\":\"ImageObject\",\"inLanguage\":\"en-US\",\"@id\":\"https:\/\/edition.lammerhuber.at\/en\/books\/sessions-fetisch-in-deutschland#primaryimage\",\"url\":\"https:\/\/edition.lammerhuber.at\/app\/uploads\/2015\/09\/sessions_offen_gebunden.png\",\"contentUrl\":\"https:\/\/edition.lammerhuber.at\/app\/uploads\/2015\/09\/sessions_offen_gebunden.png\",\"width\":317,\"height\":368},{\"@type\":\"BreadcrumbList\",\"@id\":\"https:\/\/edition.lammerhuber.at\/en\/books\/sessions-fetisch-in-deutschland#breadcrumb\",\"itemListElement\":[{\"@type\":\"ListItem\",\"position\":1,\"name\":\"Home\",\"item\":\"https:\/\/edition.lammerhuber.at\/en\"},{\"@type\":\"ListItem\",\"position\":2,\"name\":\"SESSIONS &#8211; Fetisch in Deutschland\"}]},{\"@type\":\"WebSite\",\"@id\":\"https:\/\/edition.lammerhuber.at\/en#website\",\"url\":\"https:\/\/edition.lammerhuber.at\/en\",\"name\":\"Edition Lammerhuber\",\"description\":\"Verlag f\u00fcr Fotografie, Kunst, Natur &amp; Wissenschaft\",\"publisher\":{\"@id\":\"https:\/\/edition.lammerhuber.at\/en#organization\"},\"potentialAction\":[{\"@type\":\"SearchAction\",\"target\":{\"@type\":\"EntryPoint\",\"urlTemplate\":\"https:\/\/edition.lammerhuber.at\/en?s={search_term_string}\"},\"query-input\":{\"@type\":\"PropertyValueSpecification\",\"valueRequired\":true,\"valueName\":\"search_term_string\"}}],\"inLanguage\":\"en-US\"},{\"@type\":\"Organization\",\"@id\":\"https:\/\/edition.lammerhuber.at\/en#organization\",\"name\":\"Edition Lammerhuber\",\"url\":\"https:\/\/edition.lammerhuber.at\/en\",\"logo\":{\"@type\":\"ImageObject\",\"inLanguage\":\"en-US\",\"@id\":\"https:\/\/edition.lammerhuber.at\/en#\/schema\/logo\/image\/\",\"url\":\"\",\"contentUrl\":\"\",\"caption\":\"Edition Lammerhuber\"},\"image\":{\"@id\":\"https:\/\/edition.lammerhuber.at\/en#\/schema\/logo\/image\/\"}}]}<\/script>\n<!-- \/ Yoast SEO plugin. -->","yoast_head_json":{"title":"SESSIONS - Fetisch in Deutschland - Edition Lammerhuber","robots":{"index":"index","follow":"follow","max-snippet":"max-snippet:-1","max-image-preview":"max-image-preview:large","max-video-preview":"max-video-preview:-1"},"canonical":"https:\/\/edition.lammerhuber.at\/en\/books\/sessions-fetisch-in-deutschland","og_locale":"en_US","og_type":"article","og_title":"SESSIONS - Fetisch in Deutschland - Edition Lammerhuber","og_description":"In this empathetic and award winning photographic work on sexual fetish in Germany, Florian M\u00fcller takes us on a journey to the core, to primeval desires and needs of the human existence.  Florian M\u00fcller Nora Gantenbrink  22,5 \u00d7 27,5 cm 160 pages 68 photographs English, german Hardcover, bound in linen, open spine ISBN 978-3-901753-95-4 September 2015  Limited, numbered and signed edition of 1,000 copies","og_url":"https:\/\/edition.lammerhuber.at\/en\/books\/sessions-fetisch-in-deutschland","og_site_name":"Edition Lammerhuber","article_modified_time":"2020-11-12T14:42:01+00:00","og_image":[{"width":317,"height":368,"url":"https:\/\/edition.lammerhuber.at\/app\/uploads\/2015\/09\/sessions_offen_gebunden.png","type":"image\/png"}],"twitter_card":"summary_large_image","twitter_misc":{"Est. reading time":"1 minute"},"schema":{"@context":"https:\/\/schema.org","@graph":[{"@type":"WebPage","@id":"https:\/\/edition.lammerhuber.at\/en\/books\/sessions-fetisch-in-deutschland","url":"https:\/\/edition.lammerhuber.at\/en\/books\/sessions-fetisch-in-deutschland","name":"SESSIONS - Fetisch in Deutschland - Edition Lammerhuber","isPartOf":{"@id":"https:\/\/edition.lammerhuber.at\/en#website"},"primaryImageOfPage":{"@id":"https:\/\/edition.lammerhuber.at\/en\/books\/sessions-fetisch-in-deutschland#primaryimage"},"image":{"@id":"https:\/\/edition.lammerhuber.at\/en\/books\/sessions-fetisch-in-deutschland#primaryimage"},"thumbnailUrl":"https:\/\/edition.lammerhuber.at\/app\/uploads\/2015\/09\/sessions_offen_gebunden.png","datePublished":"2015-09-12T11:43:53+00:00","dateModified":"2020-11-12T14:42:01+00:00","breadcrumb":{"@id":"https:\/\/edition.lammerhuber.at\/en\/books\/sessions-fetisch-in-deutschland#breadcrumb"},"inLanguage":"en-US","potentialAction":[{"@type":"ReadAction","target":["https:\/\/edition.lammerhuber.at\/en\/books\/sessions-fetisch-in-deutschland"]}]},{"@type":"ImageObject","inLanguage":"en-US","@id":"https:\/\/edition.lammerhuber.at\/en\/books\/sessions-fetisch-in-deutschland#primaryimage","url":"https:\/\/edition.lammerhuber.at\/app\/uploads\/2015\/09\/sessions_offen_gebunden.png","contentUrl":"https:\/\/edition.lammerhuber.at\/app\/uploads\/2015\/09\/sessions_offen_gebunden.png","width":317,"height":368},{"@type":"BreadcrumbList","@id":"https:\/\/edition.lammerhuber.at\/en\/books\/sessions-fetisch-in-deutschland#breadcrumb","itemListElement":[{"@type":"ListItem","position":1,"name":"Home","item":"https:\/\/edition.lammerhuber.at\/en"},{"@type":"ListItem","position":2,"name":"SESSIONS &#8211; Fetisch in Deutschland"}]},{"@type":"WebSite","@id":"https:\/\/edition.lammerhuber.at\/en#website","url":"https:\/\/edition.lammerhuber.at\/en","name":"Edition Lammerhuber","description":"Verlag f\u00fcr Fotografie, Kunst, Natur &amp; Wissenschaft","publisher":{"@id":"https:\/\/edition.lammerhuber.at\/en#organization"},"potentialAction":[{"@type":"SearchAction","target":{"@type":"EntryPoint","urlTemplate":"https:\/\/edition.lammerhuber.at\/en?s={search_term_string}"},"query-input":{"@type":"PropertyValueSpecification","valueRequired":true,"valueName":"search_term_string"}}],"inLanguage":"en-US"},{"@type":"Organization","@id":"https:\/\/edition.lammerhuber.at\/en#organization","name":"Edition Lammerhuber","url":"https:\/\/edition.lammerhuber.at\/en","logo":{"@type":"ImageObject","inLanguage":"en-US","@id":"https:\/\/edition.lammerhuber.at\/en#\/schema\/logo\/image\/","url":"","contentUrl":"","caption":"Edition Lammerhuber"},"image":{"@id":"https:\/\/edition.lammerhuber.at\/en#\/schema\/logo\/image\/"}}]}},"_links":{"self":[{"href":"https:\/\/edition.lammerhuber.at\/en\/wp-json\/wp\/v2\/product\/2458","targetHints":{"allow":["GET"]}}],"collection":[{"href":"https:\/\/edition.lammerhuber.at\/en\/wp-json\/wp\/v2\/product"}],"about":[{"href":"https:\/\/edition.lammerhuber.at\/en\/wp-json\/wp\/v2\/types\/product"}],"wp:featuredmedia":[{"embeddable":true,"href":"https:\/\/edition.lammerhuber.at\/en\/wp-json\/wp\/v2\/media\/2433"}],"wp:attachment":[{"href":"https:\/\/edition.lammerhuber.at\/en\/wp-json\/wp\/v2\/media?parent=2458"}],"wp:term":[{"taxonomy":"product_brand","embeddable":true,"href":"https:\/\/edition.lammerhuber.at\/en\/wp-json\/wp\/v2\/product_brand?post=2458"},{"taxonomy":"product_cat","embeddable":true,"href":"https:\/\/edition.lammerhuber.at\/en\/wp-json\/wp\/v2\/product_cat?post=2458"},{"taxonomy":"product_tag","embeddable":true,"href":"https:\/\/edition.lammerhuber.at\/en\/wp-json\/wp\/v2\/product_tag?post=2458"}],"curies":[{"name":"wp","href":"https:\/\/api.w.org\/{rel}","templated":true}]}}