{"id":2201,"date":"2017-10-19T16:28:28","date_gmt":"2017-10-19T14:28:28","guid":{"rendered":"https:\/\/edition2.lammerhuber.at\/shop\/ausseer-land-sehnsucht"},"modified":"2020-11-30T13:30:25","modified_gmt":"2020-11-30T12:30:25","slug":"ausseer-land-sehnsucht","status":"publish","type":"product","link":"https:\/\/edition.lammerhuber.at\/en\/books\/ausseer-land-sehnsucht","title":{"rendered":"Ausseer Land Sehnsucht"},"content":{"rendered":"<p>Das Ausseerland ist eine Kleinregion im Steirischen Salzkammergut. Gepr\u00e4gt wird es von zahlreichen Seen und den umliegenden Bergmassiven \u2013 so hei\u00dft es in der Sprache Wikipedias. Die Sprache Stephan Mussils ist die des Sehens und des Findens, des Umsetzens von Sch\u00f6pfung und Zerst\u00f6rung, von Gef\u00fchlen und Stimmungen. Selbstsicher und voll Zuneigung zugleich bewegt sich Mussil in einer Gegend, die er seit Kindesbeinen kennt. Die Magie des Ausseerlandes beschreibt er als seine ganz pers\u00f6nliche Seh(n)-Sucht. Die Ergebnisse seiner Sucht nach dieser Wunderwelt zeigt er in den Bildern dieses Buches.<\/p>\n<p>Begleitet werden Mussils Fotografien von Texten von Franzobel und Gerhard Plasonig sowie einem Vorwort von Klaus Maria Brandauer.<\/p>\n","protected":false},"excerpt":{"rendered":"<p>Wirklichkeit ist nicht genug, Zauber tut not. Das Eintauchen in die Bilderwelten von Stephan Mussil bedeutet das Erleben von Natur pur! Dieses Fotobuch zeigt eindr\u00fccklich die Magie des Ausseerlandes.<\/p>\n<p><strong>Stephan Mussil<\/strong><br \/>\n<strong>Franzobel<\/strong><br \/>\n<strong>Gerhard Plasonig<\/strong><br \/>\n<strong>Klaus Maria Brandauer<\/strong><\/p>\n<p>25,5 \u00d7 30 cm<br \/>\n112 Seiten, 59 Fotos<br \/>\nDeutsch<br \/>\nHardcover, Leinen gebunden,<br \/>\nFrench-Fold-Schutzumschlag<br \/>\nISBN 978-3-903101-41-8<\/p>\n","protected":false},"featured_media":2184,"template":"","meta":{"_acf_changed":false},"product_brand":[],"product_cat":[420],"product_tag":[],"class_list":{"0":"post-2201","1":"product","2":"type-product","3":"status-publish","4":"has-post-thumbnail","6":"product_cat-archive","7":"pa_buchautor-franzobel-en","8":"pa_buchautor-gerhard-plasonig-en","9":"pa_buchautor-klaus-maria-brandauer-en","10":"pa_buchautor-stephan-mussil-en-2","12":"first","13":"outofstock","14":"shipping-taxable","15":"purchasable","16":"product-type-simple"},"acf":[],"yoast_head":"<!-- This site is optimized with the Yoast SEO plugin v27.2 - https:\/\/yoast.com\/product\/yoast-seo-wordpress\/ -->\n<title>Ausseer Land Sehnsucht - Edition Lammerhuber<\/title>\n<meta name=\"robots\" content=\"index, follow, max-snippet:-1, max-image-preview:large, max-video-preview:-1\" \/>\n<link rel=\"canonical\" href=\"https:\/\/edition.lammerhuber.at\/en\/books\/ausseer-land-sehnsucht\" \/>\n<meta property=\"og:locale\" content=\"en_US\" \/>\n<meta property=\"og:type\" content=\"article\" \/>\n<meta property=\"og:title\" content=\"Ausseer Land Sehnsucht - Edition Lammerhuber\" \/>\n<meta property=\"og:description\" content=\"Wirklichkeit ist nicht genug, Zauber tut not. Das Eintauchen in die Bilderwelten von Stephan Mussil bedeutet das Erleben von Natur pur! Dieses Fotobuch zeigt eindr\u00fccklich die Magie des Ausseerlandes.  Stephan Mussil Franzobel Gerhard Plasonig Klaus Maria Brandauer  25,5 \u00d7 30 cm 112 Seiten, 59 Fotos Deutsch Hardcover, Leinen gebunden, French-Fold-Schutzumschlag ISBN 978-3-903101-41-8\" \/>\n<meta property=\"og:url\" content=\"https:\/\/edition.lammerhuber.at\/en\/books\/ausseer-land-sehnsucht\" \/>\n<meta property=\"og:site_name\" content=\"Edition Lammerhuber\" \/>\n<meta property=\"article:modified_time\" content=\"2020-11-30T12:30:25+00:00\" \/>\n<meta property=\"og:image\" content=\"https:\/\/edition.lammerhuber.at\/app\/uploads\/2017\/10\/ausseer_land_frenchfold.png\" \/>\n\t<meta property=\"og:image:width\" content=\"311\" \/>\n\t<meta property=\"og:image:height\" content=\"414\" \/>\n\t<meta property=\"og:image:type\" content=\"image\/png\" \/>\n<meta name=\"twitter:card\" content=\"summary_large_image\" \/>\n<meta name=\"twitter:label1\" content=\"Est. reading time\" \/>\n\t<meta name=\"twitter:data1\" content=\"1 minute\" \/>\n<script type=\"application\/ld+json\" class=\"yoast-schema-graph\">{\"@context\":\"https:\/\/schema.org\",\"@graph\":[{\"@type\":\"WebPage\",\"@id\":\"https:\/\/edition.lammerhuber.at\/en\/books\/ausseer-land-sehnsucht\",\"url\":\"https:\/\/edition.lammerhuber.at\/en\/books\/ausseer-land-sehnsucht\",\"name\":\"Ausseer Land Sehnsucht - Edition Lammerhuber\",\"isPartOf\":{\"@id\":\"https:\/\/edition.lammerhuber.at\/en#website\"},\"primaryImageOfPage\":{\"@id\":\"https:\/\/edition.lammerhuber.at\/en\/books\/ausseer-land-sehnsucht#primaryimage\"},\"image\":{\"@id\":\"https:\/\/edition.lammerhuber.at\/en\/books\/ausseer-land-sehnsucht#primaryimage\"},\"thumbnailUrl\":\"https:\/\/edition.lammerhuber.at\/app\/uploads\/2017\/10\/ausseer_land_frenchfold.png\",\"datePublished\":\"2017-10-19T14:28:28+00:00\",\"dateModified\":\"2020-11-30T12:30:25+00:00\",\"breadcrumb\":{\"@id\":\"https:\/\/edition.lammerhuber.at\/en\/books\/ausseer-land-sehnsucht#breadcrumb\"},\"inLanguage\":\"en-US\",\"potentialAction\":[{\"@type\":\"ReadAction\",\"target\":[\"https:\/\/edition.lammerhuber.at\/en\/books\/ausseer-land-sehnsucht\"]}]},{\"@type\":\"ImageObject\",\"inLanguage\":\"en-US\",\"@id\":\"https:\/\/edition.lammerhuber.at\/en\/books\/ausseer-land-sehnsucht#primaryimage\",\"url\":\"https:\/\/edition.lammerhuber.at\/app\/uploads\/2017\/10\/ausseer_land_frenchfold.png\",\"contentUrl\":\"https:\/\/edition.lammerhuber.at\/app\/uploads\/2017\/10\/ausseer_land_frenchfold.png\",\"width\":311,\"height\":414},{\"@type\":\"BreadcrumbList\",\"@id\":\"https:\/\/edition.lammerhuber.at\/en\/books\/ausseer-land-sehnsucht#breadcrumb\",\"itemListElement\":[{\"@type\":\"ListItem\",\"position\":1,\"name\":\"Home\",\"item\":\"https:\/\/edition.lammerhuber.at\/en\"},{\"@type\":\"ListItem\",\"position\":2,\"name\":\"Ausseer Land Sehnsucht\"}]},{\"@type\":\"WebSite\",\"@id\":\"https:\/\/edition.lammerhuber.at\/en#website\",\"url\":\"https:\/\/edition.lammerhuber.at\/en\",\"name\":\"Edition Lammerhuber\",\"description\":\"Verlag f\u00fcr Fotografie, Kunst, Natur &amp; Wissenschaft\",\"publisher\":{\"@id\":\"https:\/\/edition.lammerhuber.at\/en#organization\"},\"potentialAction\":[{\"@type\":\"SearchAction\",\"target\":{\"@type\":\"EntryPoint\",\"urlTemplate\":\"https:\/\/edition.lammerhuber.at\/en?s={search_term_string}\"},\"query-input\":{\"@type\":\"PropertyValueSpecification\",\"valueRequired\":true,\"valueName\":\"search_term_string\"}}],\"inLanguage\":\"en-US\"},{\"@type\":\"Organization\",\"@id\":\"https:\/\/edition.lammerhuber.at\/en#organization\",\"name\":\"Edition Lammerhuber\",\"url\":\"https:\/\/edition.lammerhuber.at\/en\",\"logo\":{\"@type\":\"ImageObject\",\"inLanguage\":\"en-US\",\"@id\":\"https:\/\/edition.lammerhuber.at\/en#\/schema\/logo\/image\/\",\"url\":\"\",\"contentUrl\":\"\",\"caption\":\"Edition Lammerhuber\"},\"image\":{\"@id\":\"https:\/\/edition.lammerhuber.at\/en#\/schema\/logo\/image\/\"}}]}<\/script>\n<!-- \/ Yoast SEO plugin. -->","yoast_head_json":{"title":"Ausseer Land Sehnsucht - Edition Lammerhuber","robots":{"index":"index","follow":"follow","max-snippet":"max-snippet:-1","max-image-preview":"max-image-preview:large","max-video-preview":"max-video-preview:-1"},"canonical":"https:\/\/edition.lammerhuber.at\/en\/books\/ausseer-land-sehnsucht","og_locale":"en_US","og_type":"article","og_title":"Ausseer Land Sehnsucht - Edition Lammerhuber","og_description":"Wirklichkeit ist nicht genug, Zauber tut not. Das Eintauchen in die Bilderwelten von Stephan Mussil bedeutet das Erleben von Natur pur! Dieses Fotobuch zeigt eindr\u00fccklich die Magie des Ausseerlandes.  Stephan Mussil Franzobel Gerhard Plasonig Klaus Maria Brandauer  25,5 \u00d7 30 cm 112 Seiten, 59 Fotos Deutsch Hardcover, Leinen gebunden, French-Fold-Schutzumschlag ISBN 978-3-903101-41-8","og_url":"https:\/\/edition.lammerhuber.at\/en\/books\/ausseer-land-sehnsucht","og_site_name":"Edition Lammerhuber","article_modified_time":"2020-11-30T12:30:25+00:00","og_image":[{"width":311,"height":414,"url":"https:\/\/edition.lammerhuber.at\/app\/uploads\/2017\/10\/ausseer_land_frenchfold.png","type":"image\/png"}],"twitter_card":"summary_large_image","twitter_misc":{"Est. reading time":"1 minute"},"schema":{"@context":"https:\/\/schema.org","@graph":[{"@type":"WebPage","@id":"https:\/\/edition.lammerhuber.at\/en\/books\/ausseer-land-sehnsucht","url":"https:\/\/edition.lammerhuber.at\/en\/books\/ausseer-land-sehnsucht","name":"Ausseer Land Sehnsucht - Edition Lammerhuber","isPartOf":{"@id":"https:\/\/edition.lammerhuber.at\/en#website"},"primaryImageOfPage":{"@id":"https:\/\/edition.lammerhuber.at\/en\/books\/ausseer-land-sehnsucht#primaryimage"},"image":{"@id":"https:\/\/edition.lammerhuber.at\/en\/books\/ausseer-land-sehnsucht#primaryimage"},"thumbnailUrl":"https:\/\/edition.lammerhuber.at\/app\/uploads\/2017\/10\/ausseer_land_frenchfold.png","datePublished":"2017-10-19T14:28:28+00:00","dateModified":"2020-11-30T12:30:25+00:00","breadcrumb":{"@id":"https:\/\/edition.lammerhuber.at\/en\/books\/ausseer-land-sehnsucht#breadcrumb"},"inLanguage":"en-US","potentialAction":[{"@type":"ReadAction","target":["https:\/\/edition.lammerhuber.at\/en\/books\/ausseer-land-sehnsucht"]}]},{"@type":"ImageObject","inLanguage":"en-US","@id":"https:\/\/edition.lammerhuber.at\/en\/books\/ausseer-land-sehnsucht#primaryimage","url":"https:\/\/edition.lammerhuber.at\/app\/uploads\/2017\/10\/ausseer_land_frenchfold.png","contentUrl":"https:\/\/edition.lammerhuber.at\/app\/uploads\/2017\/10\/ausseer_land_frenchfold.png","width":311,"height":414},{"@type":"BreadcrumbList","@id":"https:\/\/edition.lammerhuber.at\/en\/books\/ausseer-land-sehnsucht#breadcrumb","itemListElement":[{"@type":"ListItem","position":1,"name":"Home","item":"https:\/\/edition.lammerhuber.at\/en"},{"@type":"ListItem","position":2,"name":"Ausseer Land Sehnsucht"}]},{"@type":"WebSite","@id":"https:\/\/edition.lammerhuber.at\/en#website","url":"https:\/\/edition.lammerhuber.at\/en","name":"Edition Lammerhuber","description":"Verlag f\u00fcr Fotografie, Kunst, Natur &amp; Wissenschaft","publisher":{"@id":"https:\/\/edition.lammerhuber.at\/en#organization"},"potentialAction":[{"@type":"SearchAction","target":{"@type":"EntryPoint","urlTemplate":"https:\/\/edition.lammerhuber.at\/en?s={search_term_string}"},"query-input":{"@type":"PropertyValueSpecification","valueRequired":true,"valueName":"search_term_string"}}],"inLanguage":"en-US"},{"@type":"Organization","@id":"https:\/\/edition.lammerhuber.at\/en#organization","name":"Edition Lammerhuber","url":"https:\/\/edition.lammerhuber.at\/en","logo":{"@type":"ImageObject","inLanguage":"en-US","@id":"https:\/\/edition.lammerhuber.at\/en#\/schema\/logo\/image\/","url":"","contentUrl":"","caption":"Edition Lammerhuber"},"image":{"@id":"https:\/\/edition.lammerhuber.at\/en#\/schema\/logo\/image\/"}}]}},"_links":{"self":[{"href":"https:\/\/edition.lammerhuber.at\/en\/wp-json\/wp\/v2\/product\/2201","targetHints":{"allow":["GET"]}}],"collection":[{"href":"https:\/\/edition.lammerhuber.at\/en\/wp-json\/wp\/v2\/product"}],"about":[{"href":"https:\/\/edition.lammerhuber.at\/en\/wp-json\/wp\/v2\/types\/product"}],"wp:featuredmedia":[{"embeddable":true,"href":"https:\/\/edition.lammerhuber.at\/en\/wp-json\/wp\/v2\/media\/2184"}],"wp:attachment":[{"href":"https:\/\/edition.lammerhuber.at\/en\/wp-json\/wp\/v2\/media?parent=2201"}],"wp:term":[{"taxonomy":"product_brand","embeddable":true,"href":"https:\/\/edition.lammerhuber.at\/en\/wp-json\/wp\/v2\/product_brand?post=2201"},{"taxonomy":"product_cat","embeddable":true,"href":"https:\/\/edition.lammerhuber.at\/en\/wp-json\/wp\/v2\/product_cat?post=2201"},{"taxonomy":"product_tag","embeddable":true,"href":"https:\/\/edition.lammerhuber.at\/en\/wp-json\/wp\/v2\/product_tag?post=2201"}],"curies":[{"name":"wp","href":"https:\/\/api.w.org\/{rel}","templated":true}]}}