{"id":2181,"date":"2016-03-19T16:20:13","date_gmt":"2016-03-19T15:20:13","guid":{"rendered":"https:\/\/edition2.lammerhuber.at\/shop\/cms-the-art-of-science"},"modified":"2020-11-30T13:34:50","modified_gmt":"2020-11-30T12:34:50","slug":"cms-the-art-of-science","status":"publish","type":"product","link":"https:\/\/edition.lammerhuber.at\/en\/books\/cms-the-art-of-science","title":{"rendered":"CMS &#8211; The Art of Science"},"content":{"rendered":"<p>CMS (the Compact Muon Solenoid Experiment) is a scientific apparatus five stories high and 25 m in length, which measures the sub-atomic fragments of the Large Hadron Collider\u2019s (LHC) collisions at CERN to unravel the laws of nature in its tiniest components. In this sense, CMS and LHC form the largest and strongest microscope on earth ever created by man. Michael Hoch takes advantage of his privileged position as scientist and artist \u2018at the heart of the experiment\u2019 to get as close to the essence and aesthetics of this machine as only someone with this dual approach can. The Art of Science is also a tribute to the 10.000+ men and women \u2013 technicians, scientists and engineers \u2013 who made this modern marvel possible. An extraordinary visual document, with specialist texts by four of Michael Hoch\u2019s colleagues and a foreword by Fran\u00e7ois Englert, 2013 Nobel Laureate in Physics and co-discoverer of the Higgs boson.<\/p>\n","protected":false},"excerpt":{"rendered":"<p>The physicist as artist: Michael Hoch photographed the extraordinary science cabinet of wonders CMS (the Compact Muon Solenoid Experiment) at CERN. With a foreword by Fran\u00e7ois Englert, 2013 Nobel Laureate in Physics and co-discoverer of the Higgs boson.<\/p>\n<p><strong>Michael Hoch<\/strong><br \/>\n<strong>Daniel Denegri<\/strong><br \/>\n<strong>Fran\u00e7ois Englert<\/strong><br \/>\n<strong>Stephen Preece<\/strong><br \/>\n<strong>Ian Shipsey<\/strong><br \/>\n<strong>Mick Storr<\/strong><\/p>\n<p>27 \u00d7 27 cm<br \/>\n168 pages<br \/>\n921 photos<br \/>\nEnglish<br \/>\nHardcover, bound in linen,<br \/>\n\u201eFrench Fold\u201c-jacket<br \/>\nISBN 978-3-903101-04-3<\/p>\n","protected":false},"featured_media":2153,"template":"","meta":{"_acf_changed":false},"product_brand":[],"product_cat":[420],"product_tag":[],"class_list":{"0":"post-2181","1":"product","2":"type-product","3":"status-publish","4":"has-post-thumbnail","6":"product_cat-archive","7":"pa_buchautor-daniel-denegri-en","8":"pa_buchautor-francois-englert-en","9":"pa_buchautor-ian-shipsey-en","10":"pa_buchautor-michael-hoch-en","11":"pa_buchautor-mick-storr-en","12":"pa_buchautor-stephen-preece-en","14":"first","15":"outofstock","16":"shipping-taxable","17":"purchasable","18":"product-type-simple"},"acf":[],"yoast_head":"<!-- This site is optimized with the Yoast SEO plugin v27.2 - https:\/\/yoast.com\/product\/yoast-seo-wordpress\/ -->\n<title>CMS - The Art of Science - Edition Lammerhuber<\/title>\n<meta name=\"robots\" content=\"index, follow, max-snippet:-1, max-image-preview:large, max-video-preview:-1\" \/>\n<link rel=\"canonical\" href=\"https:\/\/edition.lammerhuber.at\/en\/books\/cms-the-art-of-science\" \/>\n<meta property=\"og:locale\" content=\"en_US\" \/>\n<meta property=\"og:type\" content=\"article\" \/>\n<meta property=\"og:title\" content=\"CMS - The Art of Science - Edition Lammerhuber\" \/>\n<meta property=\"og:description\" content=\"The physicist as artist: Michael Hoch photographed the extraordinary science cabinet of wonders CMS (the Compact Muon Solenoid Experiment) at CERN. With a foreword by Fran\u00e7ois Englert, 2013 Nobel Laureate in Physics and co-discoverer of the Higgs boson.  Michael Hoch Daniel Denegri Fran\u00e7ois Englert Stephen Preece Ian Shipsey Mick Storr  27 \u00d7 27 cm 168 pages 921 photos English Hardcover, bound in linen, \u201eFrench Fold\u201c-jacket ISBN 978-3-903101-04-3\" \/>\n<meta property=\"og:url\" content=\"https:\/\/edition.lammerhuber.at\/en\/books\/cms-the-art-of-science\" \/>\n<meta property=\"og:site_name\" content=\"Edition Lammerhuber\" \/>\n<meta property=\"article:modified_time\" content=\"2020-11-30T12:34:50+00:00\" \/>\n<meta property=\"og:image\" content=\"https:\/\/edition.lammerhuber.at\/app\/uploads\/2016\/03\/cms_michael_hoch_frenchfold.png\" \/>\n\t<meta property=\"og:image:width\" content=\"317\" \/>\n\t<meta property=\"og:image:height\" content=\"322\" \/>\n\t<meta property=\"og:image:type\" content=\"image\/png\" \/>\n<meta name=\"twitter:card\" content=\"summary_large_image\" \/>\n<meta name=\"twitter:label1\" content=\"Est. reading time\" \/>\n\t<meta name=\"twitter:data1\" content=\"1 minute\" \/>\n<script type=\"application\/ld+json\" class=\"yoast-schema-graph\">{\"@context\":\"https:\/\/schema.org\",\"@graph\":[{\"@type\":\"WebPage\",\"@id\":\"https:\/\/edition.lammerhuber.at\/en\/books\/cms-the-art-of-science\",\"url\":\"https:\/\/edition.lammerhuber.at\/en\/books\/cms-the-art-of-science\",\"name\":\"CMS - The Art of Science - Edition Lammerhuber\",\"isPartOf\":{\"@id\":\"https:\/\/edition.lammerhuber.at\/en#website\"},\"primaryImageOfPage\":{\"@id\":\"https:\/\/edition.lammerhuber.at\/en\/books\/cms-the-art-of-science#primaryimage\"},\"image\":{\"@id\":\"https:\/\/edition.lammerhuber.at\/en\/books\/cms-the-art-of-science#primaryimage\"},\"thumbnailUrl\":\"https:\/\/edition.lammerhuber.at\/app\/uploads\/2016\/03\/cms_michael_hoch_frenchfold.png\",\"datePublished\":\"2016-03-19T15:20:13+00:00\",\"dateModified\":\"2020-11-30T12:34:50+00:00\",\"breadcrumb\":{\"@id\":\"https:\/\/edition.lammerhuber.at\/en\/books\/cms-the-art-of-science#breadcrumb\"},\"inLanguage\":\"en-US\",\"potentialAction\":[{\"@type\":\"ReadAction\",\"target\":[\"https:\/\/edition.lammerhuber.at\/en\/books\/cms-the-art-of-science\"]}]},{\"@type\":\"ImageObject\",\"inLanguage\":\"en-US\",\"@id\":\"https:\/\/edition.lammerhuber.at\/en\/books\/cms-the-art-of-science#primaryimage\",\"url\":\"https:\/\/edition.lammerhuber.at\/app\/uploads\/2016\/03\/cms_michael_hoch_frenchfold.png\",\"contentUrl\":\"https:\/\/edition.lammerhuber.at\/app\/uploads\/2016\/03\/cms_michael_hoch_frenchfold.png\",\"width\":317,\"height\":322},{\"@type\":\"BreadcrumbList\",\"@id\":\"https:\/\/edition.lammerhuber.at\/en\/books\/cms-the-art-of-science#breadcrumb\",\"itemListElement\":[{\"@type\":\"ListItem\",\"position\":1,\"name\":\"Home\",\"item\":\"https:\/\/edition.lammerhuber.at\/en\"},{\"@type\":\"ListItem\",\"position\":2,\"name\":\"CMS &#8211; The Art of Science\"}]},{\"@type\":\"WebSite\",\"@id\":\"https:\/\/edition.lammerhuber.at\/en#website\",\"url\":\"https:\/\/edition.lammerhuber.at\/en\",\"name\":\"Edition Lammerhuber\",\"description\":\"Verlag f\u00fcr Fotografie, Kunst, Natur &amp; Wissenschaft\",\"publisher\":{\"@id\":\"https:\/\/edition.lammerhuber.at\/en#organization\"},\"potentialAction\":[{\"@type\":\"SearchAction\",\"target\":{\"@type\":\"EntryPoint\",\"urlTemplate\":\"https:\/\/edition.lammerhuber.at\/en?s={search_term_string}\"},\"query-input\":{\"@type\":\"PropertyValueSpecification\",\"valueRequired\":true,\"valueName\":\"search_term_string\"}}],\"inLanguage\":\"en-US\"},{\"@type\":\"Organization\",\"@id\":\"https:\/\/edition.lammerhuber.at\/en#organization\",\"name\":\"Edition Lammerhuber\",\"url\":\"https:\/\/edition.lammerhuber.at\/en\",\"logo\":{\"@type\":\"ImageObject\",\"inLanguage\":\"en-US\",\"@id\":\"https:\/\/edition.lammerhuber.at\/en#\/schema\/logo\/image\/\",\"url\":\"\",\"contentUrl\":\"\",\"caption\":\"Edition Lammerhuber\"},\"image\":{\"@id\":\"https:\/\/edition.lammerhuber.at\/en#\/schema\/logo\/image\/\"}}]}<\/script>\n<!-- \/ Yoast SEO plugin. -->","yoast_head_json":{"title":"CMS - The Art of Science - Edition Lammerhuber","robots":{"index":"index","follow":"follow","max-snippet":"max-snippet:-1","max-image-preview":"max-image-preview:large","max-video-preview":"max-video-preview:-1"},"canonical":"https:\/\/edition.lammerhuber.at\/en\/books\/cms-the-art-of-science","og_locale":"en_US","og_type":"article","og_title":"CMS - The Art of Science - Edition Lammerhuber","og_description":"The physicist as artist: Michael Hoch photographed the extraordinary science cabinet of wonders CMS (the Compact Muon Solenoid Experiment) at CERN. With a foreword by Fran\u00e7ois Englert, 2013 Nobel Laureate in Physics and co-discoverer of the Higgs boson.  Michael Hoch Daniel Denegri Fran\u00e7ois Englert Stephen Preece Ian Shipsey Mick Storr  27 \u00d7 27 cm 168 pages 921 photos English Hardcover, bound in linen, \u201eFrench Fold\u201c-jacket ISBN 978-3-903101-04-3","og_url":"https:\/\/edition.lammerhuber.at\/en\/books\/cms-the-art-of-science","og_site_name":"Edition Lammerhuber","article_modified_time":"2020-11-30T12:34:50+00:00","og_image":[{"width":317,"height":322,"url":"https:\/\/edition.lammerhuber.at\/app\/uploads\/2016\/03\/cms_michael_hoch_frenchfold.png","type":"image\/png"}],"twitter_card":"summary_large_image","twitter_misc":{"Est. reading time":"1 minute"},"schema":{"@context":"https:\/\/schema.org","@graph":[{"@type":"WebPage","@id":"https:\/\/edition.lammerhuber.at\/en\/books\/cms-the-art-of-science","url":"https:\/\/edition.lammerhuber.at\/en\/books\/cms-the-art-of-science","name":"CMS - The Art of Science - Edition Lammerhuber","isPartOf":{"@id":"https:\/\/edition.lammerhuber.at\/en#website"},"primaryImageOfPage":{"@id":"https:\/\/edition.lammerhuber.at\/en\/books\/cms-the-art-of-science#primaryimage"},"image":{"@id":"https:\/\/edition.lammerhuber.at\/en\/books\/cms-the-art-of-science#primaryimage"},"thumbnailUrl":"https:\/\/edition.lammerhuber.at\/app\/uploads\/2016\/03\/cms_michael_hoch_frenchfold.png","datePublished":"2016-03-19T15:20:13+00:00","dateModified":"2020-11-30T12:34:50+00:00","breadcrumb":{"@id":"https:\/\/edition.lammerhuber.at\/en\/books\/cms-the-art-of-science#breadcrumb"},"inLanguage":"en-US","potentialAction":[{"@type":"ReadAction","target":["https:\/\/edition.lammerhuber.at\/en\/books\/cms-the-art-of-science"]}]},{"@type":"ImageObject","inLanguage":"en-US","@id":"https:\/\/edition.lammerhuber.at\/en\/books\/cms-the-art-of-science#primaryimage","url":"https:\/\/edition.lammerhuber.at\/app\/uploads\/2016\/03\/cms_michael_hoch_frenchfold.png","contentUrl":"https:\/\/edition.lammerhuber.at\/app\/uploads\/2016\/03\/cms_michael_hoch_frenchfold.png","width":317,"height":322},{"@type":"BreadcrumbList","@id":"https:\/\/edition.lammerhuber.at\/en\/books\/cms-the-art-of-science#breadcrumb","itemListElement":[{"@type":"ListItem","position":1,"name":"Home","item":"https:\/\/edition.lammerhuber.at\/en"},{"@type":"ListItem","position":2,"name":"CMS &#8211; The Art of Science"}]},{"@type":"WebSite","@id":"https:\/\/edition.lammerhuber.at\/en#website","url":"https:\/\/edition.lammerhuber.at\/en","name":"Edition Lammerhuber","description":"Verlag f\u00fcr Fotografie, Kunst, Natur &amp; Wissenschaft","publisher":{"@id":"https:\/\/edition.lammerhuber.at\/en#organization"},"potentialAction":[{"@type":"SearchAction","target":{"@type":"EntryPoint","urlTemplate":"https:\/\/edition.lammerhuber.at\/en?s={search_term_string}"},"query-input":{"@type":"PropertyValueSpecification","valueRequired":true,"valueName":"search_term_string"}}],"inLanguage":"en-US"},{"@type":"Organization","@id":"https:\/\/edition.lammerhuber.at\/en#organization","name":"Edition Lammerhuber","url":"https:\/\/edition.lammerhuber.at\/en","logo":{"@type":"ImageObject","inLanguage":"en-US","@id":"https:\/\/edition.lammerhuber.at\/en#\/schema\/logo\/image\/","url":"","contentUrl":"","caption":"Edition Lammerhuber"},"image":{"@id":"https:\/\/edition.lammerhuber.at\/en#\/schema\/logo\/image\/"}}]}},"_links":{"self":[{"href":"https:\/\/edition.lammerhuber.at\/en\/wp-json\/wp\/v2\/product\/2181","targetHints":{"allow":["GET"]}}],"collection":[{"href":"https:\/\/edition.lammerhuber.at\/en\/wp-json\/wp\/v2\/product"}],"about":[{"href":"https:\/\/edition.lammerhuber.at\/en\/wp-json\/wp\/v2\/types\/product"}],"wp:featuredmedia":[{"embeddable":true,"href":"https:\/\/edition.lammerhuber.at\/en\/wp-json\/wp\/v2\/media\/2153"}],"wp:attachment":[{"href":"https:\/\/edition.lammerhuber.at\/en\/wp-json\/wp\/v2\/media?parent=2181"}],"wp:term":[{"taxonomy":"product_brand","embeddable":true,"href":"https:\/\/edition.lammerhuber.at\/en\/wp-json\/wp\/v2\/product_brand?post=2181"},{"taxonomy":"product_cat","embeddable":true,"href":"https:\/\/edition.lammerhuber.at\/en\/wp-json\/wp\/v2\/product_cat?post=2181"},{"taxonomy":"product_tag","embeddable":true,"href":"https:\/\/edition.lammerhuber.at\/en\/wp-json\/wp\/v2\/product_tag?post=2181"}],"curies":[{"name":"wp","href":"https:\/\/api.w.org\/{rel}","templated":true}]}}