{"id":2110,"date":"2015-10-19T16:05:08","date_gmt":"2015-10-19T14:05:08","guid":{"rendered":"https:\/\/edition2.lammerhuber.at\/shop\/kurt-girk"},"modified":"2020-11-30T13:40:30","modified_gmt":"2020-11-30T12:40:30","slug":"kurt-girk","status":"publish","type":"product","link":"https:\/\/edition.lammerhuber.at\/en\/books\/kurt-girk","title":{"rendered":"Kurt Girk"},"content":{"rendered":"<p>Kein Wienerliedkenner- oder liebhaber, dem dieser Name kein Begriff w\u00e4re. Unter dem Namen \u201eMexikokurtl\u201c wurde er ber\u00fchmt, als \u201eFrank Sinatra von Ottakring\u201c gefeiert. Er gilt als DIE Ikone des Wienerliedes der Gegenwart, und er ist einer der letzten Naturs\u00e4nger Wiens. Der \u201eSir\u201c des Wienerliedes wurde anl\u00e4sslich seines 80. Geburtstages f\u00fcr seine Verdienste um das Wienerlied mit dem Goldenen Rathausmann gew\u00fcrdigt. Dieses Buch ist eine umfassende Darstellung der Pers\u00f6nlichkeit Kurt Girk und ihre Einbettung in den kulturhistorischen Kontext und will dar\u00fcber hinaus die hohe Qualit\u00e4t dieser Musik w\u00fcrdigen, die entgegen vieler Vorurteile in den meisten F\u00e4llen extrem komplex ist und nur noch von wenigen Spitzenmusikern beherrscht und gepflegt wird. Eine Hommage an einen au\u00dfergew\u00f6hnlichen K\u00fcnstler.<\/p>\n","protected":false},"excerpt":{"rendered":"<p><strong>ES IS A OIDE GSCHICHT, A HERZ SO LEICHT ZERBRICHT<\/strong><br \/>\n<strong>K\u00fcssen! Singen! Trinken!<\/strong><\/p>\n<p>Eine Hommage an einen au\u00dfergew\u00f6hnlichen K\u00fcnstler. Der endg\u00fcltige Text-Bildband \u00fcber DIE Ikone des Wienerliedes, den legend\u00e4ren \u201eFrank Sinatra von Ottakring\u201c.<br \/>\nMit im Buch eingelegter Audio-CD \u201eK\u00fcssen! Singen! Trinken!\u201c<\/p>\n<p><strong>Elke Atzler<\/strong><br \/>\n<strong>Stephan Mussil<\/strong><br \/>\n<strong>Ernst Weber<\/strong><\/p>\n<p>16,5 \u00d7 22 cm<br \/>\n160 Seiten, 70 Fotos<br \/>\nDeutsch<br \/>\nHardcover, Leinen gebunden, Schutzumschlag<br \/>\nIm Buch eingelegte Audio-CD \u201eK\u00fcssen! Singen! Trinken!\u201c mit 18 Titeln<br \/>\nISBN 978-3-901753-99-2<\/p>\n","protected":false},"featured_media":2097,"template":"","meta":{"_acf_changed":false},"product_brand":[],"product_cat":[420],"product_tag":[],"class_list":{"0":"post-2110","1":"product","2":"type-product","3":"status-publish","4":"has-post-thumbnail","6":"product_cat-archive","7":"pa_buchautor-elke-atzler-en","8":"pa_buchautor-ernst-weber-en","9":"pa_buchautor-stephan-mussil-en-2","11":"first","12":"outofstock","13":"shipping-taxable","14":"purchasable","15":"product-type-simple"},"acf":[],"yoast_head":"<!-- This site is optimized with the Yoast SEO plugin v27.2 - https:\/\/yoast.com\/product\/yoast-seo-wordpress\/ -->\n<title>Kurt Girk - Edition Lammerhuber<\/title>\n<meta name=\"robots\" content=\"index, follow, max-snippet:-1, max-image-preview:large, max-video-preview:-1\" \/>\n<link rel=\"canonical\" href=\"https:\/\/edition.lammerhuber.at\/en\/books\/kurt-girk\" \/>\n<meta property=\"og:locale\" content=\"en_US\" \/>\n<meta property=\"og:type\" content=\"article\" \/>\n<meta property=\"og:title\" content=\"Kurt Girk - Edition Lammerhuber\" \/>\n<meta property=\"og:description\" content=\"ES IS A OIDE GSCHICHT, A HERZ SO LEICHT ZERBRICHT K\u00fcssen! Singen! Trinken!  Eine Hommage an einen au\u00dfergew\u00f6hnlichen K\u00fcnstler. Der endg\u00fcltige Text-Bildband \u00fcber DIE Ikone des Wienerliedes, den legend\u00e4ren \u201eFrank Sinatra von Ottakring\u201c. Mit im Buch eingelegter Audio-CD \u201eK\u00fcssen! Singen! Trinken!\u201c  Elke Atzler Stephan Mussil Ernst Weber  16,5 \u00d7 22 cm 160 Seiten, 70 Fotos Deutsch Hardcover, Leinen gebunden, Schutzumschlag Im Buch eingelegte Audio-CD \u201eK\u00fcssen! Singen! Trinken!\u201c mit 18 Titeln ISBN 978-3-901753-99-2\" \/>\n<meta property=\"og:url\" content=\"https:\/\/edition.lammerhuber.at\/en\/books\/kurt-girk\" \/>\n<meta property=\"og:site_name\" content=\"Edition Lammerhuber\" \/>\n<meta property=\"article:modified_time\" content=\"2020-11-30T12:40:30+00:00\" \/>\n<meta property=\"og:image\" content=\"https:\/\/edition.lammerhuber.at\/app\/uploads\/2020\/07\/kurt_girk_hardcover_cd1440679776.6695.png\" \/>\n\t<meta property=\"og:image:width\" content=\"243\" \/>\n\t<meta property=\"og:image:height\" content=\"314\" \/>\n\t<meta property=\"og:image:type\" content=\"image\/png\" \/>\n<meta name=\"twitter:card\" content=\"summary_large_image\" \/>\n<meta name=\"twitter:label1\" content=\"Est. reading time\" \/>\n\t<meta name=\"twitter:data1\" content=\"1 minute\" \/>\n<script type=\"application\/ld+json\" class=\"yoast-schema-graph\">{\"@context\":\"https:\/\/schema.org\",\"@graph\":[{\"@type\":\"WebPage\",\"@id\":\"https:\/\/edition.lammerhuber.at\/en\/books\/kurt-girk\",\"url\":\"https:\/\/edition.lammerhuber.at\/en\/books\/kurt-girk\",\"name\":\"Kurt Girk - Edition Lammerhuber\",\"isPartOf\":{\"@id\":\"https:\/\/edition.lammerhuber.at\/en#website\"},\"primaryImageOfPage\":{\"@id\":\"https:\/\/edition.lammerhuber.at\/en\/books\/kurt-girk#primaryimage\"},\"image\":{\"@id\":\"https:\/\/edition.lammerhuber.at\/en\/books\/kurt-girk#primaryimage\"},\"thumbnailUrl\":\"https:\/\/edition.lammerhuber.at\/app\/uploads\/2020\/07\/kurt_girk_hardcover_cd1440679776.6695.png\",\"datePublished\":\"2015-10-19T14:05:08+00:00\",\"dateModified\":\"2020-11-30T12:40:30+00:00\",\"breadcrumb\":{\"@id\":\"https:\/\/edition.lammerhuber.at\/en\/books\/kurt-girk#breadcrumb\"},\"inLanguage\":\"en-US\",\"potentialAction\":[{\"@type\":\"ReadAction\",\"target\":[\"https:\/\/edition.lammerhuber.at\/en\/books\/kurt-girk\"]}]},{\"@type\":\"ImageObject\",\"inLanguage\":\"en-US\",\"@id\":\"https:\/\/edition.lammerhuber.at\/en\/books\/kurt-girk#primaryimage\",\"url\":\"https:\/\/edition.lammerhuber.at\/app\/uploads\/2020\/07\/kurt_girk_hardcover_cd1440679776.6695.png\",\"contentUrl\":\"https:\/\/edition.lammerhuber.at\/app\/uploads\/2020\/07\/kurt_girk_hardcover_cd1440679776.6695.png\",\"width\":243,\"height\":314},{\"@type\":\"BreadcrumbList\",\"@id\":\"https:\/\/edition.lammerhuber.at\/en\/books\/kurt-girk#breadcrumb\",\"itemListElement\":[{\"@type\":\"ListItem\",\"position\":1,\"name\":\"Home\",\"item\":\"https:\/\/edition.lammerhuber.at\/en\"},{\"@type\":\"ListItem\",\"position\":2,\"name\":\"Kurt Girk\"}]},{\"@type\":\"WebSite\",\"@id\":\"https:\/\/edition.lammerhuber.at\/en#website\",\"url\":\"https:\/\/edition.lammerhuber.at\/en\",\"name\":\"Edition Lammerhuber\",\"description\":\"Verlag f\u00fcr Fotografie, Kunst, Natur &amp; Wissenschaft\",\"publisher\":{\"@id\":\"https:\/\/edition.lammerhuber.at\/en#organization\"},\"potentialAction\":[{\"@type\":\"SearchAction\",\"target\":{\"@type\":\"EntryPoint\",\"urlTemplate\":\"https:\/\/edition.lammerhuber.at\/en?s={search_term_string}\"},\"query-input\":{\"@type\":\"PropertyValueSpecification\",\"valueRequired\":true,\"valueName\":\"search_term_string\"}}],\"inLanguage\":\"en-US\"},{\"@type\":\"Organization\",\"@id\":\"https:\/\/edition.lammerhuber.at\/en#organization\",\"name\":\"Edition Lammerhuber\",\"url\":\"https:\/\/edition.lammerhuber.at\/en\",\"logo\":{\"@type\":\"ImageObject\",\"inLanguage\":\"en-US\",\"@id\":\"https:\/\/edition.lammerhuber.at\/en#\/schema\/logo\/image\/\",\"url\":\"\",\"contentUrl\":\"\",\"caption\":\"Edition Lammerhuber\"},\"image\":{\"@id\":\"https:\/\/edition.lammerhuber.at\/en#\/schema\/logo\/image\/\"}}]}<\/script>\n<!-- \/ Yoast SEO plugin. -->","yoast_head_json":{"title":"Kurt Girk - Edition Lammerhuber","robots":{"index":"index","follow":"follow","max-snippet":"max-snippet:-1","max-image-preview":"max-image-preview:large","max-video-preview":"max-video-preview:-1"},"canonical":"https:\/\/edition.lammerhuber.at\/en\/books\/kurt-girk","og_locale":"en_US","og_type":"article","og_title":"Kurt Girk - Edition Lammerhuber","og_description":"ES IS A OIDE GSCHICHT, A HERZ SO LEICHT ZERBRICHT K\u00fcssen! Singen! Trinken!  Eine Hommage an einen au\u00dfergew\u00f6hnlichen K\u00fcnstler. Der endg\u00fcltige Text-Bildband \u00fcber DIE Ikone des Wienerliedes, den legend\u00e4ren \u201eFrank Sinatra von Ottakring\u201c. Mit im Buch eingelegter Audio-CD \u201eK\u00fcssen! Singen! Trinken!\u201c  Elke Atzler Stephan Mussil Ernst Weber  16,5 \u00d7 22 cm 160 Seiten, 70 Fotos Deutsch Hardcover, Leinen gebunden, Schutzumschlag Im Buch eingelegte Audio-CD \u201eK\u00fcssen! Singen! Trinken!\u201c mit 18 Titeln ISBN 978-3-901753-99-2","og_url":"https:\/\/edition.lammerhuber.at\/en\/books\/kurt-girk","og_site_name":"Edition Lammerhuber","article_modified_time":"2020-11-30T12:40:30+00:00","og_image":[{"width":243,"height":314,"url":"https:\/\/edition.lammerhuber.at\/app\/uploads\/2020\/07\/kurt_girk_hardcover_cd1440679776.6695.png","type":"image\/png"}],"twitter_card":"summary_large_image","twitter_misc":{"Est. reading time":"1 minute"},"schema":{"@context":"https:\/\/schema.org","@graph":[{"@type":"WebPage","@id":"https:\/\/edition.lammerhuber.at\/en\/books\/kurt-girk","url":"https:\/\/edition.lammerhuber.at\/en\/books\/kurt-girk","name":"Kurt Girk - Edition Lammerhuber","isPartOf":{"@id":"https:\/\/edition.lammerhuber.at\/en#website"},"primaryImageOfPage":{"@id":"https:\/\/edition.lammerhuber.at\/en\/books\/kurt-girk#primaryimage"},"image":{"@id":"https:\/\/edition.lammerhuber.at\/en\/books\/kurt-girk#primaryimage"},"thumbnailUrl":"https:\/\/edition.lammerhuber.at\/app\/uploads\/2020\/07\/kurt_girk_hardcover_cd1440679776.6695.png","datePublished":"2015-10-19T14:05:08+00:00","dateModified":"2020-11-30T12:40:30+00:00","breadcrumb":{"@id":"https:\/\/edition.lammerhuber.at\/en\/books\/kurt-girk#breadcrumb"},"inLanguage":"en-US","potentialAction":[{"@type":"ReadAction","target":["https:\/\/edition.lammerhuber.at\/en\/books\/kurt-girk"]}]},{"@type":"ImageObject","inLanguage":"en-US","@id":"https:\/\/edition.lammerhuber.at\/en\/books\/kurt-girk#primaryimage","url":"https:\/\/edition.lammerhuber.at\/app\/uploads\/2020\/07\/kurt_girk_hardcover_cd1440679776.6695.png","contentUrl":"https:\/\/edition.lammerhuber.at\/app\/uploads\/2020\/07\/kurt_girk_hardcover_cd1440679776.6695.png","width":243,"height":314},{"@type":"BreadcrumbList","@id":"https:\/\/edition.lammerhuber.at\/en\/books\/kurt-girk#breadcrumb","itemListElement":[{"@type":"ListItem","position":1,"name":"Home","item":"https:\/\/edition.lammerhuber.at\/en"},{"@type":"ListItem","position":2,"name":"Kurt Girk"}]},{"@type":"WebSite","@id":"https:\/\/edition.lammerhuber.at\/en#website","url":"https:\/\/edition.lammerhuber.at\/en","name":"Edition Lammerhuber","description":"Verlag f\u00fcr Fotografie, Kunst, Natur &amp; Wissenschaft","publisher":{"@id":"https:\/\/edition.lammerhuber.at\/en#organization"},"potentialAction":[{"@type":"SearchAction","target":{"@type":"EntryPoint","urlTemplate":"https:\/\/edition.lammerhuber.at\/en?s={search_term_string}"},"query-input":{"@type":"PropertyValueSpecification","valueRequired":true,"valueName":"search_term_string"}}],"inLanguage":"en-US"},{"@type":"Organization","@id":"https:\/\/edition.lammerhuber.at\/en#organization","name":"Edition Lammerhuber","url":"https:\/\/edition.lammerhuber.at\/en","logo":{"@type":"ImageObject","inLanguage":"en-US","@id":"https:\/\/edition.lammerhuber.at\/en#\/schema\/logo\/image\/","url":"","contentUrl":"","caption":"Edition Lammerhuber"},"image":{"@id":"https:\/\/edition.lammerhuber.at\/en#\/schema\/logo\/image\/"}}]}},"_links":{"self":[{"href":"https:\/\/edition.lammerhuber.at\/en\/wp-json\/wp\/v2\/product\/2110","targetHints":{"allow":["GET"]}}],"collection":[{"href":"https:\/\/edition.lammerhuber.at\/en\/wp-json\/wp\/v2\/product"}],"about":[{"href":"https:\/\/edition.lammerhuber.at\/en\/wp-json\/wp\/v2\/types\/product"}],"wp:featuredmedia":[{"embeddable":true,"href":"https:\/\/edition.lammerhuber.at\/en\/wp-json\/wp\/v2\/media\/2097"}],"wp:attachment":[{"href":"https:\/\/edition.lammerhuber.at\/en\/wp-json\/wp\/v2\/media?parent=2110"}],"wp:term":[{"taxonomy":"product_brand","embeddable":true,"href":"https:\/\/edition.lammerhuber.at\/en\/wp-json\/wp\/v2\/product_brand?post=2110"},{"taxonomy":"product_cat","embeddable":true,"href":"https:\/\/edition.lammerhuber.at\/en\/wp-json\/wp\/v2\/product_cat?post=2110"},{"taxonomy":"product_tag","embeddable":true,"href":"https:\/\/edition.lammerhuber.at\/en\/wp-json\/wp\/v2\/product_tag?post=2110"}],"curies":[{"name":"wp","href":"https:\/\/api.w.org\/{rel}","templated":true}]}}