{"id":2094,"date":"2014-10-12T13:43:58","date_gmt":"2014-10-12T11:43:58","guid":{"rendered":"https:\/\/edition2.lammerhuber.at\/shop\/we-the-children"},"modified":"2020-11-30T14:24:58","modified_gmt":"2020-11-30T13:24:58","slug":"we-the-children","status":"publish","type":"product","link":"https:\/\/edition.lammerhuber.at\/en\/books\/we-the-children","title":{"rendered":"We the Children"},"content":{"rendered":"<p><strong>25 Jahre UN-Kinderrechtskonvention<\/strong><br \/>\n<strong>25 Years UN Convention on the Rights of the Child<\/strong><\/p>\n<p>The 25th anniversary of the UN Convention on the Rights of the Child is a good reason to put the topic emphatically into the public focus. UNICEF Germany and <em>GEO<\/em> \u2013 with the support of 45 of the world\u2019s best photographers and Edition Lammerhuber \u2013 do exactly that in this joint project. In 35 photographic reports from 15 years, a selection of particularly striking pictures from the UNICEF Photo of the Year competition forms a fervent appeal to respect the rights of the child and to guarantee every girl and boy in the world a childhood in dignity. The volume is edited by J\u00fcrgen Heraeus, the Chairman of the German Committee of UNICEF, and Peter-Matthias Gaede, long-serving Editor-in-Chief of <em>GEO<\/em>. <em><strong>We the Children<\/strong><\/em> draws attention to the suffering and hardships, but also to the wishes and dreams of today\u2019s children. <em><strong>We the Children<\/strong><\/em> is a book full of hope for a child-oriented world.<\/p>\n<p><strong>The photographers:<\/strong><br \/>\nGMB Akash, Don Bartletti, Daniel Berehulak, Marcus Bleasdale, Laura Boushnak, Ren\u00e9e C. Byer, Mary F. Calvert, Mat\u00edas Costa, William Daniels, Chris de Bode, Andrea Diefenbach, Stefan Falke, Hossein Fatemi, Deanne Fitzmaurice, Shiho Fukada, Mariella Furrer, David John Gillanders, Niclas Hammarstr\u00f6m, Robin Hammond, Milan Jaro\u0161, Shannon Jensen, Ed Kashi, Younes Khani, Yuri Kozyrev, Thomas Lekfeldt, Sara Naomi Lewkowicz, Mauricio Lima, Kai L\u00f6ffelbein, Jos\u00e9 Manuel L\u00f3pez, Alex Masi, Fernando Moleres, Wolfgang M\u00fcller, Mads Nissen, Shehzad Noorani, Finbarr O\u2019Reilly, Alessio Romenzi, Majid Saeedi, Alice Smeets, Hartmut Schwarzbach, Stephanie Sinclair, Jacob Aue Sobol, Mugur V\u0103rzariu, Felicia Webb, Gordon Welters, Patricia Willocq<\/p>\n","protected":false},"excerpt":{"rendered":"<p>In poignant photographs from 45 of the world\u2019s best photographers the anniversary volume on 25 years of the UN Convention on the Rights of the Child creates a wake-up call to respect the rights of the children in this world.<br \/>\nA book in cooperation with UNICEF and GEO.<\/p>\n<p><strong>Christiane Breustedt<\/strong><br \/>\n<strong>Kerstin B\u00fccker<\/strong><br \/>\n<strong>Peter-Matthias Gaede<\/strong><br \/>\n<strong>J\u00fcrgen Heraeus<\/strong><\/p>\n<p>24 \u00d7 30 cm<br \/>\n296 pages<br \/>\n164 images<br \/>\nEnglish, German<br \/>\nHardback, french-fold jacket<br \/>\nISBN 978-3-901753-74-9<br \/>\nOctober 2014<\/p>\n","protected":false},"featured_media":2077,"template":"","meta":{"_acf_changed":false},"product_brand":[],"product_cat":[35,36],"product_tag":[554,453,539,565,557],"class_list":{"0":"post-2094","1":"product","2":"type-product","3":"status-publish","4":"has-post-thumbnail","6":"product_cat-corporate-books-en","7":"product_cat-photography","8":"product_tag-children","9":"product_tag-conflict","10":"product_tag-development","11":"product_tag-reportage-en","12":"product_tag-war","13":"pa_buchautor-christiane-breustedt-en","14":"pa_buchautor-juergen-heraeus-en","15":"pa_buchautor-kerstin-buecker-en","16":"pa_buchautor-peter-matthias-gaede-en","18":"first","19":"instock","20":"shipping-taxable","21":"purchasable","22":"product-type-simple"},"acf":[],"yoast_head":"<!-- This site is optimized with the Yoast SEO plugin v27.2 - https:\/\/yoast.com\/product\/yoast-seo-wordpress\/ -->\n<title>We the Children - Edition Lammerhuber<\/title>\n<meta name=\"robots\" content=\"index, follow, max-snippet:-1, max-image-preview:large, max-video-preview:-1\" \/>\n<link rel=\"canonical\" href=\"https:\/\/edition.lammerhuber.at\/en\/books\/we-the-children\" \/>\n<meta property=\"og:locale\" content=\"en_US\" \/>\n<meta property=\"og:type\" content=\"article\" \/>\n<meta property=\"og:title\" content=\"We the Children - Edition Lammerhuber\" \/>\n<meta property=\"og:description\" content=\"In poignant photographs from 45 of the world\u2019s best photographers the anniversary volume on 25 years of the UN Convention on the Rights of the Child creates a wake-up call to respect the rights of the children in this world. A book in cooperation with UNICEF and GEO.  Christiane Breustedt Kerstin B\u00fccker Peter-Matthias Gaede J\u00fcrgen Heraeus  24 \u00d7 30 cm 296 pages 164 images English, German Hardback, french-fold jacket ISBN 978-3-901753-74-9 October 2014\" \/>\n<meta property=\"og:url\" content=\"https:\/\/edition.lammerhuber.at\/en\/books\/we-the-children\" \/>\n<meta property=\"og:site_name\" content=\"Edition Lammerhuber\" \/>\n<meta property=\"article:modified_time\" content=\"2020-11-30T13:24:58+00:00\" \/>\n<meta property=\"og:image\" content=\"https:\/\/edition.lammerhuber.at\/app\/uploads\/2014\/10\/unicef_children_frenchfold.png\" \/>\n\t<meta property=\"og:image:width\" content=\"317\" \/>\n\t<meta property=\"og:image:height\" content=\"388\" \/>\n\t<meta property=\"og:image:type\" content=\"image\/png\" \/>\n<meta name=\"twitter:card\" content=\"summary_large_image\" \/>\n<meta name=\"twitter:label1\" content=\"Est. reading time\" \/>\n\t<meta name=\"twitter:data1\" content=\"1 minute\" \/>\n<script type=\"application\/ld+json\" class=\"yoast-schema-graph\">{\"@context\":\"https:\/\/schema.org\",\"@graph\":[{\"@type\":\"WebPage\",\"@id\":\"https:\/\/edition.lammerhuber.at\/en\/books\/we-the-children\",\"url\":\"https:\/\/edition.lammerhuber.at\/en\/books\/we-the-children\",\"name\":\"We the Children - Edition Lammerhuber\",\"isPartOf\":{\"@id\":\"https:\/\/edition.lammerhuber.at\/en#website\"},\"primaryImageOfPage\":{\"@id\":\"https:\/\/edition.lammerhuber.at\/en\/books\/we-the-children#primaryimage\"},\"image\":{\"@id\":\"https:\/\/edition.lammerhuber.at\/en\/books\/we-the-children#primaryimage\"},\"thumbnailUrl\":\"https:\/\/edition.lammerhuber.at\/app\/uploads\/2014\/10\/unicef_children_frenchfold.png\",\"datePublished\":\"2014-10-12T11:43:58+00:00\",\"dateModified\":\"2020-11-30T13:24:58+00:00\",\"breadcrumb\":{\"@id\":\"https:\/\/edition.lammerhuber.at\/en\/books\/we-the-children#breadcrumb\"},\"inLanguage\":\"en-US\",\"potentialAction\":[{\"@type\":\"ReadAction\",\"target\":[\"https:\/\/edition.lammerhuber.at\/en\/books\/we-the-children\"]}]},{\"@type\":\"ImageObject\",\"inLanguage\":\"en-US\",\"@id\":\"https:\/\/edition.lammerhuber.at\/en\/books\/we-the-children#primaryimage\",\"url\":\"https:\/\/edition.lammerhuber.at\/app\/uploads\/2014\/10\/unicef_children_frenchfold.png\",\"contentUrl\":\"https:\/\/edition.lammerhuber.at\/app\/uploads\/2014\/10\/unicef_children_frenchfold.png\",\"width\":317,\"height\":388},{\"@type\":\"BreadcrumbList\",\"@id\":\"https:\/\/edition.lammerhuber.at\/en\/books\/we-the-children#breadcrumb\",\"itemListElement\":[{\"@type\":\"ListItem\",\"position\":1,\"name\":\"Home\",\"item\":\"https:\/\/edition.lammerhuber.at\/en\"},{\"@type\":\"ListItem\",\"position\":2,\"name\":\"We the Children\"}]},{\"@type\":\"WebSite\",\"@id\":\"https:\/\/edition.lammerhuber.at\/en#website\",\"url\":\"https:\/\/edition.lammerhuber.at\/en\",\"name\":\"Edition Lammerhuber\",\"description\":\"Verlag f\u00fcr Fotografie, Kunst, Natur &amp; Wissenschaft\",\"publisher\":{\"@id\":\"https:\/\/edition.lammerhuber.at\/en#organization\"},\"potentialAction\":[{\"@type\":\"SearchAction\",\"target\":{\"@type\":\"EntryPoint\",\"urlTemplate\":\"https:\/\/edition.lammerhuber.at\/en?s={search_term_string}\"},\"query-input\":{\"@type\":\"PropertyValueSpecification\",\"valueRequired\":true,\"valueName\":\"search_term_string\"}}],\"inLanguage\":\"en-US\"},{\"@type\":\"Organization\",\"@id\":\"https:\/\/edition.lammerhuber.at\/en#organization\",\"name\":\"Edition Lammerhuber\",\"url\":\"https:\/\/edition.lammerhuber.at\/en\",\"logo\":{\"@type\":\"ImageObject\",\"inLanguage\":\"en-US\",\"@id\":\"https:\/\/edition.lammerhuber.at\/en#\/schema\/logo\/image\/\",\"url\":\"\",\"contentUrl\":\"\",\"caption\":\"Edition Lammerhuber\"},\"image\":{\"@id\":\"https:\/\/edition.lammerhuber.at\/en#\/schema\/logo\/image\/\"}}]}<\/script>\n<!-- \/ Yoast SEO plugin. -->","yoast_head_json":{"title":"We the Children - Edition Lammerhuber","robots":{"index":"index","follow":"follow","max-snippet":"max-snippet:-1","max-image-preview":"max-image-preview:large","max-video-preview":"max-video-preview:-1"},"canonical":"https:\/\/edition.lammerhuber.at\/en\/books\/we-the-children","og_locale":"en_US","og_type":"article","og_title":"We the Children - Edition Lammerhuber","og_description":"In poignant photographs from 45 of the world\u2019s best photographers the anniversary volume on 25 years of the UN Convention on the Rights of the Child creates a wake-up call to respect the rights of the children in this world. A book in cooperation with UNICEF and GEO.  Christiane Breustedt Kerstin B\u00fccker Peter-Matthias Gaede J\u00fcrgen Heraeus  24 \u00d7 30 cm 296 pages 164 images English, German Hardback, french-fold jacket ISBN 978-3-901753-74-9 October 2014","og_url":"https:\/\/edition.lammerhuber.at\/en\/books\/we-the-children","og_site_name":"Edition Lammerhuber","article_modified_time":"2020-11-30T13:24:58+00:00","og_image":[{"width":317,"height":388,"url":"https:\/\/edition.lammerhuber.at\/app\/uploads\/2014\/10\/unicef_children_frenchfold.png","type":"image\/png"}],"twitter_card":"summary_large_image","twitter_misc":{"Est. reading time":"1 minute"},"schema":{"@context":"https:\/\/schema.org","@graph":[{"@type":"WebPage","@id":"https:\/\/edition.lammerhuber.at\/en\/books\/we-the-children","url":"https:\/\/edition.lammerhuber.at\/en\/books\/we-the-children","name":"We the Children - Edition Lammerhuber","isPartOf":{"@id":"https:\/\/edition.lammerhuber.at\/en#website"},"primaryImageOfPage":{"@id":"https:\/\/edition.lammerhuber.at\/en\/books\/we-the-children#primaryimage"},"image":{"@id":"https:\/\/edition.lammerhuber.at\/en\/books\/we-the-children#primaryimage"},"thumbnailUrl":"https:\/\/edition.lammerhuber.at\/app\/uploads\/2014\/10\/unicef_children_frenchfold.png","datePublished":"2014-10-12T11:43:58+00:00","dateModified":"2020-11-30T13:24:58+00:00","breadcrumb":{"@id":"https:\/\/edition.lammerhuber.at\/en\/books\/we-the-children#breadcrumb"},"inLanguage":"en-US","potentialAction":[{"@type":"ReadAction","target":["https:\/\/edition.lammerhuber.at\/en\/books\/we-the-children"]}]},{"@type":"ImageObject","inLanguage":"en-US","@id":"https:\/\/edition.lammerhuber.at\/en\/books\/we-the-children#primaryimage","url":"https:\/\/edition.lammerhuber.at\/app\/uploads\/2014\/10\/unicef_children_frenchfold.png","contentUrl":"https:\/\/edition.lammerhuber.at\/app\/uploads\/2014\/10\/unicef_children_frenchfold.png","width":317,"height":388},{"@type":"BreadcrumbList","@id":"https:\/\/edition.lammerhuber.at\/en\/books\/we-the-children#breadcrumb","itemListElement":[{"@type":"ListItem","position":1,"name":"Home","item":"https:\/\/edition.lammerhuber.at\/en"},{"@type":"ListItem","position":2,"name":"We the Children"}]},{"@type":"WebSite","@id":"https:\/\/edition.lammerhuber.at\/en#website","url":"https:\/\/edition.lammerhuber.at\/en","name":"Edition Lammerhuber","description":"Verlag f\u00fcr Fotografie, Kunst, Natur &amp; Wissenschaft","publisher":{"@id":"https:\/\/edition.lammerhuber.at\/en#organization"},"potentialAction":[{"@type":"SearchAction","target":{"@type":"EntryPoint","urlTemplate":"https:\/\/edition.lammerhuber.at\/en?s={search_term_string}"},"query-input":{"@type":"PropertyValueSpecification","valueRequired":true,"valueName":"search_term_string"}}],"inLanguage":"en-US"},{"@type":"Organization","@id":"https:\/\/edition.lammerhuber.at\/en#organization","name":"Edition Lammerhuber","url":"https:\/\/edition.lammerhuber.at\/en","logo":{"@type":"ImageObject","inLanguage":"en-US","@id":"https:\/\/edition.lammerhuber.at\/en#\/schema\/logo\/image\/","url":"","contentUrl":"","caption":"Edition Lammerhuber"},"image":{"@id":"https:\/\/edition.lammerhuber.at\/en#\/schema\/logo\/image\/"}}]}},"_links":{"self":[{"href":"https:\/\/edition.lammerhuber.at\/en\/wp-json\/wp\/v2\/product\/2094","targetHints":{"allow":["GET"]}}],"collection":[{"href":"https:\/\/edition.lammerhuber.at\/en\/wp-json\/wp\/v2\/product"}],"about":[{"href":"https:\/\/edition.lammerhuber.at\/en\/wp-json\/wp\/v2\/types\/product"}],"wp:featuredmedia":[{"embeddable":true,"href":"https:\/\/edition.lammerhuber.at\/en\/wp-json\/wp\/v2\/media\/2077"}],"wp:attachment":[{"href":"https:\/\/edition.lammerhuber.at\/en\/wp-json\/wp\/v2\/media?parent=2094"}],"wp:term":[{"taxonomy":"product_brand","embeddable":true,"href":"https:\/\/edition.lammerhuber.at\/en\/wp-json\/wp\/v2\/product_brand?post=2094"},{"taxonomy":"product_cat","embeddable":true,"href":"https:\/\/edition.lammerhuber.at\/en\/wp-json\/wp\/v2\/product_cat?post=2094"},{"taxonomy":"product_tag","embeddable":true,"href":"https:\/\/edition.lammerhuber.at\/en\/wp-json\/wp\/v2\/product_tag?post=2094"}],"curies":[{"name":"wp","href":"https:\/\/api.w.org\/{rel}","templated":true}]}}