{"id":205,"date":"2020-03-01T13:43:28","date_gmt":"2020-03-01T12:43:28","guid":{"rendered":"https:\/\/edition2.lammerhuber.at\/?post_type=product&#038;p=205"},"modified":"2022-06-03T15:02:11","modified_gmt":"2022-06-03T13:02:11","slug":"thank-you-mouse","status":"publish","type":"product","link":"https:\/\/edition.lammerhuber.at\/en\/books\/thank-you-mouse","title":{"rendered":"Thank you, Mouse!"},"content":{"rendered":"<p>Laboratory mice make us a gift of their lives. For our lives. The mouse was the second living organism after humans whose genome was sequenced completely. As we resemble each other so closely, mice are now our stand-ins at the forefront of research. Every day, in the world\u2019s laboratories, legions of mice are produced and used as an anonymous mass of animal matter. Can this be morally justified \u2013 or could it even be an ethic necessity? The knowledge gained for humans is certainly immense and often vital. Heidi &amp; Hans-J\u00fcrgen Koch create a monument to these little heroes and return to them their individuality and personality. In their artistic approach their photographs of these \u2018human mice\u2019 are imbued with a universal significance. They reflect nothing less but the dignity of living creatures and our respect for them.<\/p>\n","protected":false},"excerpt":{"rendered":"<p>This book gives thanks to a creature that has helped humanity like few others: the laboratory mouse. Using photographic art, Heidi &amp; Hans-J\u00fcrgen Koch create a monument to these little heroes.<\/p>\n<p><strong>Heidi &amp; Hans-J\u00fcrgen Koch <\/strong><\/p>\n<p>24 \u00d7 30 cm<br \/>\n96 pages, 52 photos<br \/>\nEnglish, German<br \/>\nHardcover,\u2009 bound in linen, \u201eFrench Fold\u201c-jacket<br \/>\nISBN 978-3-903101-18-0<br \/>\nMarch 2020<\/p>\n","protected":false},"featured_media":3982,"template":"","meta":{"_acf_changed":false},"product_brand":[],"product_cat":[38,39],"product_tag":[460,454,462],"class_list":{"0":"post-205","1":"product","2":"type-product","3":"status-publish","4":"has-post-thumbnail","6":"product_cat-nature","7":"product_cat-sciences","8":"product_tag-animals","9":"product_tag-mice","10":"product_tag-science","11":"pa_buchautor-heidi-hans-juergen-koch-en","13":"first","14":"instock","15":"sale","16":"shipping-taxable","17":"purchasable","18":"product-type-simple"},"acf":[],"yoast_head":"<!-- This site is optimized with the Yoast SEO plugin v27.2 - https:\/\/yoast.com\/product\/yoast-seo-wordpress\/ -->\n<title>Thank you, Mouse! - Edition Lammerhuber<\/title>\n<meta name=\"robots\" content=\"index, follow, max-snippet:-1, max-image-preview:large, max-video-preview:-1\" \/>\n<link rel=\"canonical\" href=\"https:\/\/edition.lammerhuber.at\/en\/books\/thank-you-mouse\" \/>\n<meta property=\"og:locale\" content=\"en_US\" \/>\n<meta property=\"og:type\" content=\"article\" \/>\n<meta property=\"og:title\" content=\"Thank you, Mouse! - Edition Lammerhuber\" \/>\n<meta property=\"og:description\" content=\"This book gives thanks to a creature that has helped humanity like few others: the laboratory mouse. Using photographic art, Heidi &amp; Hans-J\u00fcrgen Koch create a monument to these little heroes.  Heidi &amp; Hans-J\u00fcrgen Koch   24 \u00d7 30 cm 96 pages, 52 photos English, German Hardcover,\u2009 bound in linen, \u201eFrench Fold\u201c-jacket ISBN 978-3-903101-18-0 March 2020\" \/>\n<meta property=\"og:url\" content=\"https:\/\/edition.lammerhuber.at\/en\/books\/thank-you-mouse\" \/>\n<meta property=\"og:site_name\" content=\"Edition Lammerhuber\" \/>\n<meta property=\"article:modified_time\" content=\"2022-06-03T13:02:11+00:00\" \/>\n<meta property=\"og:image\" content=\"https:\/\/edition.lammerhuber.at\/app\/uploads\/2020\/03\/thank_you_mouse_cover-1.png\" \/>\n\t<meta property=\"og:image:width\" content=\"317\" \/>\n\t<meta property=\"og:image:height\" content=\"388\" \/>\n\t<meta property=\"og:image:type\" content=\"image\/png\" \/>\n<meta name=\"twitter:card\" content=\"summary_large_image\" \/>\n<meta name=\"twitter:label1\" content=\"Est. reading time\" \/>\n\t<meta name=\"twitter:data1\" content=\"1 minute\" \/>\n<script type=\"application\/ld+json\" class=\"yoast-schema-graph\">{\"@context\":\"https:\/\/schema.org\",\"@graph\":[{\"@type\":\"WebPage\",\"@id\":\"https:\/\/edition.lammerhuber.at\/en\/books\/thank-you-mouse\",\"url\":\"https:\/\/edition.lammerhuber.at\/en\/books\/thank-you-mouse\",\"name\":\"Thank you, Mouse! - Edition Lammerhuber\",\"isPartOf\":{\"@id\":\"https:\/\/edition.lammerhuber.at\/en#website\"},\"primaryImageOfPage\":{\"@id\":\"https:\/\/edition.lammerhuber.at\/en\/books\/thank-you-mouse#primaryimage\"},\"image\":{\"@id\":\"https:\/\/edition.lammerhuber.at\/en\/books\/thank-you-mouse#primaryimage\"},\"thumbnailUrl\":\"https:\/\/edition.lammerhuber.at\/app\/uploads\/2020\/03\/thank_you_mouse_cover-1.png\",\"datePublished\":\"2020-03-01T12:43:28+00:00\",\"dateModified\":\"2022-06-03T13:02:11+00:00\",\"breadcrumb\":{\"@id\":\"https:\/\/edition.lammerhuber.at\/en\/books\/thank-you-mouse#breadcrumb\"},\"inLanguage\":\"en-US\",\"potentialAction\":[{\"@type\":\"ReadAction\",\"target\":[\"https:\/\/edition.lammerhuber.at\/en\/books\/thank-you-mouse\"]}]},{\"@type\":\"ImageObject\",\"inLanguage\":\"en-US\",\"@id\":\"https:\/\/edition.lammerhuber.at\/en\/books\/thank-you-mouse#primaryimage\",\"url\":\"https:\/\/edition.lammerhuber.at\/app\/uploads\/2020\/03\/thank_you_mouse_cover-1.png\",\"contentUrl\":\"https:\/\/edition.lammerhuber.at\/app\/uploads\/2020\/03\/thank_you_mouse_cover-1.png\",\"width\":317,\"height\":388},{\"@type\":\"BreadcrumbList\",\"@id\":\"https:\/\/edition.lammerhuber.at\/en\/books\/thank-you-mouse#breadcrumb\",\"itemListElement\":[{\"@type\":\"ListItem\",\"position\":1,\"name\":\"Home\",\"item\":\"https:\/\/edition.lammerhuber.at\/en\"},{\"@type\":\"ListItem\",\"position\":2,\"name\":\"Thank you, Mouse!\"}]},{\"@type\":\"WebSite\",\"@id\":\"https:\/\/edition.lammerhuber.at\/en#website\",\"url\":\"https:\/\/edition.lammerhuber.at\/en\",\"name\":\"Edition Lammerhuber\",\"description\":\"Verlag f\u00fcr Fotografie, Kunst, Natur &amp; Wissenschaft\",\"publisher\":{\"@id\":\"https:\/\/edition.lammerhuber.at\/en#organization\"},\"potentialAction\":[{\"@type\":\"SearchAction\",\"target\":{\"@type\":\"EntryPoint\",\"urlTemplate\":\"https:\/\/edition.lammerhuber.at\/en?s={search_term_string}\"},\"query-input\":{\"@type\":\"PropertyValueSpecification\",\"valueRequired\":true,\"valueName\":\"search_term_string\"}}],\"inLanguage\":\"en-US\"},{\"@type\":\"Organization\",\"@id\":\"https:\/\/edition.lammerhuber.at\/en#organization\",\"name\":\"Edition Lammerhuber\",\"url\":\"https:\/\/edition.lammerhuber.at\/en\",\"logo\":{\"@type\":\"ImageObject\",\"inLanguage\":\"en-US\",\"@id\":\"https:\/\/edition.lammerhuber.at\/en#\/schema\/logo\/image\/\",\"url\":\"\",\"contentUrl\":\"\",\"caption\":\"Edition Lammerhuber\"},\"image\":{\"@id\":\"https:\/\/edition.lammerhuber.at\/en#\/schema\/logo\/image\/\"}}]}<\/script>\n<!-- \/ Yoast SEO plugin. -->","yoast_head_json":{"title":"Thank you, Mouse! - Edition Lammerhuber","robots":{"index":"index","follow":"follow","max-snippet":"max-snippet:-1","max-image-preview":"max-image-preview:large","max-video-preview":"max-video-preview:-1"},"canonical":"https:\/\/edition.lammerhuber.at\/en\/books\/thank-you-mouse","og_locale":"en_US","og_type":"article","og_title":"Thank you, Mouse! - Edition Lammerhuber","og_description":"This book gives thanks to a creature that has helped humanity like few others: the laboratory mouse. Using photographic art, Heidi &amp; Hans-J\u00fcrgen Koch create a monument to these little heroes.  Heidi &amp; Hans-J\u00fcrgen Koch   24 \u00d7 30 cm 96 pages, 52 photos English, German Hardcover,\u2009 bound in linen, \u201eFrench Fold\u201c-jacket ISBN 978-3-903101-18-0 March 2020","og_url":"https:\/\/edition.lammerhuber.at\/en\/books\/thank-you-mouse","og_site_name":"Edition Lammerhuber","article_modified_time":"2022-06-03T13:02:11+00:00","og_image":[{"width":317,"height":388,"url":"https:\/\/edition.lammerhuber.at\/app\/uploads\/2020\/03\/thank_you_mouse_cover-1.png","type":"image\/png"}],"twitter_card":"summary_large_image","twitter_misc":{"Est. reading time":"1 minute"},"schema":{"@context":"https:\/\/schema.org","@graph":[{"@type":"WebPage","@id":"https:\/\/edition.lammerhuber.at\/en\/books\/thank-you-mouse","url":"https:\/\/edition.lammerhuber.at\/en\/books\/thank-you-mouse","name":"Thank you, Mouse! - Edition Lammerhuber","isPartOf":{"@id":"https:\/\/edition.lammerhuber.at\/en#website"},"primaryImageOfPage":{"@id":"https:\/\/edition.lammerhuber.at\/en\/books\/thank-you-mouse#primaryimage"},"image":{"@id":"https:\/\/edition.lammerhuber.at\/en\/books\/thank-you-mouse#primaryimage"},"thumbnailUrl":"https:\/\/edition.lammerhuber.at\/app\/uploads\/2020\/03\/thank_you_mouse_cover-1.png","datePublished":"2020-03-01T12:43:28+00:00","dateModified":"2022-06-03T13:02:11+00:00","breadcrumb":{"@id":"https:\/\/edition.lammerhuber.at\/en\/books\/thank-you-mouse#breadcrumb"},"inLanguage":"en-US","potentialAction":[{"@type":"ReadAction","target":["https:\/\/edition.lammerhuber.at\/en\/books\/thank-you-mouse"]}]},{"@type":"ImageObject","inLanguage":"en-US","@id":"https:\/\/edition.lammerhuber.at\/en\/books\/thank-you-mouse#primaryimage","url":"https:\/\/edition.lammerhuber.at\/app\/uploads\/2020\/03\/thank_you_mouse_cover-1.png","contentUrl":"https:\/\/edition.lammerhuber.at\/app\/uploads\/2020\/03\/thank_you_mouse_cover-1.png","width":317,"height":388},{"@type":"BreadcrumbList","@id":"https:\/\/edition.lammerhuber.at\/en\/books\/thank-you-mouse#breadcrumb","itemListElement":[{"@type":"ListItem","position":1,"name":"Home","item":"https:\/\/edition.lammerhuber.at\/en"},{"@type":"ListItem","position":2,"name":"Thank you, Mouse!"}]},{"@type":"WebSite","@id":"https:\/\/edition.lammerhuber.at\/en#website","url":"https:\/\/edition.lammerhuber.at\/en","name":"Edition Lammerhuber","description":"Verlag f\u00fcr Fotografie, Kunst, Natur &amp; Wissenschaft","publisher":{"@id":"https:\/\/edition.lammerhuber.at\/en#organization"},"potentialAction":[{"@type":"SearchAction","target":{"@type":"EntryPoint","urlTemplate":"https:\/\/edition.lammerhuber.at\/en?s={search_term_string}"},"query-input":{"@type":"PropertyValueSpecification","valueRequired":true,"valueName":"search_term_string"}}],"inLanguage":"en-US"},{"@type":"Organization","@id":"https:\/\/edition.lammerhuber.at\/en#organization","name":"Edition Lammerhuber","url":"https:\/\/edition.lammerhuber.at\/en","logo":{"@type":"ImageObject","inLanguage":"en-US","@id":"https:\/\/edition.lammerhuber.at\/en#\/schema\/logo\/image\/","url":"","contentUrl":"","caption":"Edition Lammerhuber"},"image":{"@id":"https:\/\/edition.lammerhuber.at\/en#\/schema\/logo\/image\/"}}]}},"_links":{"self":[{"href":"https:\/\/edition.lammerhuber.at\/en\/wp-json\/wp\/v2\/product\/205","targetHints":{"allow":["GET"]}}],"collection":[{"href":"https:\/\/edition.lammerhuber.at\/en\/wp-json\/wp\/v2\/product"}],"about":[{"href":"https:\/\/edition.lammerhuber.at\/en\/wp-json\/wp\/v2\/types\/product"}],"wp:featuredmedia":[{"embeddable":true,"href":"https:\/\/edition.lammerhuber.at\/en\/wp-json\/wp\/v2\/media\/3982"}],"wp:attachment":[{"href":"https:\/\/edition.lammerhuber.at\/en\/wp-json\/wp\/v2\/media?parent=205"}],"wp:term":[{"taxonomy":"product_brand","embeddable":true,"href":"https:\/\/edition.lammerhuber.at\/en\/wp-json\/wp\/v2\/product_brand?post=205"},{"taxonomy":"product_cat","embeddable":true,"href":"https:\/\/edition.lammerhuber.at\/en\/wp-json\/wp\/v2\/product_cat?post=205"},{"taxonomy":"product_tag","embeddable":true,"href":"https:\/\/edition.lammerhuber.at\/en\/wp-json\/wp\/v2\/product_tag?post=205"}],"curies":[{"name":"wp","href":"https:\/\/api.w.org\/{rel}","templated":true}]}}