{"id":1943,"date":"2014-04-12T13:44:00","date_gmt":"2014-04-12T11:44:00","guid":{"rendered":"https:\/\/edition2.lammerhuber.at\/shop\/the-face-of-the-earth"},"modified":"2020-11-30T16:28:54","modified_gmt":"2020-11-30T15:28:54","slug":"the-face-of-the-earth","status":"publish","type":"product","link":"https:\/\/edition.lammerhuber.at\/en\/books\/the-face-of-the-earth","title":{"rendered":"The Face of the Earth"},"content":{"rendered":"<p><strong><em>The Face of the Earth<\/em> \u2013 The Legacy of Eduard Suess<\/strong> is a book \u201eposthumus\u201c written by the \u201efather of modern day geology\u201c, Eduard Suess. On 26 April 2013 happens to be the centennial death anniversary of Suess. He was not only influential in geosciences but also in society as a politician, built the Viennese water supply (among many other things), and he was a genuine European, born in England, living in Prague and Vienna. Many of his most important theses are still valid today. He defined themes like Thetys, Gondwana-Land or Biosphere, the Continental Breakup or the so called Long Distance Correlation. The themes refers to the diversity of geoscience processes and how form is related to process. The book<em> The Face of the Earth<\/em> cuts across all disciplines compiling quotes of the excellent writer Suess, commented by some of todays most important geologists \u2013 Cel\u00e2l \u015eeng\u00f6r, G\u00fcnter Bl\u00f6schl, Werner Piller and Thomas Hofmann \u2013 and mirrored and anchored in the photographes of Lois Lammerhuber.<\/p>\n","protected":false},"excerpt":{"rendered":"<p>His trailblazing theses are still valid today, he coined terms like atmosphere, hydro-, litho- and biosphere, Tethys and Gondwana-Land. In mesmerizing photographs and reflections on the man and his work, written by top geologists of our time, this book pays homage to Eduard Suess, the pioneer of geosciences and &#8216;father of modern geology&#8217;, on the centenary of his death.<\/p>\n<p>Thomas Hofmann<br \/>\nG\u00fcnter Bl\u00f6schl<br \/>\nLois Lammerhuber<br \/>\nWerner Piller<br \/>\nA.M. Cel\u00e2l \u015eeng\u00f6r<\/p>\n<p>24,5 \u00d7 30,2 cm<br \/>\n104 pages<br \/>\n60 images<br \/>\nEnglish<br \/>\nHardcover<br \/>\nISBN 978-3-901753-69-5<br \/>\nApril 2014<\/p>\n","protected":false},"featured_media":1916,"template":"","meta":{"_acf_changed":false},"product_brand":[],"product_cat":[35,38,39],"product_tag":[547,462],"class_list":{"0":"post-1943","1":"product","2":"type-product","3":"status-publish","4":"has-post-thumbnail","6":"product_cat-corporate-books-en","7":"product_cat-nature","8":"product_cat-sciences","9":"product_tag-geology","10":"product_tag-science","11":"pa_buchautor-a-m-celal-sengoer-en","12":"pa_buchautor-guenter-bloeschl-en","13":"pa_buchautor-lois-lammerhuber-en","14":"pa_buchautor-thomas-hofmann-en","15":"pa_buchautor-werner-e-piller-en","17":"first","18":"instock","19":"shipping-taxable","20":"purchasable","21":"product-type-simple"},"acf":[],"yoast_head":"<!-- This site is optimized with the Yoast SEO plugin v27.2 - https:\/\/yoast.com\/product\/yoast-seo-wordpress\/ -->\n<title>The Face of the Earth - Edition Lammerhuber<\/title>\n<meta name=\"robots\" content=\"index, follow, max-snippet:-1, max-image-preview:large, max-video-preview:-1\" \/>\n<link rel=\"canonical\" href=\"https:\/\/edition.lammerhuber.at\/en\/books\/the-face-of-the-earth\" \/>\n<meta property=\"og:locale\" content=\"en_US\" \/>\n<meta property=\"og:type\" content=\"article\" \/>\n<meta property=\"og:title\" content=\"The Face of the Earth - Edition Lammerhuber\" \/>\n<meta property=\"og:description\" content=\"His trailblazing theses are still valid today, he coined terms like atmosphere, hydro-, litho- and biosphere, Tethys and Gondwana-Land. In mesmerizing photographs and reflections on the man and his work, written by top geologists of our time, this book pays homage to Eduard Suess, the pioneer of geosciences and &#039;father of modern geology&#039;, on the centenary of his death.  Thomas Hofmann G\u00fcnter Bl\u00f6schl Lois Lammerhuber Werner Piller A.M. Cel\u00e2l \u015eeng\u00f6r  24,5 \u00d7 30,2 cm 104 pages 60 images English Hardcover ISBN 978-3-901753-69-5 April 2014\" \/>\n<meta property=\"og:url\" content=\"https:\/\/edition.lammerhuber.at\/en\/books\/the-face-of-the-earth\" \/>\n<meta property=\"og:site_name\" content=\"Edition Lammerhuber\" \/>\n<meta property=\"article:modified_time\" content=\"2020-11-30T15:28:54+00:00\" \/>\n<meta property=\"og:image\" content=\"https:\/\/edition.lammerhuber.at\/app\/uploads\/2014\/04\/face-of-earth-cover.png\" \/>\n\t<meta property=\"og:image:width\" content=\"317\" \/>\n\t<meta property=\"og:image:height\" content=\"387\" \/>\n\t<meta property=\"og:image:type\" content=\"image\/png\" \/>\n<meta name=\"twitter:card\" content=\"summary_large_image\" \/>\n<meta name=\"twitter:label1\" content=\"Est. reading time\" \/>\n\t<meta name=\"twitter:data1\" content=\"1 minute\" \/>\n<script type=\"application\/ld+json\" class=\"yoast-schema-graph\">{\"@context\":\"https:\/\/schema.org\",\"@graph\":[{\"@type\":\"WebPage\",\"@id\":\"https:\/\/edition.lammerhuber.at\/en\/books\/the-face-of-the-earth\",\"url\":\"https:\/\/edition.lammerhuber.at\/en\/books\/the-face-of-the-earth\",\"name\":\"The Face of the Earth - Edition Lammerhuber\",\"isPartOf\":{\"@id\":\"https:\/\/edition.lammerhuber.at\/en#website\"},\"primaryImageOfPage\":{\"@id\":\"https:\/\/edition.lammerhuber.at\/en\/books\/the-face-of-the-earth#primaryimage\"},\"image\":{\"@id\":\"https:\/\/edition.lammerhuber.at\/en\/books\/the-face-of-the-earth#primaryimage\"},\"thumbnailUrl\":\"https:\/\/edition.lammerhuber.at\/app\/uploads\/2014\/04\/face-of-earth-cover.png\",\"datePublished\":\"2014-04-12T11:44:00+00:00\",\"dateModified\":\"2020-11-30T15:28:54+00:00\",\"breadcrumb\":{\"@id\":\"https:\/\/edition.lammerhuber.at\/en\/books\/the-face-of-the-earth#breadcrumb\"},\"inLanguage\":\"en-US\",\"potentialAction\":[{\"@type\":\"ReadAction\",\"target\":[\"https:\/\/edition.lammerhuber.at\/en\/books\/the-face-of-the-earth\"]}]},{\"@type\":\"ImageObject\",\"inLanguage\":\"en-US\",\"@id\":\"https:\/\/edition.lammerhuber.at\/en\/books\/the-face-of-the-earth#primaryimage\",\"url\":\"https:\/\/edition.lammerhuber.at\/app\/uploads\/2014\/04\/face-of-earth-cover.png\",\"contentUrl\":\"https:\/\/edition.lammerhuber.at\/app\/uploads\/2014\/04\/face-of-earth-cover.png\",\"width\":317,\"height\":387},{\"@type\":\"BreadcrumbList\",\"@id\":\"https:\/\/edition.lammerhuber.at\/en\/books\/the-face-of-the-earth#breadcrumb\",\"itemListElement\":[{\"@type\":\"ListItem\",\"position\":1,\"name\":\"Home\",\"item\":\"https:\/\/edition.lammerhuber.at\/en\"},{\"@type\":\"ListItem\",\"position\":2,\"name\":\"The Face of the Earth\"}]},{\"@type\":\"WebSite\",\"@id\":\"https:\/\/edition.lammerhuber.at\/en#website\",\"url\":\"https:\/\/edition.lammerhuber.at\/en\",\"name\":\"Edition Lammerhuber\",\"description\":\"Verlag f\u00fcr Fotografie, Kunst, Natur &amp; Wissenschaft\",\"publisher\":{\"@id\":\"https:\/\/edition.lammerhuber.at\/en#organization\"},\"potentialAction\":[{\"@type\":\"SearchAction\",\"target\":{\"@type\":\"EntryPoint\",\"urlTemplate\":\"https:\/\/edition.lammerhuber.at\/en?s={search_term_string}\"},\"query-input\":{\"@type\":\"PropertyValueSpecification\",\"valueRequired\":true,\"valueName\":\"search_term_string\"}}],\"inLanguage\":\"en-US\"},{\"@type\":\"Organization\",\"@id\":\"https:\/\/edition.lammerhuber.at\/en#organization\",\"name\":\"Edition Lammerhuber\",\"url\":\"https:\/\/edition.lammerhuber.at\/en\",\"logo\":{\"@type\":\"ImageObject\",\"inLanguage\":\"en-US\",\"@id\":\"https:\/\/edition.lammerhuber.at\/en#\/schema\/logo\/image\/\",\"url\":\"\",\"contentUrl\":\"\",\"caption\":\"Edition Lammerhuber\"},\"image\":{\"@id\":\"https:\/\/edition.lammerhuber.at\/en#\/schema\/logo\/image\/\"}}]}<\/script>\n<!-- \/ Yoast SEO plugin. -->","yoast_head_json":{"title":"The Face of the Earth - Edition Lammerhuber","robots":{"index":"index","follow":"follow","max-snippet":"max-snippet:-1","max-image-preview":"max-image-preview:large","max-video-preview":"max-video-preview:-1"},"canonical":"https:\/\/edition.lammerhuber.at\/en\/books\/the-face-of-the-earth","og_locale":"en_US","og_type":"article","og_title":"The Face of the Earth - Edition Lammerhuber","og_description":"His trailblazing theses are still valid today, he coined terms like atmosphere, hydro-, litho- and biosphere, Tethys and Gondwana-Land. In mesmerizing photographs and reflections on the man and his work, written by top geologists of our time, this book pays homage to Eduard Suess, the pioneer of geosciences and 'father of modern geology', on the centenary of his death.  Thomas Hofmann G\u00fcnter Bl\u00f6schl Lois Lammerhuber Werner Piller A.M. Cel\u00e2l \u015eeng\u00f6r  24,5 \u00d7 30,2 cm 104 pages 60 images English Hardcover ISBN 978-3-901753-69-5 April 2014","og_url":"https:\/\/edition.lammerhuber.at\/en\/books\/the-face-of-the-earth","og_site_name":"Edition Lammerhuber","article_modified_time":"2020-11-30T15:28:54+00:00","og_image":[{"width":317,"height":387,"url":"https:\/\/edition.lammerhuber.at\/app\/uploads\/2014\/04\/face-of-earth-cover.png","type":"image\/png"}],"twitter_card":"summary_large_image","twitter_misc":{"Est. reading time":"1 minute"},"schema":{"@context":"https:\/\/schema.org","@graph":[{"@type":"WebPage","@id":"https:\/\/edition.lammerhuber.at\/en\/books\/the-face-of-the-earth","url":"https:\/\/edition.lammerhuber.at\/en\/books\/the-face-of-the-earth","name":"The Face of the Earth - Edition Lammerhuber","isPartOf":{"@id":"https:\/\/edition.lammerhuber.at\/en#website"},"primaryImageOfPage":{"@id":"https:\/\/edition.lammerhuber.at\/en\/books\/the-face-of-the-earth#primaryimage"},"image":{"@id":"https:\/\/edition.lammerhuber.at\/en\/books\/the-face-of-the-earth#primaryimage"},"thumbnailUrl":"https:\/\/edition.lammerhuber.at\/app\/uploads\/2014\/04\/face-of-earth-cover.png","datePublished":"2014-04-12T11:44:00+00:00","dateModified":"2020-11-30T15:28:54+00:00","breadcrumb":{"@id":"https:\/\/edition.lammerhuber.at\/en\/books\/the-face-of-the-earth#breadcrumb"},"inLanguage":"en-US","potentialAction":[{"@type":"ReadAction","target":["https:\/\/edition.lammerhuber.at\/en\/books\/the-face-of-the-earth"]}]},{"@type":"ImageObject","inLanguage":"en-US","@id":"https:\/\/edition.lammerhuber.at\/en\/books\/the-face-of-the-earth#primaryimage","url":"https:\/\/edition.lammerhuber.at\/app\/uploads\/2014\/04\/face-of-earth-cover.png","contentUrl":"https:\/\/edition.lammerhuber.at\/app\/uploads\/2014\/04\/face-of-earth-cover.png","width":317,"height":387},{"@type":"BreadcrumbList","@id":"https:\/\/edition.lammerhuber.at\/en\/books\/the-face-of-the-earth#breadcrumb","itemListElement":[{"@type":"ListItem","position":1,"name":"Home","item":"https:\/\/edition.lammerhuber.at\/en"},{"@type":"ListItem","position":2,"name":"The Face of the Earth"}]},{"@type":"WebSite","@id":"https:\/\/edition.lammerhuber.at\/en#website","url":"https:\/\/edition.lammerhuber.at\/en","name":"Edition Lammerhuber","description":"Verlag f\u00fcr Fotografie, Kunst, Natur &amp; Wissenschaft","publisher":{"@id":"https:\/\/edition.lammerhuber.at\/en#organization"},"potentialAction":[{"@type":"SearchAction","target":{"@type":"EntryPoint","urlTemplate":"https:\/\/edition.lammerhuber.at\/en?s={search_term_string}"},"query-input":{"@type":"PropertyValueSpecification","valueRequired":true,"valueName":"search_term_string"}}],"inLanguage":"en-US"},{"@type":"Organization","@id":"https:\/\/edition.lammerhuber.at\/en#organization","name":"Edition Lammerhuber","url":"https:\/\/edition.lammerhuber.at\/en","logo":{"@type":"ImageObject","inLanguage":"en-US","@id":"https:\/\/edition.lammerhuber.at\/en#\/schema\/logo\/image\/","url":"","contentUrl":"","caption":"Edition Lammerhuber"},"image":{"@id":"https:\/\/edition.lammerhuber.at\/en#\/schema\/logo\/image\/"}}]}},"_links":{"self":[{"href":"https:\/\/edition.lammerhuber.at\/en\/wp-json\/wp\/v2\/product\/1943","targetHints":{"allow":["GET"]}}],"collection":[{"href":"https:\/\/edition.lammerhuber.at\/en\/wp-json\/wp\/v2\/product"}],"about":[{"href":"https:\/\/edition.lammerhuber.at\/en\/wp-json\/wp\/v2\/types\/product"}],"wp:featuredmedia":[{"embeddable":true,"href":"https:\/\/edition.lammerhuber.at\/en\/wp-json\/wp\/v2\/media\/1916"}],"wp:attachment":[{"href":"https:\/\/edition.lammerhuber.at\/en\/wp-json\/wp\/v2\/media?parent=1943"}],"wp:term":[{"taxonomy":"product_brand","embeddable":true,"href":"https:\/\/edition.lammerhuber.at\/en\/wp-json\/wp\/v2\/product_brand?post=1943"},{"taxonomy":"product_cat","embeddable":true,"href":"https:\/\/edition.lammerhuber.at\/en\/wp-json\/wp\/v2\/product_cat?post=1943"},{"taxonomy":"product_tag","embeddable":true,"href":"https:\/\/edition.lammerhuber.at\/en\/wp-json\/wp\/v2\/product_tag?post=1943"}],"curies":[{"name":"wp","href":"https:\/\/api.w.org\/{rel}","templated":true}]}}