{"id":1913,"date":"2015-04-12T13:44:00","date_gmt":"2015-04-12T11:44:00","guid":{"rendered":"https:\/\/edition2.lammerhuber.at\/shop\/a-voyage-through-scales"},"modified":"2020-11-30T14:26:00","modified_gmt":"2020-11-30T13:26:00","slug":"a-voyage-through-scales","status":"publish","type":"product","link":"https:\/\/edition.lammerhuber.at\/en\/books\/a-voyage-through-scales","title":{"rendered":"A Voyage through Scales"},"content":{"rendered":"<p>A Voyage Through Scales is an invitation to contemplate the earth\u2019s extraordinary variability, from changes in milliseconds to geologic time scales, from microns to the size of the planet. Zoom into a cloud. Zoom out of a rock. Watch the volcano explode, the lightning strike, an aurora undulate. Imagine ice sheets expanding, retreating &#8211; pulsating &#8211; while continents continue their leisurely collisions. Everywhere there are structures within structures &#8230; within structures. A voyage through scales is an invitation to contemplate the earth\u2019s extraordinary variability, from changes in milliseconds to geologic time scales, from microns to the size of the planet. The range of scales in space, in time &#8211; in space-time &#8211; is truly mindboggling. Their complexity challenges our ability to measure, to model, to comprehend. Join us on this odyssey.<\/p>\n<p>TABLE OF CONTENTS<br \/>\nA Voyage<br \/>\nLiving with a Star<br \/>\nUp into the Sky<br \/>\nScales and Atmospheric Measurements<br \/>\nBiogeosciences Connecting Earth\u2019s Spheres from Microscopic to Global Scales<br \/>\nSculpting the Surface of the Earth<br \/>\nEarth System Dynamics: \u201cThe Whole Is More Than the Sum of Its Parts\u201d (Aristotle)<br \/>\nScales in Atmospheric Remote Sensing Instruments, Measurements and Scientific Products<br \/>\nHydrology, a Science of Water Flow at Many Scales<br \/>\nScales and Scaling in Natural Hazards<br \/>\nBeautiful Geometries Underlying Ocean Nonlinear Processes<br \/>\nOcean Science<br \/>\nSoil: A Journey through Time and Space<br \/>\nThe Mobile Solid Earth: A Question of Perception<br \/>\nFrom Microscopic Ice Crystals to Global Ice Ages: Scales of Cryosphere Phenomena and Research<br \/>\nOpen Access \u2013 What Else\u2009?<br \/>\nThe EGU Journals<\/p>\n<div id=\"attachment_1878\" style=\"width: 310px\" class=\"wp-caption aligncenter\"><a href=\"https:\/\/edition2.lammerhuber.at\/app\/uploads\/2015\/04\/European-Geosciences-Union-2015.jpg\"><img loading=\"lazy\" decoding=\"async\" aria-describedby=\"caption-attachment-1878\" class=\"size-medium wp-image-1878\" src=\"https:\/\/edition2.lammerhuber.at\/app\/uploads\/2015\/04\/European-Geosciences-Union-2015-300x181.jpg\" alt=\"European Geosciences Union 2015\" width=\"300\" height=\"181\" srcset=\"https:\/\/edition.lammerhuber.at\/app\/uploads\/2015\/04\/European-Geosciences-Union-2015-300x181.jpg 300w, https:\/\/edition.lammerhuber.at\/app\/uploads\/2015\/04\/European-Geosciences-Union-2015-490x296.jpg 490w, https:\/\/edition.lammerhuber.at\/app\/uploads\/2015\/04\/European-Geosciences-Union-2015-278x168.jpg 278w, https:\/\/edition.lammerhuber.at\/app\/uploads\/2015\/04\/European-Geosciences-Union-2015-600x362.jpg 600w, https:\/\/edition.lammerhuber.at\/app\/uploads\/2015\/04\/European-Geosciences-Union-2015.jpg 639w\" sizes=\"auto, (max-width: 300px) 100vw, 300px\" \/><\/a><p id=\"caption-attachment-1878\" class=\"wp-caption-text\">Zur EGU (European Geosciences Union) General Assembly vom 12. \u2013 17. 5. 2015 im Austria Center Wien wurden die Bilder aus dem Buch &#8220;A Voyage Through Scales&#8221; auf einer eigens angefertigten Installation als Multi-Screen-Slideshow gezeigt.<\/p><\/div>\n","protected":false},"excerpt":{"rendered":"<p>A Voyage through Scales \u2013 The Earth System in Space and Time<br \/>\nis an eye-operner to enjoy the modern day wonders of the world and to experience science as an exciting journey through space and time. It offers state of the art knowledge straight from the labs.<\/p>\n<p><strong>G\u00fcnter Bl\u00f6schl<\/strong><br \/>\n<strong>Hans Thybo<\/strong><br \/>\n<strong>Hubert Savenije<\/strong><\/p>\n<p>24,5 \u00d7 30,2 cm<br \/>\n120 pages<br \/>\n120 photos<br \/>\nEnglisch<br \/>\nHardcover<br \/>\nISBN 978-3-901753-84-8<br \/>\nApril 2015<\/p>\n","protected":false},"featured_media":1882,"template":"","meta":{"_acf_changed":false},"product_brand":[],"product_cat":[35,39],"product_tag":[560,462],"class_list":{"0":"post-1913","1":"product","2":"type-product","3":"status-publish","4":"has-post-thumbnail","6":"product_cat-corporate-books-en","7":"product_cat-sciences","8":"product_tag-nature","9":"product_tag-science","10":"pa_buchautor-guenter-bloeschl-en","11":"pa_buchautor-hans-thybo-en","12":"pa_buchautor-hubert-savenije-en","14":"first","15":"instock","16":"shipping-taxable","17":"purchasable","18":"product-type-simple"},"acf":[],"yoast_head":"<!-- This site is optimized with the Yoast SEO plugin v27.2 - https:\/\/yoast.com\/product\/yoast-seo-wordpress\/ -->\n<title>A Voyage through Scales - Edition Lammerhuber<\/title>\n<meta name=\"robots\" content=\"index, follow, max-snippet:-1, max-image-preview:large, max-video-preview:-1\" \/>\n<link rel=\"canonical\" href=\"https:\/\/edition.lammerhuber.at\/en\/books\/a-voyage-through-scales\" \/>\n<meta property=\"og:locale\" content=\"en_US\" \/>\n<meta property=\"og:type\" content=\"article\" \/>\n<meta property=\"og:title\" content=\"A Voyage through Scales - Edition Lammerhuber\" \/>\n<meta property=\"og:description\" content=\"A Voyage through Scales \u2013 The Earth System in Space and Time is an eye-operner to enjoy the modern day wonders of the world and to experience science as an exciting journey through space and time. It offers state of the art knowledge straight from the labs.  G\u00fcnter Bl\u00f6schl Hans Thybo Hubert Savenije  24,5 \u00d7 30,2 cm 120 pages 120 photos Englisch Hardcover ISBN 978-3-901753-84-8 April 2015\" \/>\n<meta property=\"og:url\" content=\"https:\/\/edition.lammerhuber.at\/en\/books\/a-voyage-through-scales\" \/>\n<meta property=\"og:site_name\" content=\"Edition Lammerhuber\" \/>\n<meta property=\"article:modified_time\" content=\"2020-11-30T13:26:00+00:00\" \/>\n<meta property=\"og:image\" content=\"https:\/\/edition.lammerhuber.at\/app\/uploads\/2015\/04\/egu2015_voyage_through_scales.png\" \/>\n\t<meta property=\"og:image:width\" content=\"317\" \/>\n\t<meta property=\"og:image:height\" content=\"387\" \/>\n\t<meta property=\"og:image:type\" content=\"image\/png\" \/>\n<meta name=\"twitter:card\" content=\"summary_large_image\" \/>\n<meta name=\"twitter:label1\" content=\"Est. reading time\" \/>\n\t<meta name=\"twitter:data1\" content=\"1 minute\" \/>\n<script type=\"application\/ld+json\" class=\"yoast-schema-graph\">{\"@context\":\"https:\/\/schema.org\",\"@graph\":[{\"@type\":\"WebPage\",\"@id\":\"https:\/\/edition.lammerhuber.at\/en\/books\/a-voyage-through-scales\",\"url\":\"https:\/\/edition.lammerhuber.at\/en\/books\/a-voyage-through-scales\",\"name\":\"A Voyage through Scales - Edition Lammerhuber\",\"isPartOf\":{\"@id\":\"https:\/\/edition.lammerhuber.at\/en#website\"},\"primaryImageOfPage\":{\"@id\":\"https:\/\/edition.lammerhuber.at\/en\/books\/a-voyage-through-scales#primaryimage\"},\"image\":{\"@id\":\"https:\/\/edition.lammerhuber.at\/en\/books\/a-voyage-through-scales#primaryimage\"},\"thumbnailUrl\":\"https:\/\/edition.lammerhuber.at\/app\/uploads\/2015\/04\/egu2015_voyage_through_scales.png\",\"datePublished\":\"2015-04-12T11:44:00+00:00\",\"dateModified\":\"2020-11-30T13:26:00+00:00\",\"breadcrumb\":{\"@id\":\"https:\/\/edition.lammerhuber.at\/en\/books\/a-voyage-through-scales#breadcrumb\"},\"inLanguage\":\"en-US\",\"potentialAction\":[{\"@type\":\"ReadAction\",\"target\":[\"https:\/\/edition.lammerhuber.at\/en\/books\/a-voyage-through-scales\"]}]},{\"@type\":\"ImageObject\",\"inLanguage\":\"en-US\",\"@id\":\"https:\/\/edition.lammerhuber.at\/en\/books\/a-voyage-through-scales#primaryimage\",\"url\":\"https:\/\/edition.lammerhuber.at\/app\/uploads\/2015\/04\/egu2015_voyage_through_scales.png\",\"contentUrl\":\"https:\/\/edition.lammerhuber.at\/app\/uploads\/2015\/04\/egu2015_voyage_through_scales.png\",\"width\":317,\"height\":387},{\"@type\":\"BreadcrumbList\",\"@id\":\"https:\/\/edition.lammerhuber.at\/en\/books\/a-voyage-through-scales#breadcrumb\",\"itemListElement\":[{\"@type\":\"ListItem\",\"position\":1,\"name\":\"Home\",\"item\":\"https:\/\/edition.lammerhuber.at\/en\"},{\"@type\":\"ListItem\",\"position\":2,\"name\":\"A Voyage through Scales\"}]},{\"@type\":\"WebSite\",\"@id\":\"https:\/\/edition.lammerhuber.at\/en#website\",\"url\":\"https:\/\/edition.lammerhuber.at\/en\",\"name\":\"Edition Lammerhuber\",\"description\":\"Verlag f\u00fcr Fotografie, Kunst, Natur &amp; Wissenschaft\",\"publisher\":{\"@id\":\"https:\/\/edition.lammerhuber.at\/en#organization\"},\"potentialAction\":[{\"@type\":\"SearchAction\",\"target\":{\"@type\":\"EntryPoint\",\"urlTemplate\":\"https:\/\/edition.lammerhuber.at\/en?s={search_term_string}\"},\"query-input\":{\"@type\":\"PropertyValueSpecification\",\"valueRequired\":true,\"valueName\":\"search_term_string\"}}],\"inLanguage\":\"en-US\"},{\"@type\":\"Organization\",\"@id\":\"https:\/\/edition.lammerhuber.at\/en#organization\",\"name\":\"Edition Lammerhuber\",\"url\":\"https:\/\/edition.lammerhuber.at\/en\",\"logo\":{\"@type\":\"ImageObject\",\"inLanguage\":\"en-US\",\"@id\":\"https:\/\/edition.lammerhuber.at\/en#\/schema\/logo\/image\/\",\"url\":\"\",\"contentUrl\":\"\",\"caption\":\"Edition Lammerhuber\"},\"image\":{\"@id\":\"https:\/\/edition.lammerhuber.at\/en#\/schema\/logo\/image\/\"}}]}<\/script>\n<!-- \/ Yoast SEO plugin. -->","yoast_head_json":{"title":"A Voyage through Scales - Edition Lammerhuber","robots":{"index":"index","follow":"follow","max-snippet":"max-snippet:-1","max-image-preview":"max-image-preview:large","max-video-preview":"max-video-preview:-1"},"canonical":"https:\/\/edition.lammerhuber.at\/en\/books\/a-voyage-through-scales","og_locale":"en_US","og_type":"article","og_title":"A Voyage through Scales - Edition Lammerhuber","og_description":"A Voyage through Scales \u2013 The Earth System in Space and Time is an eye-operner to enjoy the modern day wonders of the world and to experience science as an exciting journey through space and time. It offers state of the art knowledge straight from the labs.  G\u00fcnter Bl\u00f6schl Hans Thybo Hubert Savenije  24,5 \u00d7 30,2 cm 120 pages 120 photos Englisch Hardcover ISBN 978-3-901753-84-8 April 2015","og_url":"https:\/\/edition.lammerhuber.at\/en\/books\/a-voyage-through-scales","og_site_name":"Edition Lammerhuber","article_modified_time":"2020-11-30T13:26:00+00:00","og_image":[{"width":317,"height":387,"url":"https:\/\/edition.lammerhuber.at\/app\/uploads\/2015\/04\/egu2015_voyage_through_scales.png","type":"image\/png"}],"twitter_card":"summary_large_image","twitter_misc":{"Est. reading time":"1 minute"},"schema":{"@context":"https:\/\/schema.org","@graph":[{"@type":"WebPage","@id":"https:\/\/edition.lammerhuber.at\/en\/books\/a-voyage-through-scales","url":"https:\/\/edition.lammerhuber.at\/en\/books\/a-voyage-through-scales","name":"A Voyage through Scales - Edition Lammerhuber","isPartOf":{"@id":"https:\/\/edition.lammerhuber.at\/en#website"},"primaryImageOfPage":{"@id":"https:\/\/edition.lammerhuber.at\/en\/books\/a-voyage-through-scales#primaryimage"},"image":{"@id":"https:\/\/edition.lammerhuber.at\/en\/books\/a-voyage-through-scales#primaryimage"},"thumbnailUrl":"https:\/\/edition.lammerhuber.at\/app\/uploads\/2015\/04\/egu2015_voyage_through_scales.png","datePublished":"2015-04-12T11:44:00+00:00","dateModified":"2020-11-30T13:26:00+00:00","breadcrumb":{"@id":"https:\/\/edition.lammerhuber.at\/en\/books\/a-voyage-through-scales#breadcrumb"},"inLanguage":"en-US","potentialAction":[{"@type":"ReadAction","target":["https:\/\/edition.lammerhuber.at\/en\/books\/a-voyage-through-scales"]}]},{"@type":"ImageObject","inLanguage":"en-US","@id":"https:\/\/edition.lammerhuber.at\/en\/books\/a-voyage-through-scales#primaryimage","url":"https:\/\/edition.lammerhuber.at\/app\/uploads\/2015\/04\/egu2015_voyage_through_scales.png","contentUrl":"https:\/\/edition.lammerhuber.at\/app\/uploads\/2015\/04\/egu2015_voyage_through_scales.png","width":317,"height":387},{"@type":"BreadcrumbList","@id":"https:\/\/edition.lammerhuber.at\/en\/books\/a-voyage-through-scales#breadcrumb","itemListElement":[{"@type":"ListItem","position":1,"name":"Home","item":"https:\/\/edition.lammerhuber.at\/en"},{"@type":"ListItem","position":2,"name":"A Voyage through Scales"}]},{"@type":"WebSite","@id":"https:\/\/edition.lammerhuber.at\/en#website","url":"https:\/\/edition.lammerhuber.at\/en","name":"Edition Lammerhuber","description":"Verlag f\u00fcr Fotografie, Kunst, Natur &amp; Wissenschaft","publisher":{"@id":"https:\/\/edition.lammerhuber.at\/en#organization"},"potentialAction":[{"@type":"SearchAction","target":{"@type":"EntryPoint","urlTemplate":"https:\/\/edition.lammerhuber.at\/en?s={search_term_string}"},"query-input":{"@type":"PropertyValueSpecification","valueRequired":true,"valueName":"search_term_string"}}],"inLanguage":"en-US"},{"@type":"Organization","@id":"https:\/\/edition.lammerhuber.at\/en#organization","name":"Edition Lammerhuber","url":"https:\/\/edition.lammerhuber.at\/en","logo":{"@type":"ImageObject","inLanguage":"en-US","@id":"https:\/\/edition.lammerhuber.at\/en#\/schema\/logo\/image\/","url":"","contentUrl":"","caption":"Edition Lammerhuber"},"image":{"@id":"https:\/\/edition.lammerhuber.at\/en#\/schema\/logo\/image\/"}}]}},"_links":{"self":[{"href":"https:\/\/edition.lammerhuber.at\/en\/wp-json\/wp\/v2\/product\/1913","targetHints":{"allow":["GET"]}}],"collection":[{"href":"https:\/\/edition.lammerhuber.at\/en\/wp-json\/wp\/v2\/product"}],"about":[{"href":"https:\/\/edition.lammerhuber.at\/en\/wp-json\/wp\/v2\/types\/product"}],"wp:featuredmedia":[{"embeddable":true,"href":"https:\/\/edition.lammerhuber.at\/en\/wp-json\/wp\/v2\/media\/1882"}],"wp:attachment":[{"href":"https:\/\/edition.lammerhuber.at\/en\/wp-json\/wp\/v2\/media?parent=1913"}],"wp:term":[{"taxonomy":"product_brand","embeddable":true,"href":"https:\/\/edition.lammerhuber.at\/en\/wp-json\/wp\/v2\/product_brand?post=1913"},{"taxonomy":"product_cat","embeddable":true,"href":"https:\/\/edition.lammerhuber.at\/en\/wp-json\/wp\/v2\/product_cat?post=1913"},{"taxonomy":"product_tag","embeddable":true,"href":"https:\/\/edition.lammerhuber.at\/en\/wp-json\/wp\/v2\/product_tag?post=1913"}],"curies":[{"name":"wp","href":"https:\/\/api.w.org\/{rel}","templated":true}]}}