{"id":1764,"date":"2011-12-12T13:44:04","date_gmt":"2011-12-12T12:44:04","guid":{"rendered":"https:\/\/edition2.lammerhuber.at\/shop\/zeit-zeugen-fotografie-in-osterreich-seit-1945"},"modified":"2020-11-30T17:56:16","modified_gmt":"2020-11-30T16:56:16","slug":"zeit-zeugen-fotografie-in-osterreich-seit-1945","status":"publish","type":"product","link":"https:\/\/edition.lammerhuber.at\/en\/books\/zeit-zeugen-fotografie-in-osterreich-seit-1945","title":{"rendered":"ZEIT-ZEUGEN Fotografie in \u00d6sterreich seit (1945)"},"content":{"rendered":"<p><strong>The Photographische Gesellschaft Wien<\/strong> was founded some 20 years after the invention of photography. In 2011, the Society celebrated its 150th anniversary through two exhibitions, one of which was documented by this book. Zeit-zeugen is an exhibition on applied photography, without any assessment or consideration of the time of origin of the exhibits.<\/p>\n<p>&#8220;The Photographic Society is the only institution that does not represent a specific style of photography, but photography in its entirety.\u201c Werner Sobotka, President of the Photographische Gesellschaft<\/p>\n<p>166 photographers:\u00a0Irene Andessner, Arian Andiel &amp;amp; Jakob Paulus, Bernhard Angerer, Helmut Baar, Heinz-Peter Bader, Kurt Bauer, Peter Bauer, Judith Baum, Lillian Barylli-Fayer, Gottfried Bechtold, Lukas Beck, Christa Biedermann, Karin Binder, Andreas H. Bitesnich, Vera Rosmaria Brandner, Robert M. Brandst\u00e4tter, Rudi Brandst\u00e4tter, Werner Branz, G\u00fcnter Brus &amp;amp; Siegfried Klein, Gert Chesi, Alexander Chitsazan, Linda Christanell, Heinz Cibulka, Anjeza Cikopano, Maurizio Cirillo, Matthias Cremer, Sepp Dreissinger, Gregor Ecker, Christian Eisenberger, Valie Export, Luca Faccio, Sissi Farassat, Reinhard Fasching, Josef Fischnaller, Leonhard F\u00f6ger, Helmut Fohringer, Padhi Frieberger, Sepp Gallauer, Peter Garmusch, Oliver Gast, Mark Glassner, Martin Grabner, Christine de Grancy, Heinz Gulnerits, Ernst Haas, Gerd Hasler, Joachim Haslinger, Pez Hejduk, Gerhard Heller, Gottfried Helnwein, Heinz Henninger, Tina Herzl, Andreas Hofer, Meinrad Hofer, Josef Hoflehner, Klemens Horvath, Franz Hubmann, Michael Inmann, Robert J\u00e4ger, Oliver Jiszda, Walter J\u00f6bstl, Christian Jungwirth, Raphael Just, Viktor Kabelka, Franz Killmeyer, Manfred Klimek, Stefan Knittel, Gabriela Koch, Daniel Gebhard de Koekkoek, Nikolaus Korab, Zita K\u00f6ver, Paul Kranzler, Gudrun Krieger, Stefan Kruckenhauser, Martin Kucera, Lois Lammerhuber, Willy Langbein, Erich Lessing, Stefan Liewehr, Ina Loitzl, Karin Mack, Otto Mang, Peter Manninger, Peter Mathis, Julie May Queen, Elfriede Mejchar, Gerhard Merzeder, Bettina Patermo, Gerlinde Miesenb\u00f6ck, Inge Morath, Otto M\u00fchl &amp;amp; Ludwig Hoffenreich, Lisi Niesner &amp;amp; Georg Hochmuth, Hermann Nitsch &amp;amp; Siegfried Klein, Georg N. Nyman, Walter Oczlon, Flora P., Guenter Parth, Eva Petric, Barbara Pflaum, Christine Pichler, Roland Pleterski, Cora Pongracz, Verena Popp-Hackner &amp;amp; Georg Popp, Agnes Prammer, Bernd Preiml, Willy Puchner, Hermine Raab, Arnulf Rainer, Petra Rainer, Philipp Rank, Martin Rauchenwald, Reiner Riedler, Peter Rigaud, Georg Riha, Ursula R\u00f6ck, Markus R\u00f6ssle, Lothar R\u00fcbelt, Ludwig Rusch, Didi Sattmann, Thomas Schauer, Rudolf Schmied, Gregor Schmoll, Maria Schnabl, Claudia Schumann, Rudolf Schwarzkogler &amp;amp; Ludwig Hoffenreich, Alfred Seiland, Elfi Semotan, Marielis Seyler, Hubert Sielecki, Heinz Simonis, J\u00fcrgen Skarwan, Christian Skrein, Thomas Smetana, Gerhard Sokol, Margherita Spiluttini, Agnes Stadlmann, Bernd Stanzel, Aksel Stasny, Horst Stasny, Robert Staudinger, Liesl Steiner, Michael Stelzhammer, Stirn Prumzer, Anna St\u00f6cher, Hans Klaus Techt, Stefan Tesarek, Markus Thums, Gerhard Trumler, Hubert Urban, Sebastian Wagner, Jork Weismann, Harry Weber, Natalie Weiss, Margret Wenzel-Jelinek, Franz West, Friedrun West, Harald Wiesleitner, Michi Winkelmann &amp;nbsp;, Erwin Wurm, Marko Zink, Wolfgang Zlodej, Eef Zipper<\/p>\n","protected":false},"excerpt":{"rendered":"<p>BEST OF Austrian photography since 1945<\/p>\n<p>166 photographers<br \/>\n380 photos<br \/>\n21 \u00d7 29.7 cm<br \/>\n476 pages<br \/>\nHardcover<br \/>\n3D glasses<br \/>\nISBN 978-3-901753-49-7<br \/>\nDecember 2011<\/p>\n","protected":false},"featured_media":1729,"template":"","meta":{"_acf_changed":false},"product_brand":[],"product_cat":[35,36],"product_tag":[529,577,411,461],"class_list":{"0":"post-1764","1":"product","2":"type-product","3":"status-publish","4":"has-post-thumbnail","6":"product_cat-corporate-books-en","7":"product_cat-photography","8":"product_tag-analogue-photography","9":"product_tag-austria","10":"product_tag-fine-art-en","11":"product_tag-vienna","13":"first","14":"instock","15":"shipping-taxable","16":"purchasable","17":"product-type-simple"},"acf":[],"yoast_head":"<!-- This site is optimized with the Yoast SEO plugin v27.2 - https:\/\/yoast.com\/product\/yoast-seo-wordpress\/ -->\n<title>ZEIT-ZEUGEN Fotografie in \u00d6sterreich seit (1945) - Edition Lammerhuber<\/title>\n<meta name=\"robots\" content=\"index, follow, max-snippet:-1, max-image-preview:large, max-video-preview:-1\" \/>\n<link rel=\"canonical\" href=\"https:\/\/edition.lammerhuber.at\/en\/books\/zeit-zeugen-fotografie-in-osterreich-seit-1945\" \/>\n<meta property=\"og:locale\" content=\"en_US\" \/>\n<meta property=\"og:type\" content=\"article\" \/>\n<meta property=\"og:title\" content=\"ZEIT-ZEUGEN Fotografie in \u00d6sterreich seit (1945) - Edition Lammerhuber\" \/>\n<meta property=\"og:description\" content=\"BEST OF Austrian photography since 1945  166 photographers 380 photos 21 \u00d7 29.7 cm 476 pages Hardcover 3D glasses ISBN 978-3-901753-49-7 December 2011\" \/>\n<meta property=\"og:url\" content=\"https:\/\/edition.lammerhuber.at\/en\/books\/zeit-zeugen-fotografie-in-osterreich-seit-1945\" \/>\n<meta property=\"og:site_name\" content=\"Edition Lammerhuber\" \/>\n<meta property=\"article:modified_time\" content=\"2020-11-30T16:56:16+00:00\" \/>\n<meta property=\"og:image\" content=\"https:\/\/edition.lammerhuber.at\/app\/uploads\/2011\/12\/zeitzeugen-1945-hardcover.png\" \/>\n\t<meta property=\"og:image:width\" content=\"310\" \/>\n\t<meta property=\"og:image:height\" content=\"414\" \/>\n\t<meta property=\"og:image:type\" content=\"image\/png\" \/>\n<meta name=\"twitter:card\" content=\"summary_large_image\" \/>\n<meta name=\"twitter:label1\" content=\"Est. reading time\" \/>\n\t<meta name=\"twitter:data1\" content=\"2 minutes\" \/>\n<script type=\"application\/ld+json\" class=\"yoast-schema-graph\">{\"@context\":\"https:\/\/schema.org\",\"@graph\":[{\"@type\":\"WebPage\",\"@id\":\"https:\/\/edition.lammerhuber.at\/en\/books\/zeit-zeugen-fotografie-in-osterreich-seit-1945\",\"url\":\"https:\/\/edition.lammerhuber.at\/en\/books\/zeit-zeugen-fotografie-in-osterreich-seit-1945\",\"name\":\"ZEIT-ZEUGEN Fotografie in \u00d6sterreich seit (1945) - Edition Lammerhuber\",\"isPartOf\":{\"@id\":\"https:\/\/edition.lammerhuber.at\/en#website\"},\"primaryImageOfPage\":{\"@id\":\"https:\/\/edition.lammerhuber.at\/en\/books\/zeit-zeugen-fotografie-in-osterreich-seit-1945#primaryimage\"},\"image\":{\"@id\":\"https:\/\/edition.lammerhuber.at\/en\/books\/zeit-zeugen-fotografie-in-osterreich-seit-1945#primaryimage\"},\"thumbnailUrl\":\"https:\/\/edition.lammerhuber.at\/app\/uploads\/2011\/12\/zeitzeugen-1945-hardcover.png\",\"datePublished\":\"2011-12-12T12:44:04+00:00\",\"dateModified\":\"2020-11-30T16:56:16+00:00\",\"breadcrumb\":{\"@id\":\"https:\/\/edition.lammerhuber.at\/en\/books\/zeit-zeugen-fotografie-in-osterreich-seit-1945#breadcrumb\"},\"inLanguage\":\"en-US\",\"potentialAction\":[{\"@type\":\"ReadAction\",\"target\":[\"https:\/\/edition.lammerhuber.at\/en\/books\/zeit-zeugen-fotografie-in-osterreich-seit-1945\"]}]},{\"@type\":\"ImageObject\",\"inLanguage\":\"en-US\",\"@id\":\"https:\/\/edition.lammerhuber.at\/en\/books\/zeit-zeugen-fotografie-in-osterreich-seit-1945#primaryimage\",\"url\":\"https:\/\/edition.lammerhuber.at\/app\/uploads\/2011\/12\/zeitzeugen-1945-hardcover.png\",\"contentUrl\":\"https:\/\/edition.lammerhuber.at\/app\/uploads\/2011\/12\/zeitzeugen-1945-hardcover.png\",\"width\":310,\"height\":414},{\"@type\":\"BreadcrumbList\",\"@id\":\"https:\/\/edition.lammerhuber.at\/en\/books\/zeit-zeugen-fotografie-in-osterreich-seit-1945#breadcrumb\",\"itemListElement\":[{\"@type\":\"ListItem\",\"position\":1,\"name\":\"Home\",\"item\":\"https:\/\/edition.lammerhuber.at\/en\"},{\"@type\":\"ListItem\",\"position\":2,\"name\":\"ZEIT-ZEUGEN Fotografie in \u00d6sterreich seit (1945)\"}]},{\"@type\":\"WebSite\",\"@id\":\"https:\/\/edition.lammerhuber.at\/en#website\",\"url\":\"https:\/\/edition.lammerhuber.at\/en\",\"name\":\"Edition Lammerhuber\",\"description\":\"Verlag f\u00fcr Fotografie, Kunst, Natur &amp; Wissenschaft\",\"publisher\":{\"@id\":\"https:\/\/edition.lammerhuber.at\/en#organization\"},\"potentialAction\":[{\"@type\":\"SearchAction\",\"target\":{\"@type\":\"EntryPoint\",\"urlTemplate\":\"https:\/\/edition.lammerhuber.at\/en?s={search_term_string}\"},\"query-input\":{\"@type\":\"PropertyValueSpecification\",\"valueRequired\":true,\"valueName\":\"search_term_string\"}}],\"inLanguage\":\"en-US\"},{\"@type\":\"Organization\",\"@id\":\"https:\/\/edition.lammerhuber.at\/en#organization\",\"name\":\"Edition Lammerhuber\",\"url\":\"https:\/\/edition.lammerhuber.at\/en\",\"logo\":{\"@type\":\"ImageObject\",\"inLanguage\":\"en-US\",\"@id\":\"https:\/\/edition.lammerhuber.at\/en#\/schema\/logo\/image\/\",\"url\":\"\",\"contentUrl\":\"\",\"caption\":\"Edition Lammerhuber\"},\"image\":{\"@id\":\"https:\/\/edition.lammerhuber.at\/en#\/schema\/logo\/image\/\"}}]}<\/script>\n<!-- \/ Yoast SEO plugin. -->","yoast_head_json":{"title":"ZEIT-ZEUGEN Fotografie in \u00d6sterreich seit (1945) - Edition Lammerhuber","robots":{"index":"index","follow":"follow","max-snippet":"max-snippet:-1","max-image-preview":"max-image-preview:large","max-video-preview":"max-video-preview:-1"},"canonical":"https:\/\/edition.lammerhuber.at\/en\/books\/zeit-zeugen-fotografie-in-osterreich-seit-1945","og_locale":"en_US","og_type":"article","og_title":"ZEIT-ZEUGEN Fotografie in \u00d6sterreich seit (1945) - Edition Lammerhuber","og_description":"BEST OF Austrian photography since 1945  166 photographers 380 photos 21 \u00d7 29.7 cm 476 pages Hardcover 3D glasses ISBN 978-3-901753-49-7 December 2011","og_url":"https:\/\/edition.lammerhuber.at\/en\/books\/zeit-zeugen-fotografie-in-osterreich-seit-1945","og_site_name":"Edition Lammerhuber","article_modified_time":"2020-11-30T16:56:16+00:00","og_image":[{"width":310,"height":414,"url":"https:\/\/edition.lammerhuber.at\/app\/uploads\/2011\/12\/zeitzeugen-1945-hardcover.png","type":"image\/png"}],"twitter_card":"summary_large_image","twitter_misc":{"Est. reading time":"2 minutes"},"schema":{"@context":"https:\/\/schema.org","@graph":[{"@type":"WebPage","@id":"https:\/\/edition.lammerhuber.at\/en\/books\/zeit-zeugen-fotografie-in-osterreich-seit-1945","url":"https:\/\/edition.lammerhuber.at\/en\/books\/zeit-zeugen-fotografie-in-osterreich-seit-1945","name":"ZEIT-ZEUGEN Fotografie in \u00d6sterreich seit (1945) - Edition Lammerhuber","isPartOf":{"@id":"https:\/\/edition.lammerhuber.at\/en#website"},"primaryImageOfPage":{"@id":"https:\/\/edition.lammerhuber.at\/en\/books\/zeit-zeugen-fotografie-in-osterreich-seit-1945#primaryimage"},"image":{"@id":"https:\/\/edition.lammerhuber.at\/en\/books\/zeit-zeugen-fotografie-in-osterreich-seit-1945#primaryimage"},"thumbnailUrl":"https:\/\/edition.lammerhuber.at\/app\/uploads\/2011\/12\/zeitzeugen-1945-hardcover.png","datePublished":"2011-12-12T12:44:04+00:00","dateModified":"2020-11-30T16:56:16+00:00","breadcrumb":{"@id":"https:\/\/edition.lammerhuber.at\/en\/books\/zeit-zeugen-fotografie-in-osterreich-seit-1945#breadcrumb"},"inLanguage":"en-US","potentialAction":[{"@type":"ReadAction","target":["https:\/\/edition.lammerhuber.at\/en\/books\/zeit-zeugen-fotografie-in-osterreich-seit-1945"]}]},{"@type":"ImageObject","inLanguage":"en-US","@id":"https:\/\/edition.lammerhuber.at\/en\/books\/zeit-zeugen-fotografie-in-osterreich-seit-1945#primaryimage","url":"https:\/\/edition.lammerhuber.at\/app\/uploads\/2011\/12\/zeitzeugen-1945-hardcover.png","contentUrl":"https:\/\/edition.lammerhuber.at\/app\/uploads\/2011\/12\/zeitzeugen-1945-hardcover.png","width":310,"height":414},{"@type":"BreadcrumbList","@id":"https:\/\/edition.lammerhuber.at\/en\/books\/zeit-zeugen-fotografie-in-osterreich-seit-1945#breadcrumb","itemListElement":[{"@type":"ListItem","position":1,"name":"Home","item":"https:\/\/edition.lammerhuber.at\/en"},{"@type":"ListItem","position":2,"name":"ZEIT-ZEUGEN Fotografie in \u00d6sterreich seit (1945)"}]},{"@type":"WebSite","@id":"https:\/\/edition.lammerhuber.at\/en#website","url":"https:\/\/edition.lammerhuber.at\/en","name":"Edition Lammerhuber","description":"Verlag f\u00fcr Fotografie, Kunst, Natur &amp; Wissenschaft","publisher":{"@id":"https:\/\/edition.lammerhuber.at\/en#organization"},"potentialAction":[{"@type":"SearchAction","target":{"@type":"EntryPoint","urlTemplate":"https:\/\/edition.lammerhuber.at\/en?s={search_term_string}"},"query-input":{"@type":"PropertyValueSpecification","valueRequired":true,"valueName":"search_term_string"}}],"inLanguage":"en-US"},{"@type":"Organization","@id":"https:\/\/edition.lammerhuber.at\/en#organization","name":"Edition Lammerhuber","url":"https:\/\/edition.lammerhuber.at\/en","logo":{"@type":"ImageObject","inLanguage":"en-US","@id":"https:\/\/edition.lammerhuber.at\/en#\/schema\/logo\/image\/","url":"","contentUrl":"","caption":"Edition Lammerhuber"},"image":{"@id":"https:\/\/edition.lammerhuber.at\/en#\/schema\/logo\/image\/"}}]}},"_links":{"self":[{"href":"https:\/\/edition.lammerhuber.at\/en\/wp-json\/wp\/v2\/product\/1764","targetHints":{"allow":["GET"]}}],"collection":[{"href":"https:\/\/edition.lammerhuber.at\/en\/wp-json\/wp\/v2\/product"}],"about":[{"href":"https:\/\/edition.lammerhuber.at\/en\/wp-json\/wp\/v2\/types\/product"}],"wp:featuredmedia":[{"embeddable":true,"href":"https:\/\/edition.lammerhuber.at\/en\/wp-json\/wp\/v2\/media\/1729"}],"wp:attachment":[{"href":"https:\/\/edition.lammerhuber.at\/en\/wp-json\/wp\/v2\/media?parent=1764"}],"wp:term":[{"taxonomy":"product_brand","embeddable":true,"href":"https:\/\/edition.lammerhuber.at\/en\/wp-json\/wp\/v2\/product_brand?post=1764"},{"taxonomy":"product_cat","embeddable":true,"href":"https:\/\/edition.lammerhuber.at\/en\/wp-json\/wp\/v2\/product_cat?post=1764"},{"taxonomy":"product_tag","embeddable":true,"href":"https:\/\/edition.lammerhuber.at\/en\/wp-json\/wp\/v2\/product_tag?post=1764"}],"curies":[{"name":"wp","href":"https:\/\/api.w.org\/{rel}","templated":true}]}}