{"id":1428,"date":"2009-05-12T13:44:07","date_gmt":"2009-05-12T11:44:07","guid":{"rendered":"https:\/\/edition2.lammerhuber.at\/shop\/planet-austria"},"modified":"2020-12-01T10:35:34","modified_gmt":"2020-12-01T09:35:34","slug":"planet-austria","status":"publish","type":"product","link":"https:\/\/edition.lammerhuber.at\/en\/books\/planet-austria","title":{"rendered":"Planet Austria"},"content":{"rendered":"<p>30 leading research projects of the Austrian Academy of Sciences on the subjects Alps, environment, geology, water and climate were chosen to illustrate the fascination and importance of research in an opulent volume. The scientists and researchers were interviewed about their projects, and Lois Lammerhuber presents their findings in amazing photos. The book was produced by the Austrian Academy of Sciences. It is based on an idea by biologist G\u00fcnther K\u00f6ck and geologist Werner Piller and was implemented in close cooperation with Lois Lammerhuber.<\/p>\n<p>Authors:<br \/>\nGeorg Grabherr, Dieter Gutknecht, Herbert Mang, Werner E. Piller, Franz Ziegler, Arne Arnberger, Burkhard Berger, Ronald Blab, G\u00fcnter Bl\u00f6schl, Jens Boenigk, Axel Borsdorf, Christiane Brandenburg, Rainer Brandner, Ewald Br\u00fcckl, Fritz K. Brunner, Martin Coy, Stefan Dullinger, Josef Eberhardsteiner, Karl-Heinz Erb, Brigitta Erschbamer, Franz Essl, Martin Fera, Niko Filipovic, Josef F\u00fcrst, Hubert Gassner, Simone Gingrich, Michael Gottfried, Gregor G\u00f6tzl, Georg Grabherr, Helmut Haberl, Helmut Habersack, Isolde Hausner, Hubert Holzmann, Christian K\u00f6berl, Gerfried Koch, G\u00fcnter K\u00f6ck, Karl Krainer, Leopold Krystyn, Klaus Motschka, Gerald Muralt, Hans Peter Nachtnebel, Harald Niederst\u00e4tter, Walther Parson, Harald Pauli, Franz Prettenthaler, Roland Psenner, Friedrich Reimoser, Robert Schabetsberger, Roland Schmidt, Wolfgang Sch\u00f6ner, Hans Peter Sch\u00f6nlaub, Michael Staudinger, Thomas J. Suttner, Otto H. Urban, Nadja Vetters, Michael Wagreich, Wolfgang Willner, Richard Zink, Margit Zohmann<br \/>\nEdited by: Andreas Schwab<\/p>\n","protected":false},"excerpt":{"rendered":"<p>Science \u2013 interesting and easy to understand!<br \/>\n30 leading research projects of the Austrian Academy of Sciences<br \/>\non the subjects Alps, environment, geology, water and climate<\/p>\n<p><strong>G\u00fcnter K\u00f6ck<\/strong><br \/>\n<strong>Werner E. Piller<\/strong><br \/>\n<strong>Lois Lammerhuber<\/strong><\/p>\n<p>24 \u00d7 32 cm<br \/>\n408 pages<br \/>\n323 photos<br \/>\nGerman\/English<br \/>\nhardbound in a slipcase<br \/>\nISBN: 978-3-901753-13-8<br \/>\nMay 2009<\/p>\n","protected":false},"featured_media":1407,"template":"","meta":{"_acf_changed":false},"product_brand":[],"product_cat":[35,38,39],"product_tag":[577,547,560,462],"class_list":{"0":"post-1428","1":"product","2":"type-product","3":"status-publish","4":"has-post-thumbnail","6":"product_cat-corporate-books-en","7":"product_cat-nature","8":"product_cat-sciences","9":"product_tag-austria","10":"product_tag-geology","11":"product_tag-nature","12":"product_tag-science","13":"pa_buchautor-guenter-koeck-en","14":"pa_buchautor-lois-lammerhuber-en","15":"pa_buchautor-werner-e-piller-en","17":"first","18":"instock","19":"shipping-taxable","20":"purchasable","21":"product-type-simple"},"acf":[],"yoast_head":"<!-- This site is optimized with the Yoast SEO plugin v27.2 - https:\/\/yoast.com\/product\/yoast-seo-wordpress\/ -->\n<title>Planet Austria - Edition Lammerhuber<\/title>\n<meta name=\"robots\" content=\"index, follow, max-snippet:-1, max-image-preview:large, max-video-preview:-1\" \/>\n<link rel=\"canonical\" href=\"https:\/\/edition.lammerhuber.at\/en\/books\/planet-austria\" \/>\n<meta property=\"og:locale\" content=\"en_US\" \/>\n<meta property=\"og:type\" content=\"article\" \/>\n<meta property=\"og:title\" content=\"Planet Austria - Edition Lammerhuber\" \/>\n<meta property=\"og:description\" content=\"Science \u2013 interesting and easy to understand! 30 leading research projects of the Austrian Academy of Sciences on the subjects Alps, environment, geology, water and climate  G\u00fcnter K\u00f6ck Werner E. Piller Lois Lammerhuber  24 \u00d7 32 cm 408 pages 323 photos German\/English hardbound in a slipcase ISBN: 978-3-901753-13-8 May 2009\" \/>\n<meta property=\"og:url\" content=\"https:\/\/edition.lammerhuber.at\/en\/books\/planet-austria\" \/>\n<meta property=\"og:site_name\" content=\"Edition Lammerhuber\" \/>\n<meta property=\"article:modified_time\" content=\"2020-12-01T09:35:34+00:00\" \/>\n<meta property=\"og:image\" content=\"https:\/\/edition.lammerhuber.at\/app\/uploads\/2009\/05\/planet_austria_foto_schuberbuch.png\" \/>\n\t<meta property=\"og:image:width\" content=\"317\" \/>\n\t<meta property=\"og:image:height\" content=\"285\" \/>\n\t<meta property=\"og:image:type\" content=\"image\/png\" \/>\n<meta name=\"twitter:card\" content=\"summary_large_image\" \/>\n<meta name=\"twitter:label1\" content=\"Est. reading time\" \/>\n\t<meta name=\"twitter:data1\" content=\"1 minute\" \/>\n<script type=\"application\/ld+json\" class=\"yoast-schema-graph\">{\"@context\":\"https:\/\/schema.org\",\"@graph\":[{\"@type\":\"WebPage\",\"@id\":\"https:\/\/edition.lammerhuber.at\/en\/books\/planet-austria\",\"url\":\"https:\/\/edition.lammerhuber.at\/en\/books\/planet-austria\",\"name\":\"Planet Austria - Edition Lammerhuber\",\"isPartOf\":{\"@id\":\"https:\/\/edition.lammerhuber.at\/en#website\"},\"primaryImageOfPage\":{\"@id\":\"https:\/\/edition.lammerhuber.at\/en\/books\/planet-austria#primaryimage\"},\"image\":{\"@id\":\"https:\/\/edition.lammerhuber.at\/en\/books\/planet-austria#primaryimage\"},\"thumbnailUrl\":\"https:\/\/edition.lammerhuber.at\/app\/uploads\/2009\/05\/planet_austria_foto_schuberbuch.png\",\"datePublished\":\"2009-05-12T11:44:07+00:00\",\"dateModified\":\"2020-12-01T09:35:34+00:00\",\"breadcrumb\":{\"@id\":\"https:\/\/edition.lammerhuber.at\/en\/books\/planet-austria#breadcrumb\"},\"inLanguage\":\"en-US\",\"potentialAction\":[{\"@type\":\"ReadAction\",\"target\":[\"https:\/\/edition.lammerhuber.at\/en\/books\/planet-austria\"]}]},{\"@type\":\"ImageObject\",\"inLanguage\":\"en-US\",\"@id\":\"https:\/\/edition.lammerhuber.at\/en\/books\/planet-austria#primaryimage\",\"url\":\"https:\/\/edition.lammerhuber.at\/app\/uploads\/2009\/05\/planet_austria_foto_schuberbuch.png\",\"contentUrl\":\"https:\/\/edition.lammerhuber.at\/app\/uploads\/2009\/05\/planet_austria_foto_schuberbuch.png\",\"width\":317,\"height\":285},{\"@type\":\"BreadcrumbList\",\"@id\":\"https:\/\/edition.lammerhuber.at\/en\/books\/planet-austria#breadcrumb\",\"itemListElement\":[{\"@type\":\"ListItem\",\"position\":1,\"name\":\"Home\",\"item\":\"https:\/\/edition.lammerhuber.at\/en\"},{\"@type\":\"ListItem\",\"position\":2,\"name\":\"Planet Austria\"}]},{\"@type\":\"WebSite\",\"@id\":\"https:\/\/edition.lammerhuber.at\/en#website\",\"url\":\"https:\/\/edition.lammerhuber.at\/en\",\"name\":\"Edition Lammerhuber\",\"description\":\"Verlag f\u00fcr Fotografie, Kunst, Natur &amp; Wissenschaft\",\"publisher\":{\"@id\":\"https:\/\/edition.lammerhuber.at\/en#organization\"},\"potentialAction\":[{\"@type\":\"SearchAction\",\"target\":{\"@type\":\"EntryPoint\",\"urlTemplate\":\"https:\/\/edition.lammerhuber.at\/en?s={search_term_string}\"},\"query-input\":{\"@type\":\"PropertyValueSpecification\",\"valueRequired\":true,\"valueName\":\"search_term_string\"}}],\"inLanguage\":\"en-US\"},{\"@type\":\"Organization\",\"@id\":\"https:\/\/edition.lammerhuber.at\/en#organization\",\"name\":\"Edition Lammerhuber\",\"url\":\"https:\/\/edition.lammerhuber.at\/en\",\"logo\":{\"@type\":\"ImageObject\",\"inLanguage\":\"en-US\",\"@id\":\"https:\/\/edition.lammerhuber.at\/en#\/schema\/logo\/image\/\",\"url\":\"\",\"contentUrl\":\"\",\"caption\":\"Edition Lammerhuber\"},\"image\":{\"@id\":\"https:\/\/edition.lammerhuber.at\/en#\/schema\/logo\/image\/\"}}]}<\/script>\n<!-- \/ Yoast SEO plugin. -->","yoast_head_json":{"title":"Planet Austria - Edition Lammerhuber","robots":{"index":"index","follow":"follow","max-snippet":"max-snippet:-1","max-image-preview":"max-image-preview:large","max-video-preview":"max-video-preview:-1"},"canonical":"https:\/\/edition.lammerhuber.at\/en\/books\/planet-austria","og_locale":"en_US","og_type":"article","og_title":"Planet Austria - Edition Lammerhuber","og_description":"Science \u2013 interesting and easy to understand! 30 leading research projects of the Austrian Academy of Sciences on the subjects Alps, environment, geology, water and climate  G\u00fcnter K\u00f6ck Werner E. Piller Lois Lammerhuber  24 \u00d7 32 cm 408 pages 323 photos German\/English hardbound in a slipcase ISBN: 978-3-901753-13-8 May 2009","og_url":"https:\/\/edition.lammerhuber.at\/en\/books\/planet-austria","og_site_name":"Edition Lammerhuber","article_modified_time":"2020-12-01T09:35:34+00:00","og_image":[{"width":317,"height":285,"url":"https:\/\/edition.lammerhuber.at\/app\/uploads\/2009\/05\/planet_austria_foto_schuberbuch.png","type":"image\/png"}],"twitter_card":"summary_large_image","twitter_misc":{"Est. reading time":"1 minute"},"schema":{"@context":"https:\/\/schema.org","@graph":[{"@type":"WebPage","@id":"https:\/\/edition.lammerhuber.at\/en\/books\/planet-austria","url":"https:\/\/edition.lammerhuber.at\/en\/books\/planet-austria","name":"Planet Austria - Edition Lammerhuber","isPartOf":{"@id":"https:\/\/edition.lammerhuber.at\/en#website"},"primaryImageOfPage":{"@id":"https:\/\/edition.lammerhuber.at\/en\/books\/planet-austria#primaryimage"},"image":{"@id":"https:\/\/edition.lammerhuber.at\/en\/books\/planet-austria#primaryimage"},"thumbnailUrl":"https:\/\/edition.lammerhuber.at\/app\/uploads\/2009\/05\/planet_austria_foto_schuberbuch.png","datePublished":"2009-05-12T11:44:07+00:00","dateModified":"2020-12-01T09:35:34+00:00","breadcrumb":{"@id":"https:\/\/edition.lammerhuber.at\/en\/books\/planet-austria#breadcrumb"},"inLanguage":"en-US","potentialAction":[{"@type":"ReadAction","target":["https:\/\/edition.lammerhuber.at\/en\/books\/planet-austria"]}]},{"@type":"ImageObject","inLanguage":"en-US","@id":"https:\/\/edition.lammerhuber.at\/en\/books\/planet-austria#primaryimage","url":"https:\/\/edition.lammerhuber.at\/app\/uploads\/2009\/05\/planet_austria_foto_schuberbuch.png","contentUrl":"https:\/\/edition.lammerhuber.at\/app\/uploads\/2009\/05\/planet_austria_foto_schuberbuch.png","width":317,"height":285},{"@type":"BreadcrumbList","@id":"https:\/\/edition.lammerhuber.at\/en\/books\/planet-austria#breadcrumb","itemListElement":[{"@type":"ListItem","position":1,"name":"Home","item":"https:\/\/edition.lammerhuber.at\/en"},{"@type":"ListItem","position":2,"name":"Planet Austria"}]},{"@type":"WebSite","@id":"https:\/\/edition.lammerhuber.at\/en#website","url":"https:\/\/edition.lammerhuber.at\/en","name":"Edition Lammerhuber","description":"Verlag f\u00fcr Fotografie, Kunst, Natur &amp; Wissenschaft","publisher":{"@id":"https:\/\/edition.lammerhuber.at\/en#organization"},"potentialAction":[{"@type":"SearchAction","target":{"@type":"EntryPoint","urlTemplate":"https:\/\/edition.lammerhuber.at\/en?s={search_term_string}"},"query-input":{"@type":"PropertyValueSpecification","valueRequired":true,"valueName":"search_term_string"}}],"inLanguage":"en-US"},{"@type":"Organization","@id":"https:\/\/edition.lammerhuber.at\/en#organization","name":"Edition Lammerhuber","url":"https:\/\/edition.lammerhuber.at\/en","logo":{"@type":"ImageObject","inLanguage":"en-US","@id":"https:\/\/edition.lammerhuber.at\/en#\/schema\/logo\/image\/","url":"","contentUrl":"","caption":"Edition Lammerhuber"},"image":{"@id":"https:\/\/edition.lammerhuber.at\/en#\/schema\/logo\/image\/"}}]}},"_links":{"self":[{"href":"https:\/\/edition.lammerhuber.at\/en\/wp-json\/wp\/v2\/product\/1428","targetHints":{"allow":["GET"]}}],"collection":[{"href":"https:\/\/edition.lammerhuber.at\/en\/wp-json\/wp\/v2\/product"}],"about":[{"href":"https:\/\/edition.lammerhuber.at\/en\/wp-json\/wp\/v2\/types\/product"}],"wp:featuredmedia":[{"embeddable":true,"href":"https:\/\/edition.lammerhuber.at\/en\/wp-json\/wp\/v2\/media\/1407"}],"wp:attachment":[{"href":"https:\/\/edition.lammerhuber.at\/en\/wp-json\/wp\/v2\/media?parent=1428"}],"wp:term":[{"taxonomy":"product_brand","embeddable":true,"href":"https:\/\/edition.lammerhuber.at\/en\/wp-json\/wp\/v2\/product_brand?post=1428"},{"taxonomy":"product_cat","embeddable":true,"href":"https:\/\/edition.lammerhuber.at\/en\/wp-json\/wp\/v2\/product_cat?post=1428"},{"taxonomy":"product_tag","embeddable":true,"href":"https:\/\/edition.lammerhuber.at\/en\/wp-json\/wp\/v2\/product_tag?post=1428"}],"curies":[{"name":"wp","href":"https:\/\/api.w.org\/{rel}","templated":true}]}}