{"id":1404,"date":"2012-11-14T20:37:06","date_gmt":"2020-07-14T18:41:23","guid":{"rendered":"https:\/\/edition2.lammerhuber.at\/?post_type=product&#038;p=1404"},"modified":"2021-09-13T09:24:55","modified_gmt":"2021-09-13T07:24:55","slug":"meteoriten-meteorites","status":"publish","type":"product","link":"https:\/\/edition.lammerhuber.at\/en\/books\/meteoriten-meteorites","title":{"rendered":"Meteorites"},"content":{"rendered":"<p>Stones that fall from the sky have been known for millennia, but only during the past 200 years was their extraterrestrial origin confirmed. Today scientists know that meteorites, these inconspicuous gray or brown rocks, are the only witnesses of the origin of the solar system (and the Earth) available to us. Their composition provides invaluable information on the origin of the chemical elements, as well as when and how our planetary system formed. This book recounts the history of meteorite research, tells us how and where to find and identify them, their classification and composition, including the exciting story of meteorites from Moon and Mars, and what happens when huge meteorites, the asteroids, collide with the Earth. Plentiful color illustrations come from the huge meteorite collection at the Natural History Museum in Vienna, which is also the oldest in the world.<\/p>\n","protected":false},"excerpt":{"rendered":"<div class=\"articleteaser\">\n<p><strong>Witnesses of the origin of the solar system<\/strong><\/p>\n<p>This book presents the oldest and largest collection of meteorites in the world while recounting their exciting story and that of the scientists who explored them.<\/p>\n<\/div>\n<p><strong>Franz Brandst\u00e4tter<\/strong><br \/>\n<strong>Ludovic Ferri\u00e8re<\/strong><br \/>\n<strong>Christian K\u00f6berl<\/strong><\/p>\n<p>21 \u00d7 21 cm<br \/>\n272 pages<br \/>\n288 photos<br \/>\nEnglish, German<br \/>\nHardcover<br \/>\nISBN 978-3-901753-43-5<br \/>\nNovember 2012<\/p>\n<p><strong>The book is available at the NHM Vienna.<\/strong><\/p>\n","protected":false},"featured_media":7821,"template":"","meta":{"_acf_changed":false},"product_brand":[],"product_cat":[420],"product_tag":[547,462,461],"class_list":{"0":"post-1404","1":"product","2":"type-product","3":"status-publish","4":"has-post-thumbnail","6":"product_cat-archive","7":"product_tag-geology","8":"product_tag-science","9":"product_tag-vienna","10":"pa_buchautor-christian-koeberl-en","11":"pa_buchautor-franz-brandstaetter-en","12":"pa_buchautor-ludovic-ferriere-en","14":"first","15":"outofstock","16":"shipping-taxable","17":"purchasable","18":"product-type-simple"},"acf":[],"yoast_head":"<!-- This site is optimized with the Yoast SEO plugin v27.2 - https:\/\/yoast.com\/product\/yoast-seo-wordpress\/ -->\n<title>Meteorites - Edition Lammerhuber<\/title>\n<meta name=\"robots\" content=\"index, follow, max-snippet:-1, max-image-preview:large, max-video-preview:-1\" \/>\n<link rel=\"canonical\" href=\"https:\/\/edition.lammerhuber.at\/en\/books\/meteoriten-meteorites\" \/>\n<meta property=\"og:locale\" content=\"en_US\" \/>\n<meta property=\"og:type\" content=\"article\" \/>\n<meta property=\"og:title\" content=\"Meteorites - Edition Lammerhuber\" \/>\n<meta property=\"og:description\" content=\"Witnesses of the origin of the solar system  This book presents the oldest and largest collection of meteorites in the world while recounting their exciting story and that of the scientists who explored them.   Franz Brandst\u00e4tter Ludovic Ferri\u00e8re Christian K\u00f6berl  21 \u00d7 21 cm 272 pages 288 photos English, German Hardcover ISBN 978-3-901753-43-5 November 2012  The book is available at the NHM Vienna.\" \/>\n<meta property=\"og:url\" content=\"https:\/\/edition.lammerhuber.at\/en\/books\/meteoriten-meteorites\" \/>\n<meta property=\"og:site_name\" content=\"Edition Lammerhuber\" \/>\n<meta property=\"article:modified_time\" content=\"2021-09-13T07:24:55+00:00\" \/>\n<meta property=\"og:image\" content=\"https:\/\/edition.lammerhuber.at\/app\/uploads\/2012\/11\/meteoriten_nhm_hardcover.png\" \/>\n\t<meta property=\"og:image:width\" content=\"410\" \/>\n\t<meta property=\"og:image:height\" content=\"414\" \/>\n\t<meta property=\"og:image:type\" content=\"image\/png\" \/>\n<meta name=\"twitter:card\" content=\"summary_large_image\" \/>\n<meta name=\"twitter:label1\" content=\"Est. reading time\" \/>\n\t<meta name=\"twitter:data1\" content=\"1 minute\" \/>\n<script type=\"application\/ld+json\" class=\"yoast-schema-graph\">{\"@context\":\"https:\/\/schema.org\",\"@graph\":[{\"@type\":\"WebPage\",\"@id\":\"https:\/\/edition.lammerhuber.at\/en\/books\/meteoriten-meteorites\",\"url\":\"https:\/\/edition.lammerhuber.at\/en\/books\/meteoriten-meteorites\",\"name\":\"Meteorites - Edition Lammerhuber\",\"isPartOf\":{\"@id\":\"https:\/\/edition.lammerhuber.at\/en#website\"},\"primaryImageOfPage\":{\"@id\":\"https:\/\/edition.lammerhuber.at\/en\/books\/meteoriten-meteorites#primaryimage\"},\"image\":{\"@id\":\"https:\/\/edition.lammerhuber.at\/en\/books\/meteoriten-meteorites#primaryimage\"},\"thumbnailUrl\":\"https:\/\/edition.lammerhuber.at\/app\/uploads\/2012\/11\/meteoriten_nhm_hardcover.png\",\"datePublished\":\"2020-07-14T18:41:23+00:00\",\"dateModified\":\"2021-09-13T07:24:55+00:00\",\"breadcrumb\":{\"@id\":\"https:\/\/edition.lammerhuber.at\/en\/books\/meteoriten-meteorites#breadcrumb\"},\"inLanguage\":\"en-US\",\"potentialAction\":[{\"@type\":\"ReadAction\",\"target\":[\"https:\/\/edition.lammerhuber.at\/en\/books\/meteoriten-meteorites\"]}]},{\"@type\":\"ImageObject\",\"inLanguage\":\"en-US\",\"@id\":\"https:\/\/edition.lammerhuber.at\/en\/books\/meteoriten-meteorites#primaryimage\",\"url\":\"https:\/\/edition.lammerhuber.at\/app\/uploads\/2012\/11\/meteoriten_nhm_hardcover.png\",\"contentUrl\":\"https:\/\/edition.lammerhuber.at\/app\/uploads\/2012\/11\/meteoriten_nhm_hardcover.png\",\"width\":410,\"height\":414},{\"@type\":\"BreadcrumbList\",\"@id\":\"https:\/\/edition.lammerhuber.at\/en\/books\/meteoriten-meteorites#breadcrumb\",\"itemListElement\":[{\"@type\":\"ListItem\",\"position\":1,\"name\":\"Home\",\"item\":\"https:\/\/edition.lammerhuber.at\/en\"},{\"@type\":\"ListItem\",\"position\":2,\"name\":\"Meteorites\"}]},{\"@type\":\"WebSite\",\"@id\":\"https:\/\/edition.lammerhuber.at\/en#website\",\"url\":\"https:\/\/edition.lammerhuber.at\/en\",\"name\":\"Edition Lammerhuber\",\"description\":\"Verlag f\u00fcr Fotografie, Kunst, Natur &amp; Wissenschaft\",\"publisher\":{\"@id\":\"https:\/\/edition.lammerhuber.at\/en#organization\"},\"potentialAction\":[{\"@type\":\"SearchAction\",\"target\":{\"@type\":\"EntryPoint\",\"urlTemplate\":\"https:\/\/edition.lammerhuber.at\/en?s={search_term_string}\"},\"query-input\":{\"@type\":\"PropertyValueSpecification\",\"valueRequired\":true,\"valueName\":\"search_term_string\"}}],\"inLanguage\":\"en-US\"},{\"@type\":\"Organization\",\"@id\":\"https:\/\/edition.lammerhuber.at\/en#organization\",\"name\":\"Edition Lammerhuber\",\"url\":\"https:\/\/edition.lammerhuber.at\/en\",\"logo\":{\"@type\":\"ImageObject\",\"inLanguage\":\"en-US\",\"@id\":\"https:\/\/edition.lammerhuber.at\/en#\/schema\/logo\/image\/\",\"url\":\"\",\"contentUrl\":\"\",\"caption\":\"Edition Lammerhuber\"},\"image\":{\"@id\":\"https:\/\/edition.lammerhuber.at\/en#\/schema\/logo\/image\/\"}}]}<\/script>\n<!-- \/ Yoast SEO plugin. -->","yoast_head_json":{"title":"Meteorites - Edition Lammerhuber","robots":{"index":"index","follow":"follow","max-snippet":"max-snippet:-1","max-image-preview":"max-image-preview:large","max-video-preview":"max-video-preview:-1"},"canonical":"https:\/\/edition.lammerhuber.at\/en\/books\/meteoriten-meteorites","og_locale":"en_US","og_type":"article","og_title":"Meteorites - Edition Lammerhuber","og_description":"Witnesses of the origin of the solar system  This book presents the oldest and largest collection of meteorites in the world while recounting their exciting story and that of the scientists who explored them.   Franz Brandst\u00e4tter Ludovic Ferri\u00e8re Christian K\u00f6berl  21 \u00d7 21 cm 272 pages 288 photos English, German Hardcover ISBN 978-3-901753-43-5 November 2012  The book is available at the NHM Vienna.","og_url":"https:\/\/edition.lammerhuber.at\/en\/books\/meteoriten-meteorites","og_site_name":"Edition Lammerhuber","article_modified_time":"2021-09-13T07:24:55+00:00","og_image":[{"width":410,"height":414,"url":"https:\/\/edition.lammerhuber.at\/app\/uploads\/2012\/11\/meteoriten_nhm_hardcover.png","type":"image\/png"}],"twitter_card":"summary_large_image","twitter_misc":{"Est. reading time":"1 minute"},"schema":{"@context":"https:\/\/schema.org","@graph":[{"@type":"WebPage","@id":"https:\/\/edition.lammerhuber.at\/en\/books\/meteoriten-meteorites","url":"https:\/\/edition.lammerhuber.at\/en\/books\/meteoriten-meteorites","name":"Meteorites - Edition Lammerhuber","isPartOf":{"@id":"https:\/\/edition.lammerhuber.at\/en#website"},"primaryImageOfPage":{"@id":"https:\/\/edition.lammerhuber.at\/en\/books\/meteoriten-meteorites#primaryimage"},"image":{"@id":"https:\/\/edition.lammerhuber.at\/en\/books\/meteoriten-meteorites#primaryimage"},"thumbnailUrl":"https:\/\/edition.lammerhuber.at\/app\/uploads\/2012\/11\/meteoriten_nhm_hardcover.png","datePublished":"2020-07-14T18:41:23+00:00","dateModified":"2021-09-13T07:24:55+00:00","breadcrumb":{"@id":"https:\/\/edition.lammerhuber.at\/en\/books\/meteoriten-meteorites#breadcrumb"},"inLanguage":"en-US","potentialAction":[{"@type":"ReadAction","target":["https:\/\/edition.lammerhuber.at\/en\/books\/meteoriten-meteorites"]}]},{"@type":"ImageObject","inLanguage":"en-US","@id":"https:\/\/edition.lammerhuber.at\/en\/books\/meteoriten-meteorites#primaryimage","url":"https:\/\/edition.lammerhuber.at\/app\/uploads\/2012\/11\/meteoriten_nhm_hardcover.png","contentUrl":"https:\/\/edition.lammerhuber.at\/app\/uploads\/2012\/11\/meteoriten_nhm_hardcover.png","width":410,"height":414},{"@type":"BreadcrumbList","@id":"https:\/\/edition.lammerhuber.at\/en\/books\/meteoriten-meteorites#breadcrumb","itemListElement":[{"@type":"ListItem","position":1,"name":"Home","item":"https:\/\/edition.lammerhuber.at\/en"},{"@type":"ListItem","position":2,"name":"Meteorites"}]},{"@type":"WebSite","@id":"https:\/\/edition.lammerhuber.at\/en#website","url":"https:\/\/edition.lammerhuber.at\/en","name":"Edition Lammerhuber","description":"Verlag f\u00fcr Fotografie, Kunst, Natur &amp; Wissenschaft","publisher":{"@id":"https:\/\/edition.lammerhuber.at\/en#organization"},"potentialAction":[{"@type":"SearchAction","target":{"@type":"EntryPoint","urlTemplate":"https:\/\/edition.lammerhuber.at\/en?s={search_term_string}"},"query-input":{"@type":"PropertyValueSpecification","valueRequired":true,"valueName":"search_term_string"}}],"inLanguage":"en-US"},{"@type":"Organization","@id":"https:\/\/edition.lammerhuber.at\/en#organization","name":"Edition Lammerhuber","url":"https:\/\/edition.lammerhuber.at\/en","logo":{"@type":"ImageObject","inLanguage":"en-US","@id":"https:\/\/edition.lammerhuber.at\/en#\/schema\/logo\/image\/","url":"","contentUrl":"","caption":"Edition Lammerhuber"},"image":{"@id":"https:\/\/edition.lammerhuber.at\/en#\/schema\/logo\/image\/"}}]}},"_links":{"self":[{"href":"https:\/\/edition.lammerhuber.at\/en\/wp-json\/wp\/v2\/product\/1404","targetHints":{"allow":["GET"]}}],"collection":[{"href":"https:\/\/edition.lammerhuber.at\/en\/wp-json\/wp\/v2\/product"}],"about":[{"href":"https:\/\/edition.lammerhuber.at\/en\/wp-json\/wp\/v2\/types\/product"}],"wp:featuredmedia":[{"embeddable":true,"href":"https:\/\/edition.lammerhuber.at\/en\/wp-json\/wp\/v2\/media\/7821"}],"wp:attachment":[{"href":"https:\/\/edition.lammerhuber.at\/en\/wp-json\/wp\/v2\/media?parent=1404"}],"wp:term":[{"taxonomy":"product_brand","embeddable":true,"href":"https:\/\/edition.lammerhuber.at\/en\/wp-json\/wp\/v2\/product_brand?post=1404"},{"taxonomy":"product_cat","embeddable":true,"href":"https:\/\/edition.lammerhuber.at\/en\/wp-json\/wp\/v2\/product_cat?post=1404"},{"taxonomy":"product_tag","embeddable":true,"href":"https:\/\/edition.lammerhuber.at\/en\/wp-json\/wp\/v2\/product_tag?post=1404"}],"curies":[{"name":"wp","href":"https:\/\/api.w.org\/{rel}","templated":true}]}}