{"id":13106,"date":"2026-02-26T16:24:02","date_gmt":"2026-02-26T15:24:02","guid":{"rendered":"https:\/\/edition.lammerhuber.at\/?post_type=product&#038;p=13106"},"modified":"2026-02-27T10:34:39","modified_gmt":"2026-02-27T09:34:39","slug":"so-british","status":"publish","type":"product","link":"https:\/\/edition.lammerhuber.at\/en\/books\/so-british","title":{"rendered":"SO BRITISH!"},"content":{"rendered":"<p style=\"font-weight: 400;\"><strong><b>SO BRITISH!<\/b><\/strong> Great Britain and Europe share a thousand-year history full of misunderstandings and hostilities, admiration and respect. This may be due to the British peculiarity of doing things differently than everyone else. They not only drive on the left, but they also have their own currency, and 51.89 percent voted for Brexit. They play darts, believe in ghosts, and still have a monarchy. And they have this touch of eccentricity. Since Oscar Wilde walked a lobster on a leash along the banks of the Thames, we have known that in this country of strict upbringing, extravagance is still cultivated as an art form. Many British photographers share this style. They are <em><i>so British<\/i><\/em> because they know how to capture the spirit of their time with a great sense of clarity.<\/p>\n<p style=\"font-weight: 400;\">If mischief were the privilege of the British, then <strong><b>Martin Parr<\/b><\/strong> is their photographic herald. For over fifty years, the tireless chronicler of English society has cast a sharp eye on his compatriots. Or <strong><b>Tony Ray-Jones,<\/b><\/strong> this ironic observer, who gave humor its rightful place without ever resorting to unnecessary cruelty. <strong><b>Peter Dench<\/b><\/strong> has chosen to take a close look at the contradictions of a society that is considered deeply traditional. Josh Edgoose roams the streets of London, searching for the unexpected. &#8220;Swinging London&#8221; reminds us that iconic pop music was born on the banks of the Thames. <strong><b>Terry O&#8217;Neill<\/b><\/strong> not only witnessed this intoxicating revolution, but he was the photographic confidant of England&#8217;s &#8220;enfants terribles,&#8221; from the Beatles to the Rolling Stones and David Bowie, to Elton John.<\/p>\n<p style=\"font-weight: 400;\">Did you know that the United Kingdom and France share the distinction of being the inventors of photography? While Nic\u00e9phore Niepce, from Chalon-sur-Sa\u00f4ne, was the first to capture an image on a metal plate, it was an English botanist who further developed this technique as early as 1843. <strong><b>Anna Atkins<\/b><\/strong> was a pioneer in the field of cyanotype, with which she created herbariums of fascinating beauty. <strong><b>Gina Soden<\/b><\/strong> explores stately homes and old villas that have been abandoned by their owners, abandoned factories, and dilapidated hospitals where nature is reclaiming its territory. <strong><b>Cig Harvey <\/b><\/strong>experiments with colors, our sensory experiences, and bodies that merge with nature. Finally, <strong><b>Mary Turner<\/b><\/strong> takes a tender look at the marginalized populations of post-industrial England.<\/p>\n<p style=\"font-weight: 400;\"><strong><b>Christian Skrein<\/b><\/strong> reminds us of the Beatles&#8217; visit to Obertauern, where they traveled to film &#8220;Help!&#8221; \u2013 and were greeted by the local population with banners that read: &#8220;Beatles Go Home!&#8221; And the filmmaker <strong><b>Richard Ladkani<\/b><\/strong> from Baden pays a photographic tribute to Jane Goodall from the intimate perspective of a now abruptly broken friendship: &#8220;Just me, Jane!&#8221;<\/p>\n<p style=\"font-weight: 400;\"><strong><b>Mike Taylor&#8217;s<\/b><\/strong> work, &#8220;The Beautiful Game,&#8221; shows us football from the perspective of feverish fans in British pubs \u2013 without even featuring a single football player in the frame.<\/p>\n<p style=\"font-weight: 400;\">Queen guitarist <strong><b>Sir Brian May<\/b><\/strong> is not only an iconic rock musician, but also a passionate stereographer and the world&#8217;s largest collector of this art form. Following 2019, when his work &#8220;The Moon Landing in 3D&#8221; premiered at the Arnulf Rainer Museum in Baden, the festival will present a true rarity from his collection, created shortly after the invention of photography, titled &#8220;Stereoscopic Adventures In Hell.&#8221; This 3D cult classic offers a unique satirical perspective on the concept of Hell in the 1860s, presenting it in the most nightmarish and captivating way. These remarkable scenes were modeled in clay by the two leading French sculptors, <strong><b>Pierre Hennetier<\/b><\/strong> and <strong><b>Louis Habert,<\/b><\/strong> and then photographed with a stereoscopic camera \u2013 a truly special photographic treat in the context of the 200th anniversary of photography. Similarly spectacular and dedicated to the anniversary of photography, the festival presents a retrospective of the unique work of photo icon and Magnum founder <strong><b>Robert Capa,<\/b><\/strong> marking the festival&#8217;s first collaboration with the Robert Capa Contemporary Photography Center in Budapest.<\/p>\n<p style=\"font-weight: 400;\">Another rarity is <strong><b>Michel Bouvet&#8217;s<\/b><\/strong> exhibition &#8220;I Love The Beatles,&#8221; where a true Beatles fan illustrates the most legendary songs of the mythical band from Liverpool in 35 extraordinary images. This work is primarily the result of an imagination fueled by his passion for music, painting, literature, and travel.<\/p>\n<p style=\"font-weight: 400;\">2024 was the hottest year since record-keeping began, a fact attributed to the constantly increasing concentration of greenhouse gases in the atmosphere. The oceans, which cover 70% of the Earth&#8217;s surface, are a crucial regulator of the Earth&#8217;s climate. They absorb over 90% of the excess heat in the climate system, leading to increasingly intense hurricanes and storms. Who could provide a more vivid insight into the fragile ecosystem of our blue planet than marine biologist <strong><b>Laurent Ballesta<\/b><\/strong>, one of the best underwater photographers of his generation? With <strong><b>Robert Doisneau<\/b><\/strong>, whose work extends far beyond Paris and its suburbs, we take a refreshing dip. This winter, <strong><b>St\u00e9phane Lavou\u00e9<\/b><\/strong> set out to meet the people who live with and from the oceans. The Indian photographer <strong><b>Supratim Bhattacharjee<\/b><\/strong> has been working in the Sundarbans archipelago for years. He shows us the daily lives of people confronted with climate disasters and rising sea levels.<\/p>\n<p style=\"font-weight: 400;\">Of course, the festival will honor the <strong><b>100th anniversary of the Baden \u201cStrandbad\u201d.<\/b><\/strong> Under the title &#8220;Water is Life!&#8221;, we will take a sobering look at the world&#8217;s rivers with the help of UNESCO World Water Chair <strong><b>Helmut Habersack.<\/b><\/strong> We will learn about their beauty and their dramas, and discover what science can do to make their water fresh again. Innsbruck researcher <strong><b>G\u00fcnter K\u00f6ck<\/b><\/strong> takes us to the most remote regions of the world, where lake trout are used as an &#8220;instrument&#8221; for environmental monitoring. Even more unexpected exoticism arises when the festival accompanies the young woman from Baden, <strong><b>Christin Gerstorfer,<\/b><\/strong> into the fascinating, silent, and dark world of freediving.<\/p>\n<p style=\"font-weight: 400;\">The tireless traveler, fashion photographer, and member of the Acad\u00e9mie des Beaux-Arts, <strong><b>Fran\u00e7oise Huguier,<\/b><\/strong> explores the soul of people from Mali to Ethiopia, from Benin to Mozambique, in her work &#8220;Emotive Africa.&#8221;<\/p>\n<p style=\"font-weight: 400;\">In Tanzania, <strong><b>Fr\u00e9d\u00e9ric Noy<\/b><\/strong> presents his long-term project &#8220;Udzungwa,&#8221; which documents populations of endemic monkeys living in the heart of a primary forest threatened by urbanization. In an essay that is both documentary and artistic, <strong><b>Axelle de Russ\u00e9<\/b><\/strong> uses infrared photography to examine our two inhabited polar worlds in the north and south. <strong><b>Corey Arnold&#8217;s<\/b><\/strong> report reveals how bears, coyotes, and raccoons, searching for food they can no longer find in their original habitats, are venturing into our cities.<\/p>\n<p style=\"font-weight: 400;\">As a fleeting gift to nature and an ode to travel and contemplation, we present the sensual world of <strong><b>Fran\u00e7ois Fontaine<\/b><\/strong>, winner of the Leica Prize for New Environmental Photography 2025. His images, taken during the peak of blooming, resemble prints and capture dappled light, magical reflections, the wind in the trees, and the blossoming of a new season.<\/p>\n<p style=\"font-weight: 400;\">Finally, <strong><b>Norbert Span<\/b><\/strong> will surprise us with his visual journey into the microscopic structures of vitamins, revealing their enchanting inner beauty.<\/p>\n<p style=\"font-weight: 400;\">The exhibition &#8220;The Dream of Flying&#8221; showcases the incredible achievements humans are capable of when driven by ambition and curiosity. Every takeoff, every flight, every landing serves as a reminder of this. &#8220;The Dream of Flying&#8221; is a collaborative photographic project by <strong><b>Ana Mar\u00eda Ar\u00e9valo Gosen, Hans-J\u00fcrgen Burkard, Heinz Stephan Tesarek, J\u00e9r\u00f4me Gence, Martina Draper, Nadia Ferroukhi, Ulla Lohmann<\/b><\/strong>, and <strong><b>Lois Lammerhuber<\/b><\/strong>.<\/p>\n<p style=\"font-weight: 400;\">The bilateral photography project &#8220;Pop Nature&#8221; invites <strong><b>schools in Morbihan<\/b><\/strong> (France) and <strong><b>Lower Austria<\/b><\/strong> to approach nature with a free, lighthearted, psychedelic, rhythmic, and vibrant photographic perspective. The focus is on bright colors, a sparkling, lively, carefree, and positive world.<\/p>\n<p style=\"font-weight: 400;\">The festival will also feature the exhibition &#8220;I love Coffee, I love Tea,&#8221; showcasing photographs by <strong><b>professional photographers from Lower Austria<\/b><\/strong>, and the &#8220;<strong><b>CEWE&#8217;s<\/b><\/strong> Our World is Beautiful&#8221; exhibition, featuring the largest photography competition in the world with 656,738 submitted photos from 153 countries. In addition, there will be a retrospective of 2024 in the images of the Artista in Residence, <strong><b>Sabine Starmayer<\/b><\/strong>, whose photos will be accompanied by texts from the Thomas-Jorda Prize winner of 2024, <strong><b>Elisabeth Steinkellner<\/b><\/strong>.<\/p>\n<p style=\"font-weight: 400;\">Under the guiding principle of <strong><b>&#8220;Culture of Solidarity,&#8221;<\/b><\/strong> the collaboration with our festival partners, <strong><b>Garten Tulln<\/b><\/strong> (where we will present the <strong><b>CEWE exhibition &#8220;Our World is Beautiful&#8221;)<\/b><\/strong> and the <strong><b>Month of Photography Bratislava<\/b><\/strong>, will continue in 2026. A new partnership will be established with the city of <strong><b>Belgrade <\/b><\/strong>(or optionally <strong><b>Nuremberg<\/b><\/strong> or <strong><b>Chisinau<\/b><\/strong>), where we will showcase the <strong><b>Global Peace Photo Award.<\/b><\/strong><\/p>\n<p style=\"font-weight: 400;\">And <strong><b>Christoph K\u00fcnne<\/b><\/strong> will pay tribute to the 450-year history of Manfred Schneiders <strong><b>Backhaus Annam\u00fchle<\/b><\/strong> with innovative, AI-inspired images.<\/p>\n","protected":false},"excerpt":{"rendered":"<p>SO BRITISH! is the theme of the <a href=\"https:\/\/festival-lagacilly-baden.photo\/en\/photographers-2026\" target=\"_blank\" rel=\"noopener\">La Gacilly-Baden Photo 2026<\/a> festival, which will take place for the ninth time from 12 June to 11 October in Baden near Vienna. With around 320,000 visitors, it is the largest open-air photo festival in Europe. 1,500 large-format images by the world&#8217;s best photographers in the parks and gardens will transform the city of Baden into a city of images for four months. This year the festival examines the everyday lives and living conditions of people in England.<\/p>\n<p><strong><span lang=\"EN-US\">Cyril Drouhet, Vinzent Jolly<br \/>\n<\/span><\/strong><strong>Lois Lammerhuber, M\u00e9lina Le Blaye<br \/>\n<\/strong><strong>Jacques Rocher, Lionel <b>Scur<\/b><br \/>\n<\/strong><\/p>\n<p>21 \u00d7 28 cm<br \/>\n304 pages<br \/>\nca. 219 photos<br \/>\nEnglish, German<br \/>\nSoftcover<br \/>\nISBN 978-3-903462-18-2<br \/>\nJune 2026<\/p>\n","protected":false},"featured_media":13108,"template":"","meta":{"_acf_changed":false},"product_brand":[],"product_cat":[38,29,36],"product_tag":[541,685,544],"class_list":{"0":"post-13106","1":"product","2":"type-product","3":"status-publish","4":"has-post-thumbnail","6":"product_cat-nature","7":"product_cat-new","8":"product_cat-photography","9":"product_tag-festival-catalogue","10":"product_tag-fotografie-en","11":"product_tag-photo-festival","12":"pa_buchautor-cyril-drouhet-en","13":"pa_buchautor-jacques-rocher-en","14":"pa_buchautor-lois-lammerhuber-en","16":"first","17":"outofstock","18":"shipping-taxable","19":"purchasable","20":"product-type-simple"},"acf":[],"yoast_head":"<!-- This site is optimized with the Yoast SEO plugin v27.2 - https:\/\/yoast.com\/product\/yoast-seo-wordpress\/ -->\n<title>SO BRITISH! - Edition Lammerhuber<\/title>\n<meta name=\"robots\" content=\"index, follow, max-snippet:-1, max-image-preview:large, max-video-preview:-1\" \/>\n<link rel=\"canonical\" href=\"https:\/\/edition.lammerhuber.at\/en\/books\/so-british\" \/>\n<meta property=\"og:locale\" content=\"en_US\" \/>\n<meta property=\"og:type\" content=\"article\" \/>\n<meta property=\"og:title\" content=\"SO BRITISH! - Edition Lammerhuber\" \/>\n<meta property=\"og:description\" content=\"SO BRITISH! is the theme of the La Gacilly-Baden Photo 2026 festival, which will take place for the ninth time from 12 June to 11 October in Baden near Vienna. With around 320,000 visitors, it is the largest open-air photo festival in Europe. 1,500 large-format images by the world&#039;s best photographers in the parks and gardens will transform the city of Baden into a city of images for four months. This year the festival examines the everyday lives and living conditions of people in England.  Cyril Drouhet, Vinzent Jolly Lois Lammerhuber, M\u00e9lina Le Blaye Jacques Rocher, Lionel Scur   21 \u00d7 28 cm 304 pages ca. 219 photos English, German Softcover ISBN 978-3-903462-18-2 June 2026\" \/>\n<meta property=\"og:url\" content=\"https:\/\/edition.lammerhuber.at\/en\/books\/so-british\" \/>\n<meta property=\"og:site_name\" content=\"Edition Lammerhuber\" \/>\n<meta property=\"article:modified_time\" content=\"2026-02-27T09:34:39+00:00\" \/>\n<meta property=\"og:image\" content=\"https:\/\/edition.lammerhuber.at\/app\/uploads\/2026\/02\/la_gacilly_baden_photo_Katalog_2026.png\" \/>\n\t<meta property=\"og:image:width\" content=\"317\" \/>\n\t<meta property=\"og:image:height\" content=\"414\" \/>\n\t<meta property=\"og:image:type\" content=\"image\/png\" \/>\n<meta name=\"twitter:card\" content=\"summary_large_image\" \/>\n<meta name=\"twitter:label1\" content=\"Est. reading time\" \/>\n\t<meta name=\"twitter:data1\" content=\"9 minutes\" \/>\n<script type=\"application\/ld+json\" class=\"yoast-schema-graph\">{\"@context\":\"https:\/\/schema.org\",\"@graph\":[{\"@type\":\"WebPage\",\"@id\":\"https:\/\/edition.lammerhuber.at\/en\/books\/so-british\",\"url\":\"https:\/\/edition.lammerhuber.at\/en\/books\/so-british\",\"name\":\"SO BRITISH! - Edition Lammerhuber\",\"isPartOf\":{\"@id\":\"https:\/\/edition.lammerhuber.at\/en#website\"},\"primaryImageOfPage\":{\"@id\":\"https:\/\/edition.lammerhuber.at\/en\/books\/so-british#primaryimage\"},\"image\":{\"@id\":\"https:\/\/edition.lammerhuber.at\/en\/books\/so-british#primaryimage\"},\"thumbnailUrl\":\"https:\/\/edition.lammerhuber.at\/app\/uploads\/2026\/02\/la_gacilly_baden_photo_Katalog_2026.png\",\"datePublished\":\"2026-02-26T15:24:02+00:00\",\"dateModified\":\"2026-02-27T09:34:39+00:00\",\"breadcrumb\":{\"@id\":\"https:\/\/edition.lammerhuber.at\/en\/books\/so-british#breadcrumb\"},\"inLanguage\":\"en-US\",\"potentialAction\":[{\"@type\":\"ReadAction\",\"target\":[\"https:\/\/edition.lammerhuber.at\/en\/books\/so-british\"]}]},{\"@type\":\"ImageObject\",\"inLanguage\":\"en-US\",\"@id\":\"https:\/\/edition.lammerhuber.at\/en\/books\/so-british#primaryimage\",\"url\":\"https:\/\/edition.lammerhuber.at\/app\/uploads\/2026\/02\/la_gacilly_baden_photo_Katalog_2026.png\",\"contentUrl\":\"https:\/\/edition.lammerhuber.at\/app\/uploads\/2026\/02\/la_gacilly_baden_photo_Katalog_2026.png\",\"width\":317,\"height\":414},{\"@type\":\"BreadcrumbList\",\"@id\":\"https:\/\/edition.lammerhuber.at\/en\/books\/so-british#breadcrumb\",\"itemListElement\":[{\"@type\":\"ListItem\",\"position\":1,\"name\":\"Home\",\"item\":\"https:\/\/edition.lammerhuber.at\/en\"},{\"@type\":\"ListItem\",\"position\":2,\"name\":\"SO BRITISH!\"}]},{\"@type\":\"WebSite\",\"@id\":\"https:\/\/edition.lammerhuber.at\/en#website\",\"url\":\"https:\/\/edition.lammerhuber.at\/en\",\"name\":\"Edition Lammerhuber\",\"description\":\"Verlag f\u00fcr Fotografie, Kunst, Natur &amp; Wissenschaft\",\"publisher\":{\"@id\":\"https:\/\/edition.lammerhuber.at\/en#organization\"},\"potentialAction\":[{\"@type\":\"SearchAction\",\"target\":{\"@type\":\"EntryPoint\",\"urlTemplate\":\"https:\/\/edition.lammerhuber.at\/en?s={search_term_string}\"},\"query-input\":{\"@type\":\"PropertyValueSpecification\",\"valueRequired\":true,\"valueName\":\"search_term_string\"}}],\"inLanguage\":\"en-US\"},{\"@type\":\"Organization\",\"@id\":\"https:\/\/edition.lammerhuber.at\/en#organization\",\"name\":\"Edition Lammerhuber\",\"url\":\"https:\/\/edition.lammerhuber.at\/en\",\"logo\":{\"@type\":\"ImageObject\",\"inLanguage\":\"en-US\",\"@id\":\"https:\/\/edition.lammerhuber.at\/en#\/schema\/logo\/image\/\",\"url\":\"\",\"contentUrl\":\"\",\"caption\":\"Edition Lammerhuber\"},\"image\":{\"@id\":\"https:\/\/edition.lammerhuber.at\/en#\/schema\/logo\/image\/\"}}]}<\/script>\n<!-- \/ Yoast SEO plugin. -->","yoast_head_json":{"title":"SO BRITISH! - Edition Lammerhuber","robots":{"index":"index","follow":"follow","max-snippet":"max-snippet:-1","max-image-preview":"max-image-preview:large","max-video-preview":"max-video-preview:-1"},"canonical":"https:\/\/edition.lammerhuber.at\/en\/books\/so-british","og_locale":"en_US","og_type":"article","og_title":"SO BRITISH! - Edition Lammerhuber","og_description":"SO BRITISH! is the theme of the La Gacilly-Baden Photo 2026 festival, which will take place for the ninth time from 12 June to 11 October in Baden near Vienna. With around 320,000 visitors, it is the largest open-air photo festival in Europe. 1,500 large-format images by the world's best photographers in the parks and gardens will transform the city of Baden into a city of images for four months. This year the festival examines the everyday lives and living conditions of people in England.  Cyril Drouhet, Vinzent Jolly Lois Lammerhuber, M\u00e9lina Le Blaye Jacques Rocher, Lionel Scur   21 \u00d7 28 cm 304 pages ca. 219 photos English, German Softcover ISBN 978-3-903462-18-2 June 2026","og_url":"https:\/\/edition.lammerhuber.at\/en\/books\/so-british","og_site_name":"Edition Lammerhuber","article_modified_time":"2026-02-27T09:34:39+00:00","og_image":[{"width":317,"height":414,"url":"https:\/\/edition.lammerhuber.at\/app\/uploads\/2026\/02\/la_gacilly_baden_photo_Katalog_2026.png","type":"image\/png"}],"twitter_card":"summary_large_image","twitter_misc":{"Est. reading time":"9 minutes"},"schema":{"@context":"https:\/\/schema.org","@graph":[{"@type":"WebPage","@id":"https:\/\/edition.lammerhuber.at\/en\/books\/so-british","url":"https:\/\/edition.lammerhuber.at\/en\/books\/so-british","name":"SO BRITISH! - Edition Lammerhuber","isPartOf":{"@id":"https:\/\/edition.lammerhuber.at\/en#website"},"primaryImageOfPage":{"@id":"https:\/\/edition.lammerhuber.at\/en\/books\/so-british#primaryimage"},"image":{"@id":"https:\/\/edition.lammerhuber.at\/en\/books\/so-british#primaryimage"},"thumbnailUrl":"https:\/\/edition.lammerhuber.at\/app\/uploads\/2026\/02\/la_gacilly_baden_photo_Katalog_2026.png","datePublished":"2026-02-26T15:24:02+00:00","dateModified":"2026-02-27T09:34:39+00:00","breadcrumb":{"@id":"https:\/\/edition.lammerhuber.at\/en\/books\/so-british#breadcrumb"},"inLanguage":"en-US","potentialAction":[{"@type":"ReadAction","target":["https:\/\/edition.lammerhuber.at\/en\/books\/so-british"]}]},{"@type":"ImageObject","inLanguage":"en-US","@id":"https:\/\/edition.lammerhuber.at\/en\/books\/so-british#primaryimage","url":"https:\/\/edition.lammerhuber.at\/app\/uploads\/2026\/02\/la_gacilly_baden_photo_Katalog_2026.png","contentUrl":"https:\/\/edition.lammerhuber.at\/app\/uploads\/2026\/02\/la_gacilly_baden_photo_Katalog_2026.png","width":317,"height":414},{"@type":"BreadcrumbList","@id":"https:\/\/edition.lammerhuber.at\/en\/books\/so-british#breadcrumb","itemListElement":[{"@type":"ListItem","position":1,"name":"Home","item":"https:\/\/edition.lammerhuber.at\/en"},{"@type":"ListItem","position":2,"name":"SO BRITISH!"}]},{"@type":"WebSite","@id":"https:\/\/edition.lammerhuber.at\/en#website","url":"https:\/\/edition.lammerhuber.at\/en","name":"Edition Lammerhuber","description":"Verlag f\u00fcr Fotografie, Kunst, Natur &amp; Wissenschaft","publisher":{"@id":"https:\/\/edition.lammerhuber.at\/en#organization"},"potentialAction":[{"@type":"SearchAction","target":{"@type":"EntryPoint","urlTemplate":"https:\/\/edition.lammerhuber.at\/en?s={search_term_string}"},"query-input":{"@type":"PropertyValueSpecification","valueRequired":true,"valueName":"search_term_string"}}],"inLanguage":"en-US"},{"@type":"Organization","@id":"https:\/\/edition.lammerhuber.at\/en#organization","name":"Edition Lammerhuber","url":"https:\/\/edition.lammerhuber.at\/en","logo":{"@type":"ImageObject","inLanguage":"en-US","@id":"https:\/\/edition.lammerhuber.at\/en#\/schema\/logo\/image\/","url":"","contentUrl":"","caption":"Edition Lammerhuber"},"image":{"@id":"https:\/\/edition.lammerhuber.at\/en#\/schema\/logo\/image\/"}}]}},"_links":{"self":[{"href":"https:\/\/edition.lammerhuber.at\/en\/wp-json\/wp\/v2\/product\/13106","targetHints":{"allow":["GET"]}}],"collection":[{"href":"https:\/\/edition.lammerhuber.at\/en\/wp-json\/wp\/v2\/product"}],"about":[{"href":"https:\/\/edition.lammerhuber.at\/en\/wp-json\/wp\/v2\/types\/product"}],"wp:featuredmedia":[{"embeddable":true,"href":"https:\/\/edition.lammerhuber.at\/en\/wp-json\/wp\/v2\/media\/13108"}],"wp:attachment":[{"href":"https:\/\/edition.lammerhuber.at\/en\/wp-json\/wp\/v2\/media?parent=13106"}],"wp:term":[{"taxonomy":"product_brand","embeddable":true,"href":"https:\/\/edition.lammerhuber.at\/en\/wp-json\/wp\/v2\/product_brand?post=13106"},{"taxonomy":"product_cat","embeddable":true,"href":"https:\/\/edition.lammerhuber.at\/en\/wp-json\/wp\/v2\/product_cat?post=13106"},{"taxonomy":"product_tag","embeddable":true,"href":"https:\/\/edition.lammerhuber.at\/en\/wp-json\/wp\/v2\/product_tag?post=13106"}],"curies":[{"name":"wp","href":"https:\/\/api.w.org\/{rel}","templated":true}]}}