{"id":11667,"date":"2024-11-28T14:39:40","date_gmt":"2024-11-28T13:39:40","guid":{"rendered":"https:\/\/edition.lammerhuber.at\/buecher\/der-traum-vom-fliegen"},"modified":"2025-04-22T14:28:56","modified_gmt":"2025-04-22T12:28:56","slug":"the-dream-of-flying","status":"publish","type":"product","link":"https:\/\/edition.lammerhuber.at\/en\/books\/the-dream-of-flying","title":{"rendered":"The Dream of Flying"},"content":{"rendered":"<p style=\"font-weight: 400;\"><strong>The Dream of Flying<\/strong> shows what extraordinary achievements people are capable of, driven by zest for action and curiosity. Pioneers never took setbacks for a defeat but for steps on the path to reaching their goals. Perseverance was their strength. The Dream of Flying is proof to the power of faith in what\u2019s possible. Every start, every flight, every landing reminds us of that. Austria has a history of aviation: airships and early motor-powered aircraft like the Etrich Taube, built in the early 20th century in Fischamend \u2013 near today\u2019s airport site \u2013 count among the world best of their kind. The \u201cRoyal Airforce Base\u201d, transferred to Austria in 1954, was the beginning for the Vienna Airport. Today around 80 airlines fly out to more than 200 destinations in 70\u00a0countries all over the world.<\/p>\n<p>\u201cWhen once you have tasted flight, you will forever walk the earth with your eyes turned skyward. For there you have been, and there you will always long to return.\u201d From the TV documentary <em>I, Leonardo da Vinci,<\/em> 1965<\/p>\n","protected":false},"excerpt":{"rendered":"<p>Vienna Airport celebrated its 70th birthday on 1 January 2024. To mark the occasion, the airport invited eight internationally renowned photographers, under the artistic direction of award-winning publisher and photographer Lois Lammerhuber and in collaboration with author Thomas Brezina, to accompany, observe and honour the life of this very special place for 24 hours: from the hustle and bustle on the airport apron and the runways to emotional farewells and welcomes in the terminal to quiet moments and everyday work.<\/p>\n<p>The photo book is supplemented by an extensive chronology accompanying the book, which documents the 70-year history of Vienna Airport.<\/p>\n<p><b>The Dream of Flying<br \/>\n<\/b>Published by Flughafen Wien<\/p>\n<p><strong>Thomas Brezina<br \/>\n<\/strong><strong>Lois Lammerhuber<br \/>\n<\/strong><strong>Ana Mar\u00eda Ar\u00e9valo Gosen<br \/>\n<\/strong><strong>Hans-J\u00fcrgen Burkard<br \/>\n<\/strong><strong>Heinz Stephan Tesarek<br \/>\n<\/strong><strong>J\u00e9r\u00f4me Gence<br \/>\n<\/strong><strong>Martina Draper<br \/>\n<\/strong><strong>Nadia Ferroukhi<br \/>\n<\/strong><strong>Ulla Lohmann<\/strong><\/p>\n<p>27 \u00d7 27 cm<br \/>\n192 pages<br \/>\n171 photos<br \/>\nEnglish. <a href=\"https:\/\/edition.lammerhuber.at\/buecher\/der-traum-vom-fliegen\">German version also available.<\/a><br \/>\nHardcover, bound in linen,<br \/>\n\u201eFrench Fold\u201c-jacket<br \/>\nISBN 978-3-903462-13-7<br \/>\nDecember 2024<\/p>\n","protected":false},"featured_media":11669,"template":"","meta":{"_acf_changed":false},"product_brand":[],"product_cat":[35,29,36],"product_tag":[529,577,548,412,461],"class_list":{"0":"post-11667","1":"product","2":"type-product","3":"status-publish","4":"has-post-thumbnail","6":"product_cat-corporate-books-en","7":"product_cat-new","8":"product_cat-photography","9":"product_tag-analogue-photography","10":"product_tag-austria","11":"product_tag-history","12":"product_tag-street-photography-en","13":"product_tag-vienna","14":"pa_buchautor-ana-maria-arevalo-gosen","15":"pa_buchautor-hans-juergen-burkard","16":"pa_buchautor-heinz-stephan-tesarek","17":"pa_buchautor-jerome-gence","18":"pa_buchautor-lois-lammerhuber","19":"pa_buchautor-martina-draper","20":"pa_buchautor-nadia-ferroukhi","21":"pa_buchautor-thomas-brezina","22":"pa_buchautor-ulla-lohmann","24":"first","25":"instock","26":"shipping-taxable","27":"purchasable","28":"product-type-simple"},"acf":[],"yoast_head":"<!-- This site is optimized with the Yoast SEO plugin v27.2 - https:\/\/yoast.com\/product\/yoast-seo-wordpress\/ -->\n<title>The Dream of Flying - Edition Lammerhuber<\/title>\n<meta name=\"robots\" content=\"index, follow, max-snippet:-1, max-image-preview:large, max-video-preview:-1\" \/>\n<link rel=\"canonical\" href=\"https:\/\/edition.lammerhuber.at\/en\/books\/the-dream-of-flying\" \/>\n<meta property=\"og:locale\" content=\"en_US\" \/>\n<meta property=\"og:type\" content=\"article\" \/>\n<meta property=\"og:title\" content=\"The Dream of Flying - Edition Lammerhuber\" \/>\n<meta property=\"og:description\" content=\"Vienna Airport celebrated its 70th birthday on 1 January 2024. To mark the occasion, the airport invited eight internationally renowned photographers, under the artistic direction of award-winning publisher and photographer Lois Lammerhuber and in collaboration with author Thomas Brezina, to accompany, observe and honour the life of this very special place for 24 hours: from the hustle and bustle on the airport apron and the runways to emotional farewells and welcomes in the terminal to quiet moments and everyday work.  The photo book is supplemented by an extensive chronology accompanying the book, which documents the 70-year history of Vienna Airport.  The Dream of Flying Published by Flughafen Wien  Thomas Brezina Lois Lammerhuber Ana Mar\u00eda Ar\u00e9valo Gosen Hans-J\u00fcrgen Burkard Heinz Stephan Tesarek J\u00e9r\u00f4me Gence Martina Draper Nadia Ferroukhi Ulla Lohmann  27 \u00d7 27 cm 192 pages 171 photos English. German version also available. Hardcover, bound in linen, \u201eFrench Fold\u201c-jacket ISBN 978-3-903462-13-7 December 2024\" \/>\n<meta property=\"og:url\" content=\"https:\/\/edition.lammerhuber.at\/en\/books\/the-dream-of-flying\" \/>\n<meta property=\"og:site_name\" content=\"Edition Lammerhuber\" \/>\n<meta property=\"article:modified_time\" content=\"2025-04-22T12:28:56+00:00\" \/>\n<meta property=\"og:image\" content=\"https:\/\/edition.lammerhuber.at\/app\/uploads\/2024\/11\/Flughafen_frenchfold_en.png\" \/>\n\t<meta property=\"og:image:width\" content=\"407\" \/>\n\t<meta property=\"og:image:height\" content=\"414\" \/>\n\t<meta property=\"og:image:type\" content=\"image\/png\" \/>\n<meta name=\"twitter:card\" content=\"summary_large_image\" \/>\n<meta name=\"twitter:label1\" content=\"Est. reading time\" \/>\n\t<meta name=\"twitter:data1\" content=\"2 minutes\" \/>\n<script type=\"application\/ld+json\" class=\"yoast-schema-graph\">{\"@context\":\"https:\/\/schema.org\",\"@graph\":[{\"@type\":\"WebPage\",\"@id\":\"https:\/\/edition.lammerhuber.at\/en\/books\/the-dream-of-flying\",\"url\":\"https:\/\/edition.lammerhuber.at\/en\/books\/the-dream-of-flying\",\"name\":\"The Dream of Flying - Edition Lammerhuber\",\"isPartOf\":{\"@id\":\"https:\/\/edition.lammerhuber.at\/en#website\"},\"primaryImageOfPage\":{\"@id\":\"https:\/\/edition.lammerhuber.at\/en\/books\/the-dream-of-flying#primaryimage\"},\"image\":{\"@id\":\"https:\/\/edition.lammerhuber.at\/en\/books\/the-dream-of-flying#primaryimage\"},\"thumbnailUrl\":\"https:\/\/edition.lammerhuber.at\/app\/uploads\/2024\/11\/Flughafen_frenchfold_en.png\",\"datePublished\":\"2024-11-28T13:39:40+00:00\",\"dateModified\":\"2025-04-22T12:28:56+00:00\",\"breadcrumb\":{\"@id\":\"https:\/\/edition.lammerhuber.at\/en\/books\/the-dream-of-flying#breadcrumb\"},\"inLanguage\":\"en-US\",\"potentialAction\":[{\"@type\":\"ReadAction\",\"target\":[\"https:\/\/edition.lammerhuber.at\/en\/books\/the-dream-of-flying\"]}]},{\"@type\":\"ImageObject\",\"inLanguage\":\"en-US\",\"@id\":\"https:\/\/edition.lammerhuber.at\/en\/books\/the-dream-of-flying#primaryimage\",\"url\":\"https:\/\/edition.lammerhuber.at\/app\/uploads\/2024\/11\/Flughafen_frenchfold_en.png\",\"contentUrl\":\"https:\/\/edition.lammerhuber.at\/app\/uploads\/2024\/11\/Flughafen_frenchfold_en.png\",\"width\":407,\"height\":414},{\"@type\":\"BreadcrumbList\",\"@id\":\"https:\/\/edition.lammerhuber.at\/en\/books\/the-dream-of-flying#breadcrumb\",\"itemListElement\":[{\"@type\":\"ListItem\",\"position\":1,\"name\":\"Home\",\"item\":\"https:\/\/edition.lammerhuber.at\/en\"},{\"@type\":\"ListItem\",\"position\":2,\"name\":\"The Dream of Flying\"}]},{\"@type\":\"WebSite\",\"@id\":\"https:\/\/edition.lammerhuber.at\/en#website\",\"url\":\"https:\/\/edition.lammerhuber.at\/en\",\"name\":\"Edition Lammerhuber\",\"description\":\"Verlag f\u00fcr Fotografie, Kunst, Natur &amp; Wissenschaft\",\"publisher\":{\"@id\":\"https:\/\/edition.lammerhuber.at\/en#organization\"},\"potentialAction\":[{\"@type\":\"SearchAction\",\"target\":{\"@type\":\"EntryPoint\",\"urlTemplate\":\"https:\/\/edition.lammerhuber.at\/en?s={search_term_string}\"},\"query-input\":{\"@type\":\"PropertyValueSpecification\",\"valueRequired\":true,\"valueName\":\"search_term_string\"}}],\"inLanguage\":\"en-US\"},{\"@type\":\"Organization\",\"@id\":\"https:\/\/edition.lammerhuber.at\/en#organization\",\"name\":\"Edition Lammerhuber\",\"url\":\"https:\/\/edition.lammerhuber.at\/en\",\"logo\":{\"@type\":\"ImageObject\",\"inLanguage\":\"en-US\",\"@id\":\"https:\/\/edition.lammerhuber.at\/en#\/schema\/logo\/image\/\",\"url\":\"\",\"contentUrl\":\"\",\"caption\":\"Edition Lammerhuber\"},\"image\":{\"@id\":\"https:\/\/edition.lammerhuber.at\/en#\/schema\/logo\/image\/\"}}]}<\/script>\n<!-- \/ Yoast SEO plugin. -->","yoast_head_json":{"title":"The Dream of Flying - Edition Lammerhuber","robots":{"index":"index","follow":"follow","max-snippet":"max-snippet:-1","max-image-preview":"max-image-preview:large","max-video-preview":"max-video-preview:-1"},"canonical":"https:\/\/edition.lammerhuber.at\/en\/books\/the-dream-of-flying","og_locale":"en_US","og_type":"article","og_title":"The Dream of Flying - Edition Lammerhuber","og_description":"Vienna Airport celebrated its 70th birthday on 1 January 2024. To mark the occasion, the airport invited eight internationally renowned photographers, under the artistic direction of award-winning publisher and photographer Lois Lammerhuber and in collaboration with author Thomas Brezina, to accompany, observe and honour the life of this very special place for 24 hours: from the hustle and bustle on the airport apron and the runways to emotional farewells and welcomes in the terminal to quiet moments and everyday work.  The photo book is supplemented by an extensive chronology accompanying the book, which documents the 70-year history of Vienna Airport.  The Dream of Flying Published by Flughafen Wien  Thomas Brezina Lois Lammerhuber Ana Mar\u00eda Ar\u00e9valo Gosen Hans-J\u00fcrgen Burkard Heinz Stephan Tesarek J\u00e9r\u00f4me Gence Martina Draper Nadia Ferroukhi Ulla Lohmann  27 \u00d7 27 cm 192 pages 171 photos English. German version also available. Hardcover, bound in linen, \u201eFrench Fold\u201c-jacket ISBN 978-3-903462-13-7 December 2024","og_url":"https:\/\/edition.lammerhuber.at\/en\/books\/the-dream-of-flying","og_site_name":"Edition Lammerhuber","article_modified_time":"2025-04-22T12:28:56+00:00","og_image":[{"width":407,"height":414,"url":"https:\/\/edition.lammerhuber.at\/app\/uploads\/2024\/11\/Flughafen_frenchfold_en.png","type":"image\/png"}],"twitter_card":"summary_large_image","twitter_misc":{"Est. reading time":"2 minutes"},"schema":{"@context":"https:\/\/schema.org","@graph":[{"@type":"WebPage","@id":"https:\/\/edition.lammerhuber.at\/en\/books\/the-dream-of-flying","url":"https:\/\/edition.lammerhuber.at\/en\/books\/the-dream-of-flying","name":"The Dream of Flying - Edition Lammerhuber","isPartOf":{"@id":"https:\/\/edition.lammerhuber.at\/en#website"},"primaryImageOfPage":{"@id":"https:\/\/edition.lammerhuber.at\/en\/books\/the-dream-of-flying#primaryimage"},"image":{"@id":"https:\/\/edition.lammerhuber.at\/en\/books\/the-dream-of-flying#primaryimage"},"thumbnailUrl":"https:\/\/edition.lammerhuber.at\/app\/uploads\/2024\/11\/Flughafen_frenchfold_en.png","datePublished":"2024-11-28T13:39:40+00:00","dateModified":"2025-04-22T12:28:56+00:00","breadcrumb":{"@id":"https:\/\/edition.lammerhuber.at\/en\/books\/the-dream-of-flying#breadcrumb"},"inLanguage":"en-US","potentialAction":[{"@type":"ReadAction","target":["https:\/\/edition.lammerhuber.at\/en\/books\/the-dream-of-flying"]}]},{"@type":"ImageObject","inLanguage":"en-US","@id":"https:\/\/edition.lammerhuber.at\/en\/books\/the-dream-of-flying#primaryimage","url":"https:\/\/edition.lammerhuber.at\/app\/uploads\/2024\/11\/Flughafen_frenchfold_en.png","contentUrl":"https:\/\/edition.lammerhuber.at\/app\/uploads\/2024\/11\/Flughafen_frenchfold_en.png","width":407,"height":414},{"@type":"BreadcrumbList","@id":"https:\/\/edition.lammerhuber.at\/en\/books\/the-dream-of-flying#breadcrumb","itemListElement":[{"@type":"ListItem","position":1,"name":"Home","item":"https:\/\/edition.lammerhuber.at\/en"},{"@type":"ListItem","position":2,"name":"The Dream of Flying"}]},{"@type":"WebSite","@id":"https:\/\/edition.lammerhuber.at\/en#website","url":"https:\/\/edition.lammerhuber.at\/en","name":"Edition Lammerhuber","description":"Verlag f\u00fcr Fotografie, Kunst, Natur &amp; Wissenschaft","publisher":{"@id":"https:\/\/edition.lammerhuber.at\/en#organization"},"potentialAction":[{"@type":"SearchAction","target":{"@type":"EntryPoint","urlTemplate":"https:\/\/edition.lammerhuber.at\/en?s={search_term_string}"},"query-input":{"@type":"PropertyValueSpecification","valueRequired":true,"valueName":"search_term_string"}}],"inLanguage":"en-US"},{"@type":"Organization","@id":"https:\/\/edition.lammerhuber.at\/en#organization","name":"Edition Lammerhuber","url":"https:\/\/edition.lammerhuber.at\/en","logo":{"@type":"ImageObject","inLanguage":"en-US","@id":"https:\/\/edition.lammerhuber.at\/en#\/schema\/logo\/image\/","url":"","contentUrl":"","caption":"Edition Lammerhuber"},"image":{"@id":"https:\/\/edition.lammerhuber.at\/en#\/schema\/logo\/image\/"}}]}},"_links":{"self":[{"href":"https:\/\/edition.lammerhuber.at\/en\/wp-json\/wp\/v2\/product\/11667","targetHints":{"allow":["GET"]}}],"collection":[{"href":"https:\/\/edition.lammerhuber.at\/en\/wp-json\/wp\/v2\/product"}],"about":[{"href":"https:\/\/edition.lammerhuber.at\/en\/wp-json\/wp\/v2\/types\/product"}],"wp:featuredmedia":[{"embeddable":true,"href":"https:\/\/edition.lammerhuber.at\/en\/wp-json\/wp\/v2\/media\/11669"}],"wp:attachment":[{"href":"https:\/\/edition.lammerhuber.at\/en\/wp-json\/wp\/v2\/media?parent=11667"}],"wp:term":[{"taxonomy":"product_brand","embeddable":true,"href":"https:\/\/edition.lammerhuber.at\/en\/wp-json\/wp\/v2\/product_brand?post=11667"},{"taxonomy":"product_cat","embeddable":true,"href":"https:\/\/edition.lammerhuber.at\/en\/wp-json\/wp\/v2\/product_cat?post=11667"},{"taxonomy":"product_tag","embeddable":true,"href":"https:\/\/edition.lammerhuber.at\/en\/wp-json\/wp\/v2\/product_tag?post=11667"}],"curies":[{"name":"wp","href":"https:\/\/api.w.org\/{rel}","templated":true}]}}