{"id":11544,"date":"2024-11-28T14:39:40","date_gmt":"2024-11-28T13:39:40","guid":{"rendered":"https:\/\/edition.lammerhuber.at\/?post_type=product&#038;p=11544"},"modified":"2025-12-17T10:43:16","modified_gmt":"2025-12-17T09:43:16","slug":"der-traum-vom-fliegen","status":"publish","type":"product","link":"https:\/\/edition.lammerhuber.at\/en\/books\/der-traum-vom-fliegen","title":{"rendered":"Der Traum vom Fliegen"},"content":{"rendered":"<p style=\"font-weight: 400;\"><strong>Der Traum vom Fliegen<\/strong> zeigt, zu welchen Leistungen Menschen fa\u0308hig sind, wenn sie von Tatendrang und Neugier getrieben werden. Fehlschla\u0308ge waren fu\u0308r die Pionierinnen und Pioniere keine Niederlagen, sondern Stufen zum Erreichen ihres Ziels. Durchhaltevermo\u0308gen war ihre Sta\u0308rke. Der Traum vom Fliegen ist der Beweis, was der Glaube an das Mo\u0308gliche vermag. Jeder Start, jeder Flug, jede Landung sind eine Erinnerung daran. In O\u0308sterreich hat die Luftfahrt Geschichte: Luftschiffe und erste Motorflieger wie die Etrich Taube, die Anfang des 20. Jahrhunderts in Fischamend \u2013 nahe dem heutigen Flughafengela\u0308nde \u2013 gebaut wurden, galten als die besten der Welt. Die \u201eRoyal Airforce Base\u201c, die 1954 an O\u0308sterreich u\u0308bergeben wurde, war der Anfang des Flughafens Wien. Heute fliegen von hier aus rund 80 Fluggesellschaften mehr als 200 Ziele in 70 La\u0308ndern weltweit an.<\/p>\n<p>\u201eWenn du das Fliegen einmal erlebt hast, wirst du fu\u0308r immer auf Erden wandeln, mit deinen Augen himmelwa\u0308rts gerichtet. Denn dort bist du gewesen und dort wird es dich immer wieder hinziehen.\u201c Aus der TV-Dokumentation <em>I, Leonardo da Vinci,<\/em> 1965<\/p>\n","protected":false},"excerpt":{"rendered":"<p style=\"font-weight: 400;\">Am 1. Ja\u0308nner 2024 feierte der Flughafen Wien seinen 70. Geburtstag. Aus diesem Anlass lud der Flughafen acht international renommierte Fotografinnen und Fotografen unter der k\u00fcnstlerischen Leitung des vielfach ausgezeichneten Verlegers und Fotografen Lois Lammerhuber und in Zusammenarbeit mit dem Autor Thomas Brezina ein, 24 Stunden lang das Leben dieses ganz besonderen Ortes zu begleiten, zu beobachten und zu wu\u0308rdigen: vom gesch\u00e4ftigen Treiben auf dem Flughafen-Vorfeld und den Start- und Landebahnen \u00fcber emotionale Abschiede und Begr\u00fc\u00dfungen im Terminal bis zu stillen Augenblicken und allt\u00e4glichen Arbeiten.<\/p>\n<p>Erg\u00e4nzt wird das Fotobuch durch eine dem Buch beiliegende, umfangreiche Chronologie, die die 70j\u00e4hrige Geschichte des Flughafen Wien dokumentiert.<\/p>\n<p><b>DER TRAUM VOM FLIEGEN<br \/>\n<\/b>Herausgegeben vom Flughafen Wien<\/p>\n<p><strong>Thomas Brezina<br \/>\n<\/strong><strong>Lois Lammerhuber<br \/>\n<\/strong><strong>Ana Mar\u00eda Ar\u00e9valo Gosen<br \/>\n<\/strong><strong>Hans-J\u00fcrgen Burkard<br \/>\n<\/strong><strong>Heinz Stephan Tesarek<br \/>\n<\/strong><strong>J\u00e9r\u00f4me Gence<br \/>\n<\/strong><strong>Martina Draper<br \/>\n<\/strong><strong>Nadia Ferroukhi<br \/>\n<\/strong><strong>Ulla Lohmann<\/strong><\/p>\n<p>27 \u00d7 27 cm<br \/>\n192 Seiten<br \/>\n171 Abbildungen<br \/>\nDeutsch. <a href=\"https:\/\/edition.lammerhuber.at\/buecher\/the-dream-of-flying\">Englischsprachige Ausgabe erh\u00e4ltlich.<\/a><br \/>\nHardcover, Leinen gebunden,<br \/>\n\u201eFrench Fold\u201c-Schutzumschlag<br \/>\nISBN 978-3-903462-13-7<br \/>\nDezember 2024<\/p>\n","protected":false},"featured_media":11541,"template":"","meta":{"_acf_changed":false},"product_brand":[],"product_cat":[34,30,15],"product_tag":[482,514,463,406,428],"class_list":{"0":"post-11544","1":"product","2":"type-product","3":"status-publish","4":"has-post-thumbnail","6":"product_cat-corporate-books","7":"product_cat-fotografie","8":"product_cat-neu","9":"product_tag-geschichte","10":"product_tag-oesterreich","11":"product_tag-reportage","12":"product_tag-street-photography","13":"product_tag-wien","14":"pa_buchautor-ana-maria-arevalo-gosen","15":"pa_buchautor-hans-juergen-burkard","16":"pa_buchautor-heinz-stephan-tesarek","17":"pa_buchautor-jerome-gence","18":"pa_buchautor-lois-lammerhuber","19":"pa_buchautor-martina-draper","20":"pa_buchautor-nadia-ferroukhi","21":"pa_buchautor-thomas-brezina","22":"pa_buchautor-ulla-lohmann","24":"first","25":"instock","26":"shipping-taxable","27":"purchasable","28":"product-type-simple"},"acf":[],"yoast_head":"<!-- This site is optimized with the Yoast SEO plugin v27.2 - https:\/\/yoast.com\/product\/yoast-seo-wordpress\/ -->\n<title>Der Traum vom Fliegen - Edition Lammerhuber<\/title>\n<meta name=\"robots\" content=\"index, follow, max-snippet:-1, max-image-preview:large, max-video-preview:-1\" \/>\n<link rel=\"canonical\" href=\"https:\/\/edition.lammerhuber.at\/en\/books\/der-traum-vom-fliegen\" \/>\n<meta property=\"og:locale\" content=\"en_US\" \/>\n<meta property=\"og:type\" content=\"article\" \/>\n<meta property=\"og:title\" content=\"Der Traum vom Fliegen - Edition Lammerhuber\" \/>\n<meta property=\"og:description\" content=\"Am 1. Ja\u0308nner 2024 feierte der Flughafen Wien seinen 70. Geburtstag. Aus diesem Anlass lud der Flughafen acht international renommierte Fotografinnen und Fotografen unter der k\u00fcnstlerischen Leitung des vielfach ausgezeichneten Verlegers und Fotografen Lois Lammerhuber und in Zusammenarbeit mit dem Autor Thomas Brezina ein, 24 Stunden lang das Leben dieses ganz besonderen Ortes zu begleiten, zu beobachten und zu wu\u0308rdigen: vom gesch\u00e4ftigen Treiben auf dem Flughafen-Vorfeld und den Start- und Landebahnen \u00fcber emotionale Abschiede und Begr\u00fc\u00dfungen im Terminal bis zu stillen Augenblicken und allt\u00e4glichen Arbeiten. Erg\u00e4nzt wird das Fotobuch durch eine dem Buch beiliegende, umfangreiche Chronologie, die die 70j\u00e4hrige Geschichte des Flughafen Wien dokumentiert.  DER TRAUM VOM FLIEGEN Herausgegeben vom Flughafen Wien  Thomas Brezina Lois Lammerhuber Ana Mar\u00eda Ar\u00e9valo Gosen Hans-J\u00fcrgen Burkard Heinz Stephan Tesarek J\u00e9r\u00f4me Gence Martina Draper Nadia Ferroukhi Ulla Lohmann  27 \u00d7 27 cm 192 Seiten 171 Abbildungen Deutsch. Englischsprachige Ausgabe erh\u00e4ltlich. Hardcover, Leinen gebunden, \u201eFrench Fold\u201c-Schutzumschlag ISBN 978-3-903462-13-7 Dezember 2024\" \/>\n<meta property=\"og:url\" content=\"https:\/\/edition.lammerhuber.at\/en\/books\/der-traum-vom-fliegen\" \/>\n<meta property=\"og:site_name\" content=\"Edition Lammerhuber\" \/>\n<meta property=\"article:modified_time\" content=\"2025-12-17T09:43:16+00:00\" \/>\n<meta property=\"og:image\" content=\"https:\/\/edition.lammerhuber.at\/app\/uploads\/2024\/11\/Flughafen_frenchfold.png\" \/>\n\t<meta property=\"og:image:width\" content=\"407\" \/>\n\t<meta property=\"og:image:height\" content=\"414\" \/>\n\t<meta property=\"og:image:type\" content=\"image\/png\" \/>\n<meta name=\"twitter:card\" content=\"summary_large_image\" \/>\n<meta name=\"twitter:label1\" content=\"Est. reading time\" \/>\n\t<meta name=\"twitter:data1\" content=\"2 minutes\" \/>\n<script type=\"application\/ld+json\" class=\"yoast-schema-graph\">{\"@context\":\"https:\/\/schema.org\",\"@graph\":[{\"@type\":\"WebPage\",\"@id\":\"https:\/\/edition.lammerhuber.at\/en\/books\/der-traum-vom-fliegen\",\"url\":\"https:\/\/edition.lammerhuber.at\/en\/books\/der-traum-vom-fliegen\",\"name\":\"Der Traum vom Fliegen - Edition Lammerhuber\",\"isPartOf\":{\"@id\":\"https:\/\/edition.lammerhuber.at\/en#website\"},\"primaryImageOfPage\":{\"@id\":\"https:\/\/edition.lammerhuber.at\/en\/books\/der-traum-vom-fliegen#primaryimage\"},\"image\":{\"@id\":\"https:\/\/edition.lammerhuber.at\/en\/books\/der-traum-vom-fliegen#primaryimage\"},\"thumbnailUrl\":\"https:\/\/edition.lammerhuber.at\/app\/uploads\/2024\/11\/Flughafen_frenchfold.png\",\"datePublished\":\"2024-11-28T13:39:40+00:00\",\"dateModified\":\"2025-12-17T09:43:16+00:00\",\"breadcrumb\":{\"@id\":\"https:\/\/edition.lammerhuber.at\/en\/books\/der-traum-vom-fliegen#breadcrumb\"},\"inLanguage\":\"en-US\",\"potentialAction\":[{\"@type\":\"ReadAction\",\"target\":[\"https:\/\/edition.lammerhuber.at\/en\/books\/der-traum-vom-fliegen\"]}]},{\"@type\":\"ImageObject\",\"inLanguage\":\"en-US\",\"@id\":\"https:\/\/edition.lammerhuber.at\/en\/books\/der-traum-vom-fliegen#primaryimage\",\"url\":\"https:\/\/edition.lammerhuber.at\/app\/uploads\/2024\/11\/Flughafen_frenchfold.png\",\"contentUrl\":\"https:\/\/edition.lammerhuber.at\/app\/uploads\/2024\/11\/Flughafen_frenchfold.png\",\"width\":407,\"height\":414},{\"@type\":\"BreadcrumbList\",\"@id\":\"https:\/\/edition.lammerhuber.at\/en\/books\/der-traum-vom-fliegen#breadcrumb\",\"itemListElement\":[{\"@type\":\"ListItem\",\"position\":1,\"name\":\"Home\",\"item\":\"https:\/\/edition.lammerhuber.at\/en\"},{\"@type\":\"ListItem\",\"position\":2,\"name\":\"Der Traum vom Fliegen\"}]},{\"@type\":\"WebSite\",\"@id\":\"https:\/\/edition.lammerhuber.at\/en#website\",\"url\":\"https:\/\/edition.lammerhuber.at\/en\",\"name\":\"Edition Lammerhuber\",\"description\":\"Verlag f\u00fcr Fotografie, Kunst, Natur &amp; Wissenschaft\",\"publisher\":{\"@id\":\"https:\/\/edition.lammerhuber.at\/en#organization\"},\"potentialAction\":[{\"@type\":\"SearchAction\",\"target\":{\"@type\":\"EntryPoint\",\"urlTemplate\":\"https:\/\/edition.lammerhuber.at\/en?s={search_term_string}\"},\"query-input\":{\"@type\":\"PropertyValueSpecification\",\"valueRequired\":true,\"valueName\":\"search_term_string\"}}],\"inLanguage\":\"en-US\"},{\"@type\":\"Organization\",\"@id\":\"https:\/\/edition.lammerhuber.at\/en#organization\",\"name\":\"Edition Lammerhuber\",\"url\":\"https:\/\/edition.lammerhuber.at\/en\",\"logo\":{\"@type\":\"ImageObject\",\"inLanguage\":\"en-US\",\"@id\":\"https:\/\/edition.lammerhuber.at\/en#\/schema\/logo\/image\/\",\"url\":\"\",\"contentUrl\":\"\",\"caption\":\"Edition Lammerhuber\"},\"image\":{\"@id\":\"https:\/\/edition.lammerhuber.at\/en#\/schema\/logo\/image\/\"}}]}<\/script>\n<!-- \/ Yoast SEO plugin. -->","yoast_head_json":{"title":"Der Traum vom Fliegen - Edition Lammerhuber","robots":{"index":"index","follow":"follow","max-snippet":"max-snippet:-1","max-image-preview":"max-image-preview:large","max-video-preview":"max-video-preview:-1"},"canonical":"https:\/\/edition.lammerhuber.at\/en\/books\/der-traum-vom-fliegen","og_locale":"en_US","og_type":"article","og_title":"Der Traum vom Fliegen - Edition Lammerhuber","og_description":"Am 1. Ja\u0308nner 2024 feierte der Flughafen Wien seinen 70. Geburtstag. Aus diesem Anlass lud der Flughafen acht international renommierte Fotografinnen und Fotografen unter der k\u00fcnstlerischen Leitung des vielfach ausgezeichneten Verlegers und Fotografen Lois Lammerhuber und in Zusammenarbeit mit dem Autor Thomas Brezina ein, 24 Stunden lang das Leben dieses ganz besonderen Ortes zu begleiten, zu beobachten und zu wu\u0308rdigen: vom gesch\u00e4ftigen Treiben auf dem Flughafen-Vorfeld und den Start- und Landebahnen \u00fcber emotionale Abschiede und Begr\u00fc\u00dfungen im Terminal bis zu stillen Augenblicken und allt\u00e4glichen Arbeiten. Erg\u00e4nzt wird das Fotobuch durch eine dem Buch beiliegende, umfangreiche Chronologie, die die 70j\u00e4hrige Geschichte des Flughafen Wien dokumentiert.  DER TRAUM VOM FLIEGEN Herausgegeben vom Flughafen Wien  Thomas Brezina Lois Lammerhuber Ana Mar\u00eda Ar\u00e9valo Gosen Hans-J\u00fcrgen Burkard Heinz Stephan Tesarek J\u00e9r\u00f4me Gence Martina Draper Nadia Ferroukhi Ulla Lohmann  27 \u00d7 27 cm 192 Seiten 171 Abbildungen Deutsch. Englischsprachige Ausgabe erh\u00e4ltlich. Hardcover, Leinen gebunden, \u201eFrench Fold\u201c-Schutzumschlag ISBN 978-3-903462-13-7 Dezember 2024","og_url":"https:\/\/edition.lammerhuber.at\/en\/books\/der-traum-vom-fliegen","og_site_name":"Edition Lammerhuber","article_modified_time":"2025-12-17T09:43:16+00:00","og_image":[{"width":407,"height":414,"url":"https:\/\/edition.lammerhuber.at\/app\/uploads\/2024\/11\/Flughafen_frenchfold.png","type":"image\/png"}],"twitter_card":"summary_large_image","twitter_misc":{"Est. reading time":"2 minutes"},"schema":{"@context":"https:\/\/schema.org","@graph":[{"@type":"WebPage","@id":"https:\/\/edition.lammerhuber.at\/en\/books\/der-traum-vom-fliegen","url":"https:\/\/edition.lammerhuber.at\/en\/books\/der-traum-vom-fliegen","name":"Der Traum vom Fliegen - Edition Lammerhuber","isPartOf":{"@id":"https:\/\/edition.lammerhuber.at\/en#website"},"primaryImageOfPage":{"@id":"https:\/\/edition.lammerhuber.at\/en\/books\/der-traum-vom-fliegen#primaryimage"},"image":{"@id":"https:\/\/edition.lammerhuber.at\/en\/books\/der-traum-vom-fliegen#primaryimage"},"thumbnailUrl":"https:\/\/edition.lammerhuber.at\/app\/uploads\/2024\/11\/Flughafen_frenchfold.png","datePublished":"2024-11-28T13:39:40+00:00","dateModified":"2025-12-17T09:43:16+00:00","breadcrumb":{"@id":"https:\/\/edition.lammerhuber.at\/en\/books\/der-traum-vom-fliegen#breadcrumb"},"inLanguage":"en-US","potentialAction":[{"@type":"ReadAction","target":["https:\/\/edition.lammerhuber.at\/en\/books\/der-traum-vom-fliegen"]}]},{"@type":"ImageObject","inLanguage":"en-US","@id":"https:\/\/edition.lammerhuber.at\/en\/books\/der-traum-vom-fliegen#primaryimage","url":"https:\/\/edition.lammerhuber.at\/app\/uploads\/2024\/11\/Flughafen_frenchfold.png","contentUrl":"https:\/\/edition.lammerhuber.at\/app\/uploads\/2024\/11\/Flughafen_frenchfold.png","width":407,"height":414},{"@type":"BreadcrumbList","@id":"https:\/\/edition.lammerhuber.at\/en\/books\/der-traum-vom-fliegen#breadcrumb","itemListElement":[{"@type":"ListItem","position":1,"name":"Home","item":"https:\/\/edition.lammerhuber.at\/en"},{"@type":"ListItem","position":2,"name":"Der Traum vom Fliegen"}]},{"@type":"WebSite","@id":"https:\/\/edition.lammerhuber.at\/en#website","url":"https:\/\/edition.lammerhuber.at\/en","name":"Edition Lammerhuber","description":"Verlag f\u00fcr Fotografie, Kunst, Natur &amp; Wissenschaft","publisher":{"@id":"https:\/\/edition.lammerhuber.at\/en#organization"},"potentialAction":[{"@type":"SearchAction","target":{"@type":"EntryPoint","urlTemplate":"https:\/\/edition.lammerhuber.at\/en?s={search_term_string}"},"query-input":{"@type":"PropertyValueSpecification","valueRequired":true,"valueName":"search_term_string"}}],"inLanguage":"en-US"},{"@type":"Organization","@id":"https:\/\/edition.lammerhuber.at\/en#organization","name":"Edition Lammerhuber","url":"https:\/\/edition.lammerhuber.at\/en","logo":{"@type":"ImageObject","inLanguage":"en-US","@id":"https:\/\/edition.lammerhuber.at\/en#\/schema\/logo\/image\/","url":"","contentUrl":"","caption":"Edition Lammerhuber"},"image":{"@id":"https:\/\/edition.lammerhuber.at\/en#\/schema\/logo\/image\/"}}]}},"_links":{"self":[{"href":"https:\/\/edition.lammerhuber.at\/en\/wp-json\/wp\/v2\/product\/11544","targetHints":{"allow":["GET"]}}],"collection":[{"href":"https:\/\/edition.lammerhuber.at\/en\/wp-json\/wp\/v2\/product"}],"about":[{"href":"https:\/\/edition.lammerhuber.at\/en\/wp-json\/wp\/v2\/types\/product"}],"wp:featuredmedia":[{"embeddable":true,"href":"https:\/\/edition.lammerhuber.at\/en\/wp-json\/wp\/v2\/media\/11541"}],"wp:attachment":[{"href":"https:\/\/edition.lammerhuber.at\/en\/wp-json\/wp\/v2\/media?parent=11544"}],"wp:term":[{"taxonomy":"product_brand","embeddable":true,"href":"https:\/\/edition.lammerhuber.at\/en\/wp-json\/wp\/v2\/product_brand?post=11544"},{"taxonomy":"product_cat","embeddable":true,"href":"https:\/\/edition.lammerhuber.at\/en\/wp-json\/wp\/v2\/product_cat?post=11544"},{"taxonomy":"product_tag","embeddable":true,"href":"https:\/\/edition.lammerhuber.at\/en\/wp-json\/wp\/v2\/product_tag?post=11544"}],"curies":[{"name":"wp","href":"https:\/\/api.w.org\/{rel}","templated":true}]}}