{"id":11036,"date":"2024-05-02T10:05:44","date_gmt":"2024-05-02T08:05:44","guid":{"rendered":"https:\/\/edition.lammerhuber.at\/buecher\/welt-natur-erbe"},"modified":"2024-06-06T20:42:03","modified_gmt":"2024-06-06T18:42:03","slug":"welt-natur-erbe","status":"publish","type":"product","link":"https:\/\/edition.lammerhuber.at\/en\/books\/welt-natur-erbe","title":{"rendered":"WELT.NATUR.ERBE"},"content":{"rendered":"<div>\n<p><strong><span lang=\"EN-US\">&#8220;Humanity has opened the gates to hell,&#8221;<\/span><\/strong><span class=\"apple-converted-space\"><span lang=\"EN-US\">\u00a0<\/span><\/span><span lang=\"EN-US\">warned Secretary-General Ant\u00f3nio Guterres in an impassioned speech to politicians, business leaders and activists on the sidelines of the UN General Assembly in September 2023, warning of the dire consequences of increasingly extreme weather events. &#8220;Our concern is that all climate action will be dwarfed by the scale of the challenge as humanity heads towards a temperature rise of 2.8\u00b0C.&#8221;<\/span><\/p>\n<p>An appeal to the world that has long been inscribed at the heart of our festival. It is our duty to preserve the poetry of creation for our children. On the fundamental issues of urbanisation, biodiversity, natural resources, pollution and global warming, we will try to use images to provide, if not solutions, then at least food for thought. Therefore, in our seventh festival year, we are showing the work of the great masters of environmental photography:<span class=\"apple-converted-space\">\u00a0<\/span><strong>Nazli Abbaspour, Evgenia Arbugaeva, Yasuhoshi Chiba, Joana Choumali, David Doubilet und Jennifer Hayes, Nadia Ferroukhi, Sacha Goldberger, Richard Ladkani, Lucas Lenci, Luca Locatelli, Pascal Maitre, Beth Moon, Maxime Rich\u00e9, Sebasti\u00e3o Salgado, Alain Schroeder, Vee Speers, Brent Stirton, Lorraine Turci, David Turnley, Peter Turnley und C\u00e1ssio Vasconcellos.<\/strong><\/p>\n<p>&#8220;We all need Eden as a horizon,&#8221; writes Cyril Drouhet in his essay in the festival catalogue. &#8220;There was a time when we had a rainbow in our heads: We believed in the future, in progress, our dreams were full of utopias. In the third millennium, this colour has turned grey. But life needs radiant colours like in photography to enchant the world again. That is the challenge of the coming years and the challenge of our festival.&#8221;<\/p>\n<p>This year, the bilateral photography project of the Morbihan schools in Brittany and Lower Austria is also dedicated to the theme of &#8220;Nature as heritage&#8221;. We are giving young people the opportunity to express their ideas on the challenges of today and, above all, of tomorrow: How can we shape social models to preserve our unique world for our children?<\/p>\n<p>&#8220;We have the choice to use the gift of our lives to make the world a better place,&#8221; Jane Goodall is convinced. <strong>Martin Parr<\/strong>, whom the festival will honour with the first <strong>Lifetime Achievement Award<\/strong>, is certainly in this spirit of preserving rays of hope for humanity. And <strong>Norbert Span<\/strong> shows us in his pictures why snow crystals are the &#8220;jewels of the sky&#8221;.<\/p>\n<p>The exhibition of photographs by professional photographers from Lower Austria and the &#8220;Director&#8217;s Cut&#8221; exhibition by jury president <strong>Michel Comte<\/strong> from CEWE&#8217;s &#8220;Our World is Beautiful&#8221;, the world&#8217;s largest photo competition with over 500,000 images from 170 countries, will round off the festival, as will the look back at 2023 in the images of artist in residence <strong>Ina K\u00fcnne<\/strong>, whose pictures will be accompanied by texts by 2022 Thomas Jorda Award winner <strong>Raphaela Edelbauer<\/strong>. A very special visual highlight is the exhibition &#8220;The Human Footprint&#8221;, images from orbit, prepared by <strong>Gerald Mansberger<\/strong> and <strong>Markus Eisl<\/strong>.<\/p>\n<\/div>\n","protected":false},"excerpt":{"rendered":"<div>\n<p><span lang=\"EN-US\">WELT.NATUR.ERBE is the title of the catalogue of the La Gacilly-Baden Photo 2024 festival, which is taking place for the seventh time from 13 June to 13 October in Baden near Vienna and is dedicated to the works of the great masters of environmental photography from David Doubilet to Sebasti\u00e3o Salgado. Emotional and fascinating images on fundamental issues such as urbanisation, biodiversity, natural resources, pollution and global warming will provide food for thought on how to preserve the poetry of creation for humanity.<\/span><\/p>\n<p><strong><span lang=\"EN-US\">Auguste Coudray,<\/span><\/strong><span class=\"apple-converted-space\"><span lang=\"EN-US\">\u00a0<\/span><\/span><strong><span lang=\"EN-US\">Cyril Drouhet<br \/>\n<\/span><\/strong><strong>Vinzent Jolly,<\/strong><span class=\"apple-converted-space\">\u00a0<\/span><strong>Lois Lammerhuber<br \/>\n<\/strong><strong>St\u00e9phanie Reti\u00e8re-Secret,<\/strong><span class=\"apple-converted-space\"><b>\u00a0<\/b><\/span><strong>Jacques Rocher<br \/>\n<\/strong><\/p>\n<p>18 \u00d7 24 cm<br \/>\n304 pages<br \/>\n155 photos<br \/>\nEnglish, German<br \/>\nSoftcover<br \/>\nISBN 978-3-903462-11-3<br \/>\nJune 2024<\/p>\n<\/div>\n","protected":false},"featured_media":11052,"template":"","meta":{"_acf_changed":false},"product_brand":[],"product_cat":[38,36],"product_tag":[541,544,629],"class_list":{"0":"post-11036","1":"product","2":"type-product","3":"status-publish","4":"has-post-thumbnail","6":"product_cat-nature","7":"product_cat-photography","8":"product_tag-festival-catalogue","9":"product_tag-photo-festival","10":"product_tag-weltnaturerbe-en","11":"pa_buchautor-auguste-coudray-en","12":"pa_buchautor-cyril-drouhet-en","13":"pa_buchautor-jacques-rocher-en","14":"pa_buchautor-lois-lammerhuber-en","15":"pa_buchautor-stephanie-retiere-secret","17":"first","18":"instock","19":"shipping-taxable","20":"purchasable","21":"product-type-simple"},"acf":[],"yoast_head":"<!-- This site is optimized with the Yoast SEO plugin v27.2 - https:\/\/yoast.com\/product\/yoast-seo-wordpress\/ -->\n<title>WELT.NATUR.ERBE - Edition Lammerhuber<\/title>\n<meta name=\"robots\" content=\"index, follow, max-snippet:-1, max-image-preview:large, max-video-preview:-1\" \/>\n<link rel=\"canonical\" href=\"https:\/\/edition.lammerhuber.at\/en\/books\/welt-natur-erbe\" \/>\n<meta property=\"og:locale\" content=\"en_US\" \/>\n<meta property=\"og:type\" content=\"article\" \/>\n<meta property=\"og:title\" content=\"WELT.NATUR.ERBE - Edition Lammerhuber\" \/>\n<meta property=\"og:description\" content=\"WELT.NATUR.ERBE is the title of the catalogue of the La Gacilly-Baden Photo 2024 festival, which is taking place for the seventh time from 13 June to 13 October in Baden near Vienna and is dedicated to the works of the great masters of environmental photography from David Doubilet to Sebasti\u00e3o Salgado. Emotional and fascinating images on fundamental issues such as urbanisation, biodiversity, natural resources, pollution and global warming will provide food for thought on how to preserve the poetry of creation for humanity.  Auguste Coudray,\u00a0Cyril Drouhet Vinzent Jolly,\u00a0Lois Lammerhuber St\u00e9phanie Reti\u00e8re-Secret,\u00a0Jacques Rocher   18 \u00d7 24 cm 304 pages 155 photos English, German Softcover ISBN 978-3-903462-11-3 June 2024\" \/>\n<meta property=\"og:url\" content=\"https:\/\/edition.lammerhuber.at\/en\/books\/welt-natur-erbe\" \/>\n<meta property=\"og:site_name\" content=\"Edition Lammerhuber\" \/>\n<meta property=\"article:modified_time\" content=\"2024-06-06T18:42:03+00:00\" \/>\n<meta property=\"og:image\" content=\"https:\/\/edition.lammerhuber.at\/app\/uploads\/2024\/05\/la_gacilly_baden_photo_Katalog_2024-1.png\" \/>\n\t<meta property=\"og:image:width\" content=\"306\" \/>\n\t<meta property=\"og:image:height\" content=\"414\" \/>\n\t<meta property=\"og:image:type\" content=\"image\/png\" \/>\n<meta name=\"twitter:card\" content=\"summary_large_image\" \/>\n<meta name=\"twitter:label1\" content=\"Est. reading time\" \/>\n\t<meta name=\"twitter:data1\" content=\"3 minutes\" \/>\n<script type=\"application\/ld+json\" class=\"yoast-schema-graph\">{\"@context\":\"https:\/\/schema.org\",\"@graph\":[{\"@type\":\"WebPage\",\"@id\":\"https:\/\/edition.lammerhuber.at\/en\/books\/welt-natur-erbe\",\"url\":\"https:\/\/edition.lammerhuber.at\/en\/books\/welt-natur-erbe\",\"name\":\"WELT.NATUR.ERBE - Edition Lammerhuber\",\"isPartOf\":{\"@id\":\"https:\/\/edition.lammerhuber.at\/en#website\"},\"primaryImageOfPage\":{\"@id\":\"https:\/\/edition.lammerhuber.at\/en\/books\/welt-natur-erbe#primaryimage\"},\"image\":{\"@id\":\"https:\/\/edition.lammerhuber.at\/en\/books\/welt-natur-erbe#primaryimage\"},\"thumbnailUrl\":\"https:\/\/edition.lammerhuber.at\/app\/uploads\/2024\/05\/la_gacilly_baden_photo_Katalog_2024-1.png\",\"datePublished\":\"2024-05-02T08:05:44+00:00\",\"dateModified\":\"2024-06-06T18:42:03+00:00\",\"breadcrumb\":{\"@id\":\"https:\/\/edition.lammerhuber.at\/en\/books\/welt-natur-erbe#breadcrumb\"},\"inLanguage\":\"en-US\",\"potentialAction\":[{\"@type\":\"ReadAction\",\"target\":[\"https:\/\/edition.lammerhuber.at\/en\/books\/welt-natur-erbe\"]}]},{\"@type\":\"ImageObject\",\"inLanguage\":\"en-US\",\"@id\":\"https:\/\/edition.lammerhuber.at\/en\/books\/welt-natur-erbe#primaryimage\",\"url\":\"https:\/\/edition.lammerhuber.at\/app\/uploads\/2024\/05\/la_gacilly_baden_photo_Katalog_2024-1.png\",\"contentUrl\":\"https:\/\/edition.lammerhuber.at\/app\/uploads\/2024\/05\/la_gacilly_baden_photo_Katalog_2024-1.png\",\"width\":306,\"height\":414},{\"@type\":\"BreadcrumbList\",\"@id\":\"https:\/\/edition.lammerhuber.at\/en\/books\/welt-natur-erbe#breadcrumb\",\"itemListElement\":[{\"@type\":\"ListItem\",\"position\":1,\"name\":\"Home\",\"item\":\"https:\/\/edition.lammerhuber.at\/en\"},{\"@type\":\"ListItem\",\"position\":2,\"name\":\"WELT.NATUR.ERBE\"}]},{\"@type\":\"WebSite\",\"@id\":\"https:\/\/edition.lammerhuber.at\/en#website\",\"url\":\"https:\/\/edition.lammerhuber.at\/en\",\"name\":\"Edition Lammerhuber\",\"description\":\"Verlag f\u00fcr Fotografie, Kunst, Natur &amp; Wissenschaft\",\"publisher\":{\"@id\":\"https:\/\/edition.lammerhuber.at\/en#organization\"},\"potentialAction\":[{\"@type\":\"SearchAction\",\"target\":{\"@type\":\"EntryPoint\",\"urlTemplate\":\"https:\/\/edition.lammerhuber.at\/en?s={search_term_string}\"},\"query-input\":{\"@type\":\"PropertyValueSpecification\",\"valueRequired\":true,\"valueName\":\"search_term_string\"}}],\"inLanguage\":\"en-US\"},{\"@type\":\"Organization\",\"@id\":\"https:\/\/edition.lammerhuber.at\/en#organization\",\"name\":\"Edition Lammerhuber\",\"url\":\"https:\/\/edition.lammerhuber.at\/en\",\"logo\":{\"@type\":\"ImageObject\",\"inLanguage\":\"en-US\",\"@id\":\"https:\/\/edition.lammerhuber.at\/en#\/schema\/logo\/image\/\",\"url\":\"\",\"contentUrl\":\"\",\"caption\":\"Edition Lammerhuber\"},\"image\":{\"@id\":\"https:\/\/edition.lammerhuber.at\/en#\/schema\/logo\/image\/\"}}]}<\/script>\n<!-- \/ Yoast SEO plugin. -->","yoast_head_json":{"title":"WELT.NATUR.ERBE - Edition Lammerhuber","robots":{"index":"index","follow":"follow","max-snippet":"max-snippet:-1","max-image-preview":"max-image-preview:large","max-video-preview":"max-video-preview:-1"},"canonical":"https:\/\/edition.lammerhuber.at\/en\/books\/welt-natur-erbe","og_locale":"en_US","og_type":"article","og_title":"WELT.NATUR.ERBE - Edition Lammerhuber","og_description":"WELT.NATUR.ERBE is the title of the catalogue of the La Gacilly-Baden Photo 2024 festival, which is taking place for the seventh time from 13 June to 13 October in Baden near Vienna and is dedicated to the works of the great masters of environmental photography from David Doubilet to Sebasti\u00e3o Salgado. Emotional and fascinating images on fundamental issues such as urbanisation, biodiversity, natural resources, pollution and global warming will provide food for thought on how to preserve the poetry of creation for humanity.  Auguste Coudray,\u00a0Cyril Drouhet Vinzent Jolly,\u00a0Lois Lammerhuber St\u00e9phanie Reti\u00e8re-Secret,\u00a0Jacques Rocher   18 \u00d7 24 cm 304 pages 155 photos English, German Softcover ISBN 978-3-903462-11-3 June 2024","og_url":"https:\/\/edition.lammerhuber.at\/en\/books\/welt-natur-erbe","og_site_name":"Edition Lammerhuber","article_modified_time":"2024-06-06T18:42:03+00:00","og_image":[{"width":306,"height":414,"url":"https:\/\/edition.lammerhuber.at\/app\/uploads\/2024\/05\/la_gacilly_baden_photo_Katalog_2024-1.png","type":"image\/png"}],"twitter_card":"summary_large_image","twitter_misc":{"Est. reading time":"3 minutes"},"schema":{"@context":"https:\/\/schema.org","@graph":[{"@type":"WebPage","@id":"https:\/\/edition.lammerhuber.at\/en\/books\/welt-natur-erbe","url":"https:\/\/edition.lammerhuber.at\/en\/books\/welt-natur-erbe","name":"WELT.NATUR.ERBE - Edition Lammerhuber","isPartOf":{"@id":"https:\/\/edition.lammerhuber.at\/en#website"},"primaryImageOfPage":{"@id":"https:\/\/edition.lammerhuber.at\/en\/books\/welt-natur-erbe#primaryimage"},"image":{"@id":"https:\/\/edition.lammerhuber.at\/en\/books\/welt-natur-erbe#primaryimage"},"thumbnailUrl":"https:\/\/edition.lammerhuber.at\/app\/uploads\/2024\/05\/la_gacilly_baden_photo_Katalog_2024-1.png","datePublished":"2024-05-02T08:05:44+00:00","dateModified":"2024-06-06T18:42:03+00:00","breadcrumb":{"@id":"https:\/\/edition.lammerhuber.at\/en\/books\/welt-natur-erbe#breadcrumb"},"inLanguage":"en-US","potentialAction":[{"@type":"ReadAction","target":["https:\/\/edition.lammerhuber.at\/en\/books\/welt-natur-erbe"]}]},{"@type":"ImageObject","inLanguage":"en-US","@id":"https:\/\/edition.lammerhuber.at\/en\/books\/welt-natur-erbe#primaryimage","url":"https:\/\/edition.lammerhuber.at\/app\/uploads\/2024\/05\/la_gacilly_baden_photo_Katalog_2024-1.png","contentUrl":"https:\/\/edition.lammerhuber.at\/app\/uploads\/2024\/05\/la_gacilly_baden_photo_Katalog_2024-1.png","width":306,"height":414},{"@type":"BreadcrumbList","@id":"https:\/\/edition.lammerhuber.at\/en\/books\/welt-natur-erbe#breadcrumb","itemListElement":[{"@type":"ListItem","position":1,"name":"Home","item":"https:\/\/edition.lammerhuber.at\/en"},{"@type":"ListItem","position":2,"name":"WELT.NATUR.ERBE"}]},{"@type":"WebSite","@id":"https:\/\/edition.lammerhuber.at\/en#website","url":"https:\/\/edition.lammerhuber.at\/en","name":"Edition Lammerhuber","description":"Verlag f\u00fcr Fotografie, Kunst, Natur &amp; Wissenschaft","publisher":{"@id":"https:\/\/edition.lammerhuber.at\/en#organization"},"potentialAction":[{"@type":"SearchAction","target":{"@type":"EntryPoint","urlTemplate":"https:\/\/edition.lammerhuber.at\/en?s={search_term_string}"},"query-input":{"@type":"PropertyValueSpecification","valueRequired":true,"valueName":"search_term_string"}}],"inLanguage":"en-US"},{"@type":"Organization","@id":"https:\/\/edition.lammerhuber.at\/en#organization","name":"Edition Lammerhuber","url":"https:\/\/edition.lammerhuber.at\/en","logo":{"@type":"ImageObject","inLanguage":"en-US","@id":"https:\/\/edition.lammerhuber.at\/en#\/schema\/logo\/image\/","url":"","contentUrl":"","caption":"Edition Lammerhuber"},"image":{"@id":"https:\/\/edition.lammerhuber.at\/en#\/schema\/logo\/image\/"}}]}},"_links":{"self":[{"href":"https:\/\/edition.lammerhuber.at\/en\/wp-json\/wp\/v2\/product\/11036","targetHints":{"allow":["GET"]}}],"collection":[{"href":"https:\/\/edition.lammerhuber.at\/en\/wp-json\/wp\/v2\/product"}],"about":[{"href":"https:\/\/edition.lammerhuber.at\/en\/wp-json\/wp\/v2\/types\/product"}],"wp:featuredmedia":[{"embeddable":true,"href":"https:\/\/edition.lammerhuber.at\/en\/wp-json\/wp\/v2\/media\/11052"}],"wp:attachment":[{"href":"https:\/\/edition.lammerhuber.at\/en\/wp-json\/wp\/v2\/media?parent=11036"}],"wp:term":[{"taxonomy":"product_brand","embeddable":true,"href":"https:\/\/edition.lammerhuber.at\/en\/wp-json\/wp\/v2\/product_brand?post=11036"},{"taxonomy":"product_cat","embeddable":true,"href":"https:\/\/edition.lammerhuber.at\/en\/wp-json\/wp\/v2\/product_cat?post=11036"},{"taxonomy":"product_tag","embeddable":true,"href":"https:\/\/edition.lammerhuber.at\/en\/wp-json\/wp\/v2\/product_tag?post=11036"}],"curies":[{"name":"wp","href":"https:\/\/api.w.org\/{rel}","templated":true}]}}