{"id":10281,"date":"2023-01-12T12:43:00","date_gmt":"2023-09-11T11:53:00","guid":{"rendered":"https:\/\/edition.lammerhuber.at\/buecher\/open-your-eyes"},"modified":"2023-09-13T15:08:24","modified_gmt":"2023-09-13T13:08:24","slug":"open-your-eyes","status":"publish","type":"product","link":"https:\/\/edition.lammerhuber.at\/en\/books\/open-your-eyes","title":{"rendered":"Open your eyes"},"content":{"rendered":"<div><span lang=\"EN-US\">World-class photography meets world-class science for the first time in the heart of Zurich. Together, open your eyes, ETH Zurich and The Photo Society are creating a new communication format. The focus is on the United Nations\u2019 17 Sustainable Development Goals (SDGs), a multinational compass to promote sustainable peace and prosperity and protect our planet. Spacious open-air installations intertwine photography and scientific knowledge to create a plea for tolerance and togetherness, borne of a humanist spirit. Through the aesthetic magic of the picture narratives, the gardens, streets and squares of Zurich are transformed into a picture city. The public space becomes a stage set for a Gesamtkunstwerk.<\/span><\/div>\n","protected":false},"excerpt":{"rendered":"<p><strong>Catalogue Fotofestival Z\u00fcrich 2023<\/strong><\/p>\n<p style=\"font-weight: 400;\">A book to smell! The catalogue of the Zurich Photo Festival, which takes place from 8 September to 15 October 2023, not only presents the quintessence of the exhibitions shown but also enchants with its typical scent of hay. Printed CO2-neutral on grass paper, it underlines the theme of the festival &#8211; the 17 Sustainable Development Goals of the United Nations.<\/p>\n<p style=\"font-weight: 400;\"><strong>Preface by Lois Lammerhuber und Hans-Rudolf Strasser<\/strong><br \/>\n<strong>Conversation with Prof.Dr G\u00fcnther Dissertori, Rektor der ETH Z\u00fcrich<\/strong><br \/>\n<strong>Texts: Photographers of open your eyes and scientists of the ETH Z\u00fcrich<\/strong><\/p>\n<p>14,8 \u00d7 21 cm<br \/>\n272 pages<br \/>\n84 photos<br \/>\nEnglish, German<br \/>\nSoftcover<br \/>\nISBN 978-3-903462-04-5<br \/>\nSeptember 2023<\/p>\n","protected":false},"featured_media":10258,"template":"","meta":{"_acf_changed":false},"product_brand":[],"product_cat":[36,39],"product_tag":[],"class_list":{"0":"post-10281","1":"product","2":"type-product","3":"status-publish","4":"has-post-thumbnail","6":"product_cat-photography","7":"product_cat-sciences","9":"first","10":"instock","11":"shipping-taxable","12":"purchasable","13":"product-type-simple"},"acf":[],"yoast_head":"<!-- This site is optimized with the Yoast SEO plugin v27.2 - https:\/\/yoast.com\/product\/yoast-seo-wordpress\/ -->\n<title>Open your eyes - Edition Lammerhuber<\/title>\n<meta name=\"robots\" content=\"index, follow, max-snippet:-1, max-image-preview:large, max-video-preview:-1\" \/>\n<link rel=\"canonical\" href=\"https:\/\/edition.lammerhuber.at\/en\/books\/open-your-eyes\" \/>\n<meta property=\"og:locale\" content=\"en_US\" \/>\n<meta property=\"og:type\" content=\"article\" \/>\n<meta property=\"og:title\" content=\"Open your eyes - Edition Lammerhuber\" \/>\n<meta property=\"og:description\" content=\"Catalogue Fotofestival Z\u00fcrich 2023 A book to smell! The catalogue of the Zurich Photo Festival, which takes place from 8 September to 15 October 2023, not only presents the quintessence of the exhibitions shown but also enchants with its typical scent of hay. Printed CO2-neutral on grass paper, it underlines the theme of the festival - the 17 Sustainable Development Goals of the United Nations. Preface by Lois Lammerhuber und Hans-Rudolf Strasser Conversation with Prof.Dr G\u00fcnther Dissertori, Rektor der ETH Z\u00fcrich Texts: Photographers of open your eyes and scientists of the ETH Z\u00fcrich 14,8 \u00d7 21 cm 272 pages 84 photos English, German Softcover ISBN 978-3-903462-04-5 September 2023\" \/>\n<meta property=\"og:url\" content=\"https:\/\/edition.lammerhuber.at\/en\/books\/open-your-eyes\" \/>\n<meta property=\"og:site_name\" content=\"Edition Lammerhuber\" \/>\n<meta property=\"article:modified_time\" content=\"2023-09-13T13:08:24+00:00\" \/>\n<meta property=\"og:image\" content=\"https:\/\/edition.lammerhuber.at\/app\/uploads\/2023\/09\/open_your_eyes_Katalog_2023.png\" \/>\n\t<meta property=\"og:image:width\" content=\"294\" \/>\n\t<meta property=\"og:image:height\" content=\"414\" \/>\n\t<meta property=\"og:image:type\" content=\"image\/png\" \/>\n<meta name=\"twitter:card\" content=\"summary_large_image\" \/>\n<meta name=\"twitter:label1\" content=\"Est. reading time\" \/>\n\t<meta name=\"twitter:data1\" content=\"1 minute\" \/>\n<script type=\"application\/ld+json\" class=\"yoast-schema-graph\">{\"@context\":\"https:\/\/schema.org\",\"@graph\":[{\"@type\":\"WebPage\",\"@id\":\"https:\/\/edition.lammerhuber.at\/en\/books\/open-your-eyes\",\"url\":\"https:\/\/edition.lammerhuber.at\/en\/books\/open-your-eyes\",\"name\":\"Open your eyes - Edition Lammerhuber\",\"isPartOf\":{\"@id\":\"https:\/\/edition.lammerhuber.at\/en#website\"},\"primaryImageOfPage\":{\"@id\":\"https:\/\/edition.lammerhuber.at\/en\/books\/open-your-eyes#primaryimage\"},\"image\":{\"@id\":\"https:\/\/edition.lammerhuber.at\/en\/books\/open-your-eyes#primaryimage\"},\"thumbnailUrl\":\"https:\/\/edition.lammerhuber.at\/app\/uploads\/2023\/09\/open_your_eyes_Katalog_2023.png\",\"datePublished\":\"2023-09-11T11:53:00+00:00\",\"dateModified\":\"2023-09-13T13:08:24+00:00\",\"breadcrumb\":{\"@id\":\"https:\/\/edition.lammerhuber.at\/en\/books\/open-your-eyes#breadcrumb\"},\"inLanguage\":\"en-US\",\"potentialAction\":[{\"@type\":\"ReadAction\",\"target\":[\"https:\/\/edition.lammerhuber.at\/en\/books\/open-your-eyes\"]}]},{\"@type\":\"ImageObject\",\"inLanguage\":\"en-US\",\"@id\":\"https:\/\/edition.lammerhuber.at\/en\/books\/open-your-eyes#primaryimage\",\"url\":\"https:\/\/edition.lammerhuber.at\/app\/uploads\/2023\/09\/open_your_eyes_Katalog_2023.png\",\"contentUrl\":\"https:\/\/edition.lammerhuber.at\/app\/uploads\/2023\/09\/open_your_eyes_Katalog_2023.png\",\"width\":294,\"height\":414},{\"@type\":\"BreadcrumbList\",\"@id\":\"https:\/\/edition.lammerhuber.at\/en\/books\/open-your-eyes#breadcrumb\",\"itemListElement\":[{\"@type\":\"ListItem\",\"position\":1,\"name\":\"Home\",\"item\":\"https:\/\/edition.lammerhuber.at\/en\"},{\"@type\":\"ListItem\",\"position\":2,\"name\":\"Open your eyes\"}]},{\"@type\":\"WebSite\",\"@id\":\"https:\/\/edition.lammerhuber.at\/en#website\",\"url\":\"https:\/\/edition.lammerhuber.at\/en\",\"name\":\"Edition Lammerhuber\",\"description\":\"Verlag f\u00fcr Fotografie, Kunst, Natur &amp; Wissenschaft\",\"publisher\":{\"@id\":\"https:\/\/edition.lammerhuber.at\/en#organization\"},\"potentialAction\":[{\"@type\":\"SearchAction\",\"target\":{\"@type\":\"EntryPoint\",\"urlTemplate\":\"https:\/\/edition.lammerhuber.at\/en?s={search_term_string}\"},\"query-input\":{\"@type\":\"PropertyValueSpecification\",\"valueRequired\":true,\"valueName\":\"search_term_string\"}}],\"inLanguage\":\"en-US\"},{\"@type\":\"Organization\",\"@id\":\"https:\/\/edition.lammerhuber.at\/en#organization\",\"name\":\"Edition Lammerhuber\",\"url\":\"https:\/\/edition.lammerhuber.at\/en\",\"logo\":{\"@type\":\"ImageObject\",\"inLanguage\":\"en-US\",\"@id\":\"https:\/\/edition.lammerhuber.at\/en#\/schema\/logo\/image\/\",\"url\":\"\",\"contentUrl\":\"\",\"caption\":\"Edition Lammerhuber\"},\"image\":{\"@id\":\"https:\/\/edition.lammerhuber.at\/en#\/schema\/logo\/image\/\"}}]}<\/script>\n<!-- \/ Yoast SEO plugin. -->","yoast_head_json":{"title":"Open your eyes - Edition Lammerhuber","robots":{"index":"index","follow":"follow","max-snippet":"max-snippet:-1","max-image-preview":"max-image-preview:large","max-video-preview":"max-video-preview:-1"},"canonical":"https:\/\/edition.lammerhuber.at\/en\/books\/open-your-eyes","og_locale":"en_US","og_type":"article","og_title":"Open your eyes - Edition Lammerhuber","og_description":"Catalogue Fotofestival Z\u00fcrich 2023 A book to smell! The catalogue of the Zurich Photo Festival, which takes place from 8 September to 15 October 2023, not only presents the quintessence of the exhibitions shown but also enchants with its typical scent of hay. Printed CO2-neutral on grass paper, it underlines the theme of the festival - the 17 Sustainable Development Goals of the United Nations. Preface by Lois Lammerhuber und Hans-Rudolf Strasser Conversation with Prof.Dr G\u00fcnther Dissertori, Rektor der ETH Z\u00fcrich Texts: Photographers of open your eyes and scientists of the ETH Z\u00fcrich 14,8 \u00d7 21 cm 272 pages 84 photos English, German Softcover ISBN 978-3-903462-04-5 September 2023","og_url":"https:\/\/edition.lammerhuber.at\/en\/books\/open-your-eyes","og_site_name":"Edition Lammerhuber","article_modified_time":"2023-09-13T13:08:24+00:00","og_image":[{"width":294,"height":414,"url":"https:\/\/edition.lammerhuber.at\/app\/uploads\/2023\/09\/open_your_eyes_Katalog_2023.png","type":"image\/png"}],"twitter_card":"summary_large_image","twitter_misc":{"Est. reading time":"1 minute"},"schema":{"@context":"https:\/\/schema.org","@graph":[{"@type":"WebPage","@id":"https:\/\/edition.lammerhuber.at\/en\/books\/open-your-eyes","url":"https:\/\/edition.lammerhuber.at\/en\/books\/open-your-eyes","name":"Open your eyes - Edition Lammerhuber","isPartOf":{"@id":"https:\/\/edition.lammerhuber.at\/en#website"},"primaryImageOfPage":{"@id":"https:\/\/edition.lammerhuber.at\/en\/books\/open-your-eyes#primaryimage"},"image":{"@id":"https:\/\/edition.lammerhuber.at\/en\/books\/open-your-eyes#primaryimage"},"thumbnailUrl":"https:\/\/edition.lammerhuber.at\/app\/uploads\/2023\/09\/open_your_eyes_Katalog_2023.png","datePublished":"2023-09-11T11:53:00+00:00","dateModified":"2023-09-13T13:08:24+00:00","breadcrumb":{"@id":"https:\/\/edition.lammerhuber.at\/en\/books\/open-your-eyes#breadcrumb"},"inLanguage":"en-US","potentialAction":[{"@type":"ReadAction","target":["https:\/\/edition.lammerhuber.at\/en\/books\/open-your-eyes"]}]},{"@type":"ImageObject","inLanguage":"en-US","@id":"https:\/\/edition.lammerhuber.at\/en\/books\/open-your-eyes#primaryimage","url":"https:\/\/edition.lammerhuber.at\/app\/uploads\/2023\/09\/open_your_eyes_Katalog_2023.png","contentUrl":"https:\/\/edition.lammerhuber.at\/app\/uploads\/2023\/09\/open_your_eyes_Katalog_2023.png","width":294,"height":414},{"@type":"BreadcrumbList","@id":"https:\/\/edition.lammerhuber.at\/en\/books\/open-your-eyes#breadcrumb","itemListElement":[{"@type":"ListItem","position":1,"name":"Home","item":"https:\/\/edition.lammerhuber.at\/en"},{"@type":"ListItem","position":2,"name":"Open your eyes"}]},{"@type":"WebSite","@id":"https:\/\/edition.lammerhuber.at\/en#website","url":"https:\/\/edition.lammerhuber.at\/en","name":"Edition Lammerhuber","description":"Verlag f\u00fcr Fotografie, Kunst, Natur &amp; Wissenschaft","publisher":{"@id":"https:\/\/edition.lammerhuber.at\/en#organization"},"potentialAction":[{"@type":"SearchAction","target":{"@type":"EntryPoint","urlTemplate":"https:\/\/edition.lammerhuber.at\/en?s={search_term_string}"},"query-input":{"@type":"PropertyValueSpecification","valueRequired":true,"valueName":"search_term_string"}}],"inLanguage":"en-US"},{"@type":"Organization","@id":"https:\/\/edition.lammerhuber.at\/en#organization","name":"Edition Lammerhuber","url":"https:\/\/edition.lammerhuber.at\/en","logo":{"@type":"ImageObject","inLanguage":"en-US","@id":"https:\/\/edition.lammerhuber.at\/en#\/schema\/logo\/image\/","url":"","contentUrl":"","caption":"Edition Lammerhuber"},"image":{"@id":"https:\/\/edition.lammerhuber.at\/en#\/schema\/logo\/image\/"}}]}},"_links":{"self":[{"href":"https:\/\/edition.lammerhuber.at\/en\/wp-json\/wp\/v2\/product\/10281","targetHints":{"allow":["GET"]}}],"collection":[{"href":"https:\/\/edition.lammerhuber.at\/en\/wp-json\/wp\/v2\/product"}],"about":[{"href":"https:\/\/edition.lammerhuber.at\/en\/wp-json\/wp\/v2\/types\/product"}],"wp:featuredmedia":[{"embeddable":true,"href":"https:\/\/edition.lammerhuber.at\/en\/wp-json\/wp\/v2\/media\/10258"}],"wp:attachment":[{"href":"https:\/\/edition.lammerhuber.at\/en\/wp-json\/wp\/v2\/media?parent=10281"}],"wp:term":[{"taxonomy":"product_brand","embeddable":true,"href":"https:\/\/edition.lammerhuber.at\/en\/wp-json\/wp\/v2\/product_brand?post=10281"},{"taxonomy":"product_cat","embeddable":true,"href":"https:\/\/edition.lammerhuber.at\/en\/wp-json\/wp\/v2\/product_cat?post=10281"},{"taxonomy":"product_tag","embeddable":true,"href":"https:\/\/edition.lammerhuber.at\/en\/wp-json\/wp\/v2\/product_tag?post=10281"}],"curies":[{"name":"wp","href":"https:\/\/api.w.org\/{rel}","templated":true}]}}