{"id":4804,"date":"2020-06-07T14:56:48","date_gmt":"2020-06-07T12:56:48","guid":{"rendered":"https:\/\/edition2.lammerhuber.at\/impressum"},"modified":"2025-12-26T15:09:12","modified_gmt":"2025-12-26T14:09:12","slug":"legal","status":"publish","type":"page","link":"https:\/\/edition.lammerhuber.at\/en\/legal","title":{"rendered":"Legal Disclosure"},"content":{"rendered":"\n<div class=\"wp-block-columns is-layout-flex wp-container-core-columns-is-layout-9d6595d7 wp-block-columns-is-layout-flex\">\n<div class=\"wp-block-column is-layout-flow wp-block-column-is-layout-flow\">\n<p>Edition Lammerhuber<br>LAMMERHUBER KG<br>Form of organization: Kommanditerwerbsgesellschaft (limited commercial partnership)<br>Principal office: 2500 Baden, Dumbagasse 9, Austria<\/p>\n\n\n\n<p>Tel: +43 2252 42269<br>Fax: +43 2242 85938<br>E-Mail: edition (at) lammerhuber.at<\/p>\n<\/div>\n\n\n\n<div class=\"wp-block-column is-layout-flow wp-block-column-is-layout-flow\">\n<p>VAT No: ATU 411 72 707<br>Commercial register no.: FN 147 694y<br>Competent court of jurisdiction: Regional Court Wiener Neustadt<br>Full partner: Silvia Lammerhuber<\/p>\n<\/div>\n<\/div>\n\n\n\n<div style=\"height:70px\" aria-hidden=\"true\" class=\"wp-block-spacer\"><\/div>\n\n\n\n<p><strong>Copyright &amp; Disclaimer<\/strong><\/p>\n\n\n\n<p>This website and all its content, including the newsletter and all other content transmitted by email are copyrighted \u00a9 by Edition Lammerhuber.<\/p>\n\n\n\n<p>Edition Lammerhuber endeavours within reason to provide correct and complete information on this website. We accept no liability for the up-to-dateness, correctness or completeness of the information provided on this website.<\/p>\n\n\n\n<p>Edition Lammerhuber accepts no liability for any direct or indirect damage, regardless of the cause, which might result from accessing or using the website, especially including infection with viruses or through the use of the information provided on this website.<\/p>\n\n\n\n<p>Die aufgef\u00fchrten externen Links (Texte, Videos, MP3 Dateien etc.) f\u00fchren zu Inhalten fremder Anbieter. F\u00fcr diese Inhalte ist allein der jeweilige Anbieter verantwortlich.<\/p>\n\n\n\n<p>The external links provided (texts, videos, MP3 files, etc.) connect with content from third parties. Responsibility for such content rests with the relevant third party.<\/p>\n\n\n\n<p><a title=\"Robert Mayer Branddesign and web developement\" style=\"text-decoration:none;\" href=\"https:\/\/robertmayer.design\" target=\"_blank\">Concept, web design, and programming: <img loading=\"lazy\" decoding=\"async\" width=\"42\" height=\"42\" class=\"wp-image-12895\" style=\"width: 42px;\" src=\"https:\/\/edition.lammerhuber.at\/app\/uploads\/2025\/12\/logo-robert-mayer-designer.png\" alt=\"Logo Robert Mayer\" srcset=\"https:\/\/edition.lammerhuber.at\/app\/uploads\/2025\/12\/logo-robert-mayer-designer.png 1200w, https:\/\/edition.lammerhuber.at\/app\/uploads\/2025\/12\/logo-robert-mayer-designer-300x300.png 300w, https:\/\/edition.lammerhuber.at\/app\/uploads\/2025\/12\/logo-robert-mayer-designer-1024x1024.png 1024w, https:\/\/edition.lammerhuber.at\/app\/uploads\/2025\/12\/logo-robert-mayer-designer-150x150.png 150w, https:\/\/edition.lammerhuber.at\/app\/uploads\/2025\/12\/logo-robert-mayer-designer-768x768.png 768w, https:\/\/edition.lammerhuber.at\/app\/uploads\/2025\/12\/logo-robert-mayer-designer-490x490.png 490w, https:\/\/edition.lammerhuber.at\/app\/uploads\/2025\/12\/logo-robert-mayer-designer-168x168.png 168w, https:\/\/edition.lammerhuber.at\/app\/uploads\/2025\/12\/logo-robert-mayer-designer-600x600.png 600w, https:\/\/edition.lammerhuber.at\/app\/uploads\/2025\/12\/logo-robert-mayer-designer-100x100.png 100w\" sizes=\"auto, (max-width: 42px) 100vw, 42px\" \/> <u>Robert Mayer, Designer<\/u><\/a><\/p>\n","protected":false},"excerpt":{"rendered":"<p>Edition LammerhuberLAMMERHUBER KGForm of organization: Kommanditerwerbsgesellschaft (limited commercial partnership)Principal office: 2500 Baden, Dumbagasse 9, Austria Tel: +43 2252 42269Fax: +43 2242 85938E-Mail: edition (at) lammerhuber.at VAT No: ATU 411 72 707Commercial register no.: FN 147 694yCompetent court of jurisdiction: Regional Court Wiener NeustadtFull partner: Silvia Lammerhuber Copyright &amp; Disclaimer This website and all its content, [&hellip;]<\/p>\n","protected":false},"author":1,"featured_media":0,"parent":0,"menu_order":19,"comment_status":"closed","ping_status":"closed","template":"tpl-small.php","meta":{"_acf_changed":false,"footnotes":""},"class_list":["post-4804","page","type-page","status-publish","hentry"],"acf":[],"yoast_head":"<!-- This site is optimized with the Yoast SEO plugin v27.2 - https:\/\/yoast.com\/product\/yoast-seo-wordpress\/ -->\n<title>Legal Disclosure - Edition Lammerhuber<\/title>\n<meta name=\"robots\" content=\"index, follow, max-snippet:-1, max-image-preview:large, max-video-preview:-1\" \/>\n<link rel=\"canonical\" href=\"https:\/\/edition.lammerhuber.at\/en\/legal\" \/>\n<meta property=\"og:locale\" content=\"en_US\" \/>\n<meta property=\"og:type\" content=\"article\" \/>\n<meta property=\"og:title\" content=\"Legal Disclosure - Edition Lammerhuber\" \/>\n<meta property=\"og:description\" content=\"Edition LammerhuberLAMMERHUBER KGForm of organization: Kommanditerwerbsgesellschaft (limited commercial partnership)Principal office: 2500 Baden, Dumbagasse 9, Austria Tel: +43 2252 42269Fax: +43 2242 85938E-Mail: edition (at) lammerhuber.at VAT No: ATU 411 72 707Commercial register no.: FN 147 694yCompetent court of jurisdiction: Regional Court Wiener NeustadtFull partner: Silvia Lammerhuber Copyright &amp; Disclaimer This website and all its content, [&hellip;]\" \/>\n<meta property=\"og:url\" content=\"https:\/\/edition.lammerhuber.at\/en\/legal\" \/>\n<meta property=\"og:site_name\" content=\"Edition Lammerhuber\" \/>\n<meta property=\"article:modified_time\" content=\"2025-12-26T14:09:12+00:00\" \/>\n<meta property=\"og:image\" content=\"https:\/\/edition.lammerhuber.at\/app\/uploads\/2025\/12\/logo-robert-mayer-designer.png\" \/>\n\t<meta property=\"og:image:width\" content=\"1200\" \/>\n\t<meta property=\"og:image:height\" content=\"1200\" \/>\n\t<meta property=\"og:image:type\" content=\"image\/png\" \/>\n<meta name=\"twitter:card\" content=\"summary_large_image\" \/>\n<meta name=\"twitter:label1\" content=\"Est. reading time\" \/>\n\t<meta name=\"twitter:data1\" content=\"2 minutes\" \/>\n<script type=\"application\/ld+json\" class=\"yoast-schema-graph\">{\"@context\":\"https:\/\/schema.org\",\"@graph\":[{\"@type\":\"WebPage\",\"@id\":\"https:\/\/edition.lammerhuber.at\/en\/legal\",\"url\":\"https:\/\/edition.lammerhuber.at\/en\/legal\",\"name\":\"Legal Disclosure - Edition Lammerhuber\",\"isPartOf\":{\"@id\":\"https:\/\/edition.lammerhuber.at\/en#website\"},\"primaryImageOfPage\":{\"@id\":\"https:\/\/edition.lammerhuber.at\/en\/legal#primaryimage\"},\"image\":{\"@id\":\"https:\/\/edition.lammerhuber.at\/en\/legal#primaryimage\"},\"thumbnailUrl\":\"https:\/\/edition.lammerhuber.at\/app\/uploads\/2025\/12\/logo-robert-mayer-designer.png\",\"datePublished\":\"2020-06-07T12:56:48+00:00\",\"dateModified\":\"2025-12-26T14:09:12+00:00\",\"breadcrumb\":{\"@id\":\"https:\/\/edition.lammerhuber.at\/en\/legal#breadcrumb\"},\"inLanguage\":\"en-US\",\"potentialAction\":[{\"@type\":\"ReadAction\",\"target\":[\"https:\/\/edition.lammerhuber.at\/en\/legal\"]}]},{\"@type\":\"ImageObject\",\"inLanguage\":\"en-US\",\"@id\":\"https:\/\/edition.lammerhuber.at\/en\/legal#primaryimage\",\"url\":\"https:\/\/edition.lammerhuber.at\/app\/uploads\/2025\/12\/logo-robert-mayer-designer.png\",\"contentUrl\":\"https:\/\/edition.lammerhuber.at\/app\/uploads\/2025\/12\/logo-robert-mayer-designer.png\"},{\"@type\":\"BreadcrumbList\",\"@id\":\"https:\/\/edition.lammerhuber.at\/en\/legal#breadcrumb\",\"itemListElement\":[{\"@type\":\"ListItem\",\"position\":1,\"name\":\"Home\",\"item\":\"https:\/\/edition.lammerhuber.at\/en\"},{\"@type\":\"ListItem\",\"position\":2,\"name\":\"Legal Disclosure\"}]},{\"@type\":\"WebSite\",\"@id\":\"https:\/\/edition.lammerhuber.at\/en#website\",\"url\":\"https:\/\/edition.lammerhuber.at\/en\",\"name\":\"Edition Lammerhuber\",\"description\":\"Verlag f\u00fcr Fotografie, Kunst, Natur &amp; Wissenschaft\",\"publisher\":{\"@id\":\"https:\/\/edition.lammerhuber.at\/en#organization\"},\"potentialAction\":[{\"@type\":\"SearchAction\",\"target\":{\"@type\":\"EntryPoint\",\"urlTemplate\":\"https:\/\/edition.lammerhuber.at\/en?s={search_term_string}\"},\"query-input\":{\"@type\":\"PropertyValueSpecification\",\"valueRequired\":true,\"valueName\":\"search_term_string\"}}],\"inLanguage\":\"en-US\"},{\"@type\":\"Organization\",\"@id\":\"https:\/\/edition.lammerhuber.at\/en#organization\",\"name\":\"Edition Lammerhuber\",\"url\":\"https:\/\/edition.lammerhuber.at\/en\",\"logo\":{\"@type\":\"ImageObject\",\"inLanguage\":\"en-US\",\"@id\":\"https:\/\/edition.lammerhuber.at\/en#\/schema\/logo\/image\/\",\"url\":\"\",\"contentUrl\":\"\",\"caption\":\"Edition Lammerhuber\"},\"image\":{\"@id\":\"https:\/\/edition.lammerhuber.at\/en#\/schema\/logo\/image\/\"}}]}<\/script>\n<!-- \/ Yoast SEO plugin. -->","yoast_head_json":{"title":"Legal Disclosure - Edition Lammerhuber","robots":{"index":"index","follow":"follow","max-snippet":"max-snippet:-1","max-image-preview":"max-image-preview:large","max-video-preview":"max-video-preview:-1"},"canonical":"https:\/\/edition.lammerhuber.at\/en\/legal","og_locale":"en_US","og_type":"article","og_title":"Legal Disclosure - Edition Lammerhuber","og_description":"Edition LammerhuberLAMMERHUBER KGForm of organization: Kommanditerwerbsgesellschaft (limited commercial partnership)Principal office: 2500 Baden, Dumbagasse 9, Austria Tel: +43 2252 42269Fax: +43 2242 85938E-Mail: edition (at) lammerhuber.at VAT No: ATU 411 72 707Commercial register no.: FN 147 694yCompetent court of jurisdiction: Regional Court Wiener NeustadtFull partner: Silvia Lammerhuber Copyright &amp; Disclaimer This website and all its content, [&hellip;]","og_url":"https:\/\/edition.lammerhuber.at\/en\/legal","og_site_name":"Edition Lammerhuber","article_modified_time":"2025-12-26T14:09:12+00:00","og_image":[{"width":1200,"height":1200,"url":"https:\/\/edition.lammerhuber.at\/app\/uploads\/2025\/12\/logo-robert-mayer-designer.png","type":"image\/png"}],"twitter_card":"summary_large_image","twitter_misc":{"Est. reading time":"2 minutes"},"schema":{"@context":"https:\/\/schema.org","@graph":[{"@type":"WebPage","@id":"https:\/\/edition.lammerhuber.at\/en\/legal","url":"https:\/\/edition.lammerhuber.at\/en\/legal","name":"Legal Disclosure - Edition Lammerhuber","isPartOf":{"@id":"https:\/\/edition.lammerhuber.at\/en#website"},"primaryImageOfPage":{"@id":"https:\/\/edition.lammerhuber.at\/en\/legal#primaryimage"},"image":{"@id":"https:\/\/edition.lammerhuber.at\/en\/legal#primaryimage"},"thumbnailUrl":"https:\/\/edition.lammerhuber.at\/app\/uploads\/2025\/12\/logo-robert-mayer-designer.png","datePublished":"2020-06-07T12:56:48+00:00","dateModified":"2025-12-26T14:09:12+00:00","breadcrumb":{"@id":"https:\/\/edition.lammerhuber.at\/en\/legal#breadcrumb"},"inLanguage":"en-US","potentialAction":[{"@type":"ReadAction","target":["https:\/\/edition.lammerhuber.at\/en\/legal"]}]},{"@type":"ImageObject","inLanguage":"en-US","@id":"https:\/\/edition.lammerhuber.at\/en\/legal#primaryimage","url":"https:\/\/edition.lammerhuber.at\/app\/uploads\/2025\/12\/logo-robert-mayer-designer.png","contentUrl":"https:\/\/edition.lammerhuber.at\/app\/uploads\/2025\/12\/logo-robert-mayer-designer.png"},{"@type":"BreadcrumbList","@id":"https:\/\/edition.lammerhuber.at\/en\/legal#breadcrumb","itemListElement":[{"@type":"ListItem","position":1,"name":"Home","item":"https:\/\/edition.lammerhuber.at\/en"},{"@type":"ListItem","position":2,"name":"Legal Disclosure"}]},{"@type":"WebSite","@id":"https:\/\/edition.lammerhuber.at\/en#website","url":"https:\/\/edition.lammerhuber.at\/en","name":"Edition Lammerhuber","description":"Verlag f\u00fcr Fotografie, Kunst, Natur &amp; Wissenschaft","publisher":{"@id":"https:\/\/edition.lammerhuber.at\/en#organization"},"potentialAction":[{"@type":"SearchAction","target":{"@type":"EntryPoint","urlTemplate":"https:\/\/edition.lammerhuber.at\/en?s={search_term_string}"},"query-input":{"@type":"PropertyValueSpecification","valueRequired":true,"valueName":"search_term_string"}}],"inLanguage":"en-US"},{"@type":"Organization","@id":"https:\/\/edition.lammerhuber.at\/en#organization","name":"Edition Lammerhuber","url":"https:\/\/edition.lammerhuber.at\/en","logo":{"@type":"ImageObject","inLanguage":"en-US","@id":"https:\/\/edition.lammerhuber.at\/en#\/schema\/logo\/image\/","url":"","contentUrl":"","caption":"Edition Lammerhuber"},"image":{"@id":"https:\/\/edition.lammerhuber.at\/en#\/schema\/logo\/image\/"}}]}},"_links":{"self":[{"href":"https:\/\/edition.lammerhuber.at\/en\/wp-json\/wp\/v2\/pages\/4804","targetHints":{"allow":["GET"]}}],"collection":[{"href":"https:\/\/edition.lammerhuber.at\/en\/wp-json\/wp\/v2\/pages"}],"about":[{"href":"https:\/\/edition.lammerhuber.at\/en\/wp-json\/wp\/v2\/types\/page"}],"author":[{"embeddable":true,"href":"https:\/\/edition.lammerhuber.at\/en\/wp-json\/wp\/v2\/users\/1"}],"replies":[{"embeddable":true,"href":"https:\/\/edition.lammerhuber.at\/en\/wp-json\/wp\/v2\/comments?post=4804"}],"version-history":[{"count":3,"href":"https:\/\/edition.lammerhuber.at\/en\/wp-json\/wp\/v2\/pages\/4804\/revisions"}],"predecessor-version":[{"id":12901,"href":"https:\/\/edition.lammerhuber.at\/en\/wp-json\/wp\/v2\/pages\/4804\/revisions\/12901"}],"wp:attachment":[{"href":"https:\/\/edition.lammerhuber.at\/en\/wp-json\/wp\/v2\/media?parent=4804"}],"curies":[{"name":"wp","href":"https:\/\/api.w.org\/{rel}","templated":true}]}}