{"id":4734,"date":"2020-08-25T12:04:30","date_gmt":"2020-08-25T10:04:30","guid":{"rendered":"https:\/\/edition2.lammerhuber.at\/?page_id=4734"},"modified":"2024-02-16T13:33:56","modified_gmt":"2024-02-16T12:33:56","slug":"general-terms-of-business","status":"publish","type":"page","link":"https:\/\/edition.lammerhuber.at\/en\/general-terms-of-business","title":{"rendered":"General Terms of Business"},"content":{"rendered":"\n<p><strong><em>&#8211; German only &#8211;<\/em><\/strong><\/p>\n\n\n\n<h2 class=\"wp-block-heading\">Allgemeine Gesch\u00e4ftsbedingungen der Edition Lammerhuber<\/h2>\n\n\n\n<ol class=\"wp-block-list\">\n<li>Vertragspartner<\/li>\n<\/ol>\n\n\n\n<p>1.1. edition.lammerhuber.at ist ein Shop der Firma Edition Lammerhuber,<br>Lammerhuber KG, Dumbagasse 9, 2500 Baden, Austria. Online<br>1.2 Bestellungen leiten wir in der Regel direkt an unsere Verlagsauslieferung Sigloch Distribution GmbH &amp; Co. KG (verlagservice (at) sigloch.de) weiter. Ihr Vertragspartner ist in diesem Fall bei Vertragsabschluss Sigloch Distribution GmbH &amp; Co. KG.<\/p>\n\n\n\n<ol class=\"wp-block-list\" start=\"2\">\n<li>Vertragsabschluss<\/li>\n<\/ol>\n\n\n\n<p>2.1. Die Pr\u00e4sentation unserer Waren im Internet stellt kein bindendes Angebot, sondern lediglich die Aufforderung zur Anbotsstellung unsererseits dar. Erst durch Anklicken des Buttons \u201eKaufen\u201c und Angabe Ihrer Kontaktdaten geben Sie ein bindendes Angebot ab, deren Zugang wir umgehend auf elektronischem Wege best\u00e4tigen. Diese Eingangsbest\u00e4tigung stellt noch keine Vertragsannahme dar. Ein Vertrag mit Ihnen kommt erst durch tats\u00e4chliches Entsprechen unsererseits im Wege der Durchf\u00fchrung der Bestellung durch Zustellung der Ware zustande.<\/p>\n\n\n\n<ol class=\"wp-block-list\" start=\"3\">\n<li>14-t\u00e4giges&nbsp;Widerrufsrecht<\/li>\n<\/ol>\n\n\n\n<p>3.1. Wir gew\u00e4hren Ihnen ein 14t\u00e4giges Widerrufsrecht zu nachfolgenden Bedingungen.<br>3.2. Das nachfolgende Widerrufsrecht besteht nicht, wenn die von Ihnen bestellte Ware f\u00fcr Ihre eigene gewerbliche oder selbst\u00e4ndige berufliche T\u00e4tigkeit verwendet werden soll; bei Lieferung von Waren, die nach Kundenspezifikation angefertigt werden oder eindeutig auf Ihre pers\u00f6nlichen Bed\u00fcrfnisse zugeschnitten sind.<\/p>\n\n\n\n<p>3.3. F\u00fcr den Fall, dass Sie von Ihrem Widerrufsrecht Gebrauch machen und binnen der&nbsp;genannten 14-t\u00e4gigen Frist vom Vertrag zur\u00fccktreten, haben Sie die bestellte Ware,&nbsp;unabh\u00e4ngig von deren Wert, auf Ihre eigenen Kosten an Sigloch Distribution GmbH &amp; Co.KG zur\u00fcckzusenden.&nbsp;<\/p>\n\n\n\n<p>Widerrufsbelehrung<\/p>\n\n\n\n<p>Recht zum Widerruf<br>Sie k\u00f6nnen Ihre Vertragserkl\u00e4rung innerhalb von 14 Tagen ohne Angabe von Gr\u00fcnden in Textform (z. B. Brief, Fax, E-Mail) oder durch R\u00fccksendung der Sache widerrufen. Die Frist beginnt mit Erhalt der Ware. Zur Wahrung der Widerrufsfrist gen\u00fcgt die rechtzeitige Absendung des Widerrufs oder der Sache.<br>Der Widerruf und die R\u00fccksendung sind zu richten an:<br><strong>M\u00fcller \u2013 Die lila Logistik Fulfillment Solutions GmbH &amp; Co. KG<\/strong><br>Am Buchberg 8<br>D-74572 Blaufelden<br>T +49 7953 7189 052<br>F +49 7953 7189 080<br><a class=\"\" href=\"mailto:Verlagservice@lila-logistik.com\">Verlagservice@lila-logistik.com<\/a><\/p>\n\n\n\n<p>Folgen des Widerrufs<br>Im Falle eines wirksamen Widerrufs sind die beiderseits empfangenen Leistungen wechselseitig zur\u00fcckzustellen und ggf. gezogene Nutzungen (z. B. Zinsen) herauszugeben. K\u00f6nnen Sie uns die empfangene Leistung ganz oder teilweise nicht oder nur in verschlechtertem Zustand zur\u00fcckgew\u00e4hren, m\u00fcssen Sie uns insoweit ggf. Wertersatz leisten. Im \u00dcbrigen k\u00f6nnen Sie die Wertersatzpflicht vermeiden, indem Sie die Sache nicht wie ein Eigent\u00fcmer in Gebrauch nehmen und alles unterlassen, was deren Wert beeintr\u00e4chtigt. Paketversandf\u00e4hige Sachen sind zur\u00fcckzusenden.<\/p>\n\n\n\n<ol class=\"wp-block-list\" start=\"4\">\n<li>Eigentumsvorbehalt<\/li>\n<\/ol>\n\n\n\n<p>Die Ware bleibt bis zur vollst\u00e4ndigen Bezahlung unser Eigentum. Geraten Sie mit der Zahlung l\u00e4nger als 14 Tage in Verzug, haben wir das Recht, vom Vertrag zur\u00fcckzutreten und die Ware zur\u00fcckzufordern.<\/p>\n\n\n\n<ol class=\"wp-block-list\" start=\"5\">\n<li>Preise, Zahlungsbedingungen<\/li>\n<\/ol>\n\n\n\n<p>5.1. Es gelten die Preise zum Zeitpunkt der Bestellung. Alle Preise verstehen sich in Euro (\u20ac) inklusive der gesetzlichen Mehrwertsteuer zuz\u00fcglich der Versandkosten (s. Ziffer 6). Wir sind bei Sukzessivlieferungsvertr\u00e4gen berechtigt, bei einer nach Vertragsabschluss eintretenden Erh\u00f6hung der Mehrwertsteuer den Mehrbetrag zu berechnen.<br>5.2. Bei Bestellungen aus und erbetenen Lieferungen innerhalb von Deutschland, \u00d6sterreich und Schweiz k\u00f6nnen Sie nach Rechnung bezahlen. Unsere Rechnungen sind innerhalb von 14 Tagen nach Lieferung zu zahlen. Bei Zahlungseing\u00e4ngen ohne Angabe der Rechnungsnummer gehen daraus resultierende versp\u00e4tete Gutschriften oder Falschbuchungen zu Ihren Lasten. Bestellungen aus und erbetene Lieferungen in EU-L\u00e4nder ausgenommen \u00d6sterreich und Deutschland, sowie in Drittstaaten f\u00fchren wir nur gegen Vorauszahlung aus.<br>5.4. Zur Absicherung des Bonit\u00e4tsrisikos behalten wir uns im Einzelfall vor, bestimmte Zahlungsarten auszuschlie\u00dfen und Lieferungen nur gegen Vorauszahlung durchzuf\u00fchren.<\/p>\n\n\n\n<ol class=\"wp-block-list\" start=\"6\">\n<li>Versandkosten je Bestellung<\/li>\n<\/ol>\n\n\n\n<p>6.1. F\u00fcr Lieferungen innerhalb von \u00d6sterreich und Deutschland fallen keine Versandkosten an.<br>6.2. In alle anderen L\u00e4nder weltweit fallen Versandkosten nach Destination und Gewicht an, die konkreten jeweiligen Transportkosten werden beim Kaufvorgang in unserem Online Shop angegeben.<\/p>\n\n\n\n<ol class=\"wp-block-list\" start=\"7\">\n<li>Lieferung<\/li>\n<\/ol>\n\n\n\n<p>7.1. Vorbehaltlich der Verf\u00fcgbarkeit und rechtzeitigen Selbstbelieferung werden wir f\u00fcr eine schnelle Auslieferung Sorge tragen.<br>7.2. Sollte ein Teil der Bestellung nicht sofort lieferbar sein, werden die restlichen Waren ohne Berechnung von Versandkosten nachgeliefert.&nbsp;<\/p>\n\n\n\n<ol class=\"wp-block-list\" start=\"8\">\n<li>Gew\u00e4hrleistung \/ Haftung<\/li>\n<\/ol>\n\n\n\n<p>8.1. Die Gew\u00e4hrleistung richtet sich nach den gesetzlichen Bestimmungen.<br>8.2. Offensichtliche Transportsch\u00e4den bitten wir unverz\u00fcglich durch den Zusteller aufnehmen und best\u00e4tigen zu lassen.<br>8.3. F\u00fcr andere als durch Verletzung von Leben, K\u00f6rper und Gesundheit entstehende Sch\u00e4den haften wir lediglich, soweit diese auf vors\u00e4tzlichem oder grob fahrl\u00e4ssigem Handeln oder auf schuldhafter Verletzung einer wesentlichen Vertragspflicht durch uns oder unsere Erf\u00fcllungsgehilfen (z.B. dem Zustelldienst) beruhen. Eine dar\u00fcber hinausgehende Haftung auf Schadensersatz ist ausgeschlossen. Die Bestimmungen des Produkthaftungsgesetzes bleiben unber\u00fchrt.<br>8.4. F\u00fcr unsere limitierten Ausgaben der Collector\u00b4s Editions gelten folgende besondere Regelungen: Artikel aus dieser Edition sind in kleiner Auflage hergestellt und tragen in vielen F\u00e4llen die individuelle Handschrift des K\u00fcnstlers (bspw. Signatur, Titel, Nummerierung, Vermerke, Bearbeitungsspuren, etc.). Diese Merkmale sind untrennbar mit dem individuellen Kunstwerk verkn\u00fcpft und machen gerade dessen besonderen Wert aus. In aller Regel stellen diese keinen Mangel dar. Sollte der Kunde dennoch einen Grund zur Beanstandung haben, wird er h\u00f6flich gebeten, mit dem Verlag direkt Kontakt aufzunehmen und die weitere Verfahrensweise individuell abzukl\u00e4ren. Die R\u00fccksendung muss durch einen Kurier erfolgen, m\u00f6glichst in Originalverpackung oder gleichartigen Schutz bietender Verpackung.<\/p>\n\n\n\n<ol class=\"wp-block-list\" start=\"9\">\n<li>Datenschutz<\/li>\n<\/ol>\n\n\n\n<p>9.1. Wir verwenden die von Ihnen mitgeteilten personenbezogenen Daten (Anrede, Name, Anschrift, Geburtsdatum, E-Mail-Adresse, Telefonnummer, Telefaxnummer, Bankverbindung) vertraulich und gem\u00e4\u00df den Bestimmungen der Datenschutzgrundverordnung (DSGVO).<br>9.2. Die f\u00fcr die Auftragsabwicklung notwendigen Daten werden gespeichert und im Rahmen der Auftragsausf\u00fchrung gegebenenfalls an verbundene Unternehmen weiter gegeben.<br>9.4.&nbsp;Weiters behalten wir uns vor, Ihre Daten in zul\u00e4ssiger Weise zu eigenen Werbezwecken zu nutzen sowie anderen Unternehmen zur Versendung von Informationsmaterial zu \u00fcberlassen.<br>9.5. Sie sind berechtigt und haben jederzeit die M\u00f6glichkeit, \u00fcber unseren Kundenservice unter der E-Mail-Adresse edition@lammerhuber.at der Nutzung, Verarbeitung bzw. \u00dcbermittlung Ihrer Daten zu Marketingzwecken zu widersprechen. Nach Erhalt Ihres Widerspruchs bzw. Widerrufs werden wir die hiervon betroffenen Daten nicht mehr zu Marketingzwecken nutzen und verarbeiten bzw. die weitere Zusendung von Werbemitteln unverz\u00fcglich einstellen und\/oder Ihre Daten nicht f\u00fcr Marketingzwecke weitergeben&nbsp;und l\u00f6schen..<br>9.6. Wir werden Ihre Daten nicht \u00fcber den vorstehend geregelten Umfang hinaus verwerten oder weitergeben.<br>Weitere Informationen finden Sie in unserer Datenschutzvereinbarung.<\/p>\n\n\n\n<ol class=\"wp-block-list\" start=\"10\">\n<li>Schlussbestimmungen<\/li>\n<\/ol>\n\n\n\n<p>10.1. Es gilt das Recht der Republik \u00d6sterreich. Die Anwendung des UN-\u00dcbereinkommens \u00fcber Vertr\u00e4ge \u00fcber den internationalen Warenkauf vom 11.04.1988 ist ausgeschlossen.<br>10.3. \u00c4nderungen oder Erg\u00e4nzungen dieser Gesch\u00e4ftsbedingungen bed\u00fcrfen der Schriftform. Dies gilt auch f\u00fcr die Aufhebung dieses Schriftformerfordernisses.<br>10.4. Ausschlie\u00dflicher Gerichtsstand ist Wien, soweit der Kunde ein Unternehmer im Sinne des Unternehmensgesetzbuches (UGB)oder eine K\u00f6rperschaft des \u00f6ffentlichen Rechts ist.&nbsp;Gleiches gilt sofern der Unternehmer keinen allgemeinen Gerichtsstand im Inland hat oder nach Vertragsschluss seinen Wohnsitz ins Ausland verlegt oder seinen Wohnsitz zum Zeitpunkt der Klageerhebung nicht bekannt ist<br>10.5. Sollten einzelne Bestimmungen dieses Vertrages unwirksam sein oder den gesetzlichen Regelungen widersprechen, so wird hierdurch der Vertrag im \u00dcbrigen nicht ber\u00fchrt.<\/p>\n\n\n\n<p>Stand: 14.02.2024<\/p>\n","protected":false},"excerpt":{"rendered":"<p>&#8211; German only &#8211; Allgemeine Gesch\u00e4ftsbedingungen der Edition Lammerhuber 1.1. edition.lammerhuber.at ist ein Shop der Firma Edition Lammerhuber,Lammerhuber KG, Dumbagasse 9, 2500 Baden, Austria. Online1.2 Bestellungen leiten wir in der Regel direkt an unsere Verlagsauslieferung Sigloch Distribution GmbH &amp; Co. KG (verlagservice (at) sigloch.de) weiter. Ihr Vertragspartner ist in diesem Fall bei Vertragsabschluss Sigloch Distribution [&hellip;]<\/p>\n","protected":false},"author":1,"featured_media":0,"parent":0,"menu_order":15,"comment_status":"closed","ping_status":"closed","template":"","meta":{"_acf_changed":false,"footnotes":""},"class_list":["post-4734","page","type-page","status-publish","hentry"],"acf":[],"yoast_head":"<!-- This site is optimized with the Yoast SEO plugin v27.2 - https:\/\/yoast.com\/product\/yoast-seo-wordpress\/ -->\n<title>General Terms of Business - Edition Lammerhuber<\/title>\n<meta name=\"robots\" content=\"index, follow, max-snippet:-1, max-image-preview:large, max-video-preview:-1\" \/>\n<link rel=\"canonical\" href=\"https:\/\/edition.lammerhuber.at\/en\/general-terms-of-business\" \/>\n<meta property=\"og:locale\" content=\"en_US\" \/>\n<meta property=\"og:type\" content=\"article\" \/>\n<meta property=\"og:title\" content=\"General Terms of Business - Edition Lammerhuber\" \/>\n<meta property=\"og:description\" content=\"&#8211; German only &#8211; Allgemeine Gesch\u00e4ftsbedingungen der Edition Lammerhuber 1.1. edition.lammerhuber.at ist ein Shop der Firma Edition Lammerhuber,Lammerhuber KG, Dumbagasse 9, 2500 Baden, Austria. Online1.2 Bestellungen leiten wir in der Regel direkt an unsere Verlagsauslieferung Sigloch Distribution GmbH &amp; Co. KG (verlagservice (at) sigloch.de) weiter. Ihr Vertragspartner ist in diesem Fall bei Vertragsabschluss Sigloch Distribution [&hellip;]\" \/>\n<meta property=\"og:url\" content=\"https:\/\/edition.lammerhuber.at\/en\/general-terms-of-business\" \/>\n<meta property=\"og:site_name\" content=\"Edition Lammerhuber\" \/>\n<meta property=\"article:modified_time\" content=\"2024-02-16T12:33:56+00:00\" \/>\n<meta name=\"twitter:card\" content=\"summary_large_image\" \/>\n<meta name=\"twitter:label1\" content=\"Est. reading time\" \/>\n\t<meta name=\"twitter:data1\" content=\"6 minutes\" \/>\n<script type=\"application\/ld+json\" class=\"yoast-schema-graph\">{\"@context\":\"https:\/\/schema.org\",\"@graph\":[{\"@type\":\"WebPage\",\"@id\":\"https:\/\/edition.lammerhuber.at\/en\/general-terms-of-business\",\"url\":\"https:\/\/edition.lammerhuber.at\/en\/general-terms-of-business\",\"name\":\"General Terms of Business - Edition Lammerhuber\",\"isPartOf\":{\"@id\":\"https:\/\/edition.lammerhuber.at\/en#website\"},\"datePublished\":\"2020-08-25T10:04:30+00:00\",\"dateModified\":\"2024-02-16T12:33:56+00:00\",\"breadcrumb\":{\"@id\":\"https:\/\/edition.lammerhuber.at\/en\/general-terms-of-business#breadcrumb\"},\"inLanguage\":\"en-US\",\"potentialAction\":[{\"@type\":\"ReadAction\",\"target\":[\"https:\/\/edition.lammerhuber.at\/en\/general-terms-of-business\"]}]},{\"@type\":\"BreadcrumbList\",\"@id\":\"https:\/\/edition.lammerhuber.at\/en\/general-terms-of-business#breadcrumb\",\"itemListElement\":[{\"@type\":\"ListItem\",\"position\":1,\"name\":\"Home\",\"item\":\"https:\/\/edition.lammerhuber.at\/en\"},{\"@type\":\"ListItem\",\"position\":2,\"name\":\"General Terms of Business\"}]},{\"@type\":\"WebSite\",\"@id\":\"https:\/\/edition.lammerhuber.at\/en#website\",\"url\":\"https:\/\/edition.lammerhuber.at\/en\",\"name\":\"Edition Lammerhuber\",\"description\":\"Verlag f\u00fcr Fotografie, Kunst, Natur &amp; Wissenschaft\",\"publisher\":{\"@id\":\"https:\/\/edition.lammerhuber.at\/en#organization\"},\"potentialAction\":[{\"@type\":\"SearchAction\",\"target\":{\"@type\":\"EntryPoint\",\"urlTemplate\":\"https:\/\/edition.lammerhuber.at\/en?s={search_term_string}\"},\"query-input\":{\"@type\":\"PropertyValueSpecification\",\"valueRequired\":true,\"valueName\":\"search_term_string\"}}],\"inLanguage\":\"en-US\"},{\"@type\":\"Organization\",\"@id\":\"https:\/\/edition.lammerhuber.at\/en#organization\",\"name\":\"Edition Lammerhuber\",\"url\":\"https:\/\/edition.lammerhuber.at\/en\",\"logo\":{\"@type\":\"ImageObject\",\"inLanguage\":\"en-US\",\"@id\":\"https:\/\/edition.lammerhuber.at\/en#\/schema\/logo\/image\/\",\"url\":\"\",\"contentUrl\":\"\",\"caption\":\"Edition Lammerhuber\"},\"image\":{\"@id\":\"https:\/\/edition.lammerhuber.at\/en#\/schema\/logo\/image\/\"}}]}<\/script>\n<!-- \/ Yoast SEO plugin. -->","yoast_head_json":{"title":"General Terms of Business - Edition Lammerhuber","robots":{"index":"index","follow":"follow","max-snippet":"max-snippet:-1","max-image-preview":"max-image-preview:large","max-video-preview":"max-video-preview:-1"},"canonical":"https:\/\/edition.lammerhuber.at\/en\/general-terms-of-business","og_locale":"en_US","og_type":"article","og_title":"General Terms of Business - Edition Lammerhuber","og_description":"&#8211; German only &#8211; Allgemeine Gesch\u00e4ftsbedingungen der Edition Lammerhuber 1.1. edition.lammerhuber.at ist ein Shop der Firma Edition Lammerhuber,Lammerhuber KG, Dumbagasse 9, 2500 Baden, Austria. Online1.2 Bestellungen leiten wir in der Regel direkt an unsere Verlagsauslieferung Sigloch Distribution GmbH &amp; Co. KG (verlagservice (at) sigloch.de) weiter. Ihr Vertragspartner ist in diesem Fall bei Vertragsabschluss Sigloch Distribution [&hellip;]","og_url":"https:\/\/edition.lammerhuber.at\/en\/general-terms-of-business","og_site_name":"Edition Lammerhuber","article_modified_time":"2024-02-16T12:33:56+00:00","twitter_card":"summary_large_image","twitter_misc":{"Est. reading time":"6 minutes"},"schema":{"@context":"https:\/\/schema.org","@graph":[{"@type":"WebPage","@id":"https:\/\/edition.lammerhuber.at\/en\/general-terms-of-business","url":"https:\/\/edition.lammerhuber.at\/en\/general-terms-of-business","name":"General Terms of Business - Edition Lammerhuber","isPartOf":{"@id":"https:\/\/edition.lammerhuber.at\/en#website"},"datePublished":"2020-08-25T10:04:30+00:00","dateModified":"2024-02-16T12:33:56+00:00","breadcrumb":{"@id":"https:\/\/edition.lammerhuber.at\/en\/general-terms-of-business#breadcrumb"},"inLanguage":"en-US","potentialAction":[{"@type":"ReadAction","target":["https:\/\/edition.lammerhuber.at\/en\/general-terms-of-business"]}]},{"@type":"BreadcrumbList","@id":"https:\/\/edition.lammerhuber.at\/en\/general-terms-of-business#breadcrumb","itemListElement":[{"@type":"ListItem","position":1,"name":"Home","item":"https:\/\/edition.lammerhuber.at\/en"},{"@type":"ListItem","position":2,"name":"General Terms of Business"}]},{"@type":"WebSite","@id":"https:\/\/edition.lammerhuber.at\/en#website","url":"https:\/\/edition.lammerhuber.at\/en","name":"Edition Lammerhuber","description":"Verlag f\u00fcr Fotografie, Kunst, Natur &amp; Wissenschaft","publisher":{"@id":"https:\/\/edition.lammerhuber.at\/en#organization"},"potentialAction":[{"@type":"SearchAction","target":{"@type":"EntryPoint","urlTemplate":"https:\/\/edition.lammerhuber.at\/en?s={search_term_string}"},"query-input":{"@type":"PropertyValueSpecification","valueRequired":true,"valueName":"search_term_string"}}],"inLanguage":"en-US"},{"@type":"Organization","@id":"https:\/\/edition.lammerhuber.at\/en#organization","name":"Edition Lammerhuber","url":"https:\/\/edition.lammerhuber.at\/en","logo":{"@type":"ImageObject","inLanguage":"en-US","@id":"https:\/\/edition.lammerhuber.at\/en#\/schema\/logo\/image\/","url":"","contentUrl":"","caption":"Edition Lammerhuber"},"image":{"@id":"https:\/\/edition.lammerhuber.at\/en#\/schema\/logo\/image\/"}}]}},"_links":{"self":[{"href":"https:\/\/edition.lammerhuber.at\/en\/wp-json\/wp\/v2\/pages\/4734","targetHints":{"allow":["GET"]}}],"collection":[{"href":"https:\/\/edition.lammerhuber.at\/en\/wp-json\/wp\/v2\/pages"}],"about":[{"href":"https:\/\/edition.lammerhuber.at\/en\/wp-json\/wp\/v2\/types\/page"}],"author":[{"embeddable":true,"href":"https:\/\/edition.lammerhuber.at\/en\/wp-json\/wp\/v2\/users\/1"}],"replies":[{"embeddable":true,"href":"https:\/\/edition.lammerhuber.at\/en\/wp-json\/wp\/v2\/comments?post=4734"}],"version-history":[{"count":4,"href":"https:\/\/edition.lammerhuber.at\/en\/wp-json\/wp\/v2\/pages\/4734\/revisions"}],"predecessor-version":[{"id":10736,"href":"https:\/\/edition.lammerhuber.at\/en\/wp-json\/wp\/v2\/pages\/4734\/revisions\/10736"}],"wp:attachment":[{"href":"https:\/\/edition.lammerhuber.at\/en\/wp-json\/wp\/v2\/media?parent=4734"}],"curies":[{"name":"wp","href":"https:\/\/api.w.org\/{rel}","templated":true}]}}